{"id":181809,"date":"2025-01-13T13:05:41","date_gmt":"2025-01-13T12:05:41","guid":{"rendered":"https:\/\/us.edu.pl\/wydzial\/wh\/?page_id=181809"},"modified":"2025-01-13T13:05:41","modified_gmt":"2025-01-13T12:05:41","slug":"edycja-krytyczna-listow-i-archiwalnych-materialow-pismiennych-wiezniow-obozow-koncentracyjnych-stutthof-gross-rosen-auschwitz","status":"publish","type":"page","link":"https:\/\/us.edu.pl\/wydzial\/wh\/najwazniejsze-osiagniecia-badawcze\/edycja-krytyczna-listow-i-archiwalnych-materialow-pismiennych-wiezniow-obozow-koncentracyjnych-stutthof-gross-rosen-auschwitz\/","title":{"rendered":"Edycja krytyczna list\u00f3w i archiwalnych materia\u0142\u00f3w pi\u015bmiennych wi\u0119\u017ani\u00f3w oboz\u00f3w koncentracyjnych (Stutthof, Gross-Rosen, Auschwitz)"},"content":{"rendered":"<p>[vc_row el_class=&#8221;container&#8221;][vc_column width=&#8221;2\/3&#8243;][vc_tta_tabs][vc_tta_section title=&#8221;POLISH&#8221; tab_id=&#8221;1612514765073-cfc2f9ae-5da2&#8243;]\r\n                <div class=\"text-modules \">\r\n                    <div class=\"container\">\r\n                        <h3 class=\"section-title section-title_border-bottom\">dr hab. Lucyna Sadzikowska, prof. U\u015a<\/h3> <h3 class=\"subtitle text-modules__subtitle\">Edycja krytyczna list\u00f3w i archiwalnych materia\u0142\u00f3w pi\u015bmiennych wi\u0119\u017ani\u00f3w oboz\u00f3w koncentracyjnych (Stutthof, Gross-Rosen, Auschwitz)<\/h3>\r\n                        <div class=\"row m-0\">\r\n                            <div class=\"text-modules__content\">\r\n                                Zasadniczym celem projektu jest naukowe opracowanie unikatowego zasobu \u017ar\u00f3d\u0142owego, istotnego dla polskiego dziedzictwa kulturowego, tak\u017ce ochrona tego zasobu, jego upowszechnienie i w\u0142\u0105czenie do \u017cywej tradycji kultury narodowej. W efekcie realizacji projektu stworzone zostanie najwi\u0119ksze jak dot\u0105d krytyczne opracowanie zespo\u0142u dokument\u00f3w osobistych (egodokument\u00f3w) \u2013 korespondencji kierowanej do os\u00f3b przebywaj\u0105cych w obozach koncentracyjnych i pisanej przez te osoby. Materia\u0142 (na kt\u00f3ry sk\u0142ada si\u0119 oko\u0142o tysi\u0105ca list\u00f3w oraz oko\u0142o 100 nietekstowych dokument\u00f3w osobistych, takich jak zdj\u0119cia, grafiki, grypsy, skrawki ubra\u0144 z zapiskami) zostanie przygotowany w trakcie realizacji projektu badawczego do \u2013 pierwszej bazuj\u0105cej na tak obszernej podstawie \u017ar\u00f3d\u0142owej \u2013 edycji, umo\u017cliwiaj\u0105cej zatem wieloaspektowe studia edytorskie i literaturoznawcze. Trzeba podkre\u015bli\u0107, \u017ce oficjalna i nieoficjalna korespondencja lagrowa stanowi przedmiot bada\u0144 przedstawicieli r\u00f3\u017cnych dyscyplin naukowych: historyk\u00f3w, antropolog\u00f3w kultury, socjolog\u00f3w, literaturoznawc\u00f3w, j\u0119zykoznawc\u00f3w, psycholog\u00f3w. Lektura i zrozumienie list\u00f3w pisanych z oboz\u00f3w koncentracyjnych nie nale\u017c\u0105 do zada\u0144 \u0142atwych, mimo to obozowa epistolografia, opatrzona koniecznymi komentarzami, mo\u017ce mie\u0107 wa\u017cne walory edukacyjne i popularyzatorskie, poniewa\u017c ods\u0142ania mechanizm dzia\u0142ania \u201eobozowej cywilizacji\u201d. To ostatni moment na przywo\u0142ywanie archiwali\u00f3w zwi\u0105zanych drug\u0105 wojn\u0105 \u015bwiatow\u0105. Wszelkie prace nad powi\u0119kszaniem i opracowaniem zasobu \u017ar\u00f3de\u0142 dotycz\u0105cych okresu drugiej wojny opr\u00f3cz warto\u015bci naukowej maj\u0105 r\u00f3wnie\u017c znaczenie to\u017csamo\u015bciowe. \r\n                                <div class=\"mt-3\"><\/div>\r\n                            <\/div>\r\n                            \r\n                            \r\n                        <\/div>\r\n                    <\/div>\r\n                <\/div>[\/vc_tta_section][\/vc_tta_tabs][\/vc_column][vc_column width=&#8221;1\/3&#8243;][\/vc_column][\/vc_row]<\/p>","protected":false},"excerpt":{"rendered":"<p>[vc_row el_class=&#8221;container&#8221;][vc_column width=&#8221;2\/3&#8243;][vc_tta_tabs][vc_tta_section title=&#8221;POLISH&#8221; tab_id=&#8221;1612514765073-cfc2f9ae-5da2&#8243;][\/vc_tta_section][\/vc_tta_tabs][\/vc_column][vc_column width=&#8221;1\/3&#8243;][\/vc_column][\/vc_row] [&#8230;]<\/p>\n<p><a class=\"btn btn-secondary understrap-read-more-link\" href=\"https:\/\/us.edu.pl\/wydzial\/wh\/najwazniejsze-osiagniecia-badawcze\/edycja-krytyczna-listow-i-archiwalnych-materialow-pismiennych-wiezniow-obozow-koncentracyjnych-stutthof-gross-rosen-auschwitz\/\">Read More&#8230;<\/a><\/p>\n","protected":false},"author":1,"featured_media":0,"parent":9930,"menu_order":0,"comment_status":"closed","ping_status":"closed","template":"","meta":{"_expiration-date-status":"","_expiration-date":0,"_expiration-date-type":"","_expiration-date-categories":[],"_expiration-date-options":[]},"acf":[],"_links":{"self":[{"href":"https:\/\/us.edu.pl\/wydzial\/wh\/wp-json\/wp\/v2\/pages\/181809"}],"collection":[{"href":"https:\/\/us.edu.pl\/wydzial\/wh\/wp-json\/wp\/v2\/pages"}],"about":[{"href":"https:\/\/us.edu.pl\/wydzial\/wh\/wp-json\/wp\/v2\/types\/page"}],"author":[{"embeddable":true,"href":"https:\/\/us.edu.pl\/wydzial\/wh\/wp-json\/wp\/v2\/users\/1"}],"replies":[{"embeddable":true,"href":"https:\/\/us.edu.pl\/wydzial\/wh\/wp-json\/wp\/v2\/comments?post=181809"}],"version-history":[{"count":1,"href":"https:\/\/us.edu.pl\/wydzial\/wh\/wp-json\/wp\/v2\/pages\/181809\/revisions"}],"predecessor-version":[{"id":181813,"href":"https:\/\/us.edu.pl\/wydzial\/wh\/wp-json\/wp\/v2\/pages\/181809\/revisions\/181813"}],"up":[{"embeddable":true,"href":"https:\/\/us.edu.pl\/wydzial\/wh\/wp-json\/wp\/v2\/pages\/9930"}],"wp:attachment":[{"href":"https:\/\/us.edu.pl\/wydzial\/wh\/wp-json\/wp\/v2\/media?parent=181809"}],"curies":[{"name":"wp","href":"https:\/\/api.w.org\/{rel}","templated":true}]}}