{"id":181815,"date":"2025-01-13T13:08:28","date_gmt":"2025-01-13T12:08:28","guid":{"rendered":"https:\/\/us.edu.pl\/wydzial\/wh\/?page_id=181815"},"modified":"2025-01-13T13:08:28","modified_gmt":"2025-01-13T12:08:28","slug":"mapowanie-growej-biopolityki-paradygmaty-immunizacji-w-grach-cyfrowych","status":"publish","type":"page","link":"https:\/\/us.edu.pl\/wydzial\/wh\/najwazniejsze-osiagniecia-badawcze\/mapowanie-growej-biopolityki-paradygmaty-immunizacji-w-grach-cyfrowych\/","title":{"rendered":"Mapowanie growej biopolityki. Paradygmaty immunizacji w grach cyfrowych"},"content":{"rendered":"<p>[vc_row el_class=&#8221;container&#8221;][vc_column width=&#8221;2\/3&#8243;][vc_tta_tabs][vc_tta_section title=&#8221;POLISH&#8221; tab_id=&#8221;1612514765073-cfc2f9ae-5da2&#8243;]\r\n                <div class=\"text-modules \">\r\n                    <div class=\"container\">\r\n                        <h3 class=\"section-title section-title_border-bottom\">dr hab. Micha\u0142 K\u0142osi\u0144ski, prof. U\u015a<\/h3> <h3 class=\"subtitle text-modules__subtitle\">Mapowanie growej biopolityki. Paradygmaty immunizacji w grach cyfrowych<\/h3>\r\n                        <div class=\"row m-0\">\r\n                            <div class=\"text-modules__content\">\r\n                                Celem projektu badawczego jest postawienie pyta\u0144 o r\u00f3\u017cne sposoby przedstawiania w grach polityki zarz\u0105dzania \u017cyciem i \u015bmierci\u0105 (biopolityki). W jaki spos\u00f3b gry, rozumiane jako teksty kultury, przekazuj\u0105 nasze fantazje, wyobra\u017cenia czy l\u0119ki dotycz\u0105ce r\u00f3\u017cnych nowoczesnych re\u017cim\u00f3w? Jakie rozwi\u0105zania problem\u00f3w spo\u0142ecznych, ekonomicznych i politycznych nam przedstawiaj\u0105? Jak\u0105 rol\u0119 w grach przypisuje si\u0119 instytucjom pa\u0144stwowym, mechanizmom w\u0142adzy i kontroli populacji?<\/p>\n<p>Badania koncentruj\u0105 si\u0119 na opracowaniu typologii i stworzeniu mapy poszczeg\u00f3lnych element\u00f3w cyfrowych \u015bwiat\u00f3w, mechanik growych czy ideologicznych reprezentacji r\u00f3\u017cnych sposob\u00f3w kontrolowania \u017cycia. Chodzi o szukanie pewnego uog\u00f3lnionego schematu, kt\u00f3ry by\u0142by przydatny w toku por\u00f3wnywania narracji problematyzuj\u0105cych funkcjonowanie r\u00f3\u017cnych, pozytywnych i negatywnych, wizji spo\u0142ecznych.<\/p>\n<p>G\u0142\u00f3wnym efektem bada\u0144 b\u0119dzie wgl\u0105d w kulturowe znaczenie gier jako no\u015bnik\u00f3w r\u00f3\u017cnych rozwi\u0105za\u0144 biopolitycznych. Opracowana typologia pog\u0142\u0119bi wiedz\u0119 o grach jako wa\u017cnym medium, kt\u00f3re tworzy ideologiczne modele umo\u017cliwiaj\u0105ce zrozumienie i ponowne przemy\u015blenie zar\u00f3wno rzeczywistych, jak i fikcyjnych system\u00f3w sprawowania w\u0142adzy nad \u017cyciem i \u015bmierci\u0105. Dzi\u0119ki odwzorowaniu paradygmat\u00f3w immunologicznych w grach b\u0119dziemy mogli zobaczy\u0107, jaki wp\u0142yw na nasze rozumienie biopolityki maj\u0105 gry.<\/p>\n<p>Upowszechnienie wynik\u00f3w bada\u0144 mo\u017ce budowa\u0107 wiedz\u0119 o mediacji struktur w\u0142adzy w grach w\u015br\u00f3d szerszego grona os\u00f3b graj\u0105cych, jak r\u00f3wnie\u017c zwi\u0119kszy\u0107 wgl\u0105d w mechanizmy growe i growe reprezentacje w kr\u0119gu os\u00f3b zajmuj\u0105cych si\u0119 zawodowo groznawstwem. \r\n                                <div class=\"mt-3\"><\/div>\r\n                            <\/div>\r\n                            \r\n                            \r\n                        <\/div>\r\n                    <\/div>\r\n                <\/div>[\/vc_tta_section][\/vc_tta_tabs][\/vc_column][vc_column width=&#8221;1\/3&#8243;][\/vc_column][\/vc_row]<\/p>","protected":false},"excerpt":{"rendered":"<p>[vc_row el_class=&#8221;container&#8221;][vc_column width=&#8221;2\/3&#8243;][vc_tta_tabs][vc_tta_section title=&#8221;POLISH&#8221; tab_id=&#8221;1612514765073-cfc2f9ae-5da2&#8243;][\/vc_tta_section][\/vc_tta_tabs][\/vc_column][vc_column width=&#8221;1\/3&#8243;][\/vc_column][\/vc_row] [&#8230;]<\/p>\n<p><a class=\"btn btn-secondary understrap-read-more-link\" href=\"https:\/\/us.edu.pl\/wydzial\/wh\/najwazniejsze-osiagniecia-badawcze\/mapowanie-growej-biopolityki-paradygmaty-immunizacji-w-grach-cyfrowych\/\">Read More&#8230;<\/a><\/p>\n","protected":false},"author":1,"featured_media":0,"parent":9930,"menu_order":0,"comment_status":"closed","ping_status":"closed","template":"","meta":{"_expiration-date-status":"","_expiration-date":0,"_expiration-date-type":"","_expiration-date-categories":[],"_expiration-date-options":[]},"acf":[],"_links":{"self":[{"href":"https:\/\/us.edu.pl\/wydzial\/wh\/wp-json\/wp\/v2\/pages\/181815"}],"collection":[{"href":"https:\/\/us.edu.pl\/wydzial\/wh\/wp-json\/wp\/v2\/pages"}],"about":[{"href":"https:\/\/us.edu.pl\/wydzial\/wh\/wp-json\/wp\/v2\/types\/page"}],"author":[{"embeddable":true,"href":"https:\/\/us.edu.pl\/wydzial\/wh\/wp-json\/wp\/v2\/users\/1"}],"replies":[{"embeddable":true,"href":"https:\/\/us.edu.pl\/wydzial\/wh\/wp-json\/wp\/v2\/comments?post=181815"}],"version-history":[{"count":1,"href":"https:\/\/us.edu.pl\/wydzial\/wh\/wp-json\/wp\/v2\/pages\/181815\/revisions"}],"predecessor-version":[{"id":181817,"href":"https:\/\/us.edu.pl\/wydzial\/wh\/wp-json\/wp\/v2\/pages\/181815\/revisions\/181817"}],"up":[{"embeddable":true,"href":"https:\/\/us.edu.pl\/wydzial\/wh\/wp-json\/wp\/v2\/pages\/9930"}],"wp:attachment":[{"href":"https:\/\/us.edu.pl\/wydzial\/wh\/wp-json\/wp\/v2\/media?parent=181815"}],"curies":[{"name":"wp","href":"https:\/\/api.w.org\/{rel}","templated":true}]}}