{"id":181821,"date":"2025-01-13T13:10:28","date_gmt":"2025-01-13T12:10:28","guid":{"rendered":"https:\/\/us.edu.pl\/wydzial\/wh\/?page_id=181821"},"modified":"2025-01-13T13:10:28","modified_gmt":"2025-01-13T12:10:28","slug":"krakowskie-xv-wieczne-kazania-uniwersyteckie-szczegolnie-recommendationes-scientiarum-oraz-principia-do-pism-filozoficznych","status":"publish","type":"page","link":"https:\/\/us.edu.pl\/wydzial\/wh\/najwazniejsze-osiagniecia-badawcze\/krakowskie-xv-wieczne-kazania-uniwersyteckie-szczegolnie-recommendationes-scientiarum-oraz-principia-do-pism-filozoficznych\/","title":{"rendered":"Krakowskie XV-wieczne kazania uniwersyteckie, szczeg\u00f3lnie Recommendationes scientiarum oraz Principia do pism filozoficznych"},"content":{"rendered":"<p>[vc_row el_class=&#8221;container&#8221;][vc_column width=&#8221;2\/3&#8243;][vc_tta_tabs][vc_tta_section title=&#8221;POLISH&#8221; tab_id=&#8221;1612514765073-cfc2f9ae-5da2&#8243;]\r\n                <div class=\"text-modules \">\r\n                    <div class=\"container\">\r\n                        <h3 class=\"section-title section-title_border-bottom\">dr Maciej Stanek<\/h3> <h3 class=\"subtitle text-modules__subtitle\">Krakowskie XV-wieczne kazania uniwersyteckie, szczeg\u00f3lnie Recommendationes scientiarum oraz Principia do pism filozoficznych<\/h3>\r\n                        <div class=\"row m-0\">\r\n                            <div class=\"text-modules__content\">\r\n                                G\u0142\u00f3wnym celem projektu jest wydanie edycji krytycznych wybranych krakowskich pi\u0119tnastowiecznych kaza\u0144 uniwersyteckich, w szczeg\u00f3lno\u015bci pochwa\u0142 nauk i wyk\u0142ad\u00f3w wst\u0119pnych do pism filozoficznych. Kazania stanowi\u0142y integraln\u0105 cz\u0119\u015b\u0107 nauczania uniwersyteckiego \u2013 by\u0142y wyg\u0142aszane podczas wa\u017cnych oficjalnych uroczysto\u015bci (takich jak wyb\u00f3r rektora, og\u0142oszenie statut\u00f3w), z okazji sukces\u00f3w spo\u0142eczno\u015bci akademickiej (awans\u00f3w naukowych), odgrywa\u0142y r\u00f3wnie\u017c rol\u0119 w codziennym \u017cyciu (kazania niedzielne, a tak\u017ce pogrzebowe i rocznicowe). Szczeg\u00f3lnym typem kaza\u0144 by\u0142y mowy wychwalaj\u0105ce poszczeg\u00f3lne nauki, cz\u0119sto wyg\u0142aszane przed rozpocz\u0119ciem wyk\u0142ad\u00f3w wst\u0119pnych do danego przedmiotu. Wart przypomnienia w tym kontek\u015bcie jest fakt, \u017ce uniwersytet w XV wieku by\u0142 organem pa\u0144stwowym, to na uniwersytecie opracowywano stanowiska polityczne i teologiczne, ponadto uczeni, kt\u00f3rych mowy do dzi\u015b si\u0119 zachowa\u0142y, brali udzia\u0142 w politycznych, spo\u0142ecznych i religijnych dysputach, a swoje stanowiska (a wi\u0119c tak\u017ce oficjalne stanowiska uniwersytetu i w\u0142adzy kr\u00f3lewskiej) wyra\u017cali niejednokrotnie w mowach uniwersyteckich.<\/p>\n<p>Badaniom poddane zostan\u0105 teksty \u017ar\u00f3d\u0142owe znajduj\u0105ce si\u0119 wy\u0142\u0105cznie w \u0142aci\u0144skoj\u0119zycznych r\u0119kopisach spisanych \u2013 zgodnie z \u00f3wczesn\u0105 praktyk\u0105 \u2013 systemem skr\u00f3t\u00f3w, co powoduje, \u017ce mowy s\u0105 niedost\u0119pne szerokiemu gronu badaczy, a w znacznej mierze ca\u0142kowicie nieznane wsp\u00f3\u0142czesnemu odbiorcy. Zak\u0142ada si\u0119, \u017ce opracowane kazania przybli\u017c\u0105 wiedz\u0119 nie tylko o polskim dziedzictwie narodowym czy praktyce paidei, ale przede wszystkim o narodowych korzeniach, formowaniu si\u0119 to\u017csamo\u015bci Polak\u00f3w opartej na tolerancji, demokracji i \u017cywej dyskusji nad najnowszymi pr\u0105dami kulturowymi. \r\n                                <div class=\"mt-3\"><\/div>\r\n                            <\/div>\r\n                            \r\n                            \r\n                        <\/div>\r\n                    <\/div>\r\n                <\/div>[\/vc_tta_section][\/vc_tta_tabs][\/vc_column][vc_column width=&#8221;1\/3&#8243;][\/vc_column][\/vc_row]<\/p>","protected":false},"excerpt":{"rendered":"<p>[vc_row el_class=&#8221;container&#8221;][vc_column width=&#8221;2\/3&#8243;][vc_tta_tabs][vc_tta_section title=&#8221;POLISH&#8221; tab_id=&#8221;1612514765073-cfc2f9ae-5da2&#8243;][\/vc_tta_section][\/vc_tta_tabs][\/vc_column][vc_column width=&#8221;1\/3&#8243;][\/vc_column][\/vc_row] [&#8230;]<\/p>\n<p><a class=\"btn btn-secondary understrap-read-more-link\" href=\"https:\/\/us.edu.pl\/wydzial\/wh\/najwazniejsze-osiagniecia-badawcze\/krakowskie-xv-wieczne-kazania-uniwersyteckie-szczegolnie-recommendationes-scientiarum-oraz-principia-do-pism-filozoficznych\/\">Read More&#8230;<\/a><\/p>\n","protected":false},"author":1,"featured_media":0,"parent":9930,"menu_order":0,"comment_status":"closed","ping_status":"closed","template":"","meta":{"_expiration-date-status":"","_expiration-date":0,"_expiration-date-type":"","_expiration-date-categories":[],"_expiration-date-options":[]},"acf":[],"_links":{"self":[{"href":"https:\/\/us.edu.pl\/wydzial\/wh\/wp-json\/wp\/v2\/pages\/181821"}],"collection":[{"href":"https:\/\/us.edu.pl\/wydzial\/wh\/wp-json\/wp\/v2\/pages"}],"about":[{"href":"https:\/\/us.edu.pl\/wydzial\/wh\/wp-json\/wp\/v2\/types\/page"}],"author":[{"embeddable":true,"href":"https:\/\/us.edu.pl\/wydzial\/wh\/wp-json\/wp\/v2\/users\/1"}],"replies":[{"embeddable":true,"href":"https:\/\/us.edu.pl\/wydzial\/wh\/wp-json\/wp\/v2\/comments?post=181821"}],"version-history":[{"count":1,"href":"https:\/\/us.edu.pl\/wydzial\/wh\/wp-json\/wp\/v2\/pages\/181821\/revisions"}],"predecessor-version":[{"id":181823,"href":"https:\/\/us.edu.pl\/wydzial\/wh\/wp-json\/wp\/v2\/pages\/181821\/revisions\/181823"}],"up":[{"embeddable":true,"href":"https:\/\/us.edu.pl\/wydzial\/wh\/wp-json\/wp\/v2\/pages\/9930"}],"wp:attachment":[{"href":"https:\/\/us.edu.pl\/wydzial\/wh\/wp-json\/wp\/v2\/media?parent=181821"}],"curies":[{"name":"wp","href":"https:\/\/api.w.org\/{rel}","templated":true}]}}