{"id":181824,"date":"2025-01-13T13:13:15","date_gmt":"2025-01-13T12:13:15","guid":{"rendered":"https:\/\/us.edu.pl\/wydzial\/wh\/?page_id=181824"},"modified":"2025-01-13T13:25:38","modified_gmt":"2025-01-13T12:25:38","slug":"krytyka-traktatu-het-schilder-boeck-ksiega-o-malarstwie-i-sledzenie-migracji-mistrzow-flamandzkich-xv-xvi-wiek","status":"publish","type":"page","link":"https:\/\/us.edu.pl\/wydzial\/wh\/najwazniejsze-osiagniecia-badawcze\/krytyka-traktatu-het-schilder-boeck-ksiega-o-malarstwie-i-sledzenie-migracji-mistrzow-flamandzkich-xv-xvi-wiek\/","title":{"rendered":"Krytyka traktatu Het Schilder-Boeck [Ksi\u0119ga o malarstwie] i \u015bledzenie migracji mistrz\u00f3w flamandzkich (XV\u2013XVI wiek)"},"content":{"rendered":"<p>[vc_row el_class=&#8221;container&#8221;][vc_column width=&#8221;2\/3&#8243;][vc_tta_tabs][vc_tta_section title=&#8221;POLISH&#8221; tab_id=&#8221;1612514765073-cfc2f9ae-5da2&#8243;]\r\n                <div class=\"text-modules \">\r\n                    <div class=\"container\">\r\n                        <h3 class=\"section-title section-title_border-bottom\">dr Oskar J. Rojewski, prof. U\u015a<\/h3> <h3 class=\"subtitle text-modules__subtitle\">Krytyka traktatu Het Schilder-Boeck (Ksi\u0119ga o malarstwie) i \u015bledzenie migracji mistrz\u00f3w flamandzkich (XV\u2013XVI wiek)<\/h3>\r\n                        <div class=\"row m-0\">\r\n                            <div class=\"text-modules__content\">\r\n                                Istotnym zadaniem nauk humanistycznych w czasach nat\u0119\u017conej \u015bwiatowej mobilno\u015bci jest poznanie przesz\u0142o\u015bci migracji. Wiedza o niej umo\u017cliwia zrozumienie wsp\u00f3\u0142czesnych zjawisk spo\u0142ecznych i\u00a0asymilacyjnych. W ramach projektu prowadzona jest analiza migracji artystycznych i jej ro\u0301z\u0307norodnos\u0301ci \u2013 we\u0328dro\u0301wek artysto\u0301w wykszta\u0142conych we Flandrii w XV i XVI wieku. Migracje \u2013 opro\u0301cz tego, \u017ce s\u0142u\u017cy\u0142y rozpowszechnianiu ikonografii, techniki oraz stylu two\u0301rco\u0301w niderlandzkich \u2013 sprzyja\u0142y szerzeniu si\u0119 uniwersalizmu sztuki i kultury w renesansowej Europie.<\/p>\n<p>Badania nad artystami w\u0119druj\u0105cymi, oparte na analizie <em>Het Schilder-Boeck<\/em> [Ksi\u0119gi o malarstwie] Karla van Mandera, pierwszego traktatu o sztuce p\u00f3\u0142nocnoeuropejskiej, umo\u017cliwiaj\u0105 poznanie r\u00f3\u017cnorodno\u015bci dos\u0301wiadczen\u0301 artyst\u00f3w, recepcji kultur w sztuce oraz sprawdzenie, w jaki sposo\u0301b kro\u0301tkie wyprawy ba\u0328dz\u0301 wieloletnie pobyty na obczyz\u0301nie kszta\u0142towa\u0142y indywidualny styl dawnych mistrz\u00f3w. W projekcie zaplanowano wizualizacj\u0119 informacji, zebranych w toku bada\u0144 archiwalnych, za pomoc\u0105 cyfrowej bazy danych, kt\u00f3ra stanie si\u0119 punktem wyj\u015bcia studium i refleksji na temat migracji artystycznych.<\/p>\n<p>Wnioski z badania dr\u00f3g migracji renesansowych artyst\u00f3w pozwol\u0105 na zrozumienie migracji jako jednego z wielu proceso\u0301w kulturotwo\u0301rczych. Wyniki projektu mog\u0105 si\u0119 przyczyni\u0107 do wskazania praktyk godnych na\u015bladowania we wsp\u00f3\u0142czesnym \u015bwiecie, pozwalaj\u0105cych na odbi\u00f3r tw\u00f3rczo\u015bci ukazuj\u0105cej do\u015bwiadczenia artyst\u00f3w w ich dzie\u0142ach sztuki. \r\n                                <div class=\"mt-3\"><a href=\"https:\/\/us.edu.pl\/wydzial\/wh\/hetschilderboeck\/\" class=\"link-button mr-3 \">strona projektu<\/a><\/div>\r\n                            <\/div>\r\n                            \r\n                            \r\n                        <\/div>\r\n                    <\/div>\r\n                <\/div>[\/vc_tta_section][\/vc_tta_tabs][\/vc_column][vc_column width=&#8221;1\/3&#8243;][\/vc_column][\/vc_row]<\/p>","protected":false},"excerpt":{"rendered":"<p>[vc_row el_class=&#8221;container&#8221;][vc_column width=&#8221;2\/3&#8243;][vc_tta_tabs][vc_tta_section title=&#8221;POLISH&#8221; tab_id=&#8221;1612514765073-cfc2f9ae-5da2&#8243;][\/vc_tta_section][\/vc_tta_tabs][\/vc_column][vc_column width=&#8221;1\/3&#8243;][\/vc_column][\/vc_row] [&#8230;]<\/p>\n<p><a class=\"btn btn-secondary understrap-read-more-link\" href=\"https:\/\/us.edu.pl\/wydzial\/wh\/najwazniejsze-osiagniecia-badawcze\/krytyka-traktatu-het-schilder-boeck-ksiega-o-malarstwie-i-sledzenie-migracji-mistrzow-flamandzkich-xv-xvi-wiek\/\">Read More&#8230;<\/a><\/p>\n","protected":false},"author":1,"featured_media":0,"parent":9930,"menu_order":0,"comment_status":"closed","ping_status":"closed","template":"","meta":{"_expiration-date-status":"","_expiration-date":0,"_expiration-date-type":"","_expiration-date-categories":[],"_expiration-date-options":[]},"acf":[],"_links":{"self":[{"href":"https:\/\/us.edu.pl\/wydzial\/wh\/wp-json\/wp\/v2\/pages\/181824"}],"collection":[{"href":"https:\/\/us.edu.pl\/wydzial\/wh\/wp-json\/wp\/v2\/pages"}],"about":[{"href":"https:\/\/us.edu.pl\/wydzial\/wh\/wp-json\/wp\/v2\/types\/page"}],"author":[{"embeddable":true,"href":"https:\/\/us.edu.pl\/wydzial\/wh\/wp-json\/wp\/v2\/users\/1"}],"replies":[{"embeddable":true,"href":"https:\/\/us.edu.pl\/wydzial\/wh\/wp-json\/wp\/v2\/comments?post=181824"}],"version-history":[{"count":3,"href":"https:\/\/us.edu.pl\/wydzial\/wh\/wp-json\/wp\/v2\/pages\/181824\/revisions"}],"predecessor-version":[{"id":181856,"href":"https:\/\/us.edu.pl\/wydzial\/wh\/wp-json\/wp\/v2\/pages\/181824\/revisions\/181856"}],"up":[{"embeddable":true,"href":"https:\/\/us.edu.pl\/wydzial\/wh\/wp-json\/wp\/v2\/pages\/9930"}],"wp:attachment":[{"href":"https:\/\/us.edu.pl\/wydzial\/wh\/wp-json\/wp\/v2\/media?parent=181824"}],"curies":[{"name":"wp","href":"https:\/\/api.w.org\/{rel}","templated":true}]}}