{"id":181832,"date":"2025-01-13T13:15:16","date_gmt":"2025-01-13T12:15:16","guid":{"rendered":"https:\/\/us.edu.pl\/wydzial\/wh\/?page_id=181832"},"modified":"2025-01-13T13:15:16","modified_gmt":"2025-01-13T12:15:16","slug":"wysilek-militarny-rzeczypospolitej-obojga-narodow-czasow-wazow-w-relacjach-dyplomatow-papieskich","status":"publish","type":"page","link":"https:\/\/us.edu.pl\/wydzial\/wh\/najwazniejsze-osiagniecia-badawcze\/wysilek-militarny-rzeczypospolitej-obojga-narodow-czasow-wazow-w-relacjach-dyplomatow-papieskich\/","title":{"rendered":"Wysi\u0142ek militarny Rzeczypospolitej Obojga Narod\u00f3w czas\u00f3w Waz\u00f3w w relacjach dyplomat\u00f3w papieskich"},"content":{"rendered":"<p>[vc_row el_class=&#8221;container&#8221;][vc_column width=&#8221;2\/3&#8243;][vc_tta_tabs][vc_tta_section title=&#8221;POLISH&#8221; tab_id=&#8221;1612514765073-cfc2f9ae-5da2&#8243;]\r\n                <div class=\"text-modules \">\r\n                    <div class=\"container\">\r\n                        <h3 class=\"section-title section-title_border-bottom\">dr Pawe\u0142 Duda<\/h3> <h3 class=\"subtitle text-modules__subtitle\">Wysi\u0142ek militarny Rzeczypospolitej Obojga Narod\u00f3w czas\u00f3w Waz\u00f3w w relacjach dyplomat\u00f3w papieskich <\/h3>\r\n                        <div class=\"row m-0\">\r\n                            <div class=\"text-modules__content\">\r\n                                Celem projektu jest przygotowanie edycji \u017ar\u00f3d\u0142owej niepublikowanych dotychczas fragment\u00f3w korespondencji dyplomat\u00f3w papieskich, kt\u00f3re odnosi\u0142y si\u0119 do wysi\u0142ku militarnego Rzeczypospolitej Obojga Narod\u00f3w w latach 1587\u20131668 \u2013 cotygodniowych raport\u00f3w s\u0142anych do Rzymu przez nuncjuszy apostolskich rezyduj\u0105cych w pa\u0144stwie polsko-litewskim epoki Waz\u00f3w. W Archivio Apostolico Vaticano oraz w Biblioteca Apostolica Vaticana przeprowadzone zostan\u0105 kwerendy, analizie poddana zostanie korespondencja dyplomat\u00f3w papieskich rezyduj\u0105cych w Rzeczypospolitej w omawianym czasie oraz materia\u0142 \u017ar\u00f3d\u0142owy wygenerowany przez inne nuncjatury (mi\u0119dzy innymi w Wiedniu, Pary\u017cu, Madrycie), dokonana zostanie jego selekcja, transkrypcja, korekta, ponadto opracowany zostanie aparat naukowy. Pozyskany materia\u0142 \u017ar\u00f3d\u0142owy b\u0119dzie stanowi\u0142 podstaw\u0119 wydania pi\u0119ciu publikacji w j\u0119zyku angielskim (w wydaniu papierowym oraz w postaci e-book\u00f3w w formule <em>open access<\/em>).<\/p>\n<p>Edycja wprowadzi do bada\u0144 historycznych niepublikowany dotychczas w takim uj\u0119ciu tematycznym materia\u0142 \u017ar\u00f3d\u0142owy, a tym samym poszerzy zakres dost\u0119pnej wiedzy historycznej, jak r\u00f3wnie\u017c mo\u017ce stanowi\u0107 asumpt do dalszych bada\u0144 nad tematem wojen i wojskowo\u015bci polskiej XVI\u2013XVII wieku, relacji Rzeczypospolitej Obojga Narod\u00f3w z jej s\u0105siadami oraz ze Stolic\u0105 Apostolsk\u0105, rol\u0105 pa\u0144stwa polsko-litewskiego w polityce og\u00f3lnoeuropejskiej, jak r\u00f3wnie\u017c nad sposobem pozyskiwania i obiegu informacji w strukturach papieskiej s\u0142u\u017cby dyplomatycznej. \r\n                                <div class=\"mt-3\"><\/div>\r\n                            <\/div>\r\n                            \r\n                            \r\n                        <\/div>\r\n                    <\/div>\r\n                <\/div>[\/vc_tta_section][\/vc_tta_tabs][\/vc_column][vc_column width=&#8221;1\/3&#8243;][\/vc_column][\/vc_row]<\/p>","protected":false},"excerpt":{"rendered":"<p>[vc_row el_class=&#8221;container&#8221;][vc_column width=&#8221;2\/3&#8243;][vc_tta_tabs][vc_tta_section title=&#8221;POLISH&#8221; tab_id=&#8221;1612514765073-cfc2f9ae-5da2&#8243;][\/vc_tta_section][\/vc_tta_tabs][\/vc_column][vc_column width=&#8221;1\/3&#8243;][\/vc_column][\/vc_row] [&#8230;]<\/p>\n<p><a class=\"btn btn-secondary understrap-read-more-link\" href=\"https:\/\/us.edu.pl\/wydzial\/wh\/najwazniejsze-osiagniecia-badawcze\/wysilek-militarny-rzeczypospolitej-obojga-narodow-czasow-wazow-w-relacjach-dyplomatow-papieskich\/\">Read More&#8230;<\/a><\/p>\n","protected":false},"author":1,"featured_media":0,"parent":9930,"menu_order":0,"comment_status":"closed","ping_status":"closed","template":"","meta":{"_expiration-date-status":"","_expiration-date":0,"_expiration-date-type":"","_expiration-date-categories":[],"_expiration-date-options":[]},"acf":[],"_links":{"self":[{"href":"https:\/\/us.edu.pl\/wydzial\/wh\/wp-json\/wp\/v2\/pages\/181832"}],"collection":[{"href":"https:\/\/us.edu.pl\/wydzial\/wh\/wp-json\/wp\/v2\/pages"}],"about":[{"href":"https:\/\/us.edu.pl\/wydzial\/wh\/wp-json\/wp\/v2\/types\/page"}],"author":[{"embeddable":true,"href":"https:\/\/us.edu.pl\/wydzial\/wh\/wp-json\/wp\/v2\/users\/1"}],"replies":[{"embeddable":true,"href":"https:\/\/us.edu.pl\/wydzial\/wh\/wp-json\/wp\/v2\/comments?post=181832"}],"version-history":[{"count":1,"href":"https:\/\/us.edu.pl\/wydzial\/wh\/wp-json\/wp\/v2\/pages\/181832\/revisions"}],"predecessor-version":[{"id":181835,"href":"https:\/\/us.edu.pl\/wydzial\/wh\/wp-json\/wp\/v2\/pages\/181832\/revisions\/181835"}],"up":[{"embeddable":true,"href":"https:\/\/us.edu.pl\/wydzial\/wh\/wp-json\/wp\/v2\/pages\/9930"}],"wp:attachment":[{"href":"https:\/\/us.edu.pl\/wydzial\/wh\/wp-json\/wp\/v2\/media?parent=181832"}],"curies":[{"name":"wp","href":"https:\/\/api.w.org\/{rel}","templated":true}]}}