{"id":182000,"date":"2025-01-07T15:18:47","date_gmt":"2025-01-07T14:18:47","guid":{"rendered":"https:\/\/us.edu.pl\/wydzial\/wh\/?page_id=182000"},"modified":"2025-02-06T12:57:13","modified_gmt":"2025-02-06T11:57:13","slug":"erasmus","status":"publish","type":"page","link":"https:\/\/us.edu.pl\/wydzial\/wh\/innowacje-wspolpraca\/erasmus\/","title":{"rendered":"Erasmus +"},"content":{"rendered":"<p>[vc_row el_class=&#8221;container&#8221; css=&#8221;.vc_custom_1737118453497{margin-top: 0px !important;border-top-width: 0px !important;padding-top: 0px !important;}&#8221;][vc_column width=&#8221;2\/3&#8243;]\r\n                <div class=\"text-modules\">\r\n                    <div class=\"container\">\r\n                        \r\n                        <div class=\"text-modules__content\"><\/p>\n<h2 class=\"widgettitle\"><span style=\"color: #002e5a;\">Program Erasmus+<\/span><\/h2>\n<p>\n<\/div>\r\n                    <\/div>\r\n                <\/div>[vc_separator color=&#8221;custom&#8221; accent_color=&#8221;#0095db&#8221;]\r\n                <div class=\"text-modules\">\r\n                    <div class=\"container\">\r\n                        \r\n                        <div class=\"text-modules__content\"><p>Program Erasmus+ umo\u017cliwia studentom uczestnictwo w wymianach mi\u0119dzynarodowych, finansowanych przez Uni\u0119 Europejsk\u0105 obejmuj\u0105cych wyjazdy na studia jak i praktyki.<\/p>\n<div>\n<p>Na wyjazd w ramach programu Erasmus+ student otrzymuje stypendium, kt\u00f3rego wysoko\u015b\u0107 zale\u017cy od kraju pobytu i rodzaju wyjazdu oraz sytuacji finansowej wyje\u017cd\u017caj\u0105cego studenta. Miesi\u0119czna wysoko\u015b\u0107 dofinansowania w przypadku wyjazdu w celu realizacji cz\u0119\u015bci studi\u00f3w w zagranicznej uczelni partnerskiej w roku akademickim 2024\/2025 wynosi:<\/p>\n<p><strong>GRUPA 1:<\/strong>\u00a0670 euro\u00a0miesi\u0119cznie \/ praktyki:\u00a0820 euro\u00a0miesi\u0119cznie<\/p>\n<p>Austria, Belgia, Cypr, Dania, Finlandia, Francja, Grecja, Hiszpania, Irlandia, Islandia, Liechtenstein, Luksemburg, Malta, Niderlandy, Niemcy, Norwegia, Portugalia, Szwecja, W\u0142ochy.<\/p>\n<p><strong>GRUPA 2:<\/strong>\u00a0600 euro\u00a0miesi\u0119cznie \/ praktyki:\u00a0750 euro\u00a0miesi\u0119cznie<\/p>\n<p>Bu\u0142garia, Chorwacja, Czechy, Estonia, Litwa, \u0141otwa, Macedonia P\u00f3\u0142nocna, Rumunia, Serbia, S\u0142owacja, S\u0142owenia, Turcja.<\/p>\n<p>Uczestnicy z mniejszymi szansami otrzymuj\u0105 dofinansowanie powi\u0119kszone o kwot\u0119\u00a0250 euro\u00a0miesi\u0119cznie. Dotyczy to uczestnik\u00f3w z orzeczonym stopniem niepe\u0142nosprawno\u015bci oraz uczestnik\u00f3w, kt\u00f3rzy w semestrze poprzedzaj\u0105cym semestr, w kt\u00f3rym realizowana jest mobilno\u015b\u0107 otrzymuj\u0105 stupendium socjalne.<\/p>\n<p>Na ka\u017cdym z trzech poziom\u00f3w studi\u00f3w student mo\u017ce skorzysta\u0107 z wyjazdu lub wyjazd\u00f3w trwaj\u0105cych \u0142\u0105cznie do 12 miesi\u0119cy.<br \/>\nMinimalny czas pobytu na studiach za granic\u0105 wynosi 3 miesi\u0105ce, a na praktyce \u2013 2 miesi\u0105ce.<\/p>\n<p>Studia w ramach Programu Erasmus+ to niepowtarzalna mo\u017cliwo\u015b\u0107 zdobycia do\u015bwiadczenia, podniesienia kwalifikacji zawodowych i j\u0119zykowych, nawi\u0105zania\u00a0 mi\u0119dzynarodowych kontakt\u00f3w oraz poznania kultury innego kraju.<\/p>\n<\/div>\n<p>\n<\/div>\r\n                    <\/div>\r\n                <\/div>[\/vc_column][vc_column width=&#8221;1\/3&#8243;][vc_empty_space][vc_empty_space][vc_empty_space][vc_row_inner css=&#8221;.vc_custom_1737118810950{border-left-width: 5px !important;padding-left: 5px !important;background-color: #ececec !important;border-left-color: #002e5a !important;border-left-style: solid !important;}&#8221;][vc_column_inner][vc_empty_space]\r\n                <div class=\"text-modules\">\r\n                    <div class=\"container\">\r\n                        \r\n                        <div class=\"text-modules__content\"><p><em><span class=\"style-scope yt-formatted-string\" dir=\"auto\">Czym jest program Erasmus+? Do kogo jest skierowany? Jakie trzeba spe\u0142nia\u0107 wymagania?<\/span>\u00a0Na te pytania odpowiada mgr Jaros\u0142aw G\u0105sior &#8211; Kierownik Biura Wymiany Mi\u0119dzynarodowej<\/em><\/p>\n<\/div>\r\n                    <\/div>\r\n                <\/div>[vc_empty_space][vc_video link=&#8221;https:\/\/youtu.be\/J4G1dJB-7AY?feature=shared&#8221;][\/vc_column_inner][\/vc_row_inner][vc_empty_space][vc_row_inner][vc_column_inner]\r\n                <div class='sidebar_moduls sidebar_one_header' style='color:#002E5A;background-color: #EBEBEB'>\r\n                    <a href='https:\/\/erasmus.us.edu.pl\/wyjazdy-na-studia-sms\/' class='link'>Wyjazdy na studia (SMS)<\/a>\r\n                <\/div>\r\n                <div class='sidebar_moduls sidebar_one_header' style='color:#002E5A;background-color: #EBEBEB'>\r\n                    <a href='https:\/\/erasmus.us.edu.pl\/wyjazdy-na-praktyke-smp\/' class='link'>Wyjazdy na praktyk\u0119 (SMT)<\/a>\r\n                <\/div>[\/vc_column_inner][\/vc_row_inner][\/vc_column][\/vc_row][vc_row el_class=&#8221;container&#8221;][vc_column][vc_separator][\/vc_column][\/vc_row][vc_row el_class=&#8221;container&#8221;][vc_column width=&#8221;2\/3&#8243;][vc_custom_heading text=&#8221;Koordynatorzy&#8221; font_container=&#8221;tag:h2|text_align:center|color:%23ffffff&#8221; google_fonts=&#8221;font_family:PT%20Sans%3Aregular%2Citalic%2C700%2C700italic|font_style:400%20regular%3A400%3Anormal&#8221; css=&#8221;.vc_custom_1737465575545{background-color: #002e5a !important;}&#8221;][\/vc_column][vc_column width=&#8221;1\/3&#8243;][\/vc_column][\/vc_row][vc_row el_class=&#8221;container&#8221;][vc_column width=&#8221;2\/3&#8243;][vc_toggle title=&#8221;architektura informacji | informacja naukowa i bibliotekoznawstwo&#8221; style=&#8221;simple&#8221; color=&#8221;peacoc&#8221; custom_font_container=&#8221;tag:h4|text_align:left|color:%23002e5a&#8221; custom_google_fonts=&#8221;font_family:PT%20Sans%3Aregular%2Citalic%2C700%2C700italic|font_style:400%20regular%3A400%3Anormal&#8221; use_custom_heading=&#8221;true&#8221; css=&#8221;.vc_custom_1737469773885{margin-bottom: 2px !important;border-bottom-width: 2px !important;padding-bottom: 1px !important;background-color: #f8f8f8 !important;}&#8221;]dr Anna Seweryn<\/p>\n<p>e-mail: <a href=\"mailto:anna.seweryn@us.edu.pl\">anna.seweryn@us.edu.pl<\/a><\/p>\n<p>ul. Uniwersytecka 4, pok. A4.18<br \/>\n40-007 Katowice[\/vc_toggle][vc_toggle title=&#8221;doradztwo filozoficzne i coaching | filozofia | kognitywistyka&#8221; style=&#8221;simple&#8221; color=&#8221;peacoc&#8221; custom_font_container=&#8221;tag:h4|text_align:left|color:%23002e5a&#8221; custom_google_fonts=&#8221;font_family:PT%20Sans%3Aregular%2Citalic%2C700%2C700italic|font_style:400%20regular%3A400%3Anormal&#8221; use_custom_heading=&#8221;true&#8221; css=&#8221;.vc_custom_1737469743852{margin-bottom: 2px !important;border-bottom-width: 2px !important;padding-bottom: 1px !important;background-color: #f8f8f8 !important;}&#8221;]<a href=\"https:\/\/us.edu.pl\/instytut\/ifil\/osoby\/sebastian-spiewak\/\">dr Sebastian \u015apiewak<\/a><\/p>\n<p>e-mail: <a href=\"mailto:sebastian.spiewak@us.edu.pl\">sebastian.spiewak@us.edu.pl<\/a><br \/>\ntel.: 32 359 1451<\/p>\n<p>ul. Bankowa 11, pok. 331c<br \/>\n40-007 Katowice[\/vc_toggle][vc_toggle title=&#8221;filologia angielska&#8221; style=&#8221;simple&#8221; color=&#8221;peacoc&#8221; custom_font_container=&#8221;tag:h4|text_align:left|color:%23002e5a&#8221; custom_google_fonts=&#8221;font_family:PT%20Sans%3Aregular%2Citalic%2C700%2C700italic|font_style:400%20regular%3A400%3Anormal&#8221; use_custom_heading=&#8221;true&#8221; css=&#8221;.vc_custom_1737474621064{margin-bottom: 2px !important;border-bottom-width: 2px !important;padding-bottom: 1px !important;background-color: #f8f8f8 !important;}&#8221;]<a href=\"https:\/\/us.edu.pl\/wydzial\/wh\/pracownicy-dydaktyczni\/#1695117499928-1525ba3c-ca5a\">dr Agata Wilczek<\/a><\/p>\n<p>e-mail: <a href=\"mailto:agata.wilczek@us.edu.pl\">agata.wilczek@us.edu.pl<\/a><br \/>\ntel.: 32 364 08 84<\/p>\n<p>ul. Grota Roweckiego 5, pok. 3.52<br \/>\n41-200 Sosnowiec<\/p>\n<p>&nbsp;<\/p>\n<hr \/>\n<p><a href=\"https:\/\/us.edu.pl\/instytut\/ij\/osoby\/agnieszka-solska\/\">dr hab. Agnieszka Solska, prof. U\u015a<\/a> (wymiany z Chinami)<\/p>\n<p>e-mail: <a href=\"mailto:agnieszka.solska@us.edu.pl\">agnieszka.solska@us.edu.pl<\/a><br \/>\ntel.: 32 364 08 84<\/p>\n<p>ul. Grota Roweckiego 5, pok. 4.59<br \/>\n41-200 Sosnowiec<\/p>\n<p>&nbsp;<\/p>\n<p>mgr Ma\u0142gorzata \u0141ysie\u0144 (wymiana z Kazachstanem)<\/p>\n<p>e-mail: <a href=\"mailto:malgorzata.lysien@us.edu.pl\">malgorzata.lysien@us.edu.pl<\/a><br \/>\ntel.: 32 364 08 84<\/p>\n<p>ul. Grota Roweckiego 5, pok. 3.52<br \/>\n41-200 Sosnowiec[\/vc_toggle][vc_toggle title=&#8221;filologia francuska&#8221; style=&#8221;simple&#8221; color=&#8221;peacoc&#8221; custom_font_container=&#8221;tag:h4|text_align:left|color:%23002e5a&#8221; custom_google_fonts=&#8221;font_family:PT%20Sans%3Aregular%2Citalic%2C700%2C700italic|font_style:400%20regular%3A400%3Anormal&#8221; use_custom_heading=&#8221;true&#8221; css=&#8221;.vc_custom_1737625344658{margin-bottom: 2px !important;border-bottom-width: 2px !important;padding-bottom: 1px !important;background-color: #f8f8f8 !important;}&#8221;]<a href=\"https:\/\/us.edu.pl\/instytut\/il\/osoby\/agnieszka-loska\/\">dr Agnieszka Loska<\/a><\/p>\n<p>e-mail: <a href=\"mailto:agnieszka.loska@us.edu.pl\">agnieszka.loska@us.edu.pl<\/a><br \/>\ntel.: 32 364 08 76<\/p>\n<p>ul. Grota-Roweckiego 5, pok. 3.16<br \/>\n41-200 Sosnowiec[\/vc_toggle][vc_toggle title=&#8221;filologia germa\u0144ska&#8221; style=&#8221;simple&#8221; color=&#8221;peacoc&#8221; custom_font_container=&#8221;tag:h4|text_align:left|color:%23002e5a&#8221; custom_google_fonts=&#8221;font_family:PT%20Sans%3Aregular%2Citalic%2C700%2C700italic|font_style:400%20regular%3A400%3Anormal&#8221; use_custom_heading=&#8221;true&#8221; css=&#8221;.vc_custom_1737627605103{margin-bottom: 2px !important;border-bottom-width: 2px !important;padding-bottom: 1px !important;background-color: #f8f8f8 !important;}&#8221;]<a href=\"https:\/\/us.edu.pl\/instytut\/il\/osoby\/grazyna-krupinska\/\">dr hab. Gra\u017cyna Krupi\u0144ska<\/a><\/p>\n<p>e-mail: <a href=\"mailto:grazyna.krupinska@us.edu.pl\">grazyna.krupinska@us.edu.pl<\/a><br \/>\ntel.: 32 364 09 17<\/p>\n<p>ul. Grota-Roweckiego 5, pok. 4.14<br \/>\n41-200 Sosnowiec<\/p>\n<p>&nbsp;<\/p>\n<hr \/>\n<p><a href=\"https:\/\/us.edu.pl\/instytut\/il\/osoby\/renata-dampc-jarosz\/\">prof. dr hab. Renata Dampc-Jarosz<\/a> (Program DAAD &#8222;Ostpartnerschaft&#8221;)<\/p>\n<p>e-mail: <a href=\"mailto:renata.dampc-jarosz@us.edu.pl\">renata.dampc-jarosz@us.edu.pl<\/a><br \/>\ntel.: 32 364 08 88<\/p>\n<p>ul. Grota-Roweckiego 5, pok. 4.13<br \/>\n41-200 Sosnowiec[\/vc_toggle][vc_toggle title=&#8221;filologia hiszpa\u0144ska&#8221; style=&#8221;simple&#8221; color=&#8221;peacoc&#8221; custom_font_container=&#8221;tag:h4|text_align:left|color:%23002e5a&#8221; custom_google_fonts=&#8221;font_family:PT%20Sans%3Aregular%2Citalic%2C700%2C700italic|font_style:400%20regular%3A400%3Anormal&#8221; use_custom_heading=&#8221;true&#8221; css=&#8221;.vc_custom_1738837680732{margin-bottom: 2px !important;border-bottom-width: 2px !important;padding-bottom: 1px !important;background-color: #f8f8f8 !important;}&#8221;]<a href=\"https:\/\/us.edu.pl\/wydzial\/wh\/pracownicy-dydaktyczni\/#1695037996162-2718a26b-382a\">dr Aniela Kucharska<\/a> (wyjazdy studenckie)<\/p>\n<p>e-mail: <a href=\"mailto:aniela.kucharska@us.edu.pl\">aniela.kucharska@us.edu.pl<\/a><br \/>\ntel.: 32 364 09 58<\/p>\n<p>ul. Grota-Roweckiego 5, pok. 3.57<br \/>\n41-200 Sosnowiec<\/p>\n<p>&nbsp;<\/p>\n<hr \/>\n<p><a href=\"https:\/\/us.edu.pl\/instytut\/ij\/osoby\/cecylia-tatoj\/\">dr Cecylia Tatoj<\/a> (przyjazdy studenckie)<\/p>\n<p>e-mail: <a href=\"mailto:cecylia.tatoj@us.edu.pl\">cecylia.tatoj@us.edu.pl<\/a><br \/>\ntel.: 32 364 09 58<\/p>\n<p>ul. Grota-Roweckiego 5, pok. 3.57<br \/>\n41-200 Sosnowiec[\/vc_toggle][vc_toggle title=&#8221;filologia polska | sztuka pisania | tw\u00f3rcze pisanie i marketing wydawniczy&#8221; style=&#8221;simple&#8221; color=&#8221;peacoc&#8221; custom_font_container=&#8221;tag:h4|text_align:left|color:%23002e5a&#8221; custom_google_fonts=&#8221;font_family:PT%20Sans%3Aregular%2Citalic%2C700%2C700italic|font_style:400%20regular%3A400%3Anormal&#8221; use_custom_heading=&#8221;true&#8221; css=&#8221;.vc_custom_1738837881635{margin-bottom: 2px !important;border-bottom-width: 2px !important;padding-bottom: 1px !important;background-color: #f8f8f8 !important;}&#8221;]<a href=\"https:\/\/us.edu.pl\/instytut\/il\/osoby\/beata-nowacka\/\">dr hab. Beata Nowacka, prof. U\u015a<\/a><\/p>\n<p>e-mail: <a href=\"mailto:beata.nowacka@us.edu.pl\">beata.nowacka@us.edu.pl<\/a><br \/>\ntel.: 32 2009 418<\/p>\n<p>ul. Uniwersytecka 4, pok. A6.22<br \/>\n40-007 Katowice[\/vc_toggle][vc_toggle title=&#8221;filologia s\u0142owia\u0144ska&#8221; style=&#8221;simple&#8221; color=&#8221;peacoc&#8221; custom_font_container=&#8221;tag:h4|text_align:left|color:%23002e5a&#8221; custom_google_fonts=&#8221;font_family:PT%20Sans%3Aregular%2Citalic%2C700%2C700italic|font_style:400%20regular%3A400%3Anormal&#8221; use_custom_heading=&#8221;true&#8221; css=&#8221;.vc_custom_1738838027957{margin-bottom: 2px !important;border-bottom-width: 2px !important;padding-bottom: 1px !important;background-color: #f8f8f8 !important;}&#8221;]<a href=\"https:\/\/us.edu.pl\/instytut\/il\/osoby\/dorota-golek-sepetliewa\/\">dr Dorota Go\u0142ek-Sepetliewa<\/a><\/p>\n<p>e-mail: <a href=\"mailto:dorota.golek-sepetliewa@us.edu.pl\">dorota.golek-sepetliewa@us.edu.pl<\/a><br \/>\ntel.: 32 364 09 10<\/p>\n<p>ul. Grota-Roweckiego 5, pok. 3.12<br \/>\n41-200 Sosnowiec[\/vc_toggle][vc_toggle title=&#8221;filologia w\u0142oska&#8221; style=&#8221;simple&#8221; color=&#8221;peacoc&#8221; custom_font_container=&#8221;tag:h4|text_align:left|color:%23002e5a&#8221; custom_google_fonts=&#8221;font_family:PT%20Sans%3Aregular%2Citalic%2C700%2C700italic|font_style:400%20regular%3A400%3Anormal&#8221; use_custom_heading=&#8221;true&#8221; css=&#8221;.vc_custom_1738838133359{margin-bottom: 2px !important;border-bottom-width: 2px !important;padding-bottom: 1px !important;background-color: #f8f8f8 !important;}&#8221;]<a href=\"https:\/\/us.edu.pl\/instytut\/ij\/osoby\/dykta-dominika\/\">dr Dominika Dykta<\/a><\/p>\n<p>e-mail: <a href=\"mailto:dominika.dykta@us.edu.pl\">dominika.dykta@us.edu.pl<\/a><br \/>\ntel.: 32 364 09 34<\/p>\n<p>ul. Grota-Roweckiego 5, pok. 3.17<br \/>\n41-200 Sosnowiec[\/vc_toggle][vc_toggle title=&#8221;filologia wschodnios\u0142owia\u0144ska | filologia rosyjska&#8221; style=&#8221;simple&#8221; color=&#8221;peacoc&#8221; custom_font_container=&#8221;tag:h4|text_align:left|color:%23002e5a&#8221; custom_google_fonts=&#8221;font_family:PT%20Sans%3Aregular%2Citalic%2C700%2C700italic|font_style:400%20regular%3A400%3Anormal&#8221; use_custom_heading=&#8221;true&#8221; css=&#8221;.vc_custom_1738841119801{margin-bottom: 2px !important;border-bottom-width: 2px !important;padding-bottom: 1px !important;background-color: #f8f8f8 !important;}&#8221;]<a href=\"https:\/\/us.edu.pl\/instytut\/ij\/osoby\/maciej-walczak\/\">dr Maciej Walczak<\/a><\/p>\n<p>e-mail: <a href=\"mailto:maciej.walczak@us.edu.pl\">maciej.walczak@us.edu.pl<\/a><br \/>\ntel.: 32 364 08 81<\/p>\n<p>ul. Grota-Roweckiego 5, pok. 4.11<br \/>\n41-200 Sosnowiec[\/vc_toggle][vc_toggle title=&#8221;historia | turystyka historyczna | \u015brodkowoeuropejskie studia historyczne&#8221; style=&#8221;simple&#8221; color=&#8221;peacoc&#8221; custom_font_container=&#8221;tag:h4|text_align:left|color:%23002e5a&#8221; custom_google_fonts=&#8221;font_family:PT%20Sans%3Aregular%2Citalic%2C700%2C700italic|font_style:400%20regular%3A400%3Anormal&#8221; use_custom_heading=&#8221;true&#8221; css=&#8221;.vc_custom_1738841799519{margin-bottom: 2px !important;border-bottom-width: 2px !important;padding-bottom: 1px !important;background-color: #f8f8f8 !important;}&#8221;]<a href=\"https:\/\/us.edu.pl\/instytut\/ih\/osoby\/jakub-grudniewski\/\">dr Jakub Grudniewski<\/a><\/p>\n<p>e-mail: <a href=\"mailto:jakub.grudniewski@us.edu.pl\">jakub.grudniewski@us.edu.pl<\/a><\/p>\n<p>ul. Bankowa 11, pok. 027<br \/>\n40-007 Katowice[\/vc_toggle][vc_toggle title=&#8221;historia sztuki&#8221; style=&#8221;simple&#8221; color=&#8221;peacoc&#8221; custom_font_container=&#8221;tag:h4|text_align:left|color:%23002e5a&#8221; custom_google_fonts=&#8221;font_family:PT%20Sans%3Aregular%2Citalic%2C700%2C700italic|font_style:400%20regular%3A400%3Anormal&#8221; use_custom_heading=&#8221;true&#8221; css=&#8221;.vc_custom_1738841945450{margin-bottom: 2px !important;border-bottom-width: 2px !important;padding-bottom: 1px !important;background-color: #f8f8f8 !important;}&#8221;]<a href=\"https:\/\/us.edu.pl\/instytut\/inos\/osoby\/miroslawa-sobczynska-szczepanska\/\">dr Miros\u0142awa Sobczy\u0144ska-Szczepa\u0144ska, prof. U\u015a<\/a><\/p>\n<p>e-mail: <a href=\"mailto:miroslawa.sobczynska-szczepanska@us.edu.pl\">miroslawa.sobczynska-szczepanska@us.edu.pl<\/a><br \/>\ntel.: 32 359 17 98<\/p>\n<p>ul. Bankowa 11, pok. 26<br \/>\n40-007 Katowice[\/vc_toggle][vc_toggle title=&#8221;komunikacja cyfrowa | komunikacja promocyjna i kryzysowa&#8221; style=&#8221;simple&#8221; color=&#8221;peacoc&#8221; custom_font_container=&#8221;tag:h4|text_align:left|color:%23002e5a&#8221; custom_google_fonts=&#8221;font_family:PT%20Sans%3Aregular%2Citalic%2C700%2C700italic|font_style:400%20regular%3A400%3Anormal&#8221; use_custom_heading=&#8221;true&#8221; css=&#8221;.vc_custom_1738842076509{margin-bottom: 2px !important;border-bottom-width: 2px !important;padding-bottom: 1px !important;background-color: #f8f8f8 !important;}&#8221;]<a href=\"https:\/\/us.edu.pl\/instytut\/ij\/osoby\/beata-kiszka-pytel\/\">dr Beata Kiszka-Pytel<\/a><\/p>\n<p>e-mail: <a href=\"mailto:beata.kiszka@us.edu.pl\">beata.kiszka@us.edu.pl<\/a><\/p>\n<p>ul. Uniwersytecka 4, pok. A3.13<br \/>\n40-007 Katowice[\/vc_toggle][vc_toggle title=&#8221;kulturoznawstwo | kultury medi\u00f3w&#8221; style=&#8221;simple&#8221; color=&#8221;peacoc&#8221; custom_font_container=&#8221;tag:h4|text_align:left|color:%23002e5a&#8221; custom_google_fonts=&#8221;font_family:PT%20Sans%3Aregular%2Citalic%2C700%2C700italic|font_style:400%20regular%3A400%3Anormal&#8221; use_custom_heading=&#8221;true&#8221; css=&#8221;.vc_custom_1738842226421{margin-bottom: 2px !important;border-bottom-width: 2px !important;padding-bottom: 1px !important;background-color: #f8f8f8 !important;}&#8221;]<a href=\"https:\/\/us.edu.pl\/instytut\/inok\/osoby\/aneta-glowacka\/\">dr Aneta G\u0142owacka, prof. U\u015a<\/a><\/p>\n<p>e-mail: <a href=\"mailto:aneta.glowacka@us.edu.pl\">aneta.glowacka@us.edu.pl<\/a><br \/>\ntel.: 32 2009 318<\/p>\n<p>ul. Uniwersytecka 4, pok. A5.17<br \/>\n40-007 Katowice[\/vc_toggle][vc_toggle title=&#8221;lingwistyka stosowana&#8221; style=&#8221;simple&#8221; color=&#8221;peacoc&#8221; custom_font_container=&#8221;tag:h4|text_align:left|color:%23002e5a&#8221; custom_google_fonts=&#8221;font_family:PT%20Sans%3Aregular%2Citalic%2C700%2C700italic|font_style:400%20regular%3A400%3Anormal&#8221; use_custom_heading=&#8221;true&#8221; css=&#8221;.vc_custom_1738842344731{margin-bottom: 2px !important;border-bottom-width: 2px !important;padding-bottom: 1px !important;background-color: #f8f8f8 !important;}&#8221;]<a href=\"https:\/\/us.edu.pl\/wydzial\/wh\/pracownicy-dydaktyczni\/#1695040322330-4a705a7d-ff04\">dr Urszula Michalik<\/a><\/p>\n<p>e-mail: <a href=\"mailto:urszula.michalik@us.edu.pl\">urszula.michalik@us.edu.pl<\/a><br \/>\ntel.: 32 364 08 84<\/p>\n<p>ul. Grota-Roweckiego 5, pok. 3.52<br \/>\n41-200 Sosnowiec[\/vc_toggle][vc_toggle title=&#8221;logopedia&#8221; style=&#8221;simple&#8221; color=&#8221;peacoc&#8221; custom_font_container=&#8221;tag:h4|text_align:left|color:%23002e5a&#8221; custom_google_fonts=&#8221;font_family:PT%20Sans%3Aregular%2Citalic%2C700%2C700italic|font_style:400%20regular%3A400%3Anormal&#8221; use_custom_heading=&#8221;true&#8221; css=&#8221;.vc_custom_1738842597030{margin-bottom: 2px !important;border-bottom-width: 2px !important;padding-bottom: 1px !important;background-color: #f8f8f8 !important;}&#8221;]<a href=\"https:\/\/us.edu.pl\/wydzial\/wh\/pracownicy-dydaktyczni\/#1695111690626-397892dd-10be\">dr Monika Pakura<\/a><\/p>\n<p>e-mail: <a href=\"mailto:monika.pakura@us.edu.pl\">monika.pakura@us.edu.pl<\/a><\/p>\n<p>ul. Uniwersytecka 4, pok. A3.1<br \/>\n40-007 Katowice[\/vc_toggle][vc_toggle title=&#8221;mediteranistyka | filologia klasyczna&#8221; style=&#8221;simple&#8221; color=&#8221;peacoc&#8221; custom_font_container=&#8221;tag:h4|text_align:left|color:%23002e5a&#8221; custom_google_fonts=&#8221;font_family:PT%20Sans%3Aregular%2Citalic%2C700%2C700italic|font_style:400%20regular%3A400%3Anormal&#8221; use_custom_heading=&#8221;true&#8221; css=&#8221;.vc_custom_1738842756500{margin-bottom: 2px !important;border-bottom-width: 2px !important;padding-bottom: 1px !important;background-color: #f8f8f8 !important;}&#8221;]<a href=\"https:\/\/us.edu.pl\/instytut\/ij\/osoby\/jolanta-tambor\/\">prof. dr hab. Jolanta Tambor<\/a><\/p>\n<p>e-mail: <a href=\"mailto:jolanta.tambor@us.edu.pl\">jolanta.tambor@us.edu.pl<\/a><br \/>\ntel.: 32 2009 511<\/p>\n<p>ul. Uniwersytecka 4, pok. A0.6<br \/>\n40-007 Katowice[\/vc_toggle][vc_toggle title=&#8221;mi\u0119dzynarodowe studia polskie | komunikacja mi\u0119dzykulturowa&#8221; style=&#8221;simple&#8221; color=&#8221;peacoc&#8221; custom_font_container=&#8221;tag:h4|text_align:left|color:%23002e5a&#8221; custom_google_fonts=&#8221;font_family:PT%20Sans%3Aregular%2Citalic%2C700%2C700italic|font_style:400%20regular%3A400%3Anormal&#8221; use_custom_heading=&#8221;true&#8221; css=&#8221;.vc_custom_1738842794149{margin-bottom: 2px !important;border-bottom-width: 2px !important;padding-bottom: 1px !important;background-color: #f8f8f8 !important;}&#8221;]<a href=\"https:\/\/us.edu.pl\/instytut\/ij\/osoby\/jolanta-tambor\/\">prof. dr hab. Jolanta Tambor<\/a><\/p>\n<p>e-mail: <a href=\"mailto:jolanta.tambor@us.edu.pl\">jolanta.tambor@us.edu.pl<\/a><br \/>\ntel.: 32 2009 511<\/p>\n<p>ul. Uniwersytecka 4, pok. A0.6<br \/>\n40-007 Katowice[\/vc_toggle][vc_toggle title=&#8221;wymiany z Republik\u0105 Korei&#8221; style=&#8221;simple&#8221; color=&#8221;peacoc&#8221; custom_font_container=&#8221;tag:h4|text_align:left|color:%23002e5a&#8221; custom_google_fonts=&#8221;font_family:PT%20Sans%3Aregular%2Citalic%2C700%2C700italic|font_style:400%20regular%3A400%3Anormal&#8221; use_custom_heading=&#8221;true&#8221; css=&#8221;.vc_custom_1738843020724{margin-bottom: 2px !important;border-bottom-width: 2px !important;padding-bottom: 1px !important;background-color: #f8f8f8 !important;}&#8221;]<a href=\"https:\/\/us.edu.pl\/wydzial\/wh\/pracownicy-dydaktyczni\/#1695120662729-9f3e6ebd-bc73\">dr Chang Il You<\/a><\/p>\n<p>e-mail: <a href=\"mailto:chang-il.you@us.edu.pl\">chang-il.you@us.edu.pl<\/a><br \/>\ntel.: 32 364 08 38<\/p>\n<p>ul. Grota-Roweckiego 5, pok. 4.2<br \/>\n41-200 Sosnowiec[\/vc_toggle][\/vc_column][vc_column width=&#8221;1\/3&#8243;][\/vc_column][\/vc_row][vc_row el_class=&#8221;container&#8221;][vc_column width=&#8221;1\/3&#8243;][\/vc_column][vc_column width=&#8221;2\/3&#8243;][\/vc_column][\/vc_row]<\/p>","protected":false},"excerpt":{"rendered":"<p>[vc_row el_class=&#8221;container&#8221; css=&#8221;.vc_custom_1737118453497{margin-top: 0px !important;border-top-width: 0px !important;padding-top: 0px !important;}&#8221;][vc_column width=&#8221;2\/3&#8243;][vc_separator color=&#8221;custom&#8221; accent_color=&#8221;#0095db&#8221;][\/vc_column][vc_column width=&#8221;1\/3&#8243;][vc_empty_space][vc_empty_space][vc_empty_space][vc_row_inner css=&#8221;.vc_custom_1737118810950{border-left-width: 5px !important;padding-left: 5px !important;background-color: #ececec !important;border-left-color: #002e5a !important;border-left-style: solid !important;}&#8221;][vc_column_inner][vc_empty_space][vc_empty_space][vc_video link=&#8221;https:\/\/youtu.be\/J4G1dJB-7AY?feature=shared&#8221;][\/vc_column_inner][\/vc_row_inner][vc_empty_space][vc_row_inner][vc_column_inner][\/vc_column_inner][\/vc_row_inner][\/vc_column][\/vc_row][vc_row el_class=&#8221;container&#8221;][vc_column][vc_separator][\/vc_column][\/vc_row][vc_row el_class=&#8221;container&#8221;][vc_column width=&#8221;2\/3&#8243;][vc_custom_heading text=&#8221;Koordynatorzy&#8221; font_container=&#8221;tag:h2|text_align:center|color:%23ffffff&#8221; google_fonts=&#8221;font_family:PT%20Sans%3Aregular%2Citalic%2C700%2C700italic|font_style:400%20regular%3A400%3Anormal&#8221; css=&#8221;.vc_custom_1737465575545{background-color: #002e5a !important;}&#8221;][\/vc_column][vc_column width=&#8221;1\/3&#8243;][\/vc_column][\/vc_row][vc_row el_class=&#8221;container&#8221;][vc_column width=&#8221;2\/3&#8243;][vc_toggle title=&#8221;architektura informacji | informacja naukowa i bibliotekoznawstwo&#8221; style=&#8221;simple&#8221; color=&#8221;peacoc&#8221; custom_font_container=&#8221;tag:h4|text_align:left|color:%23002e5a&#8221; custom_google_fonts=&#8221;font_family:PT%20Sans%3Aregular%2Citalic%2C700%2C700italic|font_style:400%20regular%3A400%3Anormal&#8221; use_custom_heading=&#8221;true&#8221; css=&#8221;.vc_custom_1737469773885{margin-bottom: 2px !important;border-bottom-width: 2px !important;padding-bottom: 1px [&#8230;]<\/p>\n<p><a class=\"btn btn-secondary understrap-read-more-link\" href=\"https:\/\/us.edu.pl\/wydzial\/wh\/innowacje-wspolpraca\/erasmus\/\">Read More&#8230;<\/a><\/p>\n","protected":false},"author":1,"featured_media":0,"parent":233,"menu_order":0,"comment_status":"closed","ping_status":"closed","template":"","meta":{"_expiration-date-status":"","_expiration-date":0,"_expiration-date-type":"","_expiration-date-categories":[],"_expiration-date-options":[]},"acf":[],"_links":{"self":[{"href":"https:\/\/us.edu.pl\/wydzial\/wh\/wp-json\/wp\/v2\/pages\/182000"}],"collection":[{"href":"https:\/\/us.edu.pl\/wydzial\/wh\/wp-json\/wp\/v2\/pages"}],"about":[{"href":"https:\/\/us.edu.pl\/wydzial\/wh\/wp-json\/wp\/v2\/types\/page"}],"author":[{"embeddable":true,"href":"https:\/\/us.edu.pl\/wydzial\/wh\/wp-json\/wp\/v2\/users\/1"}],"replies":[{"embeddable":true,"href":"https:\/\/us.edu.pl\/wydzial\/wh\/wp-json\/wp\/v2\/comments?post=182000"}],"version-history":[{"count":10,"href":"https:\/\/us.edu.pl\/wydzial\/wh\/wp-json\/wp\/v2\/pages\/182000\/revisions"}],"predecessor-version":[{"id":182255,"href":"https:\/\/us.edu.pl\/wydzial\/wh\/wp-json\/wp\/v2\/pages\/182000\/revisions\/182255"}],"up":[{"embeddable":true,"href":"https:\/\/us.edu.pl\/wydzial\/wh\/wp-json\/wp\/v2\/pages\/233"}],"wp:attachment":[{"href":"https:\/\/us.edu.pl\/wydzial\/wh\/wp-json\/wp\/v2\/media?parent=182000"}],"curies":[{"name":"wp","href":"https:\/\/api.w.org\/{rel}","templated":true}]}}