{"id":1851,"date":"2019-11-11T18:28:39","date_gmt":"2019-11-11T17:28:39","guid":{"rendered":"https:\/\/us.edu.pl\/wydzial\/wh\/?page_id=1851"},"modified":"2024-08-26T13:26:28","modified_gmt":"2024-08-26T11:26:28","slug":"proces-dyplomowania","status":"publish","type":"page","link":"https:\/\/us.edu.pl\/wydzial\/wh\/kierunki-studiow\/sztuka-pisania\/proces-dyplomowania\/","title":{"rendered":"Proces dyplomowania"},"content":{"rendered":"<p>[vc_row el_class=&#8221;container&#8221;][vc_column width=&#8221;2\/3&#8243;]\r\n                <div class=\"text-modules\">\r\n                    <div class=\"container\">\r\n                        \r\n                        <div class=\"text-modules__content\"><\/p>\n<h3 style=\"text-align: center;\">Zasady dyplomowania na studiach I stopnia<br \/>\nna kierunku sztuka pisania<\/h3>\n<p>\n<\/div>\r\n                    <\/div>\r\n                <\/div>[\/vc_column][vc_column width=&#8221;1\/3&#8243;][\/vc_column][\/vc_row][vc_row el_class=&#8221;container&#8221;][vc_column width=&#8221;2\/3&#8243;]\r\n                <div class=\"text-modules\">\r\n                    <div class=\"container\">\r\n                        \r\n                        <div class=\"text-modules__content\"><\/p>\n<p style=\"text-align: center;\"><strong>1<\/strong><\/p>\n<p style=\"text-align: center;\"><strong>Za\u0142o\u017cenia og\u00f3lne<\/strong><\/p>\n<p>Zasady dyplomowania stanowi\u0105 uszczeg\u00f3\u0142owienie obowi\u0105zuj\u0105cego Regulaminu studi\u00f3w w Uniwersytecie \u015al\u0105skim uchwalonego przez Senat Uniwersytetu \u015al\u0105skiego w Katowicach uchwa\u0142\u0105 nr 563 z dnia 26 kwietnia 2016 r.<\/p>\n<p><strong>\u00a0<\/strong><\/p>\n<p style=\"text-align: center;\"><strong>2<\/strong><\/p>\n<p style=\"text-align: center;\"><strong>Wymagania stawiane pracom dyplomowym<\/strong><\/p>\n<ol>\n<li>Praca dyplomowa upowa\u017cniaj\u0105ca studenta do uzyskania tytu\u0142u zawodowego licencjata jest ko\u0144cowym elementem weryfikacji efekt\u00f3w kszta\u0142cenia dla kierunku sztuka pisania prowadzonego na Wydziale Filologicznym Uniwersytetu \u015al\u0105skiego.<\/li>\n<li>Praca dyplomowa na kierunku sztuka pisania mo\u017ce zosta\u0107 zrealizowana w dw\u00f3ch odr\u0119bnych wariantach:<\/li>\n<li>a) samodzielnego opracowania monograficznego wybranego problemu;<\/li>\n<li>b) dw\u00f3ch prac, z kt\u00f3rych pierwsza ma charakter pracy naukowej, natomiast druga ma charakter wypowiedzi artystycznej lub paraliterackiej wykorzystuj\u0105cej w praktyce umiej\u0119tno\u015bci pisarskie nabyte w trakcie studi\u00f3w. Praca naukowa powinna stanowi\u0107 rodzaj dyskursywnego opracowania zagadnienia koresponduj\u0105cego z problemami b\u0119d\u0105cymi przedmiotem pracy artystycznej lub paraliterackiej.<\/li>\n<li>Praca dyplomowa powstaje w j\u0119zyku polskim jako j\u0119zyku w\u0142a\u015bciwym dla reprezentowanej dziedziny, a jej temat, tre\u015b\u0107 oraz spos\u00f3b opracowania jest zgodny z kierunkiem studi\u00f3w.<\/li>\n<li>Wszelkie prawa autorskie z tytu\u0142u wykonanej pracy dyplomowej pozostaj\u0105 w\u0142asno\u015bci\u0105 studenta.<\/li>\n<\/ol>\n<p><strong>\u00a0<\/strong><\/p>\n<p style=\"text-align: center;\"><strong>3<\/strong><\/p>\n<p style=\"text-align: center;\"><strong>Przygotowanie pracy dyplomowej<\/strong><\/p>\n<ol>\n<li>Temat pracy dyplomowej przyjmuj\u0105cej posta\u0107 monograficznego opracowania nie mo\u017ce powiela\u0107 tematu ani tre\u015bci innej pracy dyplomowej, rocznej lub semestralnej, kt\u00f3ra by\u0142a przedmiotem wcze\u015bniejszych procedur zwi\u0105zanych z weryfikacj\u0105 efekt\u00f3w kszta\u0142cenia.<\/li>\n<li>Opracowuj\u0105c temat student ma obowi\u0105zek w spos\u00f3b w\u0142a\u015bciwy dla naukowych norm wydawniczych odnotowa\u0107 i zaznaczy\u0107 wszystkie przypadki wykorzystania wcze\u015bniejszych lub r\u00f3wnoleg\u0142ych opracowa\u0144.<\/li>\n<li>Praca dyplomowa dla studi\u00f3w pierwszego stopnia na kierunku sztuka pisania powinna dowodzi\u0107 umiej\u0119tno\u015bci samodzielnego opracowania tematu, w tym zgromadzenia niezb\u0119dnego materia\u0142u. Opracowanie to mo\u017ce mie\u0107 charakter odtw\u00f3rczy w tym sensie, \u017ce b\u0119dzie stanowi\u0107 sprawozdanie lub przegl\u0105d dotychczasowego stanu bada\u0144 na ustalony z promotorem temat, z wyra\u017anym i jednoznacznym odnotowaniem, zaznaczeniem i odes\u0142aniem do cytowanych lub referowanych \u017ar\u00f3de\u0142.<\/li>\n<li>Praca o charakterze artystycznym lub paraliterackim nie mo\u017ce powiela\u0107 tematu pracy semestralnej, kt\u00f3ra by\u0142a przedmiotem wcze\u015bniejszych procedur zwi\u0105zanych z weryfikacj\u0105 efekt\u00f3w kszta\u0142cenia. Jej naukowe dope\u0142nienie powinno dowodzi\u0107 \u015bwiadomo\u015bci istnienia odpowiedniej aparatury krytycznej i umiej\u0119tno\u015bci jej sfunkcjonalizowania. Opracowanie to mo\u017ce mie\u0107 charakter odtw\u00f3rczy w tym sensie, \u017ce b\u0119dzie stanowi\u0107 sprawozdanie z dotychczasowego stanu bada\u0144 na ustalony z promotorem temat, z wyra\u017anym i jednoznacznym odnotowaniem, zaznaczeniem i odes\u0142aniem do cytowanych lub referowanych \u017ar\u00f3de\u0142.<\/li>\n<li>Student wykonuje prac\u0119 dyplomow\u0105 pod kierunkiem uprawnionego do tego nauczyciela akademickiego w stopniu co najmniej doktora.<\/li>\n<li>Studentowi przys\u0142uguje prawo wyboru promotora spo\u015br\u00f3d nauczycieli akademickich otwieraj\u0105cych w roku dyplomowania studenta seminarium. Liczb\u0119 student\u00f3w uczestnicz\u0105cych w seminariach okre\u015bla dyrektor Instytutu. Limity student\u00f3w uczestnicz\u0105cych w seminariach dyplomowych nie dotycz\u0105 realizuj\u0105cych program kierunku sztuka pisania student\u00f3w Mi\u0119dzywydzia\u0142owych Indywidualnych Studi\u00f3w Humanistycznych.<\/li>\n<li>W przypadku liczby zg\u0142osze\u0144 student\u00f3w przekraczaj\u0105cej ustalony dla seminarium dyplomowego limit uczestnik\u00f3w, ostateczn\u0105 decyzj\u0119 o sk\u0142adzie seminarium podejmuje promotor.<\/li>\n<li>Przy ustalaniu tematu pracy dyplomowej powinny by\u0107 brane pod uwag\u0119 zainteresowania studenta, prowadzone przez Instytuty badania naukowe oraz mo\u017cliwo\u015bci sprawowania opieki merytorycznej nad prac\u0105 dyplomow\u0105. Ostateczn\u0105 decyzj\u0119 w sprawie ustalenia tematu podejmuje promotor.<\/li>\n<li>Promotor przekazuje dyrekcji Instytutu list\u0119 temat\u00f3w realizowanych przez student\u00f3w w ramach seminarium dyplomowego najp\u00f3\u017aniej do ko\u0144ca listopada roku poprzedzaj\u0105cego rok dyplomowania.<\/li>\n<li>Uko\u0144czona praca dyplomowa przyjmuj\u0105ca posta\u0107 opracowania monograficznego musi zawiera\u0107 nast\u0119puj\u0105ce elementy:<\/li>\n<\/ol>\n<p>\u2013 stron\u0119 tytu\u0142ow\u0105 wed\u0142ug okre\u015blonego dla kierunku wzoru (za\u0142\u0105cznik nr 1)<\/p>\n<p>\u2013 spis tre\u015bci<\/p>\n<p>\u2013 cz\u0119\u015b\u0107 merytoryczn\u0105<\/p>\n<p>\u2013 kompletn\u0105 bibliografi\u0119 uwzgl\u0119dniaj\u0105c\u0105 wszystkie wykorzystane w czasie powstawania pracy \u017ar\u00f3d\u0142a.<\/p>\n<p>\u2013 o\u015bwiadczenie o samodzielnym wykonaniu pracy i identyczno\u015bci wszystkich przedstawionych egzemplarzy z wersj\u0105 elektroniczn\u0105 (za\u0142\u0105cznik nr 2)<\/p>\n<p>\u2013 egzemplarz pracy dyplomowej zachowany w formacie .doc, .docx, .rtf, pdf lub .txt na no\u015bniku cyfrowym (p\u0142ycie CD lub DVD) opisanym w spos\u00f3b trwa\u0142y czytelnym pismem z podaniem: imienia i nazwiska, tytu\u0142u pracy, numeru albumu i roku oddania pracy.<\/p>\n<ol start=\"11\">\n<li>W przypadku pracy dyplomowej przyjmuj\u0105cej posta\u0107 wypowiedzi artystycznej lub paraliterackiej i towarzysz\u0105cego jej opracowania naukowego musi zawiera\u0107 nast\u0119puj\u0105ce elementy:<\/li>\n<\/ol>\n<p>\u2013 stron\u0119 tytu\u0142ow\u0105 dla obydwu cz\u0119\u015bci wed\u0142ug okre\u015blonego dla kierunku wzoru (za\u0142\u0105cznik nr 1)<\/p>\n<p>\u2013 spis tre\u015bci<\/p>\n<p>\u2013 cz\u0119\u015b\u0107 artystyczn\u0105 lub paraliterack\u0105<\/p>\n<p>\u2013 cz\u0119\u015b\u0107 naukow\u0105<\/p>\n<p>\u2013 kompletn\u0105 bibliografi\u0119 uwzgl\u0119dniaj\u0105c\u0105 wszystkie wykorzystane w czasie powstawania pracy \u017ar\u00f3d\u0142a<\/p>\n<p>\u2013 o\u015bwiadczenie o samodzielnym wykonaniu pracy i identyczno\u015bci wszystkich przedstawionych egzemplarzy z wersj\u0105 elektroniczn\u0105 (za\u0142\u0105cznik nr 2)<\/p>\n<p>\u2013 egzemplarz pracy dyplomowej zachowany w formacie .doc, .docx, .rtf, pdf lub .txt na no\u015bniku cyfrowym (p\u0142ycie CD lub DVD) opisanym w spos\u00f3b trwa\u0142y czytelnym pismem z podaniem: imienia i nazwiska, tytu\u0142u pracy, numeru albumu i roku oddania pracy.<\/p>\n<p>&nbsp;<\/p>\n<ol start=\"12\">\n<li>Podstaw\u0105 zaliczenia seminarium dyplomowego jest przekazanie przez studenta promotorowi sko\u0144czonej i kompletnej wersji pracy dyplomowej.<\/li>\n<\/ol>\n<p>&nbsp;<\/p>\n<p style=\"text-align: center;\"><strong>4<\/strong><\/p>\n<p style=\"text-align: center;\"><strong>Recenzja pracy dyplomowej<\/strong><\/p>\n<ol>\n<li>Po z\u0142o\u017ceniu pracy upowa\u017cniony przez dziekana dyrektor Instytutu zleca ocen\u0119 pracy promotorowi pracy oraz powo\u0142anemu w tym celu recenzentowi. Spo\u015br\u00f3d dw\u00f3ch nauczycieli akademickich oceniaj\u0105cych prac\u0119 przynajmniej jeden musi posiada\u0107 stopie\u0144 doktora habilitowanego lub tytu\u0142 profesora. Oceny pracy dokonuje si\u0119 wed\u0142ug okre\u015blonego wzoru (za\u0142\u0105cznik nr 3).<\/li>\n<li>Prac\u0119 uznaje si\u0119 za ocenion\u0105 pozytywnie z chwil\u0105 uzyskania dw\u00f3ch pozytywnych ocen.<\/li>\n<li>W przypadku jednej oceny negatywnej dyrektor Instytutu mo\u017ce na wniosek studenta lub promotora powo\u0142a\u0107 dodatkowego recenzenta do oceny pracy. Dodatkowy recenzent musi posiada\u0107 stopie\u0144 doktora habilitowanego lub tytu\u0142 profesora.<\/li>\n<li>W przypadku potwierdzenia oceny negatywnej powo\u0142ana przez dyrektora Instytutu komisja powo\u0142ana przez Dziekana Wydzia\u0142u Filologicznego w porozumieniu z w\u0142a\u015bciwym dyrektorem Instytutu ustala mo\u017cliwo\u015b\u0107 ponownej oceny pracy po dokonaniu koniecznych uzupe\u0142nie\u0144 lub zmian. Mo\u017cliwo\u015b\u0107 ponownego dopuszczenia pracy do procedury dyplomowej nie dotyczy przypadku \u015bwiadomego powielenia tematu lub przypadku \u015bwiadomego nieudokumentowania wcze\u015bniejszych lub r\u00f3wnoleg\u0142ych opracowa\u0144.<\/li>\n<li>Decyzja komisji o niemo\u017cliwo\u015bci ponownego dopuszczenia pracy do procedury oznacza konieczno\u015b\u0107 z\u0142o\u017cenia przez studenta nowej pracy.<\/li>\n<\/ol>\n<p><strong>\u00a0<\/strong><\/p>\n<p style=\"text-align: center;\"><strong>5<\/strong><\/p>\n<p style=\"text-align: center;\"><strong>Egzamin dyplomowy<\/strong><\/p>\n<ol>\n<li>Studia pierwszego stopnia na kierunku sztuka pisania ko\u0144cz\u0105 si\u0119 egzaminem dyplomowym.<\/li>\n<li>Warunkiem dopuszczenia studenta do egzaminu dyplomowego jest zrealizowanie ustalonego dla kierunku planu studi\u00f3w i programu nauczania.<\/li>\n<li>Egzamin dyplomowy odbywa si\u0119 przed komisj\u0105 powo\u0142an\u0105 przez Dziekana Wydzia\u0142u Filologicznego w porozumieniu z w\u0142a\u015bciwym dyrektorem Instytutu, w kt\u00f3rej sk\u0142ad wchodz\u0105 co najmniej trzy osoby. Powo\u0142any do przewodniczenia komisji nauczyciel akademicki musi posiada\u0107 stopie\u0144 doktora habilitowanego lub tytu\u0142 profesora.<\/li>\n<li>Egzamin powinien si\u0119 odby\u0107 w terminie nie kr\u00f3tszym ni\u017c 10 dni od dnia z\u0142o\u017cenia uko\u0144czonej i kompletnej pracy.<\/li>\n<li>Egzamin dyplomowy jest egzaminem ustnym.<\/li>\n<li>Zakres egzaminu mo\u017ce obejmowa\u0107 wy\u0142\u0105cznie wiedz\u0119 z przedmiot\u00f3w podstawowych uwzgl\u0119dnionych w minimum programowym dla kierunku sztuka pisania.<\/li>\n<li>Na wniosek studenta lub promotora, z\u0142o\u017cony nie p\u00f3\u017aniej ni\u017c 7 dni przed ustalonym terminem egzaminu dyplomowego, dyrektor zarz\u0105dza przeprowadzenie go w formie otwartej. Wniosek ten winien zawiera\u0107 informacj\u0119 o przewidywanej liczbie go\u015bci.<\/li>\n<li>Uczestnicz\u0105cy w egzaminie przeprowadzonym w formie otwartej go\u015bcie nie mog\u0105 zadawa\u0107 studentowi pyta\u0144 oraz nie mog\u0105 uczestniczy\u0107 w tajnej cz\u0119\u015bci obrad komisji egzaminacyjnej ustalaj\u0105cej ocen\u0119.<\/li>\n<li>Ostateczn\u0105 ocen\u0119 z pracy dyplomowej ustalaj\u0105 oceniaj\u0105cy prac\u0119 promotor i recenzent. W sytuacjach spornych decyzj\u0119 podejmuje przewodnicz\u0105cy komisji.<\/li>\n<li>Ocena z egzaminu dyplomowego jest \u015bredni\u0105 cz\u0105stkowych ocen z odpowiedzi na zadane przez komisj\u0119 pytania.<\/li>\n<li>Ocen\u0119 na dyplomie oblicza si\u0119 na podstawie ocen cz\u0105stkowych, gdzie \u015brednia ze studi\u00f3w stanowi \u00bd oceny ostatecznej, ocena z pracy dyplomowej \u00bc, ocena z egzaminu dyplomowego \u00bc.<\/li>\n<li>W dyplomie uko\u0144czenia studi\u00f3w wpisuje si\u0119 ostateczny wynik studi\u00f3w obliczony zgodnie<\/li>\n<\/ol>\n<p>z zasad\u0105:<\/p>\n<ul>\n<li>do 3,25: dostateczny;<\/li>\n<li>3,26 do 3,75: dostateczny plus;<\/li>\n<li>3,76 do 4,25: dobry;<\/li>\n<li>4,26 do 4,60: dobry plus;<\/li>\n<li>4,61 do 4,80: bardzo dobry;<\/li>\n<li>od 4,81: celuj\u0105cy.<\/li>\n<\/ul>\n<ol start=\"13\">\n<li>W wyj\u0105tkowych sytuacjach komisja egzaminacyjna mo\u017ce podwy\u017cszy\u0107 ocen\u0119, o kt\u00f3rej mowa w ust. 12, o p\u00f3\u0142 stopnia, je\u017celi student z pracy dyplomowej otrzyma\u0142 ocen\u0119 bardzo dobr\u0105 oraz \u015brednia z ostatnich dw\u00f3ch lat studi\u00f3w wynosi\u0142a co najmniej 4,0. Nie mo\u017cna podnie\u015b\u0107 oceny, o kt\u00f3rej mowa w ust. 12 na ocen\u0119 celuj\u0105c\u0105. O podwy\u017cszeniu przewodnicz\u0105cy komisji egzaminacyjnej czyni adnotacj\u0119 w indeksie oraz protokole egzaminu dyplomowego, w kt\u00f3rym zamieszcza uzasadnienie podj\u0119tej przez komisj\u0119 decyzji.<\/li>\n<li>Uzyskanie pozytywnej oceny z egzaminu dyplomowego jest warunkiem uko\u0144czenia studi\u00f3w. Po jej uzyskaniu absolwent otrzymuje dyplom uko\u0144czenia studi\u00f3w I stopnia na kierunku sztuka pisania.<\/li>\n<\/ol>\n<p>\n<\/div>\r\n                    <\/div>\r\n                <\/div>[\/vc_column][vc_column width=&#8221;1\/3&#8243;][\/vc_column][\/vc_row]<\/p>","protected":false},"excerpt":{"rendered":"<p>[vc_row el_class=&#8221;container&#8221;][vc_column width=&#8221;2\/3&#8243;][\/vc_column][vc_column width=&#8221;1\/3&#8243;][\/vc_column][\/vc_row][vc_row el_class=&#8221;container&#8221;][vc_column width=&#8221;2\/3&#8243;][\/vc_column][vc_column width=&#8221;1\/3&#8243;][\/vc_column][\/vc_row] [&#8230;]<\/p>\n<p><a class=\"btn btn-secondary understrap-read-more-link\" href=\"https:\/\/us.edu.pl\/wydzial\/wh\/kierunki-studiow\/sztuka-pisania\/proces-dyplomowania\/\">Read More&#8230;<\/a><\/p>\n","protected":false},"author":32,"featured_media":0,"parent":170970,"menu_order":0,"comment_status":"closed","ping_status":"closed","template":"","meta":{"_expiration-date-status":"","_expiration-date":0,"_expiration-date-type":"","_expiration-date-categories":[],"_expiration-date-options":[]},"acf":[],"_links":{"self":[{"href":"https:\/\/us.edu.pl\/wydzial\/wh\/wp-json\/wp\/v2\/pages\/1851"}],"collection":[{"href":"https:\/\/us.edu.pl\/wydzial\/wh\/wp-json\/wp\/v2\/pages"}],"about":[{"href":"https:\/\/us.edu.pl\/wydzial\/wh\/wp-json\/wp\/v2\/types\/page"}],"author":[{"embeddable":true,"href":"https:\/\/us.edu.pl\/wydzial\/wh\/wp-json\/wp\/v2\/users\/32"}],"replies":[{"embeddable":true,"href":"https:\/\/us.edu.pl\/wydzial\/wh\/wp-json\/wp\/v2\/comments?post=1851"}],"version-history":[{"count":6,"href":"https:\/\/us.edu.pl\/wydzial\/wh\/wp-json\/wp\/v2\/pages\/1851\/revisions"}],"predecessor-version":[{"id":174207,"href":"https:\/\/us.edu.pl\/wydzial\/wh\/wp-json\/wp\/v2\/pages\/1851\/revisions\/174207"}],"up":[{"embeddable":true,"href":"https:\/\/us.edu.pl\/wydzial\/wh\/wp-json\/wp\/v2\/pages\/170970"}],"wp:attachment":[{"href":"https:\/\/us.edu.pl\/wydzial\/wh\/wp-json\/wp\/v2\/media?parent=1851"}],"curies":[{"name":"wp","href":"https:\/\/api.w.org\/{rel}","templated":true}]}}