{"id":188912,"date":"2025-05-27T12:32:51","date_gmt":"2025-05-27T10:32:51","guid":{"rendered":"https:\/\/us.edu.pl\/wydzial\/wh\/?page_id=188912"},"modified":"2025-10-23T11:32:02","modified_gmt":"2025-10-23T09:32:02","slug":"english-studies-literature-and-culture","status":"publish","type":"page","link":"https:\/\/us.edu.pl\/wydzial\/wh\/kandydat-wh\/kierunki-studiow\/english-studies-literature-and-culture\/","title":{"rendered":"English Studies: Literature and Culture"},"content":{"rendered":"<p>[vc_row el_class=&#8221;container&#8221;][vc_column width=&#8221;1\/2&#8243; css=&#8221;.vc_custom_1653565298692{margin-right: 0px !important;margin-left: 0px !important;border-right-width: 0px !important;border-left-width: 0px !important;}&#8221;][vc_single_image image=&#8221;188823&#8243; img_size=&#8221;full&#8221; alignment=&#8221;center&#8221;][vc_custom_heading text=&#8221;STUDIA I STOPNIA&#8221; font_container=&#8221;tag:h2|text_align:center|color:%23ffffff&#8221; google_fonts=&#8221;font_family:PT%20Sans%3Aregular%2Citalic%2C700%2C700italic|font_style:400%20regular%3A400%3Anormal&#8221; css=&#8221;.vc_custom_1653928574474{background-color: #002e5a !important;border-radius: 10px !important;}&#8221;][vc_row_inner][vc_column_inner el_class=&#8221;container&#8221;][vc_separator color=&#8221;custom&#8221; accent_color=&#8221;#0095db&#8221;][\/vc_column_inner][\/vc_row_inner][vc_row_inner disable_element=&#8221;yes&#8221;][vc_column_inner el_class=&#8221;container&#8221; width=&#8221;1\/2&#8243;]\r\n                <div class=\"text-modules\">\r\n                    <div class=\"container\">\r\n                        \r\n                        <div class=\"text-modules__content\"><\/p>\n<h3><span style=\"color: #002e5a;\">Rekrutacja na rok akademicki 2025\/2026<\/span><\/h3>\n<h6 style=\"text-align: left;\"><span style=\"color: #9b132a;\">II tura rekrutacji:<br \/>\n<strong>29.07.2025 07:00 \u2013 11.09.2025 23:59<\/strong><br \/>\n<\/span><\/h6>\n<p>\n<\/div>\r\n                    <\/div>\r\n                <\/div>[\/vc_column_inner][vc_column_inner width=&#8221;1\/2&#8243;]\r\n                <div class=\"text-modules\">\r\n                    <div class=\"container\">\r\n                        \r\n                        <div class=\"text-modules__content\"><\/p>\n<h3 style=\"text-align: center;\"><span style=\"color: #002e5a;\">Zapisz si\u0119!<\/span><\/h3>\n<p>\n<\/div>\r\n                    <\/div>\r\n                <\/div>[vc_btn title=&#8221;<b>studia stacjonarne I stopnia<\/b>&#8221; style=&#8221;outline-custom&#8221; outline_custom_color=&#8221;#002e5a&#8221; outline_custom_hover_background=&#8221;#fbb900&#8243; outline_custom_hover_text=&#8221;#ffffff&#8221; size=&#8221;lg&#8221; align=&#8221;center&#8221; i_icon_fontawesome=&#8221;fas fa-arrow-right&#8221; button_block=&#8221;true&#8221; add_icon=&#8221;true&#8221; link=&#8221;url:https%3A%2F%2Firk.us.edu.pl%2Fpl%2Foffer%2FSW-2025-Z%2Fprogramme%2FW1-S1EL25%2F%3Ffrom%3Dorg-unit%3AW1|target:_blank&#8221;][\/vc_column_inner][\/vc_row_inner][vc_row_inner][vc_column_inner el_class=&#8221;container&#8221;][vc_empty_space height=&#8221;20px&#8221;][vc_separator color=&#8221;custom&#8221; accent_color=&#8221;#0095db&#8221;][\/vc_column_inner][\/vc_row_inner][\/vc_column][vc_column width=&#8221;1\/2&#8243; css=&#8221;.vc_custom_1653642837519{background-color: #dfe2ec !important;border-radius: 15px !important;}&#8221;][vc_empty_space][vc_custom_heading text=&#8221;English Studies: Literature and Culture&#8221; font_container=&#8221;tag:h3|text_align:center|color:%23002e5a&#8221; google_fonts=&#8221;font_family:PT%20Sans%20Caption%3Aregular%2C700|font_style:700%20bold%20regular%3A700%3Anormal&#8221;][vc_empty_space height=&#8221;15px&#8221;][vc_separator color=&#8221;custom&#8221; style=&#8221;shadow&#8221; el_width=&#8221;80&#8243; accent_color=&#8221;#002e5a&#8221;]\r\n                <div class=\"text-modules\">\r\n                    <div class=\"container\">\r\n                        \r\n                        <div class=\"text-modules__content\"><p>English Studies: Literature and Culture to nowoczesny kierunek prowadzony <strong>w ca\u0142o\u015bci w j\u0119zyku angielskim<\/strong>, \u0142\u0105cz\u0105cy tradycj\u0119 bada\u0144 literackich i kulturowych z innowacyjnymi metodami nauczania.<\/p>\n<p>To idealny wyb\u00f3r dla os\u00f3b lubi\u0105cych czyta\u0107, entuzjastycznie nastawionych do kultury angloj\u0119zycznych i poszukuj\u0105cych wiedzy humanistycznej i wyzwa\u0144. Osoby studiuj\u0105ce rozwijaj\u0105 umiej\u0119tno\u015bci krytycznego my\u015blenia, analizy tekst\u00f3w literackich i kulturowych oraz doskonal\u0105 kompetencje j\u0119zykowe na poziomie zaawansowanym.<\/p>\n<p>Program obejmuje szeroki zakres tematyczny \u2014 od literatury brytyjskiej i ameryka\u0144skiej, przez teori\u0119 kultury, po zagadnienia zwi\u0105zane z mediami angloj\u0119zycznymi, komunikacj\u0105 i wsp\u00f3\u0142czesnymi wyzwaniami spo\u0142ecznymi.<\/p>\n<p>Program studi\u00f3w oferuje <strong>indywidualizacj\u0119 \u015bcie\u017cki<\/strong> <strong>kszta\u0142cenia<\/strong> dzi\u0119ki licznym modu\u0142om do wyboru, monograficznym i tutoringowi. K\u0142adzie nacisk na samodzielne my\u015blenie, prac\u0119 projektow\u0105 oraz umiej\u0119tno\u015b\u0107 \u015bwiadomego korzystania z wiarygodnych \u017ar\u00f3de\u0142 informacji.<\/p>\n<p>Uko\u0144czenie kierunku umo\u017cliwia dalszy rozw\u00f3j akademicki na studiach magisterskich oraz otwiera drog\u0119 do kariery w instytucjach akademickich, kulturalnych, wydawnictwach, mediach, organizacjach mi\u0119dzynarodowych i sektorze kreatywnym.<\/p>\n<p>Atutem kierunku jest pe\u0142ne zanurzenie w j\u0119zyku angielskim oraz wszechstronne przygotowanie do pracy w \u015brodowisku wielokulturowym i interdyscyplinarnym.<\/p>\n<p>English Studies: Literature and Culture to idealny wyb\u00f3r dla os\u00f3b ambitnych, ciekawych \u015bwiata, kt\u00f3re chc\u0105 rozwija\u0107 swoj\u0105 wiedz\u0119 humanistyczn\u0105, umiej\u0119tno\u015bci analityczne oraz kompetencje mi\u0119dzykulturowe, zdobywaj\u0105c przy tym solidne podstawy do dalszego rozwoju zawodowego i akademickiego.<\/p>\n<p>&nbsp;<\/p>\n<p>Od roku akademickiego 2025\/2026 kszta\u0142cenie anglistyczne odbywa si\u0119 w ramach czterech osobnych kierunk\u00f3w:\u00a0<a href=\"https:\/\/us.edu.pl\/wydzial\/wh\/kandydat-wh\/kierunki-studiow\/filologia-angielska\/\">filologia angielska<\/a>; <a href=\"https:\/\/us.edu.pl\/wydzial\/wh\/kandydat-wh\/kierunki-studiow\/filologia-angielska-kultura-media-translacja\/\">filologia angielska: kultura-media-translacja<\/a>;\u00a0<a href=\"https:\/\/us.edu.pl\/wydzial\/wh\/kandydat-wh\/kierunki-studiow\/filologia-angielska-projektowanie-rozrywki-interaktywnej-i-groznawstwo-sprint-write\/\">filologia angielska: projektowanie rozrywki interaktywnej i groznawstwo (SPRINT-WRITE)<\/a>;\u00a0English Studies: Literature and Culture.<\/p>\n<\/div>\r\n                    <\/div>\r\n                <\/div>[\/vc_column][\/vc_row][vc_row el_class=&#8221;container&#8221;][vc_column width=&#8221;1\/2&#8243;][\/vc_column][vc_column width=&#8221;1\/2&#8243;][\/vc_column][\/vc_row][vc_row el_class=&#8221;container&#8221;][vc_column][vc_empty_space height=&#8221;20px&#8221;][\/vc_column][\/vc_row][vc_row el_class=&#8221;container&#8221;][vc_column width=&#8221;2\/3&#8243; css=&#8221;.vc_custom_1653643334119{background-color: #f8f8f8 !important;border-radius: 15px !important;}&#8221;][vc_row_inner][vc_column_inner el_class=&#8221;container&#8221;][vc_empty_space height=&#8221;20px&#8221;][vc_custom_heading text=&#8221;Kampus Sosnowiec&#8221; font_container=&#8221;tag:h2|text_align:left|color:%23002e5a&#8221; google_fonts=&#8221;font_family:PT%20Sans%3Aregular%2Citalic%2C700%2C700italic|font_style:700%20bold%20regular%3A700%3Anormal&#8221;][vc_separator color=&#8221;custom&#8221; accent_color=&#8221;#dfe2ec&#8221;][vc_video link=&#8221;https:\/\/www.youtube.com\/watch?v=vGmjyJEHi80&#8243;][\/vc_column_inner][\/vc_row_inner][\/vc_column][vc_column width=&#8221;1\/3&#8243;][vc_row_inner disable_element=&#8221;yes&#8221;][vc_column_inner][vc_empty_space height=&#8221;20px&#8221;][vc_btn title=&#8221;Karta kierunku &#8211; program studi\u00f3w&#8221; style=&#8221;custom&#8221; custom_background=&#8221;#002e5a&#8221; custom_text=&#8221;#ffffff&#8221; size=&#8221;lg&#8221; align=&#8221;center&#8221; i_icon_fontawesome=&#8221;fas fa-arrow-right&#8221; button_block=&#8221;true&#8221; add_icon=&#8221;true&#8221; link=&#8221;url:https%3A%2F%2Finformator.us.edu.pl%2Fprogrammes%2Flist%2Fall%2FFA%2F&#8221;][\/vc_column_inner][\/vc_row_inner][vc_custom_heading text=&#8221;Poznaj nas lepiej&#8221; font_container=&#8221;tag:h2|text_align:left|color:%23002e5a&#8221; google_fonts=&#8221;font_family:PT%20Sans%3Aregular%2Citalic%2C700%2C700italic|font_style:700%20bold%20regular%3A700%3Anormal&#8221;][vc_separator color=&#8221;custom&#8221; accent_color=&#8221;#dfe2ec&#8221;]            \r\n            <div class=\"sidebar_moduls sidebar_moduls_facebok fb-page\"\r\n              data-href=\"https:\/\/www.facebook.com\/FilologiaAngielskaUS\" \r\n              data-width=\"330\"\r\n              data-hide-cover=\"false\"\r\n              data-show-facepile=\"true\"><\/div>\r\n             \r\n             <div id=\"fb-root\"><\/div>\r\n            <script async defer crossorigin=\"anonymous\" src=\" https:\/\/connect.facebook.net\/pl_PL\/sdk.js#xfbml=1&version=v4.0 \">                        \r\n            <\/script>\r\n            [vc_empty_space height=&#8221;20px&#8221;]            \r\n            <div class=\"sidebar_moduls sidebar_moduls_facebok fb-page\"\r\n              data-href=\"https:\/\/www.facebook.com\/wydz.humanistyczny.us\" \r\n              data-width=\"330\"\r\n              data-hide-cover=\"false\"\r\n              data-show-facepile=\"true\"><\/div>\r\n             \r\n             <div id=\"fb-root\"><\/div>\r\n            <script async defer crossorigin=\"anonymous\" src=\" https:\/\/connect.facebook.net\/pl_PL\/sdk.js#xfbml=1&version=v4.0 \">                        \r\n            <\/script>\r\n            [\/vc_column][\/vc_row][vc_row el_class=&#8221;container&#8221;][vc_column][vc_empty_space][vc_custom_heading text=&#8221;Aktywno\u015b\u0107 dodatkowa&#8221; font_container=&#8221;tag:h2|text_align:left|color:%23002e5a&#8221; google_fonts=&#8221;font_family:PT%20Sans%3Aregular%2Citalic%2C700%2C700italic|font_style:700%20bold%20regular%3A700%3Anormal&#8221;][vc_separator color=&#8221;custom&#8221; accent_color=&#8221;#dfe2ec&#8221;][vc_row_inner][vc_column_inner width=&#8221;1\/3&#8243;][vc_single_image image=&#8221;156171&#8243; img_size=&#8221;full&#8221; alignment=&#8221;center&#8221; style=&#8221;vc_box_circle_2&#8243;]\r\n                <div class=\"text-modules\">\r\n                    <div class=\"container\">\r\n                        \r\n                        <div class=\"text-modules__content\"><p><strong>Projekty<\/strong>, w kt\u00f3rych uczestnicz\u0105 nasi studenci:<\/p>\n<ul>\n<li>warsztaty z praktykami biznesu (PwC),<\/li>\n<li>warsztaty z t\u0142umaczami przysi\u0119g\u0142ymi,<\/li>\n<li>kursy i szkolenia z zakresu IT,<\/li>\n<li>warsztaty przygotowuj\u0105ce do uzyskania certyfikat\u00f3w j\u0119zykowych,<\/li>\n<li>projekty badawcze prowadzone przez wyk\u0142adowc\u00f3w,<\/li>\n<li>\u015al\u0105ski Festiwal Nauki,<\/li>\n<li>Dni Otwarte Kierunku Filologia angielska,<\/li>\n<li>Dni Komunikacji Mi\u0119dzykulturowej,<\/li>\n<li>praktyki w szeroko poj\u0119tej bran\u017cy IT, w biurach t\u0142umacze\u0144 oraz w ramach programu Erasmus +,<\/li>\n<li>europejskie konkursy przek\u0142adowe,<\/li>\n<li>dni kultury poszczeg\u00f3lnych kraj\u00f3w.<\/li>\n<\/ul>\n<p>\n<\/div>\r\n                    <\/div>\r\n                <\/div>[\/vc_column_inner][vc_column_inner width=&#8221;1\/3&#8243;][vc_single_image image=&#8221;156177&#8243; img_size=&#8221;full&#8221; alignment=&#8221;center&#8221; style=&#8221;vc_box_circle_2&#8243;]\r\n                <div class=\"text-modules\">\r\n                    <div class=\"container\">\r\n                        \r\n                        <div class=\"text-modules__content\"><p><strong>Miasta<\/strong>, w kt\u00f3rych mog\u0105 studiowa\u0107 nasi studenci to min.:<\/p>\n<p><strong>Alicante, Aveiro, Bergen, Funchal, Grenada, Istambu\u0142, Koszyce, Kowno, Las Palmas de Gran Canaria, Lizbona, Malaga, O\u0142omuniec, Palma de Mallorca, Santiago de Compostella, Sassari, Saarbrucken, Seul, Shenyang, Sofia, Triest, Werona<\/strong>.<\/p>\n<\/div>\r\n                    <\/div>\r\n                <\/div>[\/vc_column_inner][vc_column_inner width=&#8221;1\/3&#8243;][vc_single_image image=&#8221;156181&#8243; img_size=&#8221;full&#8221; alignment=&#8221;center&#8221; style=&#8221;vc_box_circle_2&#8243;]\r\n                <div class=\"text-modules\">\r\n                    <div class=\"container\">\r\n                        \r\n                        <div class=\"text-modules__content\"><p><strong>Dimensions of Business Language and Culture<br \/>\n<\/strong><em>Wymiary J\u0119zyka i Kultury Biznesu<\/em><strong><br \/>\n<\/strong><\/p>\n<p class=\"font_8\">Celem konferencji jest prezentacja oraz dyskusja dotycz\u0105ca wynik\u00f3w bada\u0144 w zakresie szeroko rozumianej kultury i j\u0119zyka biznesu z punktu widzenia<br \/>\nr\u00f3\u017cnych dyscyplin naukowych, zar\u00f3wno j\u0119zykoznawstwa jak i kulturoznawstwa,<br \/>\nsocjologii, psychologii czy innych dziedzin zajmuj\u0105cych si\u0119 tak\u0105 tematyk\u0105.<\/p>\n<p>Wi\u0119cej informacji <a href=\"https:\/\/doblacwebpageeng.wixsite.com\/website\">na stronie konferencji<\/a>.<\/p>\n<\/div>\r\n                    <\/div>\r\n                <\/div>[\/vc_column_inner][\/vc_row_inner][\/vc_column][\/vc_row][vc_row][vc_column][vc_empty_space height=&#8221;30px&#8221;][\/vc_column][\/vc_row][vc_row el_class=&#8221;container&#8221;][vc_column][vc_separator color=&#8221;custom&#8221; accent_color=&#8221;#dfe2ec&#8221;][\/vc_column][\/vc_row][vc_row el_class=&#8221;container&#8221;][vc_column width=&#8221;2\/3&#8243;][vc_tta_pageable no_fill_content_area=&#8221;1&#8243; active_section=&#8221;1&#8243; pagination_style=&#8221;&#8221; title=&#8221;Gdzie b\u0119dziesz studiowa\u0107?&#8221; css=&#8221;.vc_custom_1653586849789{background-position: center !important;background-repeat: no-repeat !important;background-size: cover !important;}&#8221;][vc_tta_section tab_id=&#8221;1653479712065-2c52f2ca-364e&#8221;][vc_images_carousel images=&#8221;20500,20838&#8243; img_size=&#8221;full&#8221; onclick=&#8221;link_no&#8221; speed=&#8221;3500&#8243; autoplay=&#8221;yes&#8221; hide_pagination_control=&#8221;yes&#8221; wrap=&#8221;yes&#8221;][\/vc_tta_section][\/vc_tta_pageable][\/vc_column][vc_column width=&#8221;1\/3&#8243;][vc_tta_pageable no_fill_content_area=&#8221;1&#8243; active_section=&#8221;1&#8243; pagination_style=&#8221;&#8221; title=&#8221;Skontaktuj si\u0119 z nami:&#8221; css=&#8221;.vc_custom_1653587776587{background-position: center !important;background-repeat: no-repeat !important;background-size: contain !important;border-radius: 20px !important;}&#8221;][vc_tta_section tab_id=&#8221;1653479581419-652d0e5d-0dd6&#8243;]\r\n                <div class=\"text-modules\">\r\n                    <div class=\"container\">\r\n                        \r\n                        <div class=\"text-modules__content\"><p>anglistyka@us.edu.pl<\/p>\n<p>tel.: 32 364 08 04 \/ 32 364 08 92<\/p>\n<p>ul. Grota-Roweckiego 5<br \/>\n41-200 Sosnowiec<\/p>\n<\/div>\r\n                    <\/div>\r\n                <\/div>[\/vc_tta_section][\/vc_tta_pageable][vc_tta_pageable no_fill_content_area=&#8221;1&#8243; active_section=&#8221;1&#8243; pagination_style=&#8221;&#8221; title=&#8221;Sprawd\u017a jeszcze:&#8221; css=&#8221;.vc_custom_1653587768868{background-position: center !important;background-repeat: no-repeat !important;background-size: contain !important;}&#8221;][vc_tta_section tab_id=&#8221;1653483573124-ea9e9979-8940&#8243;][vc_btn title=&#8221;filologia angielska&#8221; color=&#8221;orange&#8221; size=&#8221;lg&#8221; link=&#8221;url:https%3A%2F%2Fus.edu.pl%2Fwydzial%2Fwh%2Fkandydat-wh%2Fkierunki-studiow%2Ffilologia-angielska%2F|title:lingwistyka%20stosowana|target:_blank&#8221;][vc_empty_space height=&#8221;1px&#8221;][vc_btn title=&#8221;filologia angielska: projektowanie rozrywki interaktywnej i groznawstwo (SPRINT-WRITE)&#8221; color=&#8221;orange&#8221; size=&#8221;lg&#8221; align=&#8221;left&#8221; button_block=&#8221;true&#8221; link=&#8221;url:https%3A%2F%2Fus.edu.pl%2Fwydzial%2Fwh%2Fkandydat-wh%2Fkierunki-studiow%2Ffilologia-angielska-projektowanie-rozrywki-interaktywnej-i-groznawstwo-sprint-write%2F|target:_blank&#8221;][vc_empty_space height=&#8221;1px&#8221;][vc_btn title=&#8221;filologia angielska: kultura-media-translacja&#8221; color=&#8221;orange&#8221; size=&#8221;lg&#8221; link=&#8221;url:https%3A%2F%2Fus.edu.pl%2Fwydzial%2Fwh%2Fkandydat-wh%2Fkierunki-studiow%2Ffilologia-angielska-kultura-media-translacja%2F|title:filologia%20s%C5%82owia%C5%84ska|target:_blank&#8221;][vc_empty_space height=&#8221;1px&#8221;][vc_btn title=&#8221;lingwistyka stosowana&#8221; color=&#8221;orange&#8221; size=&#8221;lg&#8221; link=&#8221;url:https%3A%2F%2Fus.edu.pl%2Fwydzial%2Fwh%2Fkandydat-wh%2Fkierunki-studiow%2Flingwistyka-stosowana%2F|title:filologia%20s%C5%82owia%C5%84ska|target:_blank&#8221;][vc_empty_space height=&#8221;1px&#8221;][\/vc_tta_section][\/vc_tta_pageable][\/vc_column][\/vc_row][vc_row el_class=&#8221;container&#8221;][vc_column][vc_gmaps link=&#8221;#E-8_JTNDaWZyYW1lJTIwc3JjJTNEJTIyaHR0cHMlM0ElMkYlMkZ3d3cuZ29vZ2xlLmNvbSUyRm1hcHMlMkZlbWJlZCUzRnBiJTNEJTIxMW0xOCUyMTFtMTIlMjExbTMlMjExZDUwOTkuMTA4NjA1ODExODglMjEyZDE5LjEyNDQ4NjQ3ODAxNTEyMiUyMTNkNTAuMjgxNTgwMDY3ODA5NTclMjEybTMlMjExZjAlMjEyZjAlMjEzZjAlMjEzbTIlMjExaTEwMjQlMjEyaTc2OCUyMTRmMTMuMSUyMTNtMyUyMTFtMiUyMTFzMHg0NzE2ZGE5OTFjMDRhN2M5JTI1M0EweDRiMWFhNDc1NGQyYzYzMWUlMjEyc1VuaXZlcnNpdHklMjUyMG9mJTI1MjBTaWxlc2lhLiUyNTIwcGhpbG9sb2dpY2FsJTI1MjBmYWN1bHR5JTIxNWUwJTIxM20yJTIxMXNlbiUyMTJzcGwlMjE0djE2NTM0NzgxMzM1NzElMjE1bTIlMjExc2VuJTIxMnNwbCUyMiUyMHdpZHRoJTNEJTIyNjAwJTIyJTIwaGVpZ2h0JTNEJTIyNDUwJTIyJTIwc3R5bGUlM0QlMjJib3JkZXIlM0EwJTNCJTIyJTIwYWxsb3dmdWxsc2NyZWVuJTNEJTIyJTIyJTIwbG9hZGluZyUzRCUyMmxhenklMjIlMjByZWZlcnJlcnBvbGljeSUzRCUyMm5vLXJlZmVycmVyLXdoZW4tZG93bmdyYWRlJTIyJTNFJTNDJTJGaWZyYW1lJTNF&#8221; size=&#8221;&#8221;][\/vc_column][\/vc_row]<\/p>","protected":false},"excerpt":{"rendered":"<p>[vc_row el_class=&#8221;container&#8221;][vc_column width=&#8221;1\/2&#8243; css=&#8221;.vc_custom_1653565298692{margin-right: 0px !important;margin-left: 0px !important;border-right-width: 0px !important;border-left-width: 0px !important;}&#8221;][vc_single_image image=&#8221;188823&#8243; img_size=&#8221;full&#8221; alignment=&#8221;center&#8221;][vc_custom_heading text=&#8221;STUDIA I STOPNIA&#8221; font_container=&#8221;tag:h2|text_align:center|color:%23ffffff&#8221; google_fonts=&#8221;font_family:PT%20Sans%3Aregular%2Citalic%2C700%2C700italic|font_style:400%20regular%3A400%3Anormal&#8221; css=&#8221;.vc_custom_1653928574474{background-color: #002e5a !important;border-radius: 10px !important;}&#8221;][vc_row_inner][vc_column_inner el_class=&#8221;container&#8221;][vc_separator color=&#8221;custom&#8221; accent_color=&#8221;#0095db&#8221;][\/vc_column_inner][\/vc_row_inner][vc_row_inner disable_element=&#8221;yes&#8221;][vc_column_inner el_class=&#8221;container&#8221; width=&#8221;1\/2&#8243;][\/vc_column_inner][vc_column_inner width=&#8221;1\/2&#8243;][vc_btn title=&#8221;studia stacjonarne I stopnia&#8221; style=&#8221;outline-custom&#8221; outline_custom_color=&#8221;#002e5a&#8221; outline_custom_hover_background=&#8221;#fbb900&#8243; outline_custom_hover_text=&#8221;#ffffff&#8221; size=&#8221;lg&#8221; align=&#8221;center&#8221; i_icon_fontawesome=&#8221;fas fa-arrow-right&#8221; button_block=&#8221;true&#8221; add_icon=&#8221;true&#8221; link=&#8221;url:https%3A%2F%2Firk.us.edu.pl%2Fpl%2Foffer%2FSW-2025-Z%2Fprogramme%2FW1-S1EL25%2F%3Ffrom%3Dorg-unit%3AW1|target:_blank&#8221;][\/vc_column_inner][\/vc_row_inner][vc_row_inner][vc_column_inner el_class=&#8221;container&#8221;][vc_empty_space height=&#8221;20px&#8221;][vc_separator color=&#8221;custom&#8221; accent_color=&#8221;#0095db&#8221;][\/vc_column_inner][\/vc_row_inner][\/vc_column][vc_column width=&#8221;1\/2&#8243; css=&#8221;.vc_custom_1653642837519{background-color: #dfe2ec !important;border-radius: [&#8230;]<\/p>\n<p><a class=\"btn btn-secondary understrap-read-more-link\" href=\"https:\/\/us.edu.pl\/wydzial\/wh\/kandydat-wh\/kierunki-studiow\/english-studies-literature-and-culture\/\">Read More&#8230;<\/a><\/p>\n","protected":false},"author":1,"featured_media":0,"parent":989,"menu_order":0,"comment_status":"closed","ping_status":"closed","template":"","meta":{"_expiration-date-status":"","_expiration-date":0,"_expiration-date-type":"","_expiration-date-categories":[],"_expiration-date-options":[]},"acf":[],"_links":{"self":[{"href":"https:\/\/us.edu.pl\/wydzial\/wh\/wp-json\/wp\/v2\/pages\/188912"}],"collection":[{"href":"https:\/\/us.edu.pl\/wydzial\/wh\/wp-json\/wp\/v2\/pages"}],"about":[{"href":"https:\/\/us.edu.pl\/wydzial\/wh\/wp-json\/wp\/v2\/types\/page"}],"author":[{"embeddable":true,"href":"https:\/\/us.edu.pl\/wydzial\/wh\/wp-json\/wp\/v2\/users\/1"}],"replies":[{"embeddable":true,"href":"https:\/\/us.edu.pl\/wydzial\/wh\/wp-json\/wp\/v2\/comments?post=188912"}],"version-history":[{"count":9,"href":"https:\/\/us.edu.pl\/wydzial\/wh\/wp-json\/wp\/v2\/pages\/188912\/revisions"}],"predecessor-version":[{"id":193188,"href":"https:\/\/us.edu.pl\/wydzial\/wh\/wp-json\/wp\/v2\/pages\/188912\/revisions\/193188"}],"up":[{"embeddable":true,"href":"https:\/\/us.edu.pl\/wydzial\/wh\/wp-json\/wp\/v2\/pages\/989"}],"wp:attachment":[{"href":"https:\/\/us.edu.pl\/wydzial\/wh\/wp-json\/wp\/v2\/media?parent=188912"}],"curies":[{"name":"wp","href":"https:\/\/api.w.org\/{rel}","templated":true}]}}