{"id":188948,"date":"2025-05-30T13:54:50","date_gmt":"2025-05-30T11:54:50","guid":{"rendered":"https:\/\/us.edu.pl\/wydzial\/wh\/?page_id=188948"},"modified":"2025-08-08T13:23:45","modified_gmt":"2025-08-08T11:23:45","slug":"koreanistyka-2","status":"publish","type":"page","link":"https:\/\/us.edu.pl\/wydzial\/wh\/kandydat-wh\/kierunki-studiow\/koreanistyka-2\/","title":{"rendered":"koreanistyka"},"content":{"rendered":"<p>[vc_row el_class=&#8221;container&#8221;][vc_column width=&#8221;1\/2&#8243; css=&#8221;.vc_custom_1653565298692{margin-right: 0px !important;margin-left: 0px !important;border-right-width: 0px !important;border-left-width: 0px !important;}&#8221;][vc_single_image image=&#8221;188946&#8243; img_size=&#8221;full&#8221; alignment=&#8221;center&#8221;][\/vc_column][vc_column width=&#8221;1\/2&#8243; css=&#8221;.vc_custom_1653642837519{background-color: #dfe2ec !important;border-radius: 15px !important;}&#8221;][vc_empty_space][vc_custom_heading text=&#8221;Koreanistyka&#8221; font_container=&#8221;tag:h3|text_align:center|color:%23002e5a&#8221; google_fonts=&#8221;font_family:PT%20Sans%20Caption%3Aregular%2C700|font_style:700%20bold%20regular%3A700%3Anormal&#8221;][vc_empty_space height=&#8221;15px&#8221;][vc_separator color=&#8221;custom&#8221; style=&#8221;shadow&#8221; el_width=&#8221;60&#8243; accent_color=&#8221;#002e5a&#8221;]\r\n                <div class=\"text-modules\">\r\n                    <div class=\"container\">\r\n                        \r\n                        <div class=\"text-modules__content\"><p>Kierunek koreanistyka to nowoczesny interdyscyplinarny i atrakcyjny program studi\u00f3w dla os\u00f3b, kt\u00f3re wi\u0105\u017c\u0105 swoj\u0105 przysz\u0142o\u015b\u0107 z praktycznym wykorzystaniem j\u0119zyka korea\u0144skiego podpartego wiedz\u0105 z zakresu j\u0119zykoznawstwa, literaturoznawstwa, nauk o kulturze i religii oraz nauk o polityce i administracji w r\u00f3\u017cnych dziedzinach \u017cycia spo\u0142eczno-kulturalno-gospodarczego zar\u00f3wno w kraju, jak i na poziomie mi\u0119dzynarodowym.<\/p>\n<p>Studiuj\u0105cy na kierunku doskonal\u0105 kompetencje komunikacyjne w j\u0119zyku korea\u0144skim realizuj\u0105c zaj\u0119cia zwi\u0105zane z kszta\u0142ceniem kompetencji komunikacyjnych, mi\u0119dzykulturowych i spo\u0142ecznych, poszerzaniem wiedzy teoretycznej, praktycznej oraz specjalistycznej z zakresu studiowanego j\u0119zyka, tj. reali\u00f3w, historii, kultury i literatury, nauk politycznych i spo\u0142ecznych obszaru j\u0119zyka korea\u0144skiego, jego miejsca i roli we wsp\u00f3\u0142czesnym, oraz kszta\u0142towaniem umiej\u0119tno\u015bci zastosowania zdobytej wiedzy w \u017cyciu zawodowym i prywatnym.<\/p>\n<\/div>\r\n                    <\/div>\r\n                <\/div>[vc_row_inner][vc_column_inner][vc_empty_space height=&#8221;20px&#8221;][vc_custom_heading text=&#8221;STUDIA I STOPNIA&#8221; font_container=&#8221;tag:h2|text_align:center|color:%23ffffff&#8221; google_fonts=&#8221;font_family:PT%20Sans%3Aregular%2Citalic%2C700%2C700italic|font_style:400%20regular%3A400%3Anormal&#8221; css=&#8221;.vc_custom_1653928574474{background-color: #002e5a !important;border-radius: 10px !important;}&#8221;][vc_empty_space height=&#8221;20px&#8221;][vc_btn title=&#8221;Karta kierunku &#8211; program studi\u00f3w&#8221; style=&#8221;custom&#8221; custom_background=&#8221;#002e5a&#8221; custom_text=&#8221;#ffffff&#8221; size=&#8221;lg&#8221; align=&#8221;center&#8221; i_icon_fontawesome=&#8221;fas fa-arrow-right&#8221; button_block=&#8221;true&#8221; add_icon=&#8221;true&#8221; link=&#8221;url:https%3A%2F%2Finformator.us.edu.pl%2Fprogrammes%2Flist%2Ffaculties%2FW1%2FKR%2F|target:_blank&#8221;][\/vc_column_inner][\/vc_row_inner][\/vc_column][\/vc_row][vc_row el_class=&#8221;container&#8221;][vc_column][vc_empty_space height=&#8221;20px&#8221;][\/vc_column][\/vc_row][vc_row el_class=&#8221;container&#8221;][vc_column width=&#8221;2\/3&#8243; css=&#8221;.vc_custom_1653643334119{background-color: #f8f8f8 !important;border-radius: 15px !important;}&#8221;][vc_row_inner][vc_column_inner el_class=&#8221;container&#8221;][vc_empty_space height=&#8221;20px&#8221;]\r\n                <div class=\"text-modules\">\r\n                    <div class=\"container\">\r\n                        \r\n                        <div class=\"text-modules__content\"><p>Oferowane w ramach kierunku modu\u0142y kierunkowe w zakresie j\u0119zykoznawstwa, literaturoznawstwa, nauk o kulturze i religii oraz nauk o polityce i administracji, modu\u0142y obszarowe wspieraj\u0105ce kszta\u0142cenie kierunkowe oraz modu\u0142y og\u00f3lnouniwersyteckie pozwalaj\u0105 osobom studiuj\u0105cym na wykszta\u0142cenie umiej\u0119tno\u015bci oraz przygotowanie si\u0119 do ich wykorzystania w r\u00f3\u017cnych dziedzinach \u017cycia.<\/p>\n<p>Kszta\u0142cenie na kierunku oparte jest na zasadzie realizacji nast\u0119puj\u0105cego grupy modu\u0142\u00f3w:<\/p>\n<p>MODU\u0141Y KIERUNKOWE OBEJMUJ\u0104:<\/p>\n<ul>\n<li>modu\u0142y z zakresu j\u0119zykoznawstwa (praktyczna nauka j\u0119zyka korea\u0144skiego, wst\u0119p do j\u0119zykoznawstwa, wiedza o j\u0119zyku korea\u0144skim, modu\u0142y j\u0119zykoznawcze do wyboru)<\/li>\n<li>modu\u0142y z zakresu z zakresu kultury i literatury (zaj\u0119cia z zakresu kultur, literatur, religii i filozofii zar\u00f3wno dalekowschodnich maj\u0105cych wp\u0142yw na kszta\u0142towanie si\u0119 kultury, literatury, religii i filozofii Korei, jak i zaj\u0119cia po\u015bwi\u0119cone zagadnieniom kultury i literatury P\u00f3\u0142wyspu Korea\u0144skiego)<\/li>\n<li>modu\u0142y historyczno-spo\u0142eczne (obejmuj\u0105ce zaj\u0119cia z zakresu historii, geografii, socjologii, polityki kraj\u00f3w dalekowschodnich ze szczeg\u00f3lnym naciskiem na P\u00f3\u0142wysep Korea\u0144ski)<\/li>\n<li>modu\u0142y z zakresu kszta\u0142cenia j\u0119zykowego (obejmuj\u0105ce zaj\u0119cia z j\u0119zyka obcego na poziomie \u015bredniozaawansowanym)<\/li>\n<li>modu\u0142y do wyboru: (dost\u0119pne od 4 semestru i pozwalaj\u0105ce na rozw\u00f3j student\u00f3w w tematyce powi\u0105zanej ze studiowanym kierunkiem, ale dostosowane do potrzeb student\u00f3w oraz wsp\u00f3\u0142czesnych uwarunkowa\u0144 spo\u0142eczno-kulturalno-gospodarczych)<\/li>\n<\/ul>\n<p>&nbsp;<\/p>\n<p>Zdobyta wiedza, umiej\u0119tno\u015bci i kompetencje spo\u0142eczne pozwol\u0105 absolwentowi kierunku koreanistyka na poprawne poruszanie si\u0119 w sferze og\u00f3lnych zagadnie\u0144 dotycz\u0105cych teorii i praktyki j\u0119zyka korea\u0144skiego, literatury, kultury, polityki, ekonomii i geografii w zakresie P\u00f3\u0142wyspu Korea\u0144skiego oraz wa\u017cnych (kluczowych) z perspektywy korea\u0144skiej partner\u00f3w strategicznych.<\/p>\n<p>Absolwent b\u0119dzie rozumia\u0142 r\u00f3\u017cnorodno\u015b\u0107 j\u0119zyk\u00f3w, kultur i cywilizacji dalekowschodnich, co pozwoli mu uczestniczy\u0107 w procesie porozumienia i wsp\u00f3\u0142pracy mi\u0119dzykulturowej. Zdob\u0119dzie podbudow\u0119 dla teoretycznej refleksji o j\u0119zyku, kulturze, literaturze, polityce i geografii Korei. B\u0119dzie umia\u0142 analizowa\u0107 podstawowe zjawiska dotycz\u0105ce Korei, a narz\u0119dziem do analizy tych zjawisk b\u0119dzie dla absolwenta dobre przygotowanie j\u0119zykowe oraz metodologiczne przygotowanie w zakresie j\u0119zykoznawstwa, literaturoznawstwa, nauk o kulturze i religii oraz nauk o polityce i administracji.<\/p>\n<\/div>\r\n                    <\/div>\r\n                <\/div>[\/vc_column_inner][\/vc_row_inner][vc_row_inner][vc_column_inner el_class=&#8221;container&#8221;][vc_empty_space height=&#8221;20px&#8221;][vc_separator color=&#8221;custom&#8221; accent_color=&#8221;#0095db&#8221;][\/vc_column_inner][\/vc_row_inner][vc_row_inner disable_element=&#8221;yes&#8221;][vc_column_inner el_class=&#8221;container&#8221; width=&#8221;1\/2&#8243;]\r\n                <div class=\"text-modules\">\r\n                    <div class=\"container\">\r\n                        \r\n                        <div class=\"text-modules__content\"><\/p>\n<h3><span style=\"color: #002e5a;\">Rekrutacja na rok akademicki 2025\/2026<\/span><\/h3>\n<h6 style=\"text-align: left;\"><span style=\"color: #9b132a;\">I tura rekrutacji:<br \/>\n2.06.2025 12:00 \u2013 11.07.2025 23:59<\/span><\/h6>\n<p>\n<\/div>\r\n                    <\/div>\r\n                <\/div>[\/vc_column_inner][vc_column_inner width=&#8221;1\/2&#8243;]\r\n                <div class=\"text-modules\">\r\n                    <div class=\"container\">\r\n                        \r\n                        <div class=\"text-modules__content\"><\/p>\n<h3 style=\"text-align: center;\"><span style=\"color: #002e5a;\">Zapisz si\u0119!<\/span><\/h3>\n<p>\n<\/div>\r\n                    <\/div>\r\n                <\/div>[vc_btn title=&#8221;<b>studia stacjonarne I stopnia<\/b>&#8221; style=&#8221;outline-custom&#8221; outline_custom_color=&#8221;#002e5a&#8221; outline_custom_hover_background=&#8221;#fbb900&#8243; outline_custom_hover_text=&#8221;#ffffff&#8221; size=&#8221;lg&#8221; align=&#8221;center&#8221; i_icon_fontawesome=&#8221;fas fa-arrow-right&#8221; button_block=&#8221;true&#8221; add_icon=&#8221;true&#8221; link=&#8221;url:https%3A%2F%2Firk.us.edu.pl%2Fpl%2Foffer%2FSW-2025-Z%2Fprogramme%2FW1-S1KR25%2F%3Ffrom%3Dorg-unit%3AW1|target:_blank&#8221;][\/vc_column_inner][\/vc_row_inner][vc_row_inner][vc_column_inner el_class=&#8221;container&#8221;][vc_separator color=&#8221;custom&#8221; accent_color=&#8221;#0095db&#8221;][\/vc_column_inner][\/vc_row_inner][\/vc_column][vc_column width=&#8221;1\/3&#8243;][vc_tta_pageable no_fill_content_area=&#8221;1&#8243; active_section=&#8221;1&#8243; pagination_style=&#8221;&#8221;][vc_tta_section tab_id=&#8221;1653645747194-f6bf557b-7889&#8243;][vc_hoverbox image=&#8221;20932&#8243; primary_title=&#8221;&#8221; primary_align=&#8221;left&#8221; hover_title=&#8221;&#8221; hover_align=&#8221;left&#8221; shape=&#8221;square&#8221; hover_background_color=&#8221;custom&#8221; align=&#8221;left&#8221; hover_custom_background=&#8221;#f8f8f8&#8243;]<\/p>\n<p style=\"text-align: left;\">Absolwent b\u0119dzie gotowy do podj\u0119cia pracy w instytucjach upowszechniania kultury, w mediach, redakcjach, administracji publicznej, mi\u0119dzynarodowych korporacjach oraz firmach z kapita\u0142em korea\u0144skim. Coraz intensywniejsze kontakty gospodarcze z Kore\u0105 sprawiaj\u0105, \u017ce rynek pracy potrzebuje ekspert\u00f3w znaj\u0105cych j\u0119zyk korea\u0144ski oraz realia kulturowo-spo\u0142eczne tego kraju. Kontakty polityczne i dyplomatyczne z Kore\u0105 wymagaj\u0105 zatrudnienia specjalist\u00f3w z dziedziny j\u0119zyka i kultury korea\u0144skiej, kt\u00f3rymi s\u0105 absolwenci kierunku koreanistyka. Ponadto, absolwent b\u0119dzie przygotowany do podj\u0119cia studi\u00f3w drugiego stopnia.<\/p>\n<p>[\/vc_hoverbox][\/vc_tta_section][\/vc_tta_pageable][vc_empty_space height=&#8221;20px&#8221;][vc_custom_heading text=&#8221;Poznaj nas lepiej&#8221; font_container=&#8221;tag:h2|text_align:left|color:%23002e5a&#8221; google_fonts=&#8221;font_family:PT%20Sans%3Aregular%2Citalic%2C700%2C700italic|font_style:700%20bold%20regular%3A700%3Anormal&#8221;][vc_separator color=&#8221;custom&#8221; accent_color=&#8221;#dfe2ec&#8221;]            \r\n            <div class=\"sidebar_moduls sidebar_moduls_facebok fb-page\"\r\n              data-href=\"https:\/\/www.facebook.com\/wydz.humanistyczny.us\" \r\n              data-width=\"330\"\r\n              data-hide-cover=\"false\"\r\n              data-show-facepile=\"true\"><\/div>\r\n             \r\n             <div id=\"fb-root\"><\/div>\r\n            <script async defer crossorigin=\"anonymous\" src=\" https:\/\/connect.facebook.net\/pl_PL\/sdk.js#xfbml=1&version=v4.0 \">                        \r\n            <\/script>\r\n            [vc_row_inner][vc_column_inner el_class=&#8221;container&#8221;][vc_empty_space height=&#8221;20px&#8221;][vc_custom_heading text=&#8221;Kampus Sosnowiec&#8221; font_container=&#8221;tag:h2|text_align:left|color:%23002e5a&#8221; google_fonts=&#8221;font_family:PT%20Sans%3Aregular%2Citalic%2C700%2C700italic|font_style:700%20bold%20regular%3A700%3Anormal&#8221;][vc_separator color=&#8221;custom&#8221; accent_color=&#8221;#dfe2ec&#8221;][vc_video link=&#8221;https:\/\/www.youtube.com\/watch?v=vGmjyJEHi80&#8243;][\/vc_column_inner][\/vc_row_inner][\/vc_column][\/vc_row][vc_row disable_element=&#8221;yes&#8221; el_class=&#8221;container&#8221;][vc_column][vc_empty_space][vc_custom_heading text=&#8221;Aktywno\u015b\u0107 dodatkowa&#8221; font_container=&#8221;tag:h2|text_align:left|color:%23002e5a&#8221; google_fonts=&#8221;font_family:PT%20Sans%3Aregular%2Citalic%2C700%2C700italic|font_style:700%20bold%20regular%3A700%3Anormal&#8221;][vc_separator color=&#8221;custom&#8221; accent_color=&#8221;#dfe2ec&#8221;][vc_row_inner][vc_column_inner width=&#8221;1\/3&#8243;][vc_single_image image=&#8221;156171&#8243; img_size=&#8221;full&#8221; alignment=&#8221;center&#8221; style=&#8221;vc_box_circle_2&#8243;]\r\n                <div class=\"text-modules\">\r\n                    <div class=\"container\">\r\n                        \r\n                        <div class=\"text-modules__content\"><p><strong>Projekty<\/strong>, w kt\u00f3rych uczestnicz\u0105 nasi studenci:<\/p>\n<ul>\n<li>warsztaty z praktykami biznesu (PwC),<\/li>\n<li>warsztaty z t\u0142umaczami przysi\u0119g\u0142ymi,<\/li>\n<li>kursy i szkolenia z zakresu IT,<\/li>\n<li>warsztaty przygotowuj\u0105ce do uzyskania certyfikat\u00f3w j\u0119zykowych,<\/li>\n<li>projekty badawcze prowadzone przez wyk\u0142adowc\u00f3w,<\/li>\n<li>\u015al\u0105ski Festiwal Nauki,<\/li>\n<li>Dni Otwarte Kierunku Filologia angielska,<\/li>\n<li>Dni Komunikacji Mi\u0119dzykulturowej,<\/li>\n<li>praktyki w szeroko poj\u0119tej bran\u017cy IT, w biurach t\u0142umacze\u0144 oraz w ramach programu Erasmus +,<\/li>\n<li>europejskie konkursy przek\u0142adowe,<\/li>\n<li>dni kultury poszczeg\u00f3lnych kraj\u00f3w.<\/li>\n<\/ul>\n<p>\n<\/div>\r\n                    <\/div>\r\n                <\/div>[\/vc_column_inner][vc_column_inner width=&#8221;1\/3&#8243;][vc_single_image image=&#8221;156177&#8243; img_size=&#8221;full&#8221; alignment=&#8221;center&#8221; style=&#8221;vc_box_circle_2&#8243;]\r\n                <div class=\"text-modules\">\r\n                    <div class=\"container\">\r\n                        \r\n                        <div class=\"text-modules__content\"><p><strong>Miasta<\/strong>, w kt\u00f3rych mog\u0105 studiowa\u0107 nasi studenci to min.:<\/p>\n<p><strong>Alicante, Aveiro, Bergen, Funchal, Grenada, Istambu\u0142, Koszyce, Kowno, Las Palmas de Gran Canaria, Lizbona, Malaga, O\u0142omuniec, Palma de Mallorca, Santiago de Compostella, Sassari, Saarbrucken, Seul, Shenyang, Sofia, Triest, Werona<\/strong>.<\/p>\n<\/div>\r\n                    <\/div>\r\n                <\/div>[\/vc_column_inner][vc_column_inner width=&#8221;1\/3&#8243;][vc_single_image image=&#8221;156181&#8243; img_size=&#8221;full&#8221; alignment=&#8221;center&#8221; style=&#8221;vc_box_circle_2&#8243;]\r\n                <div class=\"text-modules\">\r\n                    <div class=\"container\">\r\n                        \r\n                        <div class=\"text-modules__content\"><p><strong>Dimensions of Business Language and Culture<br \/>\n<\/strong><em>Wymiary J\u0119zyka i Kultury Biznesu<\/em><strong><br \/>\n<\/strong><\/p>\n<p class=\"font_8\">Celem konferencji jest prezentacja oraz dyskusja dotycz\u0105ca wynik\u00f3w bada\u0144 w zakresie szeroko rozumianej kultury i j\u0119zyka biznesu z punktu widzenia<br \/>\nr\u00f3\u017cnych dyscyplin naukowych, zar\u00f3wno j\u0119zykoznawstwa jak i kulturoznawstwa,<br \/>\nsocjologii, psychologii czy innych dziedzin zajmuj\u0105cych si\u0119 tak\u0105 tematyk\u0105.<\/p>\n<p>Wi\u0119cej informacji <a href=\"https:\/\/doblacwebpageeng.wixsite.com\/website\">na stronie konferencji<\/a>.<\/p>\n<\/div>\r\n                    <\/div>\r\n                <\/div>[\/vc_column_inner][\/vc_row_inner][\/vc_column][\/vc_row][vc_row][vc_column][vc_empty_space height=&#8221;30px&#8221;][\/vc_column][\/vc_row][vc_row el_class=&#8221;container&#8221;][vc_column][vc_separator color=&#8221;custom&#8221; accent_color=&#8221;#dfe2ec&#8221;][\/vc_column][\/vc_row][vc_row el_class=&#8221;container&#8221;][vc_column width=&#8221;2\/3&#8243;][vc_tta_pageable no_fill_content_area=&#8221;1&#8243; active_section=&#8221;1&#8243; pagination_style=&#8221;&#8221; title=&#8221;Gdzie b\u0119dziesz studiowa\u0107?&#8221; css=&#8221;.vc_custom_1653586849789{background-position: center !important;background-repeat: no-repeat !important;background-size: cover !important;}&#8221;][vc_tta_section tab_id=&#8221;1653479712065-2c52f2ca-364e&#8221;][vc_images_carousel images=&#8221;20500,20838&#8243; img_size=&#8221;full&#8221; onclick=&#8221;link_no&#8221; speed=&#8221;3500&#8243; autoplay=&#8221;yes&#8221; hide_pagination_control=&#8221;yes&#8221; wrap=&#8221;yes&#8221;][\/vc_tta_section][\/vc_tta_pageable][\/vc_column][vc_column width=&#8221;1\/3&#8243;][vc_tta_pageable no_fill_content_area=&#8221;1&#8243; active_section=&#8221;1&#8243; pagination_style=&#8221;&#8221; title=&#8221;Skontaktuj si\u0119 z nami:&#8221; css=&#8221;.vc_custom_1653587776587{background-position: center !important;background-repeat: no-repeat !important;background-size: contain !important;border-radius: 20px !important;}&#8221;][vc_tta_section tab_id=&#8221;1653479581419-652d0e5d-0dd6&#8243;]\r\n                <div class=\"text-modules\">\r\n                    <div class=\"container\">\r\n                        \r\n                        <div class=\"text-modules__content\"><p>ul. Grota-Roweckiego 5<br \/>\n41-200 Sosnowiec<\/p>\n<\/div>\r\n                    <\/div>\r\n                <\/div>[\/vc_tta_section][\/vc_tta_pageable][vc_tta_pageable no_fill_content_area=&#8221;1&#8243; active_section=&#8221;1&#8243; pagination_style=&#8221;&#8221; title=&#8221;Sprawd\u017a jeszcze:&#8221; css=&#8221;.vc_custom_1653587768868{background-position: center !important;background-repeat: no-repeat !important;background-size: contain !important;}&#8221;][vc_tta_section tab_id=&#8221;1653483573124-ea9e9979-8940&#8243;][vc_btn title=&#8221;\u015brodkowoeuropejskie studia historyczne&#8221; color=&#8221;orange&#8221; size=&#8221;lg&#8221; link=&#8221;url:https%3A%2F%2Fus.edu.pl%2Fwydzial%2Fwh%2Fkandydat-wh%2Fkierunki-studiow%2Fsrodkowoeuropejskie-studia-historyczne%2F|target:_blank&#8221;][vc_empty_space height=&#8221;1px&#8221;][vc_btn title=&#8221;filologia angielska: kultura \u2013 media \u2013 translacja&#8221; color=&#8221;orange&#8221; size=&#8221;lg&#8221; link=&#8221;url:https%3A%2F%2Fus.edu.pl%2Fwydzial%2Fwh%2Fkandydat-wh%2Fkierunki-studiow%2Ffilologia-angielska-kultura-media-translacja%2F|title:filologia%20germa%C5%84ska|target:_blank&#8221;][vc_empty_space height=&#8221;1px&#8221;][vc_btn title=&#8221;English Studies: Literature and Culture&#8221; color=&#8221;orange&#8221; size=&#8221;lg&#8221; link=&#8221;url:https%3A%2F%2Fus.edu.pl%2Fwydzial%2Fwh%2Fkandydat-wh%2Fkierunki-studiow%2Fenglish-studies-literature-and-culture%2F|title:filologia%20s%C5%82owia%C5%84ska|target:_blank&#8221;][vc_empty_space height=&#8221;1px&#8221;][vc_btn title=&#8221;lingwistyka stosowana&#8221; color=&#8221;orange&#8221; size=&#8221;lg&#8221; link=&#8221;url:https%3A%2F%2Fus.edu.pl%2Fwydzial%2Fwh%2Fkandydat-wh%2Fkierunki-studiow%2Flingwistyka-stosowana%2F|title:filologia%20s%C5%82owia%C5%84ska|target:_blank&#8221;][vc_empty_space height=&#8221;1px&#8221;][\/vc_tta_section][\/vc_tta_pageable][\/vc_column][\/vc_row][vc_row el_class=&#8221;container&#8221;][vc_column][vc_gmaps link=&#8221;#E-8_JTNDaWZyYW1lJTIwc3JjJTNEJTIyaHR0cHMlM0ElMkYlMkZ3d3cuZ29vZ2xlLmNvbSUyRm1hcHMlMkZlbWJlZCUzRnBiJTNEJTIxMW0xOCUyMTFtMTIlMjExbTMlMjExZDUwOTkuMTA4NjA1ODExODglMjEyZDE5LjEyNDQ4NjQ3ODAxNTEyMiUyMTNkNTAuMjgxNTgwMDY3ODA5NTclMjEybTMlMjExZjAlMjEyZjAlMjEzZjAlMjEzbTIlMjExaTEwMjQlMjEyaTc2OCUyMTRmMTMuMSUyMTNtMyUyMTFtMiUyMTFzMHg0NzE2ZGE5OTFjMDRhN2M5JTI1M0EweDRiMWFhNDc1NGQyYzYzMWUlMjEyc1VuaXZlcnNpdHklMjUyMG9mJTI1MjBTaWxlc2lhLiUyNTIwcGhpbG9sb2dpY2FsJTI1MjBmYWN1bHR5JTIxNWUwJTIxM20yJTIxMXNlbiUyMTJzcGwlMjE0djE2NTM0NzgxMzM1NzElMjE1bTIlMjExc2VuJTIxMnNwbCUyMiUyMHdpZHRoJTNEJTIyNjAwJTIyJTIwaGVpZ2h0JTNEJTIyNDUwJTIyJTIwc3R5bGUlM0QlMjJib3JkZXIlM0EwJTNCJTIyJTIwYWxsb3dmdWxsc2NyZWVuJTNEJTIyJTIyJTIwbG9hZGluZyUzRCUyMmxhenklMjIlMjByZWZlcnJlcnBvbGljeSUzRCUyMm5vLXJlZmVycmVyLXdoZW4tZG93bmdyYWRlJTIyJTNFJTNDJTJGaWZyYW1lJTNF&#8221; size=&#8221;&#8221;][\/vc_column][\/vc_row]<\/p>","protected":false},"excerpt":{"rendered":"<p>[vc_row el_class=&#8221;container&#8221;][vc_column width=&#8221;1\/2&#8243; css=&#8221;.vc_custom_1653565298692{margin-right: 0px !important;margin-left: 0px !important;border-right-width: 0px !important;border-left-width: 0px !important;}&#8221;][vc_single_image image=&#8221;188946&#8243; img_size=&#8221;full&#8221; alignment=&#8221;center&#8221;][\/vc_column][vc_column width=&#8221;1\/2&#8243; css=&#8221;.vc_custom_1653642837519{background-color: #dfe2ec !important;border-radius: 15px !important;}&#8221;][vc_empty_space][vc_custom_heading text=&#8221;Koreanistyka&#8221; font_container=&#8221;tag:h3|text_align:center|color:%23002e5a&#8221; google_fonts=&#8221;font_family:PT%20Sans%20Caption%3Aregular%2C700|font_style:700%20bold%20regular%3A700%3Anormal&#8221;][vc_empty_space height=&#8221;15px&#8221;][vc_separator color=&#8221;custom&#8221; style=&#8221;shadow&#8221; el_width=&#8221;60&#8243; accent_color=&#8221;#002e5a&#8221;][vc_row_inner][vc_column_inner][vc_empty_space height=&#8221;20px&#8221;][vc_custom_heading text=&#8221;STUDIA I STOPNIA&#8221; font_container=&#8221;tag:h2|text_align:center|color:%23ffffff&#8221; google_fonts=&#8221;font_family:PT%20Sans%3Aregular%2Citalic%2C700%2C700italic|font_style:400%20regular%3A400%3Anormal&#8221; css=&#8221;.vc_custom_1653928574474{background-color: #002e5a !important;border-radius: 10px !important;}&#8221;][vc_empty_space height=&#8221;20px&#8221;][vc_btn title=&#8221;Karta kierunku &#8211; program studi\u00f3w&#8221; style=&#8221;custom&#8221; custom_background=&#8221;#002e5a&#8221; custom_text=&#8221;#ffffff&#8221; size=&#8221;lg&#8221; align=&#8221;center&#8221; i_icon_fontawesome=&#8221;fas fa-arrow-right&#8221; button_block=&#8221;true&#8221; add_icon=&#8221;true&#8221; [&#8230;]<\/p>\n<p><a class=\"btn btn-secondary understrap-read-more-link\" href=\"https:\/\/us.edu.pl\/wydzial\/wh\/kandydat-wh\/kierunki-studiow\/koreanistyka-2\/\">Read More&#8230;<\/a><\/p>\n","protected":false},"author":1,"featured_media":0,"parent":989,"menu_order":0,"comment_status":"closed","ping_status":"closed","template":"","meta":{"_expiration-date-status":"","_expiration-date":0,"_expiration-date-type":"","_expiration-date-categories":[],"_expiration-date-options":[]},"acf":[],"_links":{"self":[{"href":"https:\/\/us.edu.pl\/wydzial\/wh\/wp-json\/wp\/v2\/pages\/188948"}],"collection":[{"href":"https:\/\/us.edu.pl\/wydzial\/wh\/wp-json\/wp\/v2\/pages"}],"about":[{"href":"https:\/\/us.edu.pl\/wydzial\/wh\/wp-json\/wp\/v2\/types\/page"}],"author":[{"embeddable":true,"href":"https:\/\/us.edu.pl\/wydzial\/wh\/wp-json\/wp\/v2\/users\/1"}],"replies":[{"embeddable":true,"href":"https:\/\/us.edu.pl\/wydzial\/wh\/wp-json\/wp\/v2\/comments?post=188948"}],"version-history":[{"count":8,"href":"https:\/\/us.edu.pl\/wydzial\/wh\/wp-json\/wp\/v2\/pages\/188948\/revisions"}],"predecessor-version":[{"id":191280,"href":"https:\/\/us.edu.pl\/wydzial\/wh\/wp-json\/wp\/v2\/pages\/188948\/revisions\/191280"}],"up":[{"embeddable":true,"href":"https:\/\/us.edu.pl\/wydzial\/wh\/wp-json\/wp\/v2\/pages\/989"}],"wp:attachment":[{"href":"https:\/\/us.edu.pl\/wydzial\/wh\/wp-json\/wp\/v2\/media?parent=188948"}],"curies":[{"name":"wp","href":"https:\/\/api.w.org\/{rel}","templated":true}]}}