{"id":190854,"date":"2025-07-18T09:18:26","date_gmt":"2025-07-18T07:18:26","guid":{"rendered":"https:\/\/us.edu.pl\/wydzial\/wh\/?page_id=190854"},"modified":"2025-09-19T11:16:34","modified_gmt":"2025-09-19T09:16:34","slug":"dziekanat-2","status":"publish","type":"page","link":"https:\/\/us.edu.pl\/wydzial\/wh\/dziekanat-2\/","title":{"rendered":"Dziekanat"},"content":{"rendered":"<p>[vc_row el_class=&#8221;container&#8221;][vc_column width=&#8221;1\/2&#8243;]\r\n                <div class=\"text-modules\">\r\n                    <div class=\"container\">\r\n                        \r\n                        <div class=\"text-modules__content\"><\/p>\n<p style=\"text-align: center;\"><strong>kierownik dziekanatu <\/strong><\/p>\n<p style=\"text-align: center;\"><strong>mgr Marta Klimek<\/strong><\/p>\n<p style=\"text-align: center;\">e-mail:\u00a0<a href=\"mailto:marta.klimek@us.edu.pl\">marta.klimek@us.edu.pl<\/a><br \/>\ntel.: 32 359 11 65<br \/>\nKatowice, ul. Bankowa 11, pok. 16 \/ pok. 19<\/p>\n<p>\n<\/div>\r\n                    <\/div>\r\n                <\/div>[\/vc_column][vc_column width=&#8221;1\/2&#8243;]\r\n                <div class=\"text-modules\">\r\n                    <div class=\"container\">\r\n                        \r\n                        <div class=\"text-modules__content\"><\/p>\n<p style=\"text-align: center;\"><strong>zast\u0119pca kierownika dziekanatu<\/strong><\/p>\n<p style=\"text-align: center;\"><strong>mgr \u0141ukasz G\u0119borek<\/strong><\/p>\n<p style=\"text-align: center;\">e-mail: <a href=\"mailto:lukasz.geborek@us.edu.pl\">lukasz.geborek@us.edu.pl<\/a><br \/>\ntel.: 32 364 08 43<br \/>\nSosnowiec, ul. Grota-Roweckiego 5, pok. 4.28<\/p>\n<p>\n<\/div>\r\n                    <\/div>\r\n                <\/div>[\/vc_column][\/vc_row][vc_row][vc_column]\r\n                <div class=\"tiles-section\" style=\"background: \">\r\n                    <div class=\"container\">\r\n                        <h3 class=\"page-title\"><\/h3>\r\n                        <div class=\"tiles tiles-3\">\r\n                            <a href=\"https:\/\/us.edu.pl\/wydzial\/wh\/administracja\/dziekanat\/obsluga-toku-studiow-i-spraw-studenckich\/katowice-ul-uniwersytecka-4\/\" class=\"tile tile_ justify-content-center\" style=\"background-color: #EBEBEB; font-weight: bold; color: #002E5A;  \">\r\n                                \r\n                                   \r\n                               \r\n                                <div class=\"tile__name\">Katowice, ul. Uniwersytecka 4<\/div>\r\n                            <\/a>\r\n                            <a href=\"https:\/\/us.edu.pl\/wydzial\/wh\/administracja\/dziekanat\/obsluga-toku-studiow-i-spraw-studenckich\/katowice-ul-bankowa-11\/\" class=\"tile tile_ justify-content-center\" style=\"background-color: #EBEBEB; font-weight: bold; color: #002E5A;  \">\r\n                                \r\n                                   \r\n                               \r\n                                <div class=\"tile__name\">Katowice, ul. Bankowa 11<\/div>\r\n                            <\/a>\r\n                            <a href=\"https:\/\/us.edu.pl\/wydzial\/wh\/administracja\/dziekanat\/obsluga-toku-studiow-i-spraw-studenckich\/sosnowiec-ul-grota-roweckiego-5\/\" class=\"tile tile_ justify-content-center\" style=\"background-color: #EBEBEB; font-weight: bold; color: #002E5A;  \">\r\n                                \r\n                                   \r\n                               \r\n                                <div class=\"tile__name\">Sosnowiec, ul. Grota-Roweckiego 5<\/div>\r\n                            <\/a><\/div>\r\n                    <\/div>\r\n                <\/div>[\/vc_column][\/vc_row][vc_row el_class=&#8221;container&#8221;][vc_column]\r\n                <div class=\"text-modules\">\r\n                    <div class=\"container\">\r\n                        \r\n                        <div class=\"text-modules__content\"><\/p>\n<hr \/>\n<p>&nbsp;<\/p>\n<h3><strong>Sprawy stypendialne student\u00f3w | op\u0142aty za us\u0142ugi edukacyjne<\/strong><\/h3>\n<hr \/>\n<p>\n<\/div>\r\n                    <\/div>\r\n                <\/div>[\/vc_column][\/vc_row][vc_row el_class=&#8221;container&#8221;][vc_column width=&#8221;1\/2&#8243;]\r\n                <div class=\"text-modules\">\r\n                    <div class=\"container\">\r\n                        \r\n                        <div class=\"text-modules__content\"><p><strong>mgr Marta Klimek<\/strong><br \/>\ne-mail:\u00a0<a href=\"mailto:marta.klimek@us.edu.pl\">marta.klimek@us.edu.pl<\/a><br \/>\ntel.: 32 359 11 65<span style=\"color: #ff0000;\"><span style=\"color: #000000;\"><br \/>\nKatowice, ul. Bankowa 11, pok. 16<br \/>\n<span style=\"font-size: 10pt; color: #ff0000;\">Nieobecno\u015b\u0107 w dniach 25.07-11.08.2025 r.<\/span><\/span><\/span><\/p>\n<p><strong>mgr Mateusz G\u0119bka<\/strong><br \/>\ne-mail: <a href=\"mailto:mateusz.gebka@us.edu.pl\">mateusz.gebka@us.edu.pl<\/a><br \/>\ntel.: 32 359 18 54<br \/>\nKatowice, ul. Bankowa 11, pok. 16<br \/>\n<span style=\"color: #ff0000; font-size: 10pt;\">Nieobecno\u015b\u0107 w dniach 28.07-14.08.2025 r.<\/span><\/p>\n<p><strong>mgr\u00a0Iwona Seweryn<\/strong><strong><br \/>\n<\/strong>e-mail:\u00a0<a href=\"mailto:iwona.seweryn@us.edu.pl\">iwona.seweryn@us.edu.pl<\/a>\u00a0<strong><br \/>\n<\/strong>tel.: 32 359 12-63<strong><br \/>\n<\/strong>Katowice, ul. Bankowa 11, pok. 16<\/p>\n<p><strong>mgr Agnieszka Urba\u0144czyk<\/strong><br \/>\ne-mail: <a href=\"mailto:agnieszka.urbanczyk@us.edu.pl\">agnieszka.urbanczyk@us.edu.pl<\/a><br \/>\ntel. 32 364 09 68<br \/>\n<span style=\"color: #000000;\">Sosnowiec, ul. Grota-Roweckiego 5, pok. 1.24<br \/>\n<span style=\"font-size: 10pt;\"><span style=\"color: #ff0000;\">Nieobecno\u015b\u0107 w dniach<\/span> <span style=\"color: #ff0000;\">14-25.07.2025 r. oraz 11-14.08.2025 r.<\/span><\/span><br \/>\n<\/span><\/p>\n<p><strong>mgr Ma\u0142gorzata Krasowska-\u015awit<\/strong><br \/>\ne-mail: <a href=\"mailto:malgorzata.krasowska-swit@us.edu.pl\">malgorzata.krasowska-swit@us.edu.pl<\/a><br \/>\ntel. 32 364 09 68<br \/>\nSosnowiec, ul. Grota-Roweckiego 5, pok. 1.24<br \/>\n<span style=\"font-size: 10pt; color: #ff0000;\">Nieobecno\u015b\u0107 w dniach 28.07-31.08.2025 r.<\/span><\/p>\n<\/div>\r\n                    <\/div>\r\n                <\/div>[\/vc_column][vc_column width=&#8221;1\/2&#8243;]\r\n                <div class=\"text-modules\">\r\n                    <div class=\"container\">\r\n                        \r\n                        <div class=\"text-modules__content\"><p>e-mail: <a href=\"mailto:dziekanat.wh-stypendia@us.edu.pl\">dziekanat.wh-stypendia@us.edu.pl<\/a><\/p>\n<\/div>\r\n                    <\/div>\r\n                <\/div>[vc_row_inner css=&#8221;.vc_custom_1734438049058{border-left-width: 3px !important;border-left-color: #000000 !important;border-left-style: solid !important;}&#8221;][vc_column_inner]\r\n                <div class=\"text-modules\">\r\n                    <div class=\"container\">\r\n                        \r\n                        <div class=\"text-modules__content\"><\/p>\n<h5>GODZINY PRACY DZIEKANATU<\/h5>\n<hr \/>\n<p>poniedzia\u0142ek\u00a0 \u00a0 \u00a011.00 \u2013 14.00<br \/>\nwtorek\u00a0 \u00a0 \u00a0 \u00a0 \u00a0 \u00a0 \u00a0 \u00a010.00 \u2013 14.00<br \/>\n\u015broda\u00a0 \u00a0 \u00a0 \u00a0 \u00a0 \u00a0 \u00a0 \u00a0 \u00a010.00 \u2013 14.00<br \/>\nczwartek\u00a0 \u00a0 \u00a0 \u00a0 \u00a0 \u00a010.00 \u2013 14.00<br \/>\npi\u0105tek\u00a0 \u00a0 \u00a0 \u00a0 \u00a0 \u00a0 \u00a0 \u00a0 nieczynne<br \/>\nsobota\u00a0 \u00a0 \u00a0 \u00a0 \u00a0 \u00a0 \u00a0 \u00a0nieczynne<\/p>\n<\/div>\r\n                    <\/div>\r\n                <\/div>[\/vc_column_inner][\/vc_row_inner][\/vc_column][\/vc_row]<\/p>","protected":false},"excerpt":{"rendered":"<p>[vc_row el_class=&#8221;container&#8221;][vc_column width=&#8221;1\/2&#8243;][\/vc_column][vc_column width=&#8221;1\/2&#8243;][\/vc_column][\/vc_row][vc_row][vc_column][\/vc_column][\/vc_row][vc_row el_class=&#8221;container&#8221;][vc_column][\/vc_column][\/vc_row][vc_row el_class=&#8221;container&#8221;][vc_column width=&#8221;1\/2&#8243;][\/vc_column][vc_column width=&#8221;1\/2&#8243;][vc_row_inner css=&#8221;.vc_custom_1734438049058{border-left-width: 3px !important;border-left-color: #000000 !important;border-left-style: solid !important;}&#8221;][vc_column_inner][\/vc_column_inner][\/vc_row_inner][\/vc_column][\/vc_row] [&#8230;]<\/p>\n<p><a class=\"btn btn-secondary understrap-read-more-link\" href=\"https:\/\/us.edu.pl\/wydzial\/wh\/dziekanat-2\/\">Read More&#8230;<\/a><\/p>\n","protected":false},"author":2429,"featured_media":0,"parent":0,"menu_order":0,"comment_status":"closed","ping_status":"closed","template":"","meta":{"_expiration-date-status":"","_expiration-date":0,"_expiration-date-type":"","_expiration-date-categories":[],"_expiration-date-options":[]},"acf":[],"_links":{"self":[{"href":"https:\/\/us.edu.pl\/wydzial\/wh\/wp-json\/wp\/v2\/pages\/190854"}],"collection":[{"href":"https:\/\/us.edu.pl\/wydzial\/wh\/wp-json\/wp\/v2\/pages"}],"about":[{"href":"https:\/\/us.edu.pl\/wydzial\/wh\/wp-json\/wp\/v2\/types\/page"}],"author":[{"embeddable":true,"href":"https:\/\/us.edu.pl\/wydzial\/wh\/wp-json\/wp\/v2\/users\/2429"}],"replies":[{"embeddable":true,"href":"https:\/\/us.edu.pl\/wydzial\/wh\/wp-json\/wp\/v2\/comments?post=190854"}],"version-history":[{"count":3,"href":"https:\/\/us.edu.pl\/wydzial\/wh\/wp-json\/wp\/v2\/pages\/190854\/revisions"}],"predecessor-version":[{"id":191951,"href":"https:\/\/us.edu.pl\/wydzial\/wh\/wp-json\/wp\/v2\/pages\/190854\/revisions\/191951"}],"wp:attachment":[{"href":"https:\/\/us.edu.pl\/wydzial\/wh\/wp-json\/wp\/v2\/media?parent=190854"}],"curies":[{"name":"wp","href":"https:\/\/api.w.org\/{rel}","templated":true}]}}