{"id":191607,"date":"2025-09-04T10:43:04","date_gmt":"2025-09-04T08:43:04","guid":{"rendered":"https:\/\/us.edu.pl\/wydzial\/wh\/?page_id=191607"},"modified":"2026-03-31T08:28:28","modified_gmt":"2026-03-31T06:28:28","slug":"filologia-angielska-kultura-media-translacja","status":"publish","type":"page","link":"https:\/\/us.edu.pl\/wydzial\/wh\/kierunki-studiow\/filologia-angielska-kultura-media-translacja\/","title":{"rendered":"Filologia angielska: Kultura &#8211; Media &#8211; Translacja"},"content":{"rendered":"<p>[vc_row el_class=&#8221;container&#8221;][vc_column width=&#8221;2\/3&#8243;][vc_custom_heading text=&#8221;Filologia angielska: Kultura &#8211; Media &#8211; Translacja&#8221; font_container=&#8221;tag:h2|text_align:left|color:%23002e5a&#8221; use_theme_fonts=&#8221;yes&#8221;][vc_separator color=&#8221;custom&#8221; border_width=&#8221;2&#8243; accent_color=&#8221;#002e5a&#8221;][vc_tta_accordion style=&#8221;modern&#8221; shape=&#8221;square&#8221; spacing=&#8221;1&#8243; gap=&#8221;1&#8243; active_section=&#8221;666&#8243; collapsible_all=&#8221;true&#8221;][vc_tta_section title=&#8221;Rejestracja na zaj\u0119cia &#8211; semestr letnim 2025\/2026&#8243; tab_id=&#8221;1689339900986-9a0e6f71-9802&#8243;]\r\n                <div class=\"text-modules\">\r\n                    <div class=\"container\">\r\n                        \r\n                        <div class=\"text-modules__content\"><p>Szanowni Studenci I roku studi\u00f3w<\/p>\n<p><strong><u>studia stacjonarne<\/u><\/strong><\/p>\n<p>I stopie\u0144 specjalno\u015b\u0107:\u00a0 KAOJ+KMT +SW+ES<\/p>\n<p><span style=\"color: #ff0000;\">10.02.2026 godz. 18.00 \u2013 15.02.2026 godz. 23.59<\/span><\/p>\n<\/div>\r\n                    <\/div>\r\n                <\/div>[\/vc_tta_section][vc_tta_section title=&#8221;Dy\u017cury pracownik\u00f3w&#8221; tab_id=&#8221;1689339926916-2f029354-bf61&#8243;]\r\n                <div class=\"text-modules\">\r\n                    <div class=\"container\">\r\n                        \r\n                        <div class=\"text-modules__content\"><p><a href=\"https:\/\/us.edu.pl\/wydzial\/wh\/wp-content\/uploads\/sites\/15\/Bez-kategorii\/Dyzury_2025-2026_semestr_letni_31032026-1.pdf\" class=\"mtli_attachment mtli_pdf\" data-mtli=\"mtli_filesize608,16kB\" class=\"mtli_attachment mtli_pdf\" data-mtli=\"mtli_filesize608,16kB\">harmonogram dy\u017cur\u00f3w w semestrze letnim 2025\/2026<\/a> <span style=\"font-size: 10pt; color: #ff0000;\">(aktualizacja 31.03.2026)<\/span><\/p>\n<p><a href=\"https:\/\/us.edu.pl\/wydzial\/wh\/wp-content\/uploads\/sites\/15\/Bez-kategorii\/Dyzury_2025-2026_sesja_ZIMA_13022026-1.pdf\" class=\"mtli_attachment mtli_pdf\" data-mtli=\"mtli_filesize613,08kB\" class=\"mtli_attachment mtli_pdf\" data-mtli=\"mtli_filesize613,08kB\">harmonogram dy\u017cur\u00f3w w sesji zimowej 2025\/2026<\/a> <span style=\"color: #ff0000; font-size: 10pt;\">(aktualizacja 13.02.2026)<\/span><\/p>\n<style type=\"text\/css\">a[data-mtli~=\"mtli_filesize608,16kB\"]:after {content:\" (608,16 kB)\"}a[data-mtli~=\"mtli_filesize613,08kB\"]:after {content:\" (613,08 kB)\"}<\/style><\/div>\r\n                    <\/div>\r\n                <\/div>[\/vc_tta_section][vc_tta_section title=&#8221;Opiekunowie grup studenckich&#8221; tab_id=&#8221;1689334271238-7e5a0f7d-d51b&#8221;]\r\n                <div class=\"text-modules\">\r\n                    <div class=\"container\">\r\n                        \r\n                        <div class=\"text-modules__content\"><\/p>\n<h4>STUDIA STACJONARNE I STOPNIA<\/h4>\n<hr \/>\n<p><strong>ROK I<\/strong><\/p>\n<p><strong>dr Nina Augustynowicz<\/strong>\u00a0(email:\u00a0<a href=\"mailto:iwona.sznicer@us.edu.pl\">nina.augustynowicz@us.edu.pl<\/a>)<\/p>\n<p>Filologia Angielska: kultura-media-translacja (1kmt)<\/p>\n<p>Filologia angielska: Projektowanie rozrywki interaktywnej i groznawstwo (SPRINT_WRITE) (1sw)<\/p>\n<p>English Studies: Literature and Culture (1es)<\/p>\n<\/div>\r\n                    <\/div>\r\n                <\/div>[\/vc_tta_section][vc_tta_section title=&#8221;Zaj\u0119cia do wyboru&#8221; tab_id=&#8221;1689334271229-964d3601-c56d&#8221;][\/vc_tta_section][vc_tta_section title=&#8221;Seminaria dyplomowe&#8221; tab_id=&#8221;1706184798964-39450695-dd4e&#8221;][\/vc_tta_section][vc_tta_section title=&#8221;Praktyki zawodowe&#8221; tab_id=&#8221;1706185499780-a840ad33-5cd7&#8243;][\/vc_tta_section][\/vc_tta_accordion][vc_empty_space][vc_separator color=&#8221;custom&#8221; accent_color=&#8221;#9b132a&#8221;][vc_custom_heading text=&#8221;Dyrekcja kierunku&#8221; font_container=&#8221;tag:h2|text_align:left|color:%23002e5a&#8221; google_fonts=&#8221;font_family:PT%20Sans%3Aregular%2Citalic%2C700%2C700italic|font_style:400%20regular%3A400%3Anormal&#8221;][vc_separator color=&#8221;custom&#8221; border_width=&#8221;2&#8243; accent_color=&#8221;#002e5a&#8221;][vc_row_inner][vc_column_inner width=&#8221;1\/2&#8243;]\r\n                <div class=\"text-modules\">\r\n                    <div class=\"container\">\r\n                        \r\n                        <div class=\"text-modules__content\"><\/p>\n<h3><\/h3>\n<h4><span style=\"color: #002e5a;\">dr Marcin Sarnek<\/span><\/h4>\n<h5><span style=\"color: #002e5a;\"><strong>Dyrektor kierunku<\/strong><\/span><\/h5>\n<p><span style=\"color: #002e5a;\"><strong><br \/>\n<\/strong>e-mail: <a href=\"mailto:marcin.sarnek@us.edu.pl\">marcin.sarnek@us.edu.pl<\/a><\/span><br \/>\n<span style=\"color: #002e5a;\">ul. Grota-Roweckiego 5, 41-200 Sosnowiec<\/span><br \/>\n<span style=\"color: #002e5a;\">pok. \/ room <strong>4.59<\/strong><\/span><\/p>\n<\/div>\r\n                    <\/div>\r\n                <\/div>[\/vc_column_inner][vc_column_inner width=&#8221;1\/2&#8243;][\/vc_column_inner][\/vc_row_inner][vc_row_inner][vc_column_inner width=&#8221;1\/2&#8243;]\r\n                <div class=\"text-modules\">\r\n                    <div class=\"container\">\r\n                        \r\n                        <div class=\"text-modules__content\"><\/p>\n<h4><span style=\"color: #002e5a;\">dr Magdalena Bednorz<\/span><\/h4>\n<h5><span style=\"color: #002e5a;\"><strong>Zast\u0119pca dyrektora kierunku<\/strong><\/span><\/h5>\n<p><span style=\"color: #002e5a;\"><strong><br \/>\n<\/strong>email: <a href=\"mailto:magdalena.bednorz@us.edu.pl\">magdalena.bednorz@us.edu.pl<\/a><\/span><br \/>\n<span style=\"color: #002e5a;\">ul. Grota-Roweckiego 5, 41-200 Sosnowiec<\/span><br \/>\n<span style=\"color: #002e5a;\">pok. \/ room <strong>4.57<\/strong><\/span><\/p>\n<\/div>\r\n                    <\/div>\r\n                <\/div>[\/vc_column_inner][vc_column_inner width=&#8221;1\/2&#8243;][\/vc_column_inner][\/vc_row_inner][\/vc_column][vc_column width=&#8221;1\/3&#8243;][vc_tta_tabs style=&#8221;flat&#8221; shape=&#8221;square&#8221; color=&#8221;white&#8221; gap=&#8221;1&#8243; active_section=&#8221;666&#8243; title=&#8221;Harmonogramy&#8221; css=&#8221;.vc_custom_1689336166845{border-left-width: 5px !important;border-left-color: #fbb900 !important;border-left-style: solid !important;}&#8221;][vc_tta_section title=&#8221;zaj\u0119\u0107&#8221; tab_id=&#8221;1689335739702-2926960d-14be&#8221;]\r\n                <div class=\"text-modules\">\r\n                    <div class=\"container\">\r\n                        \r\n                        <div class=\"text-modules__content\"><p><strong>Harmonogram zaj\u0119\u0107 semestr letni 2025\/2026<\/strong><\/p>\n<p><a href=\"https:\/\/us.edu.pl\/wydzial\/wh\/wp-content\/uploads\/sites\/15\/Bez-kategorii\/FA_Harmonogram_LATO_202_2026_I_stopnia_stacjonarne_KMT_20260209.pdf\" class=\"mtli_attachment mtli_pdf\" data-mtli=\"mtli_filesize176,27kB\" class=\"mtli_attachment mtli_pdf\" data-mtli=\"mtli_filesize176,27kB\">I stopnia &#8211; stacjonarnie<span style=\"color: #ff0000; font-size: 8pt;\">\u00a0<\/span><\/a><\/p>\n<hr \/>\n<p><a href=\"https:\/\/us.edu.pl\/wydzial\/wh\/wp-content\/uploads\/sites\/15\/Bez-kategorii\/Wykaz-tygodni-parzystych-i-nieparzystych-2025_26_251017.pdf\" class=\"mtli_attachment mtli_pdf\" data-mtli=\"mtli_filesize32,71kB\" class=\"mtli_attachment mtli_pdf\" data-mtli=\"mtli_filesize32,71kB\">wykaz tygodni parzystych i nieparzystych &#8211; semestr zimowy 2025\/2026<\/a> <span style=\"font-size: 8pt; color: #ff0000;\">(aktualizacja 17.10.2025)<\/span><\/p>\n<style type=\"text\/css\">a[data-mtli~=\"mtli_filesize176,27kB\"]:after {content:\" (176,27 kB)\"}a[data-mtli~=\"mtli_filesize32,71kB\"]:after {content:\" (32,71 kB)\"}<\/style><\/div>\r\n                    <\/div>\r\n                <\/div>[\/vc_tta_section][vc_tta_section title=&#8221;sesji&#8221; tab_id=&#8221;1689335739709-90f5c0c9-f826&#8243;]\r\n                <div class=\"text-modules\">\r\n                    <div class=\"container\">\r\n                        \r\n                        <div class=\"text-modules__content\"><p><span style=\"color: #ff0000; font-size: 10pt;\"><strong><em>Szanowni Studenci, <\/em><\/strong><\/span><\/p>\n<p><span style=\"color: #ff0000; font-size: 10pt;\"><strong><em>prosimy kontaktowa\u0107 si\u0119 i upewnia\u0107 ws II termin\u00f3w egzamin\u00f3w u egzaminator\u00f3w!!!<\/em><\/strong><\/span><\/p>\n<p><span style=\"color: #ff0000; font-size: 10pt;\"><strong><em>Podane w tabeli sesji terminy\u00a0 mog\u0105 ulec zmianie.<\/em><\/strong><\/span><\/p>\n<h4><\/h4>\n<h4>Studia stacjonarne<\/h4>\n<hr \/>\n<p><a href=\"https:\/\/us.edu.pl\/wydzial\/wh\/wp-content\/uploads\/sites\/15\/Bez-kategorii\/Sesja_egzaminacyjna_stacjonarne_25_26_Z_KMT_18022026.pdf\" class=\"mtli_attachment mtli_pdf\" data-mtli=\"mtli_filesize415,11kB\" class=\"mtli_attachment mtli_pdf\" data-mtli=\"mtli_filesize415,11kB\">Harmonogram sesji zimowej 2025\/2026<\/a> <span style=\"font-size: 10pt; color: #ff0000;\">(aktualizacja 18.02.2026)<\/span><\/p>\n<style type=\"text\/css\">a[data-mtli~=\"mtli_filesize415,11kB\"]:after {content:\" (415,11 kB)\"}<\/style><\/div>\r\n                    <\/div>\r\n                <\/div>[\/vc_tta_section][\/vc_tta_tabs][vc_row_inner css=&#8221;.vc_custom_1695132122292{margin-left: 0px !important;border-left-width: 5px !important;padding-left: 0px !important;border-left-color: #002e5a !important;border-left-style: solid !important;}&#8221;][vc_column_inner]\r\n                <div class=\"text-modules\">\r\n                    <div class=\"container\">\r\n                        \r\n                        <div class=\"text-modules__content\"><\/p>\n<h3><span style=\"color: #002e5a;\">Dziekanat ds. studenckich<\/span><\/h3>\n<hr \/>\n<p><strong>mgr Izabela Banaszkiewicz<br \/>\n<u>Studia stacjonarne I i II stopnia<br \/>\n<\/u><\/strong>\u2013 filologia angielska: kultura-media-translacja<br \/>\ne-mail: <a href=\"mailto:agata.paterak@us.edu.pl\">izabela.banaszkiewicz@us.edu.pl<\/a><br \/>\ntel.: 32 364 08 68<br \/>\nul. Grota-Roweckiego 5,\u00a041-205 Sosnowiec<br \/>\npok.<strong>\u00a01.11<\/strong><\/p>\n<\/div>\r\n                    <\/div>\r\n                <\/div>[\/vc_column_inner][\/vc_row_inner][vc_row_inner][vc_column_inner][vc_empty_space][vc_toggle title=&#8221;Dziekanat ds. dydaktycznych&#8221; css=&#8221;.vc_custom_1729845903285{border-top-width: 2px !important;border-right-width: 2px !important;border-bottom-width: 2px !important;border-left-width: 2px !important;border-left-color: #002e5a !important;border-left-style: solid !important;border-right-color: #002e5a !important;border-right-style: solid !important;border-top-color: #002e5a !important;border-top-style: solid !important;border-bottom-color: #002e5a !important;border-bottom-style: solid !important;}&#8221;]<span style=\"color: #002e5a;\">e-mail:<\/span> <a href=\"mailto:lingwistyka@us.edu.pl\">anglistyka@us.edu.pl<\/a><\/p>\n<p><span style=\"color: #002e5a;\"><strong>mgr in\u017c. Magdalena Z\u0119bala<\/strong><\/span><br \/>\ne-mail:\u00a0<a href=\"mailto:magdalena.zebala@us.edu.pl\">magdalena.zebala@us.edu.pl<\/a><br \/>\n<span style=\"color: #002e5a;\">tel.: 32 364 08 04<\/span><br \/>\n<span style=\"color: #002e5a;\">ul. Grota-Roweckiego 5,\u00a041-205 Sosnowiec<\/span><br \/>\n<span style=\"color: #002e5a;\">pok.<strong>\u00a04.58<\/strong><\/span><\/p>\n<p><span style=\"color: #002e5a;\"><strong>mgr Ilona Ma\u0142yszek<\/strong><\/span><br \/>\ne-mail: <a href=\"mailto:ilona.malyszek@us.edu.pl\">ilona.malyszek@us.edu.pl<\/a><br \/>\ntel.: 32 364 08 92<br \/>\nSosnowiec, ul. Grota-Roweckiego 5,<br \/>\npok. <span style=\"color: #002e5a;\"><strong>4.58<\/strong><\/span>[\/vc_toggle][\/vc_column_inner][\/vc_row_inner][vc_separator][vc_btn title=&#8221;Karta kierunku &amp; Informator ECTS&#8221; style=&#8221;custom&#8221; custom_background=&#8221;#002e5a&#8221; custom_text=&#8221;#ffffff&#8221; shape=&#8221;square&#8221; size=&#8221;lg&#8221; align=&#8221;center&#8221; button_block=&#8221;true&#8221; link=&#8221;url:https%3A%2F%2Finformator.us.edu.pl%2Fprogrammes%2Flist%2Fall%2FFC%2FW1-S1FC25.2025%2F|target:_blank&#8221;][vc_separator][vc_separator]\r\n                <div class=\"title-with-link color-blue\" style=\"background: #EBEBEB\">\r\n                    <div class=\"container\">\r\n                        <div class=\"title-with-link-container links-align-left\">\r\n                            <div class=\"title-with-link__title\"><span><\/span><\/div>\r\n                            <a href=\"https:\/\/us.edu.pl\/wydzial\/wh\/kandydat-wh\/kierunki-studiow\/filologia-angielska-kultura-media-translacja\/\" class=\"title-with-link__link\">Opis kierunku i specjalno\u015bci<\/a>\r\n                        <\/div>\r\n                    <\/div>\r\n                <\/div>\r\n            \r\n                <div class=\"title-with-link color-blue\" style=\"background: #EBEBEB\">\r\n                    <div class=\"container\">\r\n                        <div class=\"title-with-link-container links-align-left\">\r\n                            <div class=\"title-with-link__title\"><span><\/span><\/div>\r\n                            <a href=\"https:\/\/us.edu.pl\/wydzial\/wh\/kierunki-studiow\/filologia-angielska\/wspolpraca-z-otoczeniem\/\" class=\"title-with-link__link\">Wsp\u00f3\u0142praca z otoczeniem<\/a>\r\n                        <\/div>\r\n                    <\/div>\r\n                <\/div>\r\n            [\/vc_column][\/vc_row][vc_column][\/vc_column][vc_column][\/vc_column][vc_column][\/vc_column]<\/p>\n<style type=\"text\/css\">a[data-mtli~=\"mtli_filesize608,16kB\"]:after {content:\" (608,16 kB)\"}a[data-mtli~=\"mtli_filesize613,08kB\"]:after {content:\" (613,08 kB)\"}a[data-mtli~=\"mtli_filesize176,27kB\"]:after {content:\" (176,27 kB)\"}a[data-mtli~=\"mtli_filesize32,71kB\"]:after {content:\" (32,71 kB)\"}a[data-mtli~=\"mtli_filesize415,11kB\"]:after {content:\" (415,11 kB)\"}<\/style>","protected":false},"excerpt":{"rendered":"<p>[vc_row el_class=&#8221;container&#8221;][vc_column width=&#8221;2\/3&#8243;][vc_custom_heading text=&#8221;Filologia angielska: Kultura &#8211; Media &#8211; Translacja&#8221; font_container=&#8221;tag:h2|text_align:left|color:%23002e5a&#8221; use_theme_fonts=&#8221;yes&#8221;][vc_separator color=&#8221;custom&#8221; border_width=&#8221;2&#8243; accent_color=&#8221;#002e5a&#8221;][vc_tta_accordion style=&#8221;modern&#8221; shape=&#8221;square&#8221; spacing=&#8221;1&#8243; gap=&#8221;1&#8243; active_section=&#8221;666&#8243; collapsible_all=&#8221;true&#8221;][vc_tta_section title=&#8221;Rejestracja na zaj\u0119cia &#8211; semestr letnim 2025\/2026&#8243; tab_id=&#8221;1689339900986-9a0e6f71-9802&#8243;][\/vc_tta_section][vc_tta_section title=&#8221;Dy\u017cury pracownik\u00f3w&#8221; tab_id=&#8221;1689339926916-2f029354-bf61&#8243;][\/vc_tta_section][vc_tta_section title=&#8221;Opiekunowie grup studenckich&#8221; tab_id=&#8221;1689334271238-7e5a0f7d-d51b&#8221;][\/vc_tta_section][vc_tta_section title=&#8221;Zaj\u0119cia do wyboru&#8221; tab_id=&#8221;1689334271229-964d3601-c56d&#8221;][\/vc_tta_section][vc_tta_section title=&#8221;Seminaria dyplomowe&#8221; tab_id=&#8221;1706184798964-39450695-dd4e&#8221;][\/vc_tta_section][vc_tta_section title=&#8221;Praktyki zawodowe&#8221; tab_id=&#8221;1706185499780-a840ad33-5cd7&#8243;][\/vc_tta_section][\/vc_tta_accordion][vc_empty_space][vc_separator color=&#8221;custom&#8221; accent_color=&#8221;#9b132a&#8221;][vc_custom_heading text=&#8221;Dyrekcja kierunku&#8221; font_container=&#8221;tag:h2|text_align:left|color:%23002e5a&#8221; google_fonts=&#8221;font_family:PT%20Sans%3Aregular%2Citalic%2C700%2C700italic|font_style:400%20regular%3A400%3Anormal&#8221;][vc_separator color=&#8221;custom&#8221; border_width=&#8221;2&#8243; accent_color=&#8221;#002e5a&#8221;][vc_row_inner][vc_column_inner [&#8230;]<\/p>\n<p><a class=\"btn btn-secondary understrap-read-more-link\" href=\"https:\/\/us.edu.pl\/wydzial\/wh\/kierunki-studiow\/filologia-angielska-kultura-media-translacja\/\">Read More&#8230;<\/a><\/p>\n","protected":false},"author":2429,"featured_media":0,"parent":997,"menu_order":0,"comment_status":"closed","ping_status":"closed","template":"","meta":{"_expiration-date-status":"","_expiration-date":0,"_expiration-date-type":"","_expiration-date-categories":[],"_expiration-date-options":[]},"acf":[],"_links":{"self":[{"href":"https:\/\/us.edu.pl\/wydzial\/wh\/wp-json\/wp\/v2\/pages\/191607"}],"collection":[{"href":"https:\/\/us.edu.pl\/wydzial\/wh\/wp-json\/wp\/v2\/pages"}],"about":[{"href":"https:\/\/us.edu.pl\/wydzial\/wh\/wp-json\/wp\/v2\/types\/page"}],"author":[{"embeddable":true,"href":"https:\/\/us.edu.pl\/wydzial\/wh\/wp-json\/wp\/v2\/users\/2429"}],"replies":[{"embeddable":true,"href":"https:\/\/us.edu.pl\/wydzial\/wh\/wp-json\/wp\/v2\/comments?post=191607"}],"version-history":[{"count":11,"href":"https:\/\/us.edu.pl\/wydzial\/wh\/wp-json\/wp\/v2\/pages\/191607\/revisions"}],"predecessor-version":[{"id":196698,"href":"https:\/\/us.edu.pl\/wydzial\/wh\/wp-json\/wp\/v2\/pages\/191607\/revisions\/196698"}],"up":[{"embeddable":true,"href":"https:\/\/us.edu.pl\/wydzial\/wh\/wp-json\/wp\/v2\/pages\/997"}],"wp:attachment":[{"href":"https:\/\/us.edu.pl\/wydzial\/wh\/wp-json\/wp\/v2\/media?parent=191607"}],"curies":[{"name":"wp","href":"https:\/\/api.w.org\/{rel}","templated":true}]}}