{"id":1919,"date":"2019-11-11T21:16:43","date_gmt":"2019-11-11T20:16:43","guid":{"rendered":"https:\/\/us.edu.pl\/wydzial\/wh\/?page_id=1919"},"modified":"2024-06-24T14:58:34","modified_gmt":"2024-06-24T12:58:34","slug":"proces-dyplomowania","status":"publish","type":"page","link":"https:\/\/us.edu.pl\/wydzial\/wh\/kierunki-studiow\/mediteranistyka\/proces-dyplomowania\/","title":{"rendered":"Proces dyplomowania"},"content":{"rendered":"<p>[vc_row el_class=&#8221;container&#8221;][vc_column width=&#8221;2\/3&#8243;]\r\n                <div class=\"text-modules\">\r\n                    <div class=\"container\">\r\n                        \r\n                        <div class=\"text-modules__content\"><p>Zakres procedury dyplomowania dotyczy student\u00f3w pierwszego stopnia na Mediteranistyce wykonuj\u0105cych prac\u0119 dyplomow\u0105 na Wydziale Humanistycznym U\u015a. Przez prac\u0119 dyplomow\u0105 rozumie si\u0119 prac\u0119 licencjack\u0105 lub magistersk\u0105.<\/p>\n<p>1) Zasady wyboru\/przydzielania promotora:<\/p>\n<p>Promotorem mo\u017ce by\u0107 pracownik Wydzia\u0142u Humanistycznego z tytu\u0142em lub stopniem naukowym. Jest on wybierany przez studenta\/studentk\u0119 na podstawie jego\/jej zainteresowa\u0144 naukowych.<\/p>\n<p>2) Spos\u00f3b zatwierdzania temat\u00f3w prac dyplomowych:<\/p>\n<p>Zatwierdzanie temat\u00f3w prac dyplomowych odbywa si\u0119 w ramach Wydzia\u0142u Humanistycznego z wykorzystaniem systemu\u00a0<em>Archiwum Prac Dyplomowych<\/em>, zwanego systemem APD. System APD dost\u0119pny jest pod adresem\u00a0<a href=\"https:\/\/apd.us.edu.pl\/\">https:\/\/apd.us.edu.pl<\/a>.<\/p>\n<p>Tematy mog\u0105 proponowa\u0107:<\/p>\n<ul>\n<li>nauczyciele akademiccy<\/li>\n<li>zainteresowani\/e studenci\/studentki<\/li>\n<\/ul>\n<p>Tematy prac dyplomowych powinny by\u0107 zgodne z realizowanym kierunkiem studi\u00f3w. Przy ich ustalaniu nale\u017cy uwzgl\u0119dni\u0107 zainteresowania naukowe studenta, programy badawcze oraz mo\u017cliwo\u015bci wydzia\u0142u w zakresie opieki naukowej nad dan\u0105 prac\u0105 dyplomow\u0105. Tematy powinny by\u0107 adekwatne do nadawanego tytu\u0142u i zgodne z efektami kszta\u0142cenia ustalonymi dla kierunku. Zg\u0142oszenie tematu odbywa si\u0119 poprzez z\u0142o\u017cenie w dziekanacie jednostki podpisanego przez studenta\/studentk\u0119 dokumentu RTP (<em>Rejestracja Tytu\u0142u Pracy<\/em>) zawieraj\u0105cego: tytu\u0142 pracy, tytu\u0142, imi\u0119 i nazwisko promotora oraz jego podpis. Zmiana tytu\u0142u pracy mo\u017cliwa jest poprzez z\u0142o\u017cenie ww. dokumentu z uaktualnionym tytu\u0142em pracy.<\/p>\n<p>3) Wymogi dotycz\u0105ce recenzji:<\/p>\n<p>Promotor i recenzent s\u0105 zobowi\u0105zani wprowadzi\u0107 recenzje pracy do systemu APD przed egzaminem dyplomowym. Wydrukowan\u0105 i podpisan\u0105 recenzj\u0119 nale\u017cy dostarczy\u0107 do dziekanatu. Tre\u015b\u0107 zatwierdzonej recenzji jest widoczna dla studenta oraz zostaje automatycznie przes\u0142ana do USOS. Po wprowadzeniu recenzji przez promotora oraz recenzenta system automatycznie zmienia status pracy na \u201ePraca gotowa do obrony\u201d. Prac\u0119 uznaje si\u0119 za ocenion\u0105 pozytywnie, je\u015bli uzyska\u0142a dwie oceny pozytywne.<\/p>\n<p>4) Zasady dopuszczania do egzaminu dyplomowego:<\/p>\n<p>Warunkiem dopuszczenia do egzaminu dyplomowego jest osi\u0105gni\u0119cie efekt\u00f3w kszta\u0142cenia przewidzianych w programie kszta\u0142cenia oraz uzyskanie pozytywnych ocen pracy dyplomowej. Gdy praca uzyska\u0142a w APD status \u201ePraca gotowa do obrony\u201d, pracownik dziekanatu wydaje cz\u0142onkom komisji egzaminacyjnej komplet dokument\u00f3w (wraz z wydrukowanym protoko\u0142em egzaminu dyplomowego) koniecznych do przeprowadzenia egzaminu dyplomowego studenta.<\/p>\n<p>5) Zakres merytoryczny egzaminu:<\/p>\n<p>Podczas egzaminu dyplomowego nale\u017cy zada\u0107 trzy pytania z zakresu pracy dyplomowej i efekt\u00f3w kszta\u0142cenia realizowanych w trakcie studi\u00f3w.<\/p>\n<p>6) Forma egzaminu dyplomowego:<\/p>\n<p>Egzamin dyplomowy odbywa si\u0119 w formie ustnej przed powo\u0142an\u0105 przez dziekana komisj\u0105 sk\u0142adaj\u0105c\u0105 si\u0119 z przewodnicz\u0105cego i dw\u00f3ch cz\u0142onk\u00f3w (promotor pracy, recenzent pracy). Przynajmniej jeden z cz\u0142onk\u00f3w komisji powinien posiada\u0107 co najmniej stopie\u0144 doktora habilitowanego.<\/p>\n<p>W trakcie egzaminu przeprowadzana jest dyskusja polegaj\u0105ca na zadaniu dw\u00f3ch pyta\u0144 ze strony promotora i jednego pytania ze strony recenzenta. Student\/studentka odpowiada na pytania, a nast\u0119pnie wychodzi z sali egzaminacyjnej na czas ustalania przez komisj\u0119 oceny (jednog\u0142o\u015bnie lub niejednog\u0142o\u015bnie). Po powrocie na sal\u0119 egzaminacyjn\u0105 otrzymuje informacj\u0119 o ostatecznym wyniku studi\u00f3w. Podstaw\u0105 obliczenia ostatecznego wyniku studi\u00f3w s\u0105:<\/p>\n<ol>\n<li>\u015brednia arytmetyczna wszystkich ocen z egzamin\u00f3w i zalicze\u0144 z modu\u0142\u00f3w zaprojektowanych w planie studi\u00f3w, z uwzgl\u0119dnieniem ocen niedostatecznych uzyskanych w ci\u0105gu ca\u0142ego okresu studi\u00f3w. Ocen z wychowania fizycznego nie wlicza si\u0119 do \u015bredniej.<\/li>\n<li>ocena z pracy ustalona na podstawie ocen promotora i recenzenta. W przypadkach spornych decyduje przewodnicz\u0105cy komisji.<\/li>\n<li>ocena z egzaminu licencjackiego lub magisterskiego ustalona na podstawie ocen cz\u0105stkowych uzyskanych na tym egzaminie.<\/li>\n<\/ol>\n<p>Ostateczny wynik stanowi sum\u0119 1\/2 oceny wymienionej w pkt. a) oraz 1\/4 ka\u017cdej z ocen wymienionych w pkt. b) i c). Je\u015bli ocena wymieniona w pkt. a) jest ni\u017csza ni\u017c 3,0, ostateczny wynik nie mo\u017ce by\u0107 wy\u017cszy od dostatecznego.<\/p>\n<p>W przypadku uzyskania z egzaminu dyplomowego oceny niedostatecznej lub nieprzyst\u0105pienia do tego egzaminu w ustalonym terminie dziekan wyznacza drugi termin egzaminu. Powt\u00f3rny egzamin mo\u017ce si\u0119 odby\u0107 nie wcze\u015bniej ni\u017c przed up\u0142ywem jednego miesi\u0105ca i nie p\u00f3\u017aniej ni\u017c po up\u0142ywie trzech miesi\u0119cy od daty pierwszego egzaminu.<\/p>\n<p>&nbsp;<\/p>\n<p>Powy\u017csze zasady procedowania s\u0105 zgodne z\u00a0<em><a href=\"https:\/\/aktyprawne.us.edu.pl\/d\/5003\/5\/\">Regulaminem studi\u00f3w w U\u015a w Katowicach<\/a>.<\/em><\/p>\n<\/div>\r\n                    <\/div>\r\n                <\/div>[\/vc_column][vc_column width=&#8221;1\/3&#8243;][\/vc_column][\/vc_row]<\/p>","protected":false},"excerpt":{"rendered":"<p>[vc_row el_class=&#8221;container&#8221;][vc_column width=&#8221;2\/3&#8243;][\/vc_column][vc_column width=&#8221;1\/3&#8243;][\/vc_column][\/vc_row] [&#8230;]<\/p>\n<p><a class=\"btn btn-secondary understrap-read-more-link\" href=\"https:\/\/us.edu.pl\/wydzial\/wh\/kierunki-studiow\/mediteranistyka\/proces-dyplomowania\/\">Read More&#8230;<\/a><\/p>\n","protected":false},"author":32,"featured_media":0,"parent":173511,"menu_order":0,"comment_status":"closed","ping_status":"closed","template":"","meta":{"_expiration-date-status":"","_expiration-date":0,"_expiration-date-type":"","_expiration-date-categories":[],"_expiration-date-options":[]},"acf":[],"_links":{"self":[{"href":"https:\/\/us.edu.pl\/wydzial\/wh\/wp-json\/wp\/v2\/pages\/1919"}],"collection":[{"href":"https:\/\/us.edu.pl\/wydzial\/wh\/wp-json\/wp\/v2\/pages"}],"about":[{"href":"https:\/\/us.edu.pl\/wydzial\/wh\/wp-json\/wp\/v2\/types\/page"}],"author":[{"embeddable":true,"href":"https:\/\/us.edu.pl\/wydzial\/wh\/wp-json\/wp\/v2\/users\/32"}],"replies":[{"embeddable":true,"href":"https:\/\/us.edu.pl\/wydzial\/wh\/wp-json\/wp\/v2\/comments?post=1919"}],"version-history":[{"count":7,"href":"https:\/\/us.edu.pl\/wydzial\/wh\/wp-json\/wp\/v2\/pages\/1919\/revisions"}],"predecessor-version":[{"id":173517,"href":"https:\/\/us.edu.pl\/wydzial\/wh\/wp-json\/wp\/v2\/pages\/1919\/revisions\/173517"}],"up":[{"embeddable":true,"href":"https:\/\/us.edu.pl\/wydzial\/wh\/wp-json\/wp\/v2\/pages\/173511"}],"wp:attachment":[{"href":"https:\/\/us.edu.pl\/wydzial\/wh\/wp-json\/wp\/v2\/media?parent=1919"}],"curies":[{"name":"wp","href":"https:\/\/api.w.org\/{rel}","templated":true}]}}