{"id":193373,"date":"2025-10-29T14:29:37","date_gmt":"2025-10-29T13:29:37","guid":{"rendered":"https:\/\/us.edu.pl\/wydzial\/wh\/?page_id=193373"},"modified":"2025-11-20T11:46:16","modified_gmt":"2025-11-20T10:46:16","slug":"uchwaly-rady-dydaktycznej-kierunkow","status":"publish","type":"page","link":"https:\/\/us.edu.pl\/wydzial\/wh\/kierunki-studiow\/architektura-informacji\/uchwaly-rady-dydaktycznej-kierunkow\/","title":{"rendered":"Uchwa\u0142y Rady Dydaktycznej Kierunk\u00f3w"},"content":{"rendered":"<p>[vc_row][vc_column]\r\n                <div class=\"text-modules\">\r\n                    <div class=\"container\">\r\n                        <h3 class=\"page-title text__title\">Uchwa\u0142y Rady Dydaktycznej Kierunk\u00f3w: architektura informacji, informacja naukowa i bibliotekoznawstwo<\/h3>\r\n                        <div class=\"text-modules__content\"><p><a href=\"https:\/\/us.edu.pl\/wydzial\/wh\/wp-content\/uploads\/sites\/15\/Bez-kategorii\/ok_Uchwala-1-kryteria-naboru.pdf\" class=\"mtli_attachment mtli_pdf\" data-mtli=\"mtli_filesize586,96kB\" class=\"mtli_attachment mtli_pdf\" data-mtli=\"mtli_filesize586,96kB\">Uchwa\u0142a nr 1 Rady Dydaktycznej Kierunku z 2 kwietnia 2025 roku w sprawie wydania pozytywnej opinii nt. propozycji kryteri\u00f3w naboru na kierunki architektura informacji oraz informacja naukowa i bibliotekoznawstwo<\/a><\/p>\n<p><a href=\"https:\/\/us.edu.pl\/wydzial\/wh\/wp-content\/uploads\/sites\/15\/2025\/11\/ok_Uchwala-nr-2-Rady-Dydaktycznej-inib-MU.pdf\" class=\"mtli_attachment mtli_pdf\" data-mtli=\"mtli_filesize603,93kB\" class=\"mtli_attachment mtli_pdf\" data-mtli=\"mtli_filesize603,93kB\">Uchwa\u0142a nr 2 Rady Dydaktycznej Kierunku z 23 kwietnia 2025 roku w sprawie wydania pozytywnej opinii zwi\u0105zanej z modyfikacj\u0105 plan\u00f3w studi\u00f3w kierunku informacja naukowa i bibliotekoznawstwo<\/a><\/p>\n<p><a href=\"https:\/\/us.edu.pl\/wydzial\/wh\/wp-content\/uploads\/sites\/15\/Bez-kategorii\/ok_Uchwala-nr-2-Rady-Dydaktycznej-inib-MU-1.pdf\" class=\"mtli_attachment mtli_pdf\" data-mtli=\"mtli_filesize603,93kB\" class=\"mtli_attachment mtli_pdf\" data-mtli=\"mtli_filesize603,93kB\">Uchwa\u0142a nr 3 Rady Dydaktycznej Kierunku z 23 kwietnia 2025 roku w sprawie wydania pozytywnej opinii zwi\u0105zanej z modyfikacj\u0105 plan\u00f3w studi\u00f3w kierunku informacja naukowa i bibliotekoznawstwo<\/a><\/p>\n<p><a href=\"https:\/\/us.edu.pl\/wydzial\/wh\/wp-content\/uploads\/sites\/15\/Bez-kategorii\/ok_Uchwala-nr-4-Rady-Dydaktycznej-SN-inib-MU.pdf\" class=\"mtli_attachment mtli_pdf\" data-mtli=\"mtli_filesize586,74kB\" class=\"mtli_attachment mtli_pdf\" data-mtli=\"mtli_filesize586,74kB\">Uchwa\u0142a nr 4 Rady Dydaktycznej Kierunku z 30 kwietnia 2025 roku w sprawie wydania pozytywnej opinii zwi\u0105zanej z modyfikacj\u0105 plan\u00f3w studi\u00f3w niestacjonarnych kierunku informacja naukowa i bibliotekoznawstwo<\/a><\/p>\n<p><a href=\"https:\/\/us.edu.pl\/wydzial\/wh\/wp-content\/uploads\/sites\/15\/Bez-kategorii\/Uchwala-nr-5-RDKS-Regulamin-praktyk.pdf\" class=\"mtli_attachment mtli_pdf\" data-mtli=\"mtli_filesize271,67kB\" class=\"mtli_attachment mtli_pdf\" data-mtli=\"mtli_filesize271,67kB\">Uchwa\u0142a nr 5 Rady Dydaktycznej Kierunku z 30 kwietnia 2025 roku w sprawie wydania pozytywnej opinii na temat &#8222;Regulaminu praktyk zawodowych student\u00f3w kierunku informacja naukowa i bibliotekoznawstwo&#8221;<\/a><\/p>\n<p><a href=\"https:\/\/us.edu.pl\/wydzial\/wh\/wp-content\/uploads\/sites\/15\/2025\/11\/ok_Uchwala-nr-6-Rady-Dydaktycznej-SS-BN-I-stopnia.pdf\" class=\"mtli_attachment mtli_pdf\" data-mtli=\"mtli_filesize44,35kB\" class=\"mtli_attachment mtli_pdf\" data-mtli=\"mtli_filesize44,35kB\">Uchwa\u0142a nr 6 Rady Dydaktycznej Kierunku z 28 maja 2025 roku w sprawie wydania pozytywnej opinii zwi\u0105zanej z modyfikacj\u0105 planu studi\u00f3w kierunku informacja naukowa i bibliotekoznawstwo<\/a><\/p>\n<p><a href=\"https:\/\/us.edu.pl\/wydzial\/wh\/wp-content\/uploads\/sites\/15\/2025\/11\/ok_Uchwala-nr-7-Rady-Dydaktycznej-SN-BN-I-stopnia.pdf\" class=\"mtli_attachment mtli_pdf\" data-mtli=\"mtli_filesize43,48kB\" class=\"mtli_attachment mtli_pdf\" data-mtli=\"mtli_filesize43,48kB\">Uchwa\u0142a nr 7 Rady Dydaktycznej Kierunku z 28 maja 2025 roku w sprawie wydania pozytywnej opinii zwi\u0105zanej z modyfikacj\u0105 plan\u00f3w studi\u00f3w\u00a0 kierunku informacja naukowa i bibliotekoznawstwo<\/a><\/p>\n<p><a href=\"https:\/\/us.edu.pl\/wydzial\/wh\/wp-content\/uploads\/sites\/15\/2025\/11\/ok_Uchwala-nr-8-Rady-Dydaktycznej-AI.pdf\" class=\"mtli_attachment mtli_pdf\" data-mtli=\"mtli_filesize47,04kB\" class=\"mtli_attachment mtli_pdf\" data-mtli=\"mtli_filesize47,04kB\">Uchwa\u0142a nr 8 Rady Dydaktycznej Kierunku z 28 maja 2025 roku w sprawie wydania pozytywnej opinii zwi\u0105zanej z modyfikacj\u0105 plan\u00f3w studi\u00f3w kierunku architektura informacji<\/a><\/p>\n<p><a href=\"https:\/\/us.edu.pl\/wydzial\/wh\/wp-content\/uploads\/sites\/15\/2025\/11\/ok_Uchwala-nr-9-Rady-Dydaktycznej.pdf\" class=\"mtli_attachment mtli_pdf\" data-mtli=\"mtli_filesize317,32kB\" class=\"mtli_attachment mtli_pdf\" data-mtli=\"mtli_filesize317,32kB\">Uchwa\u0142a nr 9 Rady Dydaktycznej Kierunku z 9 lipca 2025 roku w sprawie wprowadzenia zmian programu studi\u00f3w kierunku informacja naukowa i bibliotekoznawstwo<\/a><\/p>\n<p><a href=\"https:\/\/us.edu.pl\/wydzial\/wh\/wp-content\/uploads\/sites\/15\/2025\/11\/ok_Uchwala-nr-10-Rady-Dydaktycznej.pdf\" class=\"mtli_attachment mtli_pdf\" data-mtli=\"mtli_filesize316,02kB\" class=\"mtli_attachment mtli_pdf\" data-mtli=\"mtli_filesize316,02kB\">Uchwa\u0142a nr 10 Rady Dydaktycznej Kierunku z 9 lipca 2025 roku w sprawie wprowadzenia zmian programu studi\u00f3w kierunku informacja naukowa i bibliotekoznawstwo<\/a><\/p>\n<p><a href=\"https:\/\/us.edu.pl\/wydzial\/wh\/wp-content\/uploads\/sites\/15\/2025\/11\/ok_Uchwala-nr-11-Rady-Dydaktycznej.pdf\" class=\"mtli_attachment mtli_pdf\" data-mtli=\"mtli_filesize265,99kB\" class=\"mtli_attachment mtli_pdf\" data-mtli=\"mtli_filesize265,99kB\">Uchwa\u0142a nr 11 Rady Dydaktycznej Kierunku z dnia 9 lipca 2025 roku w sprawie harmonogramu posiedze\u0144 Rady Dydaktycznej Kierunku<\/a><\/p>\n<p><a href=\"https:\/\/us.edu.pl\/wydzial\/wh\/wp-content\/uploads\/sites\/15\/2025\/11\/ok_Uchwala-nr-12-Rady-Dydaktycznej.pdf\" class=\"mtli_attachment mtli_pdf\" data-mtli=\"mtli_filesize276,54kB\" class=\"mtli_attachment mtli_pdf\" data-mtli=\"mtli_filesize276,54kB\">Uchwa\u0142a nr 12 Rady Dydaktycznej Kierunku z 11 lipca 2025 roku w sprawie propozycji zmian kryteri\u00f3w rekrutacji na studia drugiego stopnia kierunku informacja naukowa i bibliotekoznawstwo na rok akademicki 2026\/2027<\/a><\/p>\n<style type=\"text\/css\">a[data-mtli~=\"mtli_filesize586,96kB\"]:after {content:\" (586,96 kB)\"}a[data-mtli~=\"mtli_filesize603,93kB\"]:after {content:\" (603,93 kB)\"}a[data-mtli~=\"mtli_filesize586,74kB\"]:after {content:\" (586,74 kB)\"}a[data-mtli~=\"mtli_filesize271,67kB\"]:after {content:\" (271,67 kB)\"}a[data-mtli~=\"mtli_filesize44,35kB\"]:after {content:\" (44,35 kB)\"}a[data-mtli~=\"mtli_filesize43,48kB\"]:after {content:\" (43,48 kB)\"}a[data-mtli~=\"mtli_filesize47,04kB\"]:after {content:\" (47,04 kB)\"}a[data-mtli~=\"mtli_filesize317,32kB\"]:after {content:\" (317,32 kB)\"}a[data-mtli~=\"mtli_filesize316,02kB\"]:after {content:\" (316,02 kB)\"}a[data-mtli~=\"mtli_filesize265,99kB\"]:after {content:\" (265,99 kB)\"}a[data-mtli~=\"mtli_filesize276,54kB\"]:after {content:\" (276,54 kB)\"}<\/style><\/div>\r\n                    <\/div>\r\n                <\/div>[\/vc_column][\/vc_row]<\/p>\n<style type=\"text\/css\">a[data-mtli~=\"mtli_filesize586,96kB\"]:after {content:\" (586,96 kB)\"}a[data-mtli~=\"mtli_filesize603,93kB\"]:after {content:\" (603,93 kB)\"}a[data-mtli~=\"mtli_filesize586,74kB\"]:after {content:\" (586,74 kB)\"}a[data-mtli~=\"mtli_filesize271,67kB\"]:after {content:\" (271,67 kB)\"}a[data-mtli~=\"mtli_filesize44,35kB\"]:after {content:\" (44,35 kB)\"}a[data-mtli~=\"mtli_filesize43,48kB\"]:after {content:\" (43,48 kB)\"}a[data-mtli~=\"mtli_filesize47,04kB\"]:after {content:\" (47,04 kB)\"}a[data-mtli~=\"mtli_filesize317,32kB\"]:after {content:\" (317,32 kB)\"}a[data-mtli~=\"mtli_filesize316,02kB\"]:after {content:\" (316,02 kB)\"}a[data-mtli~=\"mtli_filesize265,99kB\"]:after {content:\" (265,99 kB)\"}a[data-mtli~=\"mtli_filesize276,54kB\"]:after {content:\" (276,54 kB)\"}<\/style>","protected":false},"excerpt":{"rendered":"<p>[vc_row][vc_column][\/vc_column][\/vc_row] [&#8230;]<\/p>\n<p><a class=\"btn btn-secondary understrap-read-more-link\" href=\"https:\/\/us.edu.pl\/wydzial\/wh\/kierunki-studiow\/architektura-informacji\/uchwaly-rady-dydaktycznej-kierunkow\/\">Read More&#8230;<\/a><\/p>\n","protected":false},"author":7254,"featured_media":0,"parent":174666,"menu_order":0,"comment_status":"closed","ping_status":"closed","template":"","meta":{"_expiration-date-status":"","_expiration-date":0,"_expiration-date-type":"","_expiration-date-categories":[],"_expiration-date-options":[]},"acf":[],"_links":{"self":[{"href":"https:\/\/us.edu.pl\/wydzial\/wh\/wp-json\/wp\/v2\/pages\/193373"}],"collection":[{"href":"https:\/\/us.edu.pl\/wydzial\/wh\/wp-json\/wp\/v2\/pages"}],"about":[{"href":"https:\/\/us.edu.pl\/wydzial\/wh\/wp-json\/wp\/v2\/types\/page"}],"author":[{"embeddable":true,"href":"https:\/\/us.edu.pl\/wydzial\/wh\/wp-json\/wp\/v2\/users\/7254"}],"replies":[{"embeddable":true,"href":"https:\/\/us.edu.pl\/wydzial\/wh\/wp-json\/wp\/v2\/comments?post=193373"}],"version-history":[{"count":8,"href":"https:\/\/us.edu.pl\/wydzial\/wh\/wp-json\/wp\/v2\/pages\/193373\/revisions"}],"predecessor-version":[{"id":193733,"href":"https:\/\/us.edu.pl\/wydzial\/wh\/wp-json\/wp\/v2\/pages\/193373\/revisions\/193733"}],"up":[{"embeddable":true,"href":"https:\/\/us.edu.pl\/wydzial\/wh\/wp-json\/wp\/v2\/pages\/174666"}],"wp:attachment":[{"href":"https:\/\/us.edu.pl\/wydzial\/wh\/wp-json\/wp\/v2\/media?parent=193373"}],"curies":[{"name":"wp","href":"https:\/\/api.w.org\/{rel}","templated":true}]}}