{"id":194,"date":"2019-10-02T16:11:18","date_gmt":"2019-10-02T14:11:18","guid":{"rendered":"https:\/\/us.edu.pl\/wydzial\/wh\/?page_id=194"},"modified":"2020-11-02T17:33:38","modified_gmt":"2020-11-02T16:33:38","slug":"laureaci-nagrody-pro-scientia-et-arte","status":"publish","type":"page","link":"https:\/\/us.edu.pl\/wydzial\/wh\/strona-glowna\/wydzial-dawniej-i-dzis\/laureaci-nagrody-pro-scientia-et-arte\/","title":{"rendered":"Laureaci nagrody Pro Scientia et Arte"},"content":{"rendered":"<p>[vc_row el_class=&#8221;container&#8221;][vc_column el_class=&#8221;container&#8221;]\r\n                <div class=\"text-modules \">\r\n                    <div class=\"container\">\r\n                         \r\n                        <div class=\"row m-0\">\r\n                            <div class=\"text-modules__content\">\r\n                                Nagroda \u201ePro Scientia et Arte\u201d zosta\u0142a ustanowiona przez\u00a0Senat Uniwersytetu \u015al\u0105skiego uchwa\u0142\u0105 nr\u00a087\u00a0z\u00a05\u00a0marca 2002\u00a0roku na\u00a0wniosek \u00f3wczesnego rektora prof.\u00a0zw. dr. hab. Tadeusza S\u0142awka.<\/p>\n<p>Nagrod\u0105 \u201ePro Scientia et Arte\u201d Uniwersytet \u015al\u0105ski honoruje wybitne osi\u0105gni\u0119cia naukowe i\u00a0artystyczne pracownik\u00f3w uczelni. Ka\u017cdego roku przyznane mog\u0105 by\u0107 dwie nagrody \u2013 jedna dla artysty lub uczonego reprezentuj\u0105cego kierunki artystyczne i\u00a0humanistyczne, druga natomiast dla badacza reprezentuj\u0105cego nauki matematyczno-przyrodnicze i\u00a0techniczne. Kandydatami do\u00a0nagrody mog\u0105 by\u0107 osoby o\u00a0wybitnym dorobku naukowym lub artystycznym, darzone szacunkiem \u015brodowiska akademickiego. Kandydat\u00f3w do\u00a0nagrody maj\u0105 prawo zg\u0142asza\u0107 pracownicy naukowo-dydaktyczni uniwersytetu.<\/p>\n<p>Symbolem nagrody \u201ePro Scientia et Arte\u201d jest statuetka \u2013 rze\u017aba z\u00a0br\u0105zu z\u00a0cyklu \u201eUskrzydlone\u201d b\u0119d\u0105ca dzie\u0142em profesora Jana Hermy z\u00a0Instytutu Sztuki Uniwersytetu \u015al\u0105skiego w\u00a0Cieszynie oraz\u00a0dyplom drukowany tradycyjn\u0105 technik\u0105 typograficzn\u0105 na\u00a0papierze r\u0119cznie czerpanym. Nagroda wr\u0119czana jest podczas uroczystej inauguracji roku akademickiego.<\/p>\n<p>Wyboru laureat\u00f3w nagrody dokonuje powo\u0142ana przez\u00a0JM Rektora Uniwersytetu \u015al\u0105skiego kapitu\u0142a.<\/p>\n<ol>\n<li><a href=\"https:\/\/us.edu.pl\/wydzial\/wh\/strona-glowna\/wydzial-dawniej-i-dzis\/laureaci-nagrody-pro-scientia-et-arte\/prof-ireneusz-opacki\/\">Prof.\u00a0Ireneusz Opacki<\/a>\u00a0(2004\u00a0r.)<\/li>\n<li><a href=\"https:\/\/us.edu.pl\/wydzial\/wh\/strona-glowna\/wydzial-dawniej-i-dzis\/laureaci-nagrody-pro-scientia-et-arte\/prof-tadeusz-slawek\/\">Prof.\u00a0Tadeusz S\u0142awek<\/a>\u00a0(2007\u00a0r.)<\/li>\n<li><a href=\"https:\/\/us.edu.pl\/wydzial\/wh\/strona-glowna\/wydzial-dawniej-i-dzis\/laureaci-nagrody-pro-scientia-et-arte\/prof-edward-polanski\/\">Prof.\u00a0Edward Pola\u0144ski<\/a>\u00a0(2009\u00a0r.)<\/li>\n<li><a href=\"https:\/\/us.edu.pl\/wydzial\/wh\/strona-glowna\/wydzial-dawniej-i-dzis\/laureaci-nagrody-pro-scientia-et-arte\/prof-krzysztof-klosinski\/\">Prof.\u00a0Krzysztof K\u0142osi\u0144ski\u00a0<\/a>(2015\u00a0r.)<\/li>\n<li><a href=\"https:\/\/us.edu.pl\/wydzial\/wh\/strona-glowna\/wydzial-dawniej-i-dzis\/laureaci-nagrody-pro-scientia-et-arte\/prof-wieslaw-banys\/\">Prof. Wies\u0142aw Bany\u015b<\/a> (2019 r.)<\/li>\n<li><a href=\"https:\/\/us.edu.pl\/wydzial\/wh\/strona-glowna\/wydzial-dawniej-i-dzis\/laureaci-nagrody-pro-scientia-et-arte\/prof-ryszard-kaczmarek\/\">Prof. Ryszard Kaczmarek<\/a> (2020 r.)<\/li>\n<\/ol>\n<div class=\"mt-3\"><\/div>\r\n                            <\/div>\r\n                            \r\n                            <div class=\"text-modules__img\"><img src=\"https:\/\/us.edu.pl\/wydzial\/wh\/wp-content\/uploads\/sites\/15\/Nieprzypisane\/proscientia-300x173.jpg\" alt=\"img\"><\/div>\r\n                        <\/div>\r\n                    <\/div>\r\n                <\/div>[\/vc_column][\/vc_row]<\/p>","protected":false},"excerpt":{"rendered":"<p>[vc_row el_class=&#8221;container&#8221;][vc_column el_class=&#8221;container&#8221;][\/vc_column][\/vc_row] [&#8230;]<\/p>\n<p><a class=\"btn btn-secondary understrap-read-more-link\" href=\"https:\/\/us.edu.pl\/wydzial\/wh\/strona-glowna\/wydzial-dawniej-i-dzis\/laureaci-nagrody-pro-scientia-et-arte\/\">Read More&#8230;<\/a><\/p>\n","protected":false},"author":1,"featured_media":0,"parent":125,"menu_order":0,"comment_status":"closed","ping_status":"closed","template":"","meta":{"_expiration-date-status":"saved","_expiration-date":0,"_expiration-date-type":"","_expiration-date-categories":[],"_expiration-date-options":[]},"acf":[],"_links":{"self":[{"href":"https:\/\/us.edu.pl\/wydzial\/wh\/wp-json\/wp\/v2\/pages\/194"}],"collection":[{"href":"https:\/\/us.edu.pl\/wydzial\/wh\/wp-json\/wp\/v2\/pages"}],"about":[{"href":"https:\/\/us.edu.pl\/wydzial\/wh\/wp-json\/wp\/v2\/types\/page"}],"author":[{"embeddable":true,"href":"https:\/\/us.edu.pl\/wydzial\/wh\/wp-json\/wp\/v2\/users\/1"}],"replies":[{"embeddable":true,"href":"https:\/\/us.edu.pl\/wydzial\/wh\/wp-json\/wp\/v2\/comments?post=194"}],"version-history":[{"count":8,"href":"https:\/\/us.edu.pl\/wydzial\/wh\/wp-json\/wp\/v2\/pages\/194\/revisions"}],"predecessor-version":[{"id":5777,"href":"https:\/\/us.edu.pl\/wydzial\/wh\/wp-json\/wp\/v2\/pages\/194\/revisions\/5777"}],"up":[{"embeddable":true,"href":"https:\/\/us.edu.pl\/wydzial\/wh\/wp-json\/wp\/v2\/pages\/125"}],"wp:attachment":[{"href":"https:\/\/us.edu.pl\/wydzial\/wh\/wp-json\/wp\/v2\/media?parent=194"}],"curies":[{"name":"wp","href":"https:\/\/api.w.org\/{rel}","templated":true}]}}