{"id":2061,"date":"2019-11-25T22:25:14","date_gmt":"2019-11-25T21:25:14","guid":{"rendered":"https:\/\/us.edu.pl\/wydzial\/wh\/?page_id=2061"},"modified":"2024-09-26T16:03:18","modified_gmt":"2024-09-26T14:03:18","slug":"seminaria-dyplomowe-i-proces-dyplomowania","status":"publish","type":"page","link":"https:\/\/us.edu.pl\/wydzial\/wh\/kierunki-studiow\/filologia-rosyjska\/seminaria-dyplomowe-i-proces-dyplomowania\/","title":{"rendered":"Seminaria dyplomowe i proces dyplomowania"},"content":{"rendered":"<p>[vc_row el_class=&#8221;container&#8221;][vc_column width=&#8221;2\/3&#8243;]\r\n                <div class=\"text-modules\">\r\n                    <div class=\"container\">\r\n                        <h3 class=\"page-title text__title\">Zapisy na seminaria dyplomowe w roku akad. 2024\/2025<\/h3>\r\n                        <div class=\"text-modules__content\"><p>Uprzejmie informujemy, \u017ce zapisy do grup seminaryjnych <strong>na studiach 1 i 2 stopnia<\/strong> na kierunku filologia rosyjska \/ filologia wschodnios\u0142owia\u0144ska odbywa\u0107 si\u0119 b\u0119d\u0105 w <strong><span style=\"text-decoration: underline;\">dniach od 30 wrze\u015bnia 2024 od godz. 12.00 do 6 pa\u017adziernika 2024 do godziny 12.00<\/span>.\u00a0<\/strong><\/p>\n<p><strong style=\"color: #993300;\">ZG\u0141OSZENIA NADES\u0141ANE PRZED 30 WRZE\u015aNIA NIE B\u0118D\u0104 UWZGL\u0118DNIANE!!<\/strong><\/p>\n<p><strong>Zapisy na seminaria magisterskie<\/strong> ze wzgl\u0119du na trwaj\u0105cy proces rekrutacji i kolejny planowany nab\u00f3r <strong>mog\u0105 zosta\u0107 przed\u0142u\u017cone, b\u0105d\u017a b\u0119d\u0105 odbywa\u0107 si\u0119 w spos\u00f3b indywidualny.<\/strong>\u00a0Prosimy zainteresowanych kandydat\u00f3w na studia drugiego stopnia o \u015bledzenie komunikat\u00f3w.<\/p>\n<p>Prosimy o zapoznanie si\u0119 z opisami problematyki seminari\u00f3w licencjackich i magisterskich, zamieszczonymi poni\u017cej w odpowiednich &#8222;kafelkach&#8221;: &#8222;Seminaria licencjackie&#8221; i &#8222;Seminaria magisterskie&#8221; znajduj\u0105cych si\u0119 pod opisem zasad obowi\u0105zuj\u0105cych podczas zapis\u00f3w.<\/p>\n<p>Zg\u0142oszenia z pro\u015bb\u0105 o wpisanie do konkretnej grupy seminaryjnej (\u201eUprzejmie prosz\u0119 o wpisanie mnie do grupy seminaryjnej pani\/pana&#8230; prof. dr hab. \/dr hab.\/ dr itd.) nale\u017cy przesy\u0142a\u0107 na adres mejlowy kierunku: <strong><a href=\"mailto:%20filologia.rosyjska.wh@us.edu.pl\" target=\"_blank\" rel=\"noopener noreferrer\">filologia.rosyjska.wh@us.edu.pl<\/a> <span style=\"color: #ff0000;\">obowi\u0105zkowo z opcj\u0105 &#8222;do wiadomo\u015bci&#8221; (&#8222;DW&#8221;\/&#8221;Dodaj Cc&#8221;) wybranego promotora<\/span><\/strong><span style=\"color: #ff0000;\"> (<strong>s\u0142u\u017cbowe adresy mejlowe promotor\u00f3w ni\u017cej<\/strong>)<\/span>. Prosimy pami\u0119ta\u0107 o podaniu swojego imienia i nazwiska oraz specjalno\u015bci.<\/p>\n<p>W temacie wiadomo\u015bci nale\u017cy wpisa\u0107, zgodnie z dokonanym wyborem informacj\u0119 wed\u0142ug wzoru: <strong>\u201eseminarium licencjackie\/magisterskie_imi\u0119.nazwisko promotora\u201d<\/strong>.<\/p>\n<p><strong>Mo\u017cna wpisa\u0107 si\u0119 tylko do jednej wybranej grupy seminaryjnej.<\/strong> W przypadku otrzymania informacji od promotora lub koordynatora zapis\u00f3w o wyczerpaniu miejsc w wybranej grupie nale\u017cy zapisa\u0107 si\u0119 do innej powtarzaj\u0105c procedur\u0119 zapisu.<\/p>\n<p>Limit grupy wynosi 10 (sem. lic.) i 12 (sem. mgr.) os\u00f3b. O przyj\u0119ciu do grupy decyduje kolejno\u015b\u0107 zg\u0142osze\u0144.<\/p>\n<p>&nbsp;<\/p>\n<p><strong>Adresy mejlowe prowadz\u0105cych seminaria w roku akad. 2024\/2025:<\/strong><\/p>\n<ul>\n<li>dr hab. Oksana Ma\u0142ysa, prof. U\u015a: <a href=\"mailto:oksana.malysa@us.edu.pl\"><strong>oksana.malysa@us.edu.pl<\/strong><\/a><\/li>\n<li>dr hab. Andrzej Polak, prof. U\u015a: <a href=\"mailto:andrzej.polak@us.edu.pl\"><strong>andrzej.polak@us.edu.pl<\/strong><\/a><\/li>\n<li>dr Aneta Banaszek-Szapowa\u0142owa:\u00a0<a href=\"mailto:aneta.banaszek-szapowalowa@us.edu.pl\"><strong>aneta.banaszek-szapowalowa@us.edu.pl<\/strong><\/a><\/li>\n<li>dr Paulina Charko-Klekot:\u00a0<a href=\"mailto:paulina.charko-klekot@us.edu.pl\"><strong>paulina.charko-klekot@us.edu.pl<\/strong><\/a><\/li>\n<li>dr Lesya Duda: <a href=\"mailto:dudalesia@gmail.com\"><strong>dudalesia@gmail.com<\/strong><\/a><\/li>\n<li>dr Joanna Woch:\u00a0<a href=\"mailto:joanna.woch@us.edu.pl\"><strong>joanna.woch@us.edu.pl<\/strong><\/a><\/li>\n<li style=\"list-style-type: none;\"><\/li>\n<\/ul>\n<div><\/div>\n<div>W razie pyta\u0144 i w\u0105tpliwo\u015bci nale\u017cy kontaktowa\u0107 si\u0119 z zast\u0119pc\u0105 dyrektora kierunku filologia wschodnios\u0142owia\u0144ska \/ rosyjska, pani\u0105 <strong>dr Lidi\u0105 Mi\u0119sowsk\u0105, prof. U\u015a<\/strong>, kt\u00f3ra koordynuje zapisy do grup, e-mail:<strong>\u00a0<a href=\"mailto:%20lidia.miesowska@us.edu.pl\" target=\"_blank\" rel=\"noopener noreferrer\">lidia.miesowska@us.edu.pl<\/a><\/strong>.<\/div>\n<p>\n<\/div>\r\n                    <\/div>\r\n                <\/div>[\/vc_column][vc_column width=&#8221;1\/3&#8243;][\/vc_column][\/vc_row][vc_row][vc_column]\r\n                <div class=\"tiles-section\" style=\"background: \">\r\n                    <div class=\"container\">\r\n                        <h3 class=\"page-title\"><\/h3>\r\n                        <div class=\"tiles tiles-3\">\r\n                            <a href=\"https:\/\/us.edu.pl\/wydzial\/wh\/kierunki-studiow\/filologia-rosyjska\/seminaria-dyplomowe-i-proces-dyplomowania\/seminaria-licencjackie\/\" class=\"tile tile_ justify-content-center\" style=\"background-color: #002E5A; font-weight: bold; color: #ffffff;  \">\r\n                                \r\n                                   \r\n                               \r\n                                <div class=\"tile__name\">Seminaria licencjackie<\/div>\r\n                            <\/a>\r\n                            <a href=\"https:\/\/us.edu.pl\/wydzial\/wh\/kierunki-studiow\/filologia-rosyjska\/seminaria-dyplomowe-i-proces-dyplomowania\/seminaria-magisterskie\/\" class=\"tile tile_ justify-content-center\" style=\"background-color: #002E5A; font-weight: bold; color: #ffffff;  \">\r\n                                \r\n                                   \r\n                               \r\n                                <div class=\"tile__name\">Seminaria magisterskie<\/div>\r\n                            <\/a>\r\n                            <a href=\" https:\/\/us.edu.pl\/wydzial\/wh\/kierunki-studiow\/filologia-rosyjska\/seminaria-dyplomowe-i-proces-dyplomowania\/proces-dyplomowania\/\" class=\"tile tile_ justify-content-center\" style=\"background-color: #002E5A; font-weight: bold; color: #ffffff;  \">\r\n                                \r\n                                   \r\n                               \r\n                                <div class=\"tile__name\">Proces dyplomowania<\/div>\r\n                            <\/a><\/div>\r\n                    <\/div>\r\n                <\/div>[vc_row_inner][vc_column_inner][vc_empty_space height=&#8221;100px&#8221;][\/vc_column_inner][\/vc_row_inner][\/vc_column][\/vc_row][vc_row el_class=&#8221;container&#8221;][vc_column width=&#8221;2\/3&#8243;]\r\n                <div class=\"text-modules\">\r\n                    <div class=\"container\">\r\n                        <h3 class=\"page-title text__title\">Zapisy na seminaria dyplomowe w roku akad. 2023\/2024<\/h3>\r\n                        <div class=\"text-modules__content\"><p>Uprzejmie informujemy, \u017ce zapisy do grup seminaryjnych <strong>na studiach 1 i 2 stopnia<\/strong> na kierunku filologia rosyjska \/ filologia wschodnios\u0142owia\u0144ska odbywa\u0107 si\u0119 b\u0119d\u0105 w <strong><span style=\"text-decoration: underline;\">dniach od 27 wrze\u015bnia 2023 od godz. 12.00 do 4 pa\u017adziernika 2023 do godziny 12.00<\/span>.\u00a0<\/strong><\/p>\n<p><strong style=\"color: #993300;\">ZG\u0141OSZENIA NADES\u0141ANE PRZED 27 WRZE\u015aNIA NIE B\u0118D\u0104 UWZGL\u0118DNIANE!!<\/strong><\/p>\n<p><strong>Zapisy na seminaria magisterskie<\/strong> ze wzgl\u0119du na trwaj\u0105cy proces rekrutacji i kolejny planowany nab\u00f3r <strong>mog\u0105 zosta\u0107 przed\u0142u\u017cone, b\u0105d\u017a b\u0119d\u0105 odbywa\u0107 si\u0119 w spos\u00f3b indywidualny.<\/strong>\u00a0Prosimy zainteresowanych kandydat\u00f3w na studia drugiego stopnia o \u015bledzenie komunikat\u00f3w.<\/p>\n<p>Prosimy o zapoznanie si\u0119 z opisami problematyki seminari\u00f3w licencjackich i magisterskich, zamieszczonymi poni\u017cej w odpowiednich &#8222;kafelkach&#8221;: &#8222;Seminaria licencjackie&#8221; i &#8222;Seminaria magisterskie&#8221; znajduj\u0105cych si\u0119 pod opisem zasad obowi\u0105zuj\u0105cych podczas zapis\u00f3w.<\/p>\n<p>Zg\u0142oszenia z pro\u015bb\u0105 o wpisanie do konkretnej grupy seminaryjnej (&#8222;Uprzejmie prosz\u0119 o wpisanie mnie do grupy seminaryjnej pani\/pana&#8230; prof. dr hab. \/dr hab.\/ dr itd.) nale\u017cy przesy\u0142a\u0107 na adres mejlowy kierunku: <strong><a href=\"mailto:%20filologia.rosyjska.wh@us.edu.pl\" target=\"_blank\" rel=\"noopener noreferrer\">filologia.rosyjska.wh@us.edu.pl<\/a> <span style=\"color: #ff0000;\">obowi\u0105zkowo z opcj\u0105 &#8222;do wiadomo\u015bci&#8221; (&#8222;DW&#8221;\/&#8221;Dodaj Cc&#8221;) wybranego promotora<\/span><\/strong><span style=\"color: #ff0000;\"> (<strong>s\u0142u\u017cbowe adresy mejlowe promotor\u00f3w ni\u017cej<\/strong>)<\/span>. Prosimy pami\u0119ta\u0107 o podaniu swojego imienia i nazwiska oraz specjalno\u015bci.<\/p>\n<p>W temacie wiadomo\u015bci nale\u017cy wpisa\u0107, zgodnie z dokonanym wyborem informacj\u0119 wed\u0142ug wzoru: <strong>\u201eseminarium licencjackie\/magisterskie_imi\u0119.nazwisko promotora\u201d<\/strong>.<\/p>\n<p><strong>Mo\u017cna wpisa\u0107 si\u0119 tylko do jednej wybranej grupy seminaryjnej.<\/strong> W przypadku otrzymania informacji od promotora lub koordynatora zapis\u00f3w o wyczerpaniu miejsc w wybranej grupie nale\u017cy zapisa\u0107 si\u0119 do innej powtarzaj\u0105c procedur\u0119 zapisu.<\/p>\n<p>Limit grupy wynosi 12 os\u00f3b. O przyj\u0119ciu do grupy decyduje kolejno\u015b\u0107 zg\u0142osze\u0144.<\/p>\n<p>&nbsp;<\/p>\n<p><strong>Adresy mejlowe prowadz\u0105cych seminaria w roku akad. 2023\/2024:<\/strong><\/p>\n<ul>\n<li>prof. dr hab. Piotr Czerwi\u0144ski: <b><a href=\"mailto:petr.tchervinski@us.edu.pl\">petr.tchervinski@us.edu.pl<\/a> <\/b><\/li>\n<li>prof. dr hab. Piotr Fast: <strong><a href=\"mailto:piotr.fast@us.edu.pl\">piotr.fast@us.edu.pl<\/a><\/strong><\/li>\n<li>dr hab. Jolanta Lubocha-Kruglik, prof. U\u015a: <a href=\"mailto:jolanta.lubocha-kruglik@us.edu.pl\"><strong>jolanta.lubocha-kruglik@us.edu.pl<\/strong><\/a><\/li>\n<li>dr hab. Beata Pawletko, prof. U\u015a: <a href=\"mailto:beata.pawletko@us.edu.pl\"><strong>beata.pawletko@us.edu.pl<\/strong><\/a><\/li>\n<li>dr Monika Karwacka: <a href=\"mailto:monika.karwacka@us.edu.pl\"><strong>monika.karwacka@us.edu.pl<\/strong><\/a><\/li>\n<li>dr Ja\u015bmina \u015amiech: <a href=\"mailto:jasmina.smiech@us.edu.pl\"><strong>jasmina.smiech@us.edu.pl<\/strong><\/a><\/li>\n<li>dr Maciej Walczak: <a href=\"mailto:maciej.walczak@us.edu.pl\"><strong>maciej.walczak@us.edu.pl<\/strong><\/a><\/li>\n<\/ul>\n<div><\/div>\n<div>W razie pyta\u0144 i w\u0105tpliwo\u015bci nale\u017cy kontaktowa\u0107\u00a0si\u0119\u00a0z zast\u0119pc\u0105 dyrektora kierunku Filologia rosyjska, pani\u0105\u00a0<strong>dr Lidi\u0105 Mi\u0119sowsk\u0105, prof. U\u015a<\/strong>, kt\u00f3ra koordynuje zapisy do grup, e-mail:<strong>\u00a0<a href=\"mailto:%20lidia.miesowska@us.edu.pl\" target=\"_blank\" rel=\"noopener noreferrer\">lidia.miesowska@us.edu.pl<\/a><\/strong>.<\/div>\n<p>\n<\/div>\r\n                    <\/div>\r\n                <\/div>[\/vc_column][vc_column width=&#8221;1\/3&#8243;][\/vc_column][\/vc_row][vc_row el_class=&#8221;container&#8221;][vc_column width=&#8221;2\/3&#8243;]\r\n                <div class=\"text-modules\">\r\n                    <div class=\"container\">\r\n                        <h3 class=\"page-title text__title\">Zapisy na seminaria dyplomowe w roku akad. 2022\/2023<\/h3>\r\n                        <div class=\"text-modules__content\"><p>Uprzejmie informujemy, \u017ce zapisy do grup seminaryjnych <strong>na studiach 1 i 2 stopnia<\/strong> na kierunku filologia rosyjska odbywa\u0107 si\u0119 b\u0119d\u0105 w <strong><span style=\"text-decoration: underline;\">dniach od 23 wrze\u015bnia od godz. 8.00 do 30 wrze\u015bnia 2022 do godziny 15.00<\/span>.\u00a0<\/strong><\/p>\n<p><strong style=\"color: #993300;\">ZG\u0141OSZENIA NADES\u0141ANE PRZED 23 WRZE\u015aNIA NIE B\u0118D\u0104 UWZGL\u0118DNIANE!!<\/strong><\/p>\n<p><strong>Zapisy na seminaria magisterskie<\/strong> ze wzgl\u0119du na trwaj\u0105cy proces rekrutacji i drugi nab\u00f3r planowany w drugiej po\u0142owie wrze\u015bnia <strong>mog\u0105 zosta\u0107 przed\u0142u\u017cone<\/strong>. Prosimy zainteresowanych kandydat\u00f3w na studia drugiego stopnia o \u015bledzenie komunikat\u00f3w.<\/p>\n<p>Prosimy o zapoznanie si\u0119 z opisami problematyki seminari\u00f3w licencjackich i magisterskich, zamieszczonymi poni\u017cej w odpowiednich &#8222;kafelkach&#8221;: &#8222;Seminaria licencjackie&#8221; i &#8222;Seminaria magisterskie&#8221; znajduj\u0105cych si\u0119 pod opisem zasad obowi\u0105zuj\u0105cych podczas zapis\u00f3w.<\/p>\n<p>Zg\u0142oszenia z pro\u015bb\u0105 o wpisanie do konkretnej grupy seminaryjnej nale\u017cy przesy\u0142a\u0107 na adres mejlowy kierunku: <strong><a href=\"mailto:%20filologia.rosyjska.wh@us.edu.pl\" target=\"_blank\" rel=\"noopener noreferrer\">filologia.rosyjska.wh@us.edu.pl<\/a> <span style=\"color: #ff0000;\">obowi\u0105zkowo z opcj\u0105 &#8222;do wiadomo\u015bci&#8221; (&#8222;DW&#8221;\/&#8221;Dodaj Cc&#8221;) wybranego promotora<\/span><\/strong><span style=\"color: #ff0000;\"> (<strong>s\u0142u\u017cbowe adresy mejlowe promotor\u00f3w ni\u017cej<\/strong>)<\/span>.<\/p>\n<p>W temacie wiadomo\u015bci nale\u017cy wpisa\u0107, zgodnie z dokonanym wyborem informacj\u0119 wed\u0142ug wzoru: <strong>\u201eseminarium licencjackie\/magisterskie_imi\u0119.nazwisko promotora\u201d<\/strong>.<\/p>\n<p><strong>Mo\u017cna wpisa\u0107 si\u0119 tylko do jednej wybranej grupy seminaryjnej.<\/strong> W przypadku otrzymania informacji od promotora o wyczerpaniu miejsc w wybranej grupie nale\u017cy zapisa\u0107 si\u0119 do innej powtarzaj\u0105c procedur\u0119 zapisu.<\/p>\n<p>Limit grupy wynosi 12 os\u00f3b. O przyj\u0119ciu do grupy decyduje kolejno\u015b\u0107 zg\u0142osze\u0144.<\/p>\n<p>&nbsp;<\/p>\n<p><strong>Adresy mejlowe prowadz\u0105cych seminaria w roku akad. 2022\/2023:<\/strong><\/p>\n<ul>\n<li>prof. dr hab. Piotr Czerwi\u0144ski: <b><a href=\"mailto:petr.tchervinski@us.edu.pl\">petr.tchervinski@us.edu.pl<\/a> <\/b><\/li>\n<li>dr hab. Andrzej Charciarek, prof. U\u015a: <a href=\"mailto:andrzej.charciarek@us.edu.pl\"><strong>andrzej.charciarek@us.edu.pl<\/strong><\/a><\/li>\n<li>dr hab. Miros\u0142awa Michalska-Suchanek, prof. U\u015a: <a href=\"mailto:miroslawa.michalska-suchanek@us.edu.pl\"><strong>miroslawa.michalska-suchanek@us.edu.pl<\/strong><\/a><\/li>\n<li>dr hab. Andrzej Polak, prof. U\u015a: <a href=\"mailto:andrzej.polak@us.edu.pl\"><strong>andrzej.polak@us.edu.pl<\/strong><\/a><\/li>\n<li>dr hab. Justyna-Tymieniecka, prof. U\u015a: <a href=\"mailto:justyna.tymieniecka-suchanek@us.edu.pl\"><strong>justyna.tymieniecka-suchanek@us.edu.pl<\/strong><\/a><\/li>\n<li>dr hab. Agnieszka Gasz: <a href=\"mailto:agnieszka.gasz@us.edu.pl\"><strong>agnieszka.gasz@us.edu.pl<\/strong><\/a><\/li>\n<li>dr Gabriela Wilk: <a href=\"mailto:gabriela.wilk@us.edu.pl\"><strong>gabriela.wilk@us.edu.pl<\/strong><\/a><\/li>\n<\/ul>\n<div><\/div>\n<div>W razie pyta\u0144 i w\u0105tpliwo\u015bci nale\u017cy kontaktowa\u0107\u00a0si\u0119\u00a0z zast\u0119pc\u0105 dyrektora kierunku Filologia rosyjska, pani\u0105\u00a0<strong>dr Lidi\u0105 Mi\u0119sowsk\u0105, prof. U\u015a<\/strong>, e-mail:<strong>\u00a0<a href=\"mailto:%20lidia.miesowska@us.edu.pl\" target=\"_blank\" rel=\"noopener noreferrer\">lidia.miesowska@us.edu.pl<\/a><\/strong>.<\/div>\n<p>\n<\/div>\r\n                    <\/div>\r\n                <\/div>[\/vc_column][vc_column width=&#8221;1\/3&#8243;][\/vc_column][\/vc_row][vc_row disable_element=&#8221;yes&#8221; el_class=&#8221;container&#8221;][vc_column width=&#8221;2\/3&#8243;]\r\n                <div class=\"text-modules\">\r\n                    <div class=\"container\">\r\n                        <h3 class=\"page-title text__title\">Zapisy na seminaria dyplomowe w roku akad. 2021\/2022 (studia stacjonarne)<\/h3>\r\n                        <div class=\"text-modules__content\"><p>Uprzejmie informujemy, \u017ce zapisy do grup seminaryjnych <strong>na studiach 1 i 2 stopnia<\/strong> na kierunku filologia rosyjska odbywa\u0107 si\u0119 b\u0119d\u0105 w <strong><span style=\"text-decoration: underline;\">dniach od 22 wrze\u015bnia do 28 wrze\u015bnia 2021<\/span> do godziny 15.00.\u00a0<\/strong><\/p>\n<p><strong style=\"color: #993300;\">ZG\u0141OSZENIA NADES\u0141ANE PRZED 22 WRZE\u015aNIA NIE B\u0118D\u0104 UWZGL\u0118DNIANE!!<\/strong><\/p>\n<p><strong>Zapisy na seminaria magisterskie<\/strong> ze wzgl\u0119du na trwaj\u0105cy proces rekrutacji i drugi nab\u00f3r planowany na koniec wrze\u015bnia\/pocz\u0105tek pa\u017adziernika <strong>mog\u0105 zosta\u0107 przed\u0142u\u017cone<\/strong>. Prosimy zainteresowanych kandydat\u00f3w na studia drugiego stopnia o \u015bledzenie komunikat\u00f3w.<\/p>\n<p>Prosimy o zapoznanie si\u0119 z opisami problematyki seminari\u00f3w licencjackich i magisterskich, zamieszczonymi poni\u017cej w odpowiednich &#8222;kafelkach&#8221;: Seminaria licencjackie i Seminaria magisterskie.<\/p>\n<p>Zg\u0142oszenia z pro\u015bb\u0105 o wpisanie do konkretnej grupy seminaryjnej nale\u017cy przesy\u0142a\u0107 na adres mejlowy kierunku: <strong><a href=\"mailto:%20filologia.rosyjska.wh@us.edu.pl\" target=\"_blank\" rel=\"noopener noreferrer\">filologia.rosyjska.wh@us.edu.pl<\/a> obowi\u0105zkowo z opcj\u0105 do wiadomo\u015bci wybranego promotora<\/strong> (<strong>s\u0142u\u017cbowe adresy mejlowe promotor\u00f3w ni\u017cej<\/strong>).<\/p>\n<p>W temacie wiadomo\u015bci nale\u017cy wpisa\u0107, zgodnie z dokonanym wyborem informacj\u0119:\u00a0<strong>\u201eseminarium licencjackie\/magisterskie_imi\u0119.nazwisko promotora\u201d<\/strong>.<\/p>\n<p><strong>Mo\u017cna wpisa\u0107 si\u0119 tylko do jednej wybranej grupy seminaryjnej.<\/strong> W przypadku otrzymania informacji od promotora o wyczerpaniu miejsc w wybranej grupie nale\u017cy zapisa\u0107 si\u0119 do innej powtarzaj\u0105c procedur\u0119 zapisu.<\/p>\n<p>Limit grupy wynosi 12 os\u00f3b. O przyj\u0119ciu do grupy decyduje kolejno\u015b\u0107 zg\u0142osze\u0144.<\/p>\n<p>&nbsp;<\/p>\n<p><strong>Adresy mejlowe prowadz\u0105cych seminaria w roku akad. 2021\/2022:<\/strong><\/p>\n<ul>\n<li>prof. dr hab. Piotr Fast: <strong><a href=\"mailto:piotr.fast@us.edu.pl\">piotr.fast@us.edu.pl<\/a>\u00a0<\/strong><\/li>\n<li>dr hab. Ma\u0142gorzata Borek, prof. U\u015a: <a href=\"mailto:malgorzata.borek@us.edu.pl\"><strong>malgorzata.borek@us.edu.pl<\/strong><\/a><\/li>\n<li>dr hab. Oksana Ma\u0142ysa, prof. U\u015a: <a href=\"mailto:oksana.malysa@us.edu.pl\"><strong>oksana.malysa@us.edu.pl<\/strong><\/a><\/li>\n<li>dr Aneta Banaszek-Szapowa\u0142owa:<a href=\"mailto:aneta.banaszek-szapowalowa@us.edu.pl\"><strong> aneta.banaszek-szapowalowa@us.edu.pl<\/strong><\/a><\/li>\n<li>dr Tomasz Bugaj: <a href=\"mailto:tomasz.bugaj@us.edu.pl\"><strong>tomasz.bugaj@us.edu.pl<\/strong><\/a><\/li>\n<li>dr Maciej Labocha:<a href=\"mailto:maciej.labocha@us.edu.pl\"><strong> maciej.labocha@us.edu.pl<\/strong><\/a><\/li>\n<li>dr Agnieszka Lenart:<a href=\"mailto:agnieszka.lenart@us.edu.pl\"><strong> agnieszka.lenart@us.edu.pl<\/strong><\/a><\/li>\n<li>dr Joanna Woch:<a href=\"mailto:joanna.woch@us.edu.pl\"><strong> joanna.woch@us.edu.pl<\/strong><\/a><\/li>\n<\/ul>\n<div><\/div>\n<div>W razie pyta\u0144 i w\u0105tpliwo\u015bci nale\u017cy kontaktowa\u0107\u00a0si\u0119\u00a0z zast\u0119pc\u0105 dyrektora kierunku Filologia rosyjska, pani\u0105\u00a0<strong>dr Lidi\u0105 Mi\u0119sowsk\u0105, prof. U\u015a<\/strong>, e-mail:<strong>\u00a0<a href=\"mailto:%20lidia.miesowska@us.edu.pl\" target=\"_blank\" rel=\"noopener noreferrer\">lidia.miesowska@us.edu.pl<\/a><\/strong>.<\/div>\n<p>\n<\/div>\r\n                    <\/div>\r\n                <\/div>\r\n                <div class=\"text-modules\">\r\n                    <div class=\"container\">\r\n                        <h3 class=\"page-title text__title\">Zapisy na seminaria dyplomowe w roku akad. 2020\/2021<\/h3>\r\n                        <div class=\"text-modules__content\"><\/p>\n<h4><\/h4>\n<p>Zapisy do grup seminaryjnych\u00a0<strong>na studiach 1 stopnia<\/strong>\u00a0odbywa\u0107 si\u0119 b\u0119d\u0105\u00a0do dnia\u00a0<strong>25 wrze\u015bnia (pi\u0105tek) 2020 r. do godziny 15.00.<\/strong><\/p>\n<p>Zapisy do grup seminaryjnych\u00a0<strong>na studiach 2 stopnia<\/strong>\u00a0odbywa\u0107 si\u0119 b\u0119d\u0105\u00a0do dnia\u00a0<strong>15\u00a0pa\u017adziernika (czwartek) 2020 r. do godziny 15.00.<\/strong><\/p>\n<p>Zg\u0142oszenia z pro\u015bb\u0105 o wpisanie do konkretnej grupy seminaryjnej nale\u017cy przesy\u0142a\u0107\u00a0na adres e-mail:\u00a0<strong><a href=\"mailto:%20filologia.rosyjska.wh@us.edu.pl\" target=\"_blank\" rel=\"noopener noreferrer\">filologia.rosyjska.wh@us.edu.pl<\/a>\u00a0<\/strong>oraz na\u00a0<strong>s\u0142u\u017cbowy adres mejlowy promotora wybranego seminarium<\/strong>.<\/p>\n<p>W temacie wiadomo\u015bci nale\u017cy wpisa\u0107, zgodnie z dokonanym wyborem informacj\u0119:\u00a0<strong>\u201eseminarium licencjackie\/magisterskie_imi\u0119.nazwisko promotora\u201d<\/strong>.<\/p>\n<p>Mo\u017cna wpisa\u0107 si\u0119 tylko do jednej wybranej grupy seminaryjnej. W przypadku otrzymania informacji od promotora o wyczerpaniu miejsc w wybranej grupie nale\u017cy zapisa\u0107 si\u0119 do innej powtarzaj\u0105c procedur\u0119 zapisu.<\/p>\n<p>Limit grupy wynosi 12 os\u00f3b. O przyj\u0119ciu do grupy decyduje kolejno\u015b\u0107 zg\u0142osze\u0144.<\/p>\n<p>&nbsp;<\/p>\n<p><strong>Adresy mejlowe prowadz\u0105cych seminaria w roku akad. 2020\/2021:<\/strong><\/p>\n<ul>\n<li>prof. dr hab. Piotr Czerwi\u0144ski:\u00a0<strong><a href=\"mailto:%20czerwinski.piotr@gmail.com\" target=\"_blank\" rel=\"noopener noreferrer\">czerwinski.piotr@gmail.com\u00a0<\/a><\/strong><\/li>\n<li>dr hab. Miros\u0142awa Michalska-Suchanek, prof. U\u015a:\u00a0<strong><a href=\"mailto:%20miroslawa.michalska-suchanek@us.edu.pl\" target=\"_blank\" rel=\"noopener noreferrer\">miroslawa.michalska-suchanek@us.edu.pl<\/a><\/strong><\/li>\n<li>dr hab. Beata Pawletko, prof. U\u015a:<strong>\u00a0<a href=\"mailto:%20beata.pawletko@us.edu.pl\" target=\"_blank\" rel=\"noopener noreferrer\">beata.pawletko@us.edu.pl<\/a><\/strong><\/li>\n<li>dr Agnieszka Gasz:\u00a0<a href=\"mailto:%20agnieszka.gasz@us.edu.pl\" target=\"_blank\" rel=\"noopener noreferrer\"><strong>agnieszka.gasz@us.edu.pl<\/strong><\/a><\/li>\n<li>dr Monika Karwacka:<strong>\u00a0<a href=\"mailto:%20monika.karwacka@us.edu.pl\" target=\"_blank\" rel=\"noopener noreferrer\">monika.karwacka@us.edu.pl<\/a><\/strong><\/li>\n<li>dr Aleksandra Krawuczka:<strong>\u00a0<a href=\"mailto:%20aleksandra.krawuczka@us.edu.pl\" target=\"_blank\" rel=\"noopener noreferrer\">aleksandra.krawuczka@us.edu.pl<\/a><\/strong><\/li>\n<li>dr Piotr Micha\u0142owski:<strong>\u00a0<a href=\"mailto:%20piotr.michalowski@us.edu.pl\" target=\"_blank\" rel=\"noopener noreferrer\">piotr.michalowski@us.edu.pl<\/a><\/strong><\/li>\n<li>dr Maciej Walczak:\u00a0<strong><a href=\"mailto:%20maciej.walczak@us.edu.pl\" target=\"_blank\" rel=\"noopener noreferrer\">maciej.walczak@us.edu.pl<\/a><\/strong><\/li>\n<\/ul>\n<div><\/div>\n<div>W razie pyta\u0144 i w\u0105tpliwo\u015bci nale\u017cy kontaktowa\u0107\u00a0si\u0119\u00a0z zast\u0119pc\u0105 dyrektora kierunku Filologia rosyjska, pani\u0105\u00a0<strong>dr Lidi\u0105 Mi\u0119sowsk\u0105<\/strong>, e-mail:<strong>\u00a0<a href=\"mailto:%20lidia.miesowska@us.edu.pl\" target=\"_blank\" rel=\"noopener noreferrer\">lidia.miesowska@us.edu.pl<\/a><\/strong>.<\/div>\n<p>\n<\/div>\r\n                    <\/div>\r\n                <\/div>[\/vc_column][vc_column width=&#8221;1\/3&#8243;][\/vc_column][vc_column][\/vc_column][\/vc_row]<\/p>","protected":false},"excerpt":{"rendered":"<p>[vc_row el_class=&#8221;container&#8221;][vc_column width=&#8221;2\/3&#8243;][\/vc_column][vc_column width=&#8221;1\/3&#8243;][\/vc_column][\/vc_row][vc_row][vc_column][vc_row_inner][vc_column_inner][vc_empty_space height=&#8221;100px&#8221;][\/vc_column_inner][\/vc_row_inner][\/vc_column][\/vc_row][vc_row el_class=&#8221;container&#8221;][vc_column width=&#8221;2\/3&#8243;][\/vc_column][vc_column width=&#8221;1\/3&#8243;][\/vc_column][\/vc_row][vc_row el_class=&#8221;container&#8221;][vc_column width=&#8221;2\/3&#8243;][\/vc_column][vc_column width=&#8221;1\/3&#8243;][\/vc_column][\/vc_row][vc_row disable_element=&#8221;yes&#8221; el_class=&#8221;container&#8221;][vc_column width=&#8221;2\/3&#8243;][\/vc_column][vc_column width=&#8221;1\/3&#8243;][\/vc_column][vc_column][\/vc_column][\/vc_row] [&#8230;]<\/p>\n<p><a class=\"btn btn-secondary understrap-read-more-link\" href=\"https:\/\/us.edu.pl\/wydzial\/wh\/kierunki-studiow\/filologia-rosyjska\/seminaria-dyplomowe-i-proces-dyplomowania\/\">Read More&#8230;<\/a><\/p>\n","protected":false},"author":32,"featured_media":0,"parent":168234,"menu_order":0,"comment_status":"closed","ping_status":"closed","template":"","meta":{"_expiration-date-status":"","_expiration-date":0,"_expiration-date-type":"","_expiration-date-categories":[],"_expiration-date-options":[]},"acf":[],"_links":{"self":[{"href":"https:\/\/us.edu.pl\/wydzial\/wh\/wp-json\/wp\/v2\/pages\/2061"}],"collection":[{"href":"https:\/\/us.edu.pl\/wydzial\/wh\/wp-json\/wp\/v2\/pages"}],"about":[{"href":"https:\/\/us.edu.pl\/wydzial\/wh\/wp-json\/wp\/v2\/types\/page"}],"author":[{"embeddable":true,"href":"https:\/\/us.edu.pl\/wydzial\/wh\/wp-json\/wp\/v2\/users\/32"}],"replies":[{"embeddable":true,"href":"https:\/\/us.edu.pl\/wydzial\/wh\/wp-json\/wp\/v2\/comments?post=2061"}],"version-history":[{"count":11,"href":"https:\/\/us.edu.pl\/wydzial\/wh\/wp-json\/wp\/v2\/pages\/2061\/revisions"}],"predecessor-version":[{"id":176714,"href":"https:\/\/us.edu.pl\/wydzial\/wh\/wp-json\/wp\/v2\/pages\/2061\/revisions\/176714"}],"up":[{"embeddable":true,"href":"https:\/\/us.edu.pl\/wydzial\/wh\/wp-json\/wp\/v2\/pages\/168234"}],"wp:attachment":[{"href":"https:\/\/us.edu.pl\/wydzial\/wh\/wp-json\/wp\/v2\/media?parent=2061"}],"curies":[{"name":"wp","href":"https:\/\/api.w.org\/{rel}","templated":true}]}}