{"id":2066,"date":"2019-11-25T22:42:03","date_gmt":"2019-11-25T21:42:03","guid":{"rendered":"https:\/\/us.edu.pl\/wydzial\/wh\/?page_id=2066"},"modified":"2024-09-10T15:34:28","modified_gmt":"2024-09-10T13:34:28","slug":"praktyki-zawodowe","status":"publish","type":"page","link":"https:\/\/us.edu.pl\/wydzial\/wh\/kierunki-studiow\/filologia-rosyjska\/praktyki-zawodowe\/","title":{"rendered":"Praktyki zawodowe"},"content":{"rendered":"<p>[vc_row][vc_column]\r\n                <div class=\"text-modules\">\r\n                    <div class=\"container\">\r\n                        <h3 class=\"page-title text__title\">Praktyki zawodowe<\/h3>\r\n                        <div class=\"text-modules__content\"><\/p>\n<p style=\"text-align: center;\"><strong>REGULAMIN STUDENCKICH PRAKTYK ZAWODOWYCH<\/strong><\/p>\n<p style=\"text-align: center;\"><strong>NA KIERUNKU FILOLOGIA ROSYJSKA<\/strong><\/p>\n<p style=\"text-align: center;\"><strong>WYDZIA\u0141 HUMANISTYCZNY<\/strong><\/p>\n<p>&nbsp;<\/p>\n<p style=\"text-align: justify;\">Na podstawie <em>Zarz\u0105dzenia Rektora Uniwersytetu \u015al\u0105skiego nr 92 z dnia 22 czerwca 2020\u00a0r. w sprawie okre\u015blenia wytycznych dotycz\u0105cych organizacji w Uniwersytecie \u015al\u0105skim w\u00a0Katowicach praktyk zawodowych studenta<\/em>, <em>art. 23 ust. 1 ustawy z dnia 20 lipca 2018\u00a0r. Prawo o szkolnictwie wy\u017cszym i nauce <\/em>(tekst jednolity Dz. U. z 2020 r., poz. 85, z p\u00f3\u017an. zm.), w oparciu o <em>Regulamin studi\u00f3w w Uniwersytecie \u015al\u0105skim <\/em>(za\u0142\u0105cznik do Obwieszczenia Rektora Uniwersytetu \u015al\u0105skiego z dnia 16 pa\u017adziernika 2019\u00a0r.), wprowadza si\u0119 Regulamin studenckich praktyk zawodowych w nast\u0119puj\u0105cym brzmieniu:<\/p>\n<p style=\"text-align: center;\"><strong><strong>\u00a7<\/strong>1<\/strong><\/p>\n<p style=\"text-align: justify;\">Studenckie praktyki zawodowe s\u0105, zgodnie z programem i planem studi\u00f3w, obligatoryjnym elementem kszta\u0142cenia na 3-letnich studiach pierwszego stopnia na Wydziale Humanistycznym na kierunku <em>Filologia rosyjska<\/em> i dotycz\u0105 wszystkich specjalno\u015bci, tj.: specjalno\u015bci t\u0142umaczeniowej, j\u0119zyk biznesu, j\u0119zyk rosyjski z j\u0119zykiem angielskim, j\u0119zyk rosyjski w turystyce. Praktyk\u0119 realizuj\u0105 studenci studi\u00f3w stacjonarnych.<\/p>\n<p style=\"text-align: center;\"><strong>\u00a72<\/strong><\/p>\n<p style=\"text-align: justify;\">Zgodnie z obowi\u0105zuj\u0105cymi planami studi\u00f3w do praktyk przyst\u0119puj\u0105 studenci, kt\u00f3rzy zaliczyli co najmniej drugi semestr studi\u00f3w, obowi\u0105zkowo za\u015b do ko\u0144ca trzeciego semestru studi\u00f3w. Odbycie praktyk wi\u0105\u017ce si\u0119 z otrzymaniem 1 punktu ECTS i\u00a0konieczno\u015bci\u0105 wpisu zaliczenia do systemu USOS oraz do indeksu. Czas trwania praktyk zawodowych wynosi 30 godzin. Studenci kierowani na praktyki zawodowe s\u0105 obj\u0119ci ubezpieczeniem od nast\u0119pstw nieszcz\u0119\u015bliwych wypadk\u00f3w, na zasadach okre\u015blonych w ustawie z dnia 30 pa\u017adziernika 2002 r. o zaopatrzeniu z tytu\u0142u wypadk\u00f3w lub chor\u00f3b zawodowych powsta\u0142ych w szczeg\u00f3lnych okoliczno\u015bciach. \u015awiadczenia okre\u015blone w tej ustawie s\u0105 finansowane ze \u015brodk\u00f3w bud\u017cetu pa\u0144stwa. Praktyki zawodowe maj\u0105 form\u0119 ci\u0105g\u0142\u0105 \u2014 s\u0105 to praktyki o charakterze specjalno\u015bciowym, indywidualne, odbywaj\u0105ce si\u0119 podczas roku akademickiego lub wakacji.<\/p>\n<p style=\"text-align: center;\"><strong>\u00a73<\/strong><\/p>\n<p style=\"text-align: justify;\">Celem praktyk jest zdobycie przez student\u00f3w podstawowego do\u015bwiadczenia zawodowego, kt\u00f3re umo\u017cliwia praktyczne przygotowanie do podj\u0119cia i\u00a0wykonywania pracy w firmach, instytucjach, w\u00a0sektorze us\u0142ug publicznych, spo\u0142ecznych i kulturalnych, dzia\u0142aj\u0105cych w przestrzeni publicznej. Podczas ich trwania zak\u0142ada si\u0119, \u017ce student pog\u0142\u0119bi i rozszerzy wiedz\u0119 o powi\u0105zaniach studiowanej dyscypliny z innymi dyscyplinami humanistycznymi, b\u0119dzie w stanie planowa\u0107 prac\u0119 w zespole oraz wsp\u00f3\u0142pracowa\u0107 w grupie, a tak\u017ce planowa\u0107 i\u00a0organizowa\u0107 prac\u0119 indywidualn\u0105, porozumiewa\u0107 si\u0119 ze specjalistami w zakresie powierzonych mu zada\u0144 w j\u0119zyku rodzimym i obcym przy u\u017cyciu r\u00f3\u017cnych kana\u0142\u00f3w i\u00a0technik komunikacyjnych oraz samodzielnie podejmowa\u0107 dzia\u0142ania zawodowe, a\u00a0tak\u017ce przestrzega\u0107 zasad etyki biznesowej. Program praktyk jest definiowany przez pracodawc\u0119, a\u00a0do jego g\u0142\u00f3wnych cel\u00f3w nale\u017cy: zapoznanie studenta z miejscem pracy, formami pracy i\u00a0dokumentacj\u0105 w\u0142a\u015bciw\u0105 dla danej instytucji; obserwacja funkcjonowania instytucji; wykonywanie zleconych zada\u0144 indywidualnie lub w\u00a0zespole oraz analiza i udoskonalanie planu praktyki w\u00a0porozumieniu z opiekunem.<\/p>\n<p style=\"text-align: center;\"><strong>\u00a74<\/strong><\/p>\n<p style=\"text-align: justify;\">Studenci we w\u0142asnym zakresie wybieraj\u0105 miejsce odbycia praktyk. Po dokonaniu wyboru powinni skontaktowa\u0107 si\u0119 z opiekunem na macierzystej uczelni, kt\u00f3ry dokona formalnego skierowania na praktyk\u0119. Miejscem odbycia praktyk studenckich mog\u0105 by\u0107: firmy handlowe, us\u0142ugowe i\u00a0produkcyjne wsp\u00f3\u0142pracuj\u0105ce z rynkiem rosyjskoj\u0119zycznym, instytucje kulturalne, np. muzea, teatry, kina, galerie, kluby propaguj\u0105ce rozw\u00f3j my\u015bli artystycznej, biura promocji miast i region\u00f3w, samorz\u0105dowe o\u015brodki wsp\u00f3\u0142pracy mi\u0119dzynarodowej, agencje t\u0142umaczy, biura podr\u00f3\u017cy, biura consultingowe, biura managerskie instytucji edukacyjnych, biura podr\u00f3\u017cy, instytucje administracji publicznej, wydawnictwa, redakcje czasopism, zak\u0142ady edytorskie, biura obs\u0142ugi stowarzysze\u0144 i\u00a0fundacji promuj\u0105cych wsp\u00f3\u0142prac\u0119 polsko-rosyjsk\u0105 w r\u00f3\u017cnych obszarach. Praktyki mog\u0105 si\u0119 odbywa\u0107 w kraju lub poza jego granicami.<\/p>\n<p style=\"text-align: center;\"><strong>\u00a0<\/strong><strong>\u00a75<\/strong><\/p>\n<p style=\"text-align: justify;\"><span style=\"font-size: 11pt;\">Od roku 2015 ruszy\u0142 rz\u0105dowy projekt praktyk w administracji pa\u0144stwowej. Program praktyk studenckich w administracji rz\u0105dowej jest szans\u0105 dla student\u00f3w na zdobycie cennego do\u015bwiadczenia zawodowego w interesuj\u0105cych go sektorach administracji publicznej. Informacje na temat praktyk s\u0105 dost\u0119pne na stronie: <strong><a href=\"https:\/\/www.archiwum.nauka.gov.pl\/praktyki-w-administracji\/\">https:\/\/www.archiwum.nauka.gov.pl\/praktyki-w-administracji\/<\/a><\/strong>. Ponad 1500 urz\u0119d\u00f3w administracji rz\u0105dowej oraz jednostek przez nie nadzorowanych zobowi\u0105za\u0142o si\u0119 do przygotowania ponad 16 600 miejsc praktyk. Oferty praktyk dla student\u00f3w dost\u0119pne na stronie: <a href=\"http:\/\/oferty.praca.gov.pl\"><strong>http:\/\/oferty.praca.gov.pl<\/strong><\/a><\/span><span style=\"font-size: 11pt;\">\u00a0(w okienku: WPISZ NAZW\u0118 STANOWISKA nale\u017cy wpisa\u0107 fraz\u0119: PRAKTYKI STUDENCKIE). Poszukuj\u0105c miejsca odbywania praktyki zawodowej, student mo\u017ce wzi\u0105\u0107 pod uwag\u0119 wykazy instytucji, z kt\u00f3rymi Uniwersytet \u015al\u0105ski w Katowicach zawar\u0142 stosowne umowy o wsp\u00f3\u0142pracy (wykazy tych instytucji znajduj\u0105 si\u0119 na stronie Uczelni).<\/span><\/p>\n<p style=\"text-align: center;\"><strong>\u00a76<\/strong><\/p>\n<p style=\"text-align: justify;\">Opiekun praktyk zawodowych jest zobowi\u0105zany do: spotkania si\u0119 ze studentami i\u00a0zapoznania ich z\u00a0programem praktyki zawodowej (przynajmniej na miesi\u0105c przed jej rozpocz\u0119ciem) ze wskazaniem rodzaju praktyki, terminu jej rozpocz\u0119cia i czasu trwania; wsp\u00f3\u0142pracy z dyrektorem kierunku w zakresie organizacji praktyk zawodowych na wydziale; wsparcia studenta w\u00a0poszukiwaniu miejsca odbywania praktyki zawodowej; sporz\u0105dzenia oraz wydania dokument\u00f3w praktyk; udzielania pomocy i porad studentom w zakresie praktyki zawodowej; kontrolowania przebiegu praktyk.<\/p>\n<p style=\"text-align: justify;\">Po ich zako\u0144czeniu opiekun praktyk zawodowych gromadzi, przechowuje oraz archiwizuje otrzymane od student\u00f3w dokumenty, a tak\u017ce przedk\u0142ada Prodziekanowi ds. Kszta\u0142cenia i Student\u00f3w sprawozdanie z praktyki zawodowej wraz z ocen\u0105 jej przebiegu, zaakceptowane przez dyrektora kierunku; zapewnia zgodno\u015b\u0107 przebiegu i\u00a0liczby godzin dydaktycznych praktyki zawodowej z jej programem; nadzoruje i\u00a0monitoruje realizacj\u0119 cel\u00f3w i efekt\u00f3w za\u0142o\u017conych dla praktyk zawodowych (w tym dokonuje weryfikacji osi\u0105gni\u0119tych efekt\u00f3w uczenia si\u0119).<\/p>\n<p style=\"text-align: center;\"><strong>\u00a77<\/strong><\/p>\n<p style=\"text-align: justify;\">Zaliczenie uzyskiwane jest na podstawie raportu i karty oceny praktyki zawodowej oraz jest wpisywane do protoko\u0142u ocen w USOS i do indeksu przez opiekuna praktyk na podstawie wy\u017cej wymienionych dokument\u00f3w, potwierdzonych przez pracodawc\u0119 i zawieraj\u0105cych wykaz szczeg\u00f3\u0142owych czynno\u015bci zawodowych, kt\u00f3re student wykonywa\u0142 w czasie praktyk.<\/p>\n<p style=\"text-align: justify;\"><span style=\"font-size: 11pt;\">O zaliczenie praktyki zawodowej bez jej odbywania mog\u0105 ubiega\u0107 si\u0119 studenci na podstawie udokumentowanej pracy zawodowej, uczestnictwa w obozie naukowo-badawczym lub w innym przypadku (np. wolontariat), zgodnym z profilem kszta\u0142cenia na kierunku studi\u00f3w lub specjalno\u015bci, je\u017celi opiekun stwierdzi, \u017ce zosta\u0142y osi\u0105gni\u0119te wymagane efekty uczenia si\u0119. W tym przypadku student zobowi\u0105zany jest z\u0142o\u017cy\u0107 do opiekuna praktyk pro\u015bb\u0119 o zaliczenie praktyki zawodowej bez konieczno\u015bci jej odbycia <\/span><span style=\"font-size: 11pt;\">(<\/span><a style=\"font-size: 11pt;\" href=\"https:\/\/us.edu.pl\/wydzial\/wh\/wp-content\/uploads\/sites\/15\/Nieprzypisane\/Zal_6_pro\u015bba-o-zaliczenie-praktyki-zawodowej.pdf\" class=\"mtli_attachment mtli_pdf\" data-mtli=\"mtli_filesize590,69kB\" class=\"mtli_attachment mtli_pdf\" data-mtli=\"mtli_filesize590,69kB\"><strong>Za\u0142\u0105cznik 6<\/strong><\/a><span style=\"font-size: 11pt;\">).<\/span><\/p>\n<p style=\"text-align: justify;\">W przypadku realizacji przez studenta praktyki zawodowej za granic\u0105, zaliczenia praktyki dokonuje dziekan na podstawie zrealizowanego i\u00a0uprzednio zatwierdzonego porozumienia. Odbywanie praktyki zawodowej nie zwalnia studenta z obowi\u0105zku zaliczania zaj\u0119\u0107 dydaktycznych obj\u0119tych planem studi\u00f3w, ani te\u017c nie jest podstaw\u0105 do usprawiedliwienia jego nieobecno\u015bci na tych zaj\u0119ciach.<\/p>\n<p>&nbsp;<\/p>\n<p><strong>WYKAZ DOKUMENT\u00d3W<\/strong><\/p>\n<p>Wykaz dokument\u00f3w, kt\u00f3re musz\u0105 by\u0107 dostarczone opiekunowi praktyk przed rozpocz\u0119ciem praktyki:<\/p>\n<ul>\n<li style=\"text-align: justify;\"><span style=\"font-size: 11pt;\">Porozumienie o organizacji praktyki zawodowej <\/span><span style=\"font-size: 12pt;\">(<\/span><a href=\"https:\/\/us.edu.pl\/wydzial\/wh\/wp-content\/uploads\/sites\/15\/Bez-kategorii\/Zalacznik-nr-1-do-zarzadzenia-nr-92-2022-porozumienie-z-zaklad-pracy-aktualizacja-maj-2022.pdf\" class=\"mtli_attachment mtli_pdf\" data-mtli=\"mtli_filesize198,63kB\" class=\"mtli_attachment mtli_pdf\" data-mtli=\"mtli_filesize198,63kB\"><strong>Za\u0142\u0105cznik 1<\/strong><\/a><span style=\"font-size: 11pt;\">)<\/span><\/li>\n<li><span style=\"font-size: 11pt;\">Skierowanie na praktyki (<a href=\"https:\/\/us.edu.pl\/wydzial\/wh\/wp-content\/uploads\/sites\/15\/Nieprzypisane\/Zal_3_skierowanie-na-praktyki.pdf\" class=\"mtli_attachment mtli_pdf\" data-mtli=\"mtli_filesize471,54kB\" class=\"mtli_attachment mtli_pdf\" data-mtli=\"mtli_filesize471,54kB\"><strong>Za\u0142\u0105cznik 3<\/strong><\/a>)<\/span><\/li>\n<li><span style=\"font-size: 11pt;\">O\u015bwiadczenie o zapoznaniu si\u0119 z zasadami organizacji praktyk (<a href=\"https:\/\/us.edu.pl\/wydzial\/wh\/wp-content\/uploads\/sites\/15\/Nieprzypisane\/Zal_4_o\u015bwiadczenie-o-zapoznaniu-si\u0119-z-zasadami-organizacji-praktyk.pdf\" class=\"mtli_attachment mtli_pdf\" data-mtli=\"mtli_filesize469,08kB\" class=\"mtli_attachment mtli_pdf\" data-mtli=\"mtli_filesize469,08kB\"><strong>Za\u0142\u0105cznik 4<\/strong><\/a>)<\/span><\/li>\n<\/ul>\n<p>&nbsp;<\/p>\n<p style=\"text-align: justify;\"><span style=\"font-size: 11pt;\">Po uko\u0144czeniu praktyki nale\u017cy dostarczy\u0107 raport z przebiegu praktyki (<a href=\"https:\/\/us.edu.pl\/wydzial\/wh\/wp-content\/uploads\/sites\/15\/Nieprzypisane\/Zal_5_raport-z-przebiegu-praktyki.pdf\" class=\"mtli_attachment mtli_pdf\" data-mtli=\"mtli_filesize598,13kB\" class=\"mtli_attachment mtli_pdf\" data-mtli=\"mtli_filesize598,13kB\"><strong>Za\u0142\u0105cznik 5<\/strong><\/a>) i\u00a0kart\u0119 oceny praktyki (<a href=\"https:\/\/us.edu.pl\/wydzial\/wh\/wp-content\/uploads\/sites\/15\/Nieprzypisane\/Zal_7karta-oceny-prakt_zaw_FIL-ROS_2020-2021.pdf\" class=\"mtli_attachment mtli_pdf\" data-mtli=\"mtli_filesize346,01kB\" class=\"mtli_attachment mtli_pdf\" data-mtli=\"mtli_filesize346,01kB\"><strong>Za\u0142\u0105cznik 7<\/strong><\/a>).<\/span><\/p>\n<p>&nbsp;<\/p>\n<p style=\"text-align: justify;\">W zwi\u0105zku z panuj\u0105c\u0105 sytuacj\u0105 epidemiologiczn\u0105, skany dokument\u00f3w mo\u017cna przesy\u0142a\u0107 za pomoc\u0105 poczty elektronicznej do opiekuna praktyk lub dostarcza\u0107 osobi\u015bcie, po wcze\u015bniejszym uzgodnieniu terminu.<\/p>\n<p style=\"text-align: justify;\"><span style=\"font-size: 11pt;\">Obowi\u0105zuj\u0105cy akt prawny: <em>Zarz\u0105dzenie <\/em><em>Rektora Uniwersytetu \u015al\u0105skiego w\u00a0Katowicach z\u00a0dnia 22 czerwca 2020 r. w sprawie okre\u015blenia wytycznych dotycz\u0105cych organizacji w\u00a0Uniwersytecie \u015al\u0105skim w Katowicach praktyk zawodowych studenta<\/em> (<\/span><a style=\"font-size: 11pt;\" href=\"https:\/\/us.edu.pl\/wydzial\/wh\/wp-content\/uploads\/sites\/15\/Nieprzypisane\/Zal_8_zarz_92-2020.pdf\" class=\"mtli_attachment mtli_pdf\" data-mtli=\"mtli_filesize127,98kB\" class=\"mtli_attachment mtli_pdf\" data-mtli=\"mtli_filesize127,98kB\"><strong>Za\u0142\u0105cznik 8<\/strong><\/a><span style=\"font-size: 11pt;\">).<\/span><\/p>\n<p>&nbsp;<\/p>\n<p style=\"text-align: right;\">Opiekun praktyk zawodowych Wydzia\u0142u Humanistycznego kierunku Filologia rosyjska:<\/p>\n<p style=\"text-align: right;\">mgr D\u017culietta Markusik<\/p>\n<p style=\"text-align: right;\"><span style=\"font-size: 11pt;\">Kontakt: e-mail <\/span><a style=\"font-size: 11pt;\" href=\"mailto:dzulietta.markusik@us.edu.pl\"><strong>dzulietta.markusik@us.edu.pl<\/strong><\/a><\/p>\n<p style=\"text-align: right;\">i na platformie Microsoft Teams w\u00a0godzinach konsultacji<\/p>\n<p style=\"text-align: right;\">Pok\u00f3j: 3.26 (po wcze\u015bniejszym uzgodnieniu terminu)<\/p>\n<p>&nbsp;<\/p>\n<p><strong><span style=\"color: #ff0000;\">Praktyki zwi\u0105zane z kontaktem z ma\u0142oletnimi \u2013 wa\u017cne informacje i konieczne dokumenty<\/span>\u00a0oraz pozosta\u0142e pliki do pobrania znajduj\u0105 si\u0119 na stronie:\u00a0<\/strong><a href=\"https:\/\/us.edu.pl\/wydzial\/wh\/sprawy-studenckie\/praktyki-zawodowe\/\">https:\/\/us.edu.pl\/wydzial\/wh\/sprawy-studenckie\/praktyki-zawodowe\/<\/a><\/p>\n<style type=\"text\/css\">a[data-mtli~=\"mtli_filesize590,69kB\"]:after {content:\" (590,69 kB)\"}a[data-mtli~=\"mtli_filesize198,63kB\"]:after {content:\" (198,63 kB)\"}a[data-mtli~=\"mtli_filesize471,54kB\"]:after {content:\" (471,54 kB)\"}a[data-mtli~=\"mtli_filesize469,08kB\"]:after {content:\" (469,08 kB)\"}a[data-mtli~=\"mtli_filesize598,13kB\"]:after {content:\" (598,13 kB)\"}a[data-mtli~=\"mtli_filesize346,01kB\"]:after {content:\" (346,01 kB)\"}a[data-mtli~=\"mtli_filesize127,98kB\"]:after {content:\" (127,98 kB)\"}<\/style><\/div>\r\n                    <\/div>\r\n                <\/div>[\/vc_column][\/vc_row]<\/p>\n<style type=\"text\/css\">a[data-mtli~=\"mtli_filesize590,69kB\"]:after {content:\" (590,69 kB)\"}a[data-mtli~=\"mtli_filesize198,63kB\"]:after {content:\" (198,63 kB)\"}a[data-mtli~=\"mtli_filesize471,54kB\"]:after {content:\" (471,54 kB)\"}a[data-mtli~=\"mtli_filesize469,08kB\"]:after {content:\" (469,08 kB)\"}a[data-mtli~=\"mtli_filesize598,13kB\"]:after {content:\" (598,13 kB)\"}a[data-mtli~=\"mtli_filesize346,01kB\"]:after {content:\" (346,01 kB)\"}a[data-mtli~=\"mtli_filesize127,98kB\"]:after {content:\" (127,98 kB)\"}<\/style>","protected":false},"excerpt":{"rendered":"<p>[vc_row][vc_column][\/vc_column][\/vc_row] [&#8230;]<\/p>\n<p><a class=\"btn btn-secondary understrap-read-more-link\" href=\"https:\/\/us.edu.pl\/wydzial\/wh\/kierunki-studiow\/filologia-rosyjska\/praktyki-zawodowe\/\">Read More&#8230;<\/a><\/p>\n","protected":false},"author":32,"featured_media":0,"parent":168234,"menu_order":0,"comment_status":"closed","ping_status":"closed","template":"","meta":{"_expiration-date-status":"","_expiration-date":0,"_expiration-date-type":"","_expiration-date-categories":[],"_expiration-date-options":[]},"acf":[],"_links":{"self":[{"href":"https:\/\/us.edu.pl\/wydzial\/wh\/wp-json\/wp\/v2\/pages\/2066"}],"collection":[{"href":"https:\/\/us.edu.pl\/wydzial\/wh\/wp-json\/wp\/v2\/pages"}],"about":[{"href":"https:\/\/us.edu.pl\/wydzial\/wh\/wp-json\/wp\/v2\/types\/page"}],"author":[{"embeddable":true,"href":"https:\/\/us.edu.pl\/wydzial\/wh\/wp-json\/wp\/v2\/users\/32"}],"replies":[{"embeddable":true,"href":"https:\/\/us.edu.pl\/wydzial\/wh\/wp-json\/wp\/v2\/comments?post=2066"}],"version-history":[{"count":10,"href":"https:\/\/us.edu.pl\/wydzial\/wh\/wp-json\/wp\/v2\/pages\/2066\/revisions"}],"predecessor-version":[{"id":174940,"href":"https:\/\/us.edu.pl\/wydzial\/wh\/wp-json\/wp\/v2\/pages\/2066\/revisions\/174940"}],"up":[{"embeddable":true,"href":"https:\/\/us.edu.pl\/wydzial\/wh\/wp-json\/wp\/v2\/pages\/168234"}],"wp:attachment":[{"href":"https:\/\/us.edu.pl\/wydzial\/wh\/wp-json\/wp\/v2\/media?parent=2066"}],"curies":[{"name":"wp","href":"https:\/\/api.w.org\/{rel}","templated":true}]}}