{"id":21206,"date":"2022-06-01T14:06:03","date_gmt":"2022-06-01T12:06:03","guid":{"rendered":"https:\/\/us.edu.pl\/wydzial\/wh\/?page_id=21206"},"modified":"2026-03-30T08:10:28","modified_gmt":"2026-03-30T06:10:28","slug":"mediteranistyka","status":"publish","type":"page","link":"https:\/\/us.edu.pl\/wydzial\/wh\/kandydat-wh\/kierunki-studiow\/mediteranistyka\/","title":{"rendered":"mediteranistyka"},"content":{"rendered":"<p>[vc_row el_class=&#8221;container&#8221;][vc_column width=&#8221;1\/2&#8243; css=&#8221;.vc_custom_1653565298692{margin-right: 0px !important;margin-left: 0px !important;border-right-width: 0px !important;border-left-width: 0px !important;}&#8221;][vc_single_image image=&#8221;12748&#8243; img_size=&#8221;full&#8221; alignment=&#8221;center&#8221;][vc_btn title=&#8221;Karta kierunku &#8211; program studi\u00f3w&#8221; style=&#8221;custom&#8221; custom_background=&#8221;#002e5a&#8221; custom_text=&#8221;#ffffff&#8221; size=&#8221;lg&#8221; align=&#8221;center&#8221; i_icon_fontawesome=&#8221;fas fa-arrow-right&#8221; button_block=&#8221;true&#8221; add_icon=&#8221;true&#8221; link=&#8221;url:https%3A%2F%2Finformator.us.edu.pl%2Fprogrammes%2Flist%2Fall%2FMD%2F|target:_blank&#8221;][vc_row_inner disable_element=&#8221;yes&#8221;][vc_column_inner][vc_separator color=&#8221;sky&#8221; border_width=&#8221;2&#8243;][\/vc_column_inner][\/vc_row_inner][vc_row_inner disable_element=&#8221;yes&#8221;][vc_column_inner]\r\n                <div class=\"text-modules\">\r\n                    <div class=\"container\">\r\n                        \r\n                        <div class=\"text-modules__content\"><\/p>\n<h3 style=\"text-align: center;\"><span style=\"color: #002e5a;\">Rekrutacja na rok akademicki 2025\/2026<\/span><\/h3>\n<p>\n<\/div>\r\n                    <\/div>\r\n                <\/div>[\/vc_column_inner][\/vc_row_inner][vc_row_inner disable_element=&#8221;yes&#8221;][vc_column_inner width=&#8221;1\/2&#8243;]\r\n                <div class=\"text-modules\">\r\n                    <div class=\"container\">\r\n                        \r\n                        <div class=\"text-modules__content\"><\/p>\n<h6 style=\"text-align: left;\"><span style=\"color: #9b132a;\">III tura rekrutacji:<br \/>\n<\/span><span style=\"color: #993366;\">30.07.2025 07:00 \u2013 11.09.2025 23:59<\/span><\/h6>\n<h6 style=\"text-align: left;\"><span style=\"color: #9b132a;\">\u00a0<\/span><\/h6>\n<p>\n<\/div>\r\n                    <\/div>\r\n                <\/div>[\/vc_column_inner][vc_column_inner width=&#8221;1\/2&#8243;][vc_btn title=&#8221;<b>studia stacjonarne I stopnia<\/b>&#8221; style=&#8221;outline-custom&#8221; outline_custom_color=&#8221;#002e5a&#8221; outline_custom_hover_background=&#8221;#fbb900&#8243; outline_custom_hover_text=&#8221;#ffffff&#8221; size=&#8221;lg&#8221; align=&#8221;center&#8221; i_icon_fontawesome=&#8221;fas fa-arrow-right&#8221; button_block=&#8221;true&#8221; add_icon=&#8221;true&#8221; link=&#8221;url:https%3A%2F%2Firk.us.edu.pl%2Fpl%2Foffer%2FSW-2025-Z%2Fprogramme%2FW1-S1MD19%2F%3Ffrom%3Dorg-unit%3AW1|target:_blank&#8221;][\/vc_column_inner][\/vc_row_inner][vc_row_inner disable_element=&#8221;yes&#8221;][vc_column_inner][vc_separator color=&#8221;sky&#8221; border_width=&#8221;2&#8243;][\/vc_column_inner][\/vc_row_inner][\/vc_column][vc_column width=&#8221;1\/2&#8243; css=&#8221;.vc_custom_1653642837519{background-color: #dfe2ec !important;border-radius: 15px !important;}&#8221;][vc_empty_space][vc_custom_heading text=&#8221;MEDITERANISTYKA&#8221; font_container=&#8221;tag:h3|text_align:center|color:%23002e5a&#8221; google_fonts=&#8221;font_family:PT%20Sans%20Caption%3Aregular%2C700|font_style:700%20bold%20regular%3A700%3Anormal&#8221;][vc_empty_space height=&#8221;15px&#8221;][vc_separator color=&#8221;custom&#8221; style=&#8221;shadow&#8221; el_width=&#8221;60&#8243; accent_color=&#8221;#002e5a&#8221;][vc_custom_heading text=&#8221;STUDIA I STOPNIA&#8221; font_container=&#8221;tag:h2|font_size:16|text_align:center|color:%23000000&#8243; google_fonts=&#8221;font_family:PT%20Sans%20Caption%3Aregular%2C700|font_style:700%20bold%20regular%3A700%3Anormal&#8221;]\r\n                <div class=\"text-modules\">\r\n                    <div class=\"container\">\r\n                        \r\n                        <div class=\"text-modules__content\"><\/p>\n<div>\n<div>\n<div>\n<div>\n<div>\n<div>\n<div>\n<p style=\"text-align: left;\">Studia z zakresu kultury, literatury i historii \u015ar\u00f3dziemnomorza, czyli kraj\u00f3w basenu Morza \u015ar\u00f3dziemnego.<\/p>\n<p style=\"text-align: left;\">Prezentuj\u0105 rozw\u00f3j najwa\u017cniejszych cywilizacji tego regionu, k\u0142ad\u0105c szczeg\u00f3lny nacisk na czasy staro\u017cytne (antyk i Bliski Wsch\u00f3d) i \u015bredniowieczne.<\/p>\n<p style=\"text-align: left;\">Student zdobywa wiedz\u0119 o \u015ar\u00f3dziemnomorzu, uczestnicz\u0105c w zaj\u0119ciach obejmuj\u0105cych literatur\u0119, sztuk\u0119, histori\u0119 oraz zagadnienia bardziej specjalistyczne, dotycz\u0105ce\u00a0 historii rodziny, seksualno\u015bci, roli zwierz\u0105t w kulturach \u015ar\u00f3dziemnomorza. Atrakcyjnym dope\u0142nieniem s\u0105 zaj\u0119cia z kuchni \u015br\u00f3dziemnomorskiej i kultury wina oraz zaj\u0119cia muzealne i archeologiczne<strong>, coroczne spotkania z badaczami krajowymi oraz zagranicznymi, dodatkowe kursy naukowe i popularnonaukowe (np. kurs pisma klinowego czy cykl zaj\u0119\u0107 o wybitnych jednostkach staro\u017cytno\u015bci) rozwijaj\u0105ce umiej\u0119tno\u015bci i wiedz\u0119 Student\u00f3w. Zaj\u0119cia na kierunku prowadzone s\u0105 tak\u017ce przez archeolog\u00f3w<\/strong>.<\/p>\n<\/div>\n<\/div>\n<\/div>\n<\/div>\n<\/div>\n<\/div>\n<\/div>\n<div style=\"text-align: left;\">\n<p>Studia pozwalaj\u0105 studentom zdoby\u0107 wiedz\u0119 z zakresu funkcjonowania antycznej tradycji w czasach wsp\u00f3\u0142czesnych (antyk w kinie, w kulturze popularnej, antyk w muzeum).<\/p>\n<h3>J\u0119zyk starogrecki, \u0142aci\u0144ski, egipski (hieroglify i j\u0119zyk koptyjski), arabski, nowogrecki,\u00a0w\u0142oski, hiszpa\u0144ski<\/h3>\n<p>Elementem programu jest tak\u017ce intensywna nauka jednego z j\u0119zyk\u00f3w tego obszaru (nowogreckiego, w\u0142oskiego, hiszpa\u0144skiego lub arabskiego) oraz nauka podstaw j\u0119zyka starogreckiego, \u0142aci\u0144skiego, klasycznego j\u0119zyka egipskiego (hieroglif\u00f3w) i j\u0119zyka koptyjskiego.<\/p>\n<p>Naszymi Studentami i Absolwentami s\u0105 m.in. pracownicy medyczni i arty\u015bci o zasi\u0119gu mi\u0119dzynarodowym zainteresowani j\u0119zykami basenu Morza \u015ar\u00f3dziemnego oraz kultur\u0105 \u015br\u00f3dziemnomorsk\u0105. Absolwenci mediteranistyki s\u0105 cenionymi pracownikami biur podr\u00f3\u017cy oraz rezydentami w krajach \u015ar\u00f3dziemnomorza.<\/p>\n<\/div>\n<p style=\"text-align: left;\"><strong>Studia prowadzone s\u0105 wy\u0142\u0105cznie w trybie stacjonarnym.<\/strong><\/p>\n<p>W ramach programu Erasmus+ studenci kierunku mog\u0105 zrealizowa\u0107 zagraniczn\u0105 praktyk\u0119 w r\u00f3\u017cnych instytucjach, w 31 pa\u0144stwach uczestnicz\u0105cych w programie lub cz\u0119\u015b\u0107 studi\u00f3w w zagranicznej uczelni partnerskiej w krajach takich jak: <strong>Bu\u0142garia, Czechy, Francja, Grecja, Hiszpania, Niemcy, Portugalia, S\u0142owenia, Turcja, W\u0142ochy<\/strong>.<\/p>\n<\/div>\r\n                    <\/div>\r\n                <\/div>[vc_separator color=&#8221;custom&#8221; style=&#8221;shadow&#8221; el_width=&#8221;60&#8243; accent_color=&#8221;#002e5a&#8221;][vc_custom_heading text=&#8221;STUDIA II STOPNIA&#8221; font_container=&#8221;tag:h2|font_size:16|text_align:center|color:%23000000&#8243; google_fonts=&#8221;font_family:PT%20Sans%20Caption%3Aregular%2C700|font_style:700%20bold%20regular%3A700%3Anormal&#8221;]\r\n                <div class=\"text-modules\">\r\n                    <div class=\"container\">\r\n                        \r\n                        <div class=\"text-modules__content\"><p><strong>Studia II stopnia (magisterskie)<\/strong>\u00a0na kierunku\u00a0<strong>studia klasyczne i \u015br\u00f3dziemnomorskie<\/strong>\u00a0obejmuj\u0105 uszczeg\u00f3\u0142owion\u0105 analiz\u0119 literatury \u015br\u00f3dziemnomorskiej (z naciskiem na teksty antyczne), badania historyczno-archeologiczne, religioznawcze, muzealnicze oraz \u0107wiczenia retoryczne. Studenci zapoznaj\u0105 si\u0119 r\u00f3wnie\u017c w pog\u0142\u0119biony spos\u00f3b z elementami epigrafiki i papirologii.<\/p>\n<p><strong>Studia klasyczne i \u015br\u00f3dziemnomorskie<\/strong>\u00a0oferuj\u0105 dwa laboratoria metodologiczne:\u00a0<strong>klasyczne<\/strong>\u00a0(translatoria dedykowane zw\u0142aszcza absolwentom filologii klasycznej oraz kandydatom znaj\u0105cym j\u0119zyki antyczne na poziomie t\u0142umaczeniowym) oraz\u00a0<strong>\u015br\u00f3dziemnomorskie<\/strong>\u00a0(laboratoria kulturowe dedykowane zw\u0142aszcza absolwentom mediteranistyki, historii, turystyki, filozofii, religioznawstwa, kierunk\u00f3w filologicznych i kulturoznawczych oraz innych kierunk\u00f3w pokrewnych). Warunkiem uczestniczenia w laboratorium klasycznym jest znajomo\u015b\u0107 \u0142aciny lub greki na poziomie licencjackim (lecz bez wymogu dyplomu licencjata filologii klasycznej). Uczestniczenie w laboratorium \u015br\u00f3dziemnomorskim nie wymaga znajomo\u015bci j\u0119zyk\u00f3w antycznych.<\/p>\n<p>Absolwent\u00a0studi\u00f3w humanistycznych pierwszego stopnia\u00a0oraz\u00a0<strong>drugiego stopnia studi\u00f3w na kierunku\u00a0studia klasyczne i \u015br\u00f3dziemnomorskie<\/strong> jest wysoko wykwalifikowanym specjalist\u0105 z zakresu kultur obszaru \u015br\u00f3dziemnomorskiego, potrafi\u0105cym prowadzi\u0107 debat\u0119, komunikowa\u0107 si\u0119 na wysokim poziomie retorycznym na tematy specjalistyczne (tak\u017ce w j\u0119zyku nowo\u017cytnym) ze zr\u00f3\u017cnicowanymi kr\u0119gami odbiorc\u00f3w. Jest on cenionym pracownikiem naukowym, specjalistycznych wydawnictw, plac\u00f3wek kulturalnych oraz instytucji zwi\u0105zanych z turystyk\u0105 (najcz\u0119\u015bciej jako rezydent kraj\u00f3w basenu Morza \u015ar\u00f3dziemnego).<\/p>\n<p>Rekrutacja na studia II stopnia (magisterskie) na kierunku\u00a0<strong>studia klasyczne i \u015br\u00f3dziemnomorskie<\/strong> rusza od roku 2027.<\/p>\n<\/div>\r\n                    <\/div>\r\n                <\/div>[\/vc_column][\/vc_row][vc_row][vc_column][vc_empty_space height=&#8221;20px&#8221;][\/vc_column][\/vc_row][vc_row el_id=&#8221;container&#8221; el_class=&#8221;container&#8221;][vc_column width=&#8221;1\/2&#8243; el_class=&#8221;container&#8221;][vc_custom_heading text=&#8221;Wyjazdy naukowe&#8221; font_container=&#8221;tag:h2|text_align:left|color:%23002e5a&#8221; google_fonts=&#8221;font_family:PT%20Sans%3Aregular%2Citalic%2C700%2C700italic|font_style:700%20bold%20regular%3A700%3Anormal&#8221;][\/vc_column][\/vc_row][vc_row el_class=&#8221;container&#8221;][vc_column width=&#8221;2\/3&#8243;][vc_separator color=&#8221;custom&#8221; accent_color=&#8221;#dfe2ec&#8221;][vc_row_inner el_class=&#8221;container&#8221;][vc_column_inner width=&#8221;1\/2&#8243;][vc_single_image image=&#8221;21221&#8243; img_size=&#8221;full&#8221; alignment=&#8221;center&#8221; style=&#8221;vc_box_circle_2&#8243;]\r\n                <div class=\"text-modules\">\r\n                    <div class=\"container\">\r\n                        \r\n                        <div class=\"text-modules__content\"><p><span class=\"d2edcug0 hpfvmrgz qv66sw1b c1et5uql lr9zc1uh a8c37x1j fe6kdd0r mau55g9w c8b282yb keod5gw0 nxhoafnm aigsh9s9 d3f4x2em iv3no6db jq4qci2q a3bd9o3v b1v8xokw oo9gr5id hzawbc8m\" dir=\"auto\">Zwiedzanie ekspozycji i wystawy <strong>Muzeum Zamkowego w Pszczynie<\/strong>, nakierowane na poszukiwanie \u015blad\u00f3w antyku, przyrody i polowa\u0144.<\/span><\/p>\n<\/div>\r\n                    <\/div>\r\n                <\/div>[\/vc_column_inner][vc_column_inner width=&#8221;1\/2&#8243;][vc_single_image image=&#8221;21223&#8243; img_size=&#8221;full&#8221; alignment=&#8221;center&#8221; style=&#8221;vc_box_circle_2&#8243;]\r\n                <div class=\"text-modules\">\r\n                    <div class=\"container\">\r\n                        \r\n                        <div class=\"text-modules__content\"><p><span class=\"d2edcug0 hpfvmrgz qv66sw1b c1et5uql lr9zc1uh a8c37x1j fe6kdd0r mau55g9w c8b282yb keod5gw0 nxhoafnm aigsh9s9 d3f4x2em iv3no6db jq4qci2q a3bd9o3v b1v8xokw oo9gr5id hzawbc8m\" dir=\"auto\"> Wizyta w <strong>Muzeum Archeologicznym w Krakowie<\/strong>, <strong>Opactwie Tynieckim<\/strong> oraz <strong>Galerii Sztuki Staro\u017cytnej w Muzeum ks. Czartoryskich w Krakowie<\/strong>, zwie\u0144czona wyk\u0142adem dr Doroty Gorzelany-Nowak, kustosz Galerii.<\/span><\/p>\n<\/div>\r\n                    <\/div>\r\n                <\/div>[\/vc_column_inner][\/vc_row_inner][vc_row_inner][vc_column_inner width=&#8221;1\/2&#8243;][vc_single_image image=&#8221;21220&#8243; img_size=&#8221;full&#8221; alignment=&#8221;center&#8221; style=&#8221;vc_box_circle_2&#8243;]\r\n                <div class=\"text-modules\">\r\n                    <div class=\"container\">\r\n                        \r\n                        <div class=\"text-modules__content\"><p><span class=\"d2edcug0 hpfvmrgz qv66sw1b c1et5uql lr9zc1uh a8c37x1j fe6kdd0r mau55g9w c8b282yb keod5gw0 nxhoafnm aigsh9s9 d3f4x2em iv3no6db jq4qci2q a3bd9o3v b1v8xokw oo9gr5id hzawbc8m\" dir=\"auto\">Wycieczka do <strong>Muzeum Narodowego w Warszawie<\/strong> &#8211; zwiedzanie Galerii Faras Sztuki \u015aredniowiecznej oraz Staro\u017cytnej.<br \/>\n<\/span><\/p>\n<\/div>\r\n                    <\/div>\r\n                <\/div>[\/vc_column_inner][vc_column_inner width=&#8221;1\/2&#8243;][vc_single_image image=&#8221;156712&#8243; img_size=&#8221;full&#8221; style=&#8221;vc_box_circle_2&#8243;]\r\n                <div class=\"text-modules\">\r\n                    <div class=\"container\">\r\n                        \r\n                        <div class=\"text-modules__content\"><p>Zwiedzanie<strong> winnic \u201eDa Luciano\u201d<\/strong> i <strong>\u201ePatria\u201d<\/strong>, gdzie winiarze opowiadali o <em>terroir<\/em>, uprawie winoro\u015bli, winifikacji, a nawet pozwolili zakorkowa\u0107 wino\u200b.<\/p>\n<\/div>\r\n                    <\/div>\r\n                <\/div>[\/vc_column_inner][\/vc_row_inner][vc_row_inner][vc_column_inner][vc_custom_heading text=&#8221;Perspektywa student\u00f3w&#8221; google_fonts=&#8221;font_family:PT%20Sans%3Aregular%2Citalic%2C700%2C700italic|font_style:700%20bold%20regular%3A700%3Anormal&#8221;][\/vc_column_inner][\/vc_row_inner][\/vc_column][vc_column width=&#8221;1\/3&#8243; el_class=&#8221;container&#8221;][vc_tta_pageable no_fill_content_area=&#8221;1&#8243; active_section=&#8221;1&#8243; pagination_style=&#8221;&#8221; css=&#8221;.vc_custom_1689254506956{border-left-width: 3px !important;padding-left: 5px !important;border-left-color: #fbb900 !important;border-left-style: solid !important;}&#8221;][vc_tta_section tab_id=&#8221;1653645747194-f6bf557b-7889&#8243;][vc_hoverbox image=&#8221;20932&#8243; primary_title=&#8221;&#8221; primary_align=&#8221;left&#8221; hover_title=&#8221;&#8221; hover_align=&#8221;left&#8221; shape=&#8221;square&#8221; hover_background_color=&#8221;custom&#8221; align=&#8221;left&#8221; hover_custom_background=&#8221;#f8f8f8&#8243;]<\/p>\n<p style=\"text-align: left;\"><span style=\"font-size: 12pt; font-family: verdana, geneva, sans-serif;\">Absolwenci tego kierunku posiadaj\u0105 wiedz\u0119 z zakresu historii, kultury i literatury \u015ar\u00f3dziemnomorza, kt\u00f3ra pozwala na prac\u0119 w charakterze przewodnika wycieczek lub rezydenta w krajach basenu Morza \u015ar\u00f3dziemnego. <\/span><\/p>\n<p style=\"text-align: left;\"><span style=\"font-size: 12pt; font-family: verdana, geneva, sans-serif;\">Mog\u0105 podj\u0105\u0107 te\u017c prac\u0119 w instytucjach kultury lub zorientowanych na wsp\u00f3\u0142prac\u0119 europejsk\u0105.<\/span><\/p>\n<p>&nbsp;<\/p>\n<p>&nbsp;<\/p>\n<p>&nbsp;<\/p>\n<p>[\/vc_hoverbox][vc_empty_space height=&#8221;20px&#8221;][vc_custom_heading text=&#8221;Poznaj nas lepiej&#8221; font_container=&#8221;tag:h2|text_align:left|color:%23002e5a&#8221; google_fonts=&#8221;font_family:PT%20Sans%3Aregular%2Citalic%2C700%2C700italic|font_style:700%20bold%20regular%3A700%3Anormal&#8221;][vc_separator]            \r\n            <div class=\"sidebar_moduls sidebar_moduls_facebok fb-page\"\r\n              data-href=\"https:\/\/www.facebook.com\/KFKUS\" \r\n              data-width=\"330\"\r\n              data-hide-cover=\"false\"\r\n              data-show-facepile=\"true\"><\/div>\r\n             \r\n             <div id=\"fb-root\"><\/div>\r\n            <script async defer crossorigin=\"anonymous\" src=\" https:\/\/connect.facebook.net\/pl_PL\/sdk.js#xfbml=1&version=v4.0 \">                        \r\n            <\/script>\r\n            [vc_empty_space height=&#8221;20px&#8221;]            \r\n            <div class=\"sidebar_moduls sidebar_moduls_facebok fb-page\"\r\n              data-href=\"https:\/\/www.facebook.com\/wydz.humanistyczny.us\" \r\n              data-width=\"330\"\r\n              data-hide-cover=\"false\"\r\n              data-show-facepile=\"true\"><\/div>\r\n             \r\n             <div id=\"fb-root\"><\/div>\r\n            <script async defer crossorigin=\"anonymous\" src=\" https:\/\/connect.facebook.net\/pl_PL\/sdk.js#xfbml=1&version=v4.0 \">                        \r\n            <\/script>\r\n            [vc_custom_heading text=&#8221;Kampus Katowice&#8221; font_container=&#8221;tag:h2|text_align:left|color:%23002e5a&#8221; google_fonts=&#8221;font_family:PT%20Sans%3Aregular%2Citalic%2C700%2C700italic|font_style:700%20bold%20regular%3A700%3Anormal&#8221;][vc_separator][vc_video link=&#8221;https:\/\/www.youtube.com\/watch?v=azMUt0AE-Uw&#8221;][\/vc_tta_section][\/vc_tta_pageable][\/vc_column][\/vc_row][vc_row el_class=&#8221;container&#8221;][vc_column][vc_separator color=&#8221;custom&#8221; accent_color=&#8221;#dfe2ec&#8221;][vc_tta_pageable no_fill_content_area=&#8221;true&#8221; active_section=&#8221;1&#8243; pagination_style=&#8221;&#8221; css=&#8221;.vc_custom_1685017666820{background-color: #dfe2ec !important;}&#8221; el_class=&#8221;container&#8221;][vc_tta_section tab_id=&#8221;1656319594922-303056d2-6689&#8243;]\r\n                <div class=\"text-modules\">\r\n                    <div class=\"container\">\r\n                        \r\n                        <div class=\"text-modules__content\"><\/p>\n<p style=\"text-align: justify;\"><em><span class=\"tojvnm2t a6sixzi8 abs2jz4q a8s20v7p t1p8iaqh k5wvi7nf q3lfd5jv pk4s997a bipmatt0 cebpdrjk qowsmv63 owwhemhu dp1hu0rb dhp61c6y iyyx5f41\">Uwa\u017cam, \u017ce zbyt ma\u0142o m\u00f3wi si\u0119 o mediteranistyce. Jest to kierunek, kt\u00f3ry rozwija studenta na bardzo wielu p\u0142aszczyznach. Mamy mo\u017cliwo\u015b\u0107 uczenia jest a\u017c 4 j\u0119zyk\u00f3w obcych, w\u015br\u00f3d kt\u00f3rych przewa\u017caj\u0105 klasyczne, co otwiera drzwi do lingwistyki. Ponadto na drugim roku odbywa si\u0119 kurs na pilota wycieczek, natomiast na trzecim kilka przedmiot\u00f3w jest \u015bcis\u0142e zwi\u0105zanych z turystyk\u0105. Uwzgl\u0119dniaj\u0105c histori\u0119, religi\u0119, kuchni\u0119, kultur\u0119, zwyczaje, a nawet obecn\u0105 sytuacj\u0119 polityczn\u0105, kompleksowo poznaje si\u0119 region \u015ar\u00f3dziemnomorza.<\/span><\/em><\/p>\n<p><strong>Pawe\u0142 Gruchalski, student III roku<\/strong><\/p>\n<\/div>\r\n                    <\/div>\r\n                <\/div>[\/vc_tta_section][\/vc_tta_pageable][vc_row_inner][vc_column_inner][vc_empty_space height=&#8221;35px&#8221;][\/vc_column_inner][\/vc_row_inner][\/vc_column][\/vc_row][vc_row el_class=&#8221;container&#8221;][vc_column width=&#8221;2\/3&#8243;][vc_tta_pageable no_fill_content_area=&#8221;1&#8243; active_section=&#8221;1&#8243; pagination_style=&#8221;&#8221; title=&#8221;Gdzie b\u0119dziesz studiowa\u0107?&#8221; css=&#8221;.vc_custom_1653586849789{background-position: center !important;background-repeat: no-repeat !important;background-size: cover !important;}&#8221;][vc_tta_section tab_id=&#8221;1653479712065-2c52f2ca-364e&#8221;][vc_images_carousel images=&#8221;16189,16190,16160&#8243; img_size=&#8221;full&#8221; onclick=&#8221;link_no&#8221; speed=&#8221;3500&#8243; autoplay=&#8221;yes&#8221; hide_pagination_control=&#8221;yes&#8221; wrap=&#8221;yes&#8221;][\/vc_tta_section][\/vc_tta_pageable][\/vc_column][vc_column width=&#8221;1\/3&#8243;][vc_tta_pageable no_fill_content_area=&#8221;1&#8243; active_section=&#8221;1&#8243; pagination_style=&#8221;&#8221; title=&#8221;Skontaktuj si\u0119 z nami:&#8221; css=&#8221;.vc_custom_1653587776587{background-position: center !important;background-repeat: no-repeat !important;background-size: contain !important;border-radius: 20px !important;}&#8221;][vc_tta_section tab_id=&#8221;1653479581419-652d0e5d-0dd6&#8243;]\r\n                <div class=\"text-modules\">\r\n                    <div class=\"container\">\r\n                        \r\n                        <div class=\"text-modules__content\"><p>dr Agata Sowi\u0144ska<\/p>\n<p><a href=\"mailto:agata.sowinska@us.edu.pl\">agata.sowinska@us.edu.pl<\/a><\/p>\n<p>tel. 514 87 54 15<\/p>\n<p>ul. Uniwersytecka 4<br \/>\n40-007 Katowice<\/p>\n<\/div>\r\n                    <\/div>\r\n                <\/div>[\/vc_tta_section][\/vc_tta_pageable][vc_tta_pageable no_fill_content_area=&#8221;1&#8243; active_section=&#8221;1&#8243; pagination_style=&#8221;&#8221; title=&#8221;Sprawd\u017a jeszcze:&#8221; css=&#8221;.vc_custom_1653587768868{background-position: center !important;background-repeat: no-repeat !important;background-size: contain !important;}&#8221;][vc_tta_section tab_id=&#8221;1653483573124-ea9e9979-8940&#8243;][vc_btn title=&#8221;filologia klasyczna&#8221; color=&#8221;orange&#8221; size=&#8221;lg&#8221; link=&#8221;url:https%3A%2F%2Fus.edu.pl%2Fwydzial%2Fwh%2Fkandydat-wh%2Fkierunki-studiow%2Ffilologia-klasyczna%2F|title:filologia%20klasyczna|target:%20_blank|&#8221;][vc_empty_space height=&#8221;1px&#8221;][vc_btn title=&#8221;filologia hiszpa\u0144ska&#8221; color=&#8221;orange&#8221; size=&#8221;lg&#8221; link=&#8221;url:https%3A%2F%2Fus.edu.pl%2Fwydzial%2Fwh%2Fkandydat-wh%2Fkierunki-studiow%2Ffilologia-hiszpanska%2F|title:filologia%20roma%C5%84ska|target:_blank&#8221;][vc_empty_space height=&#8221;1px&#8221;][vc_btn title=&#8221;filologia w\u0142oska&#8221; color=&#8221;orange&#8221; size=&#8221;lg&#8221; link=&#8221;url:https%3A%2F%2Fus.edu.pl%2Fwydzial%2Fwh%2Fkandydat-wh%2Fkierunki-studiow%2Ffilologia-wloska%2F|title:kulturoznawstwo|target:_blank&#8221;][vc_empty_space height=&#8221;1px&#8221;][vc_btn title=&#8221;turystyka historyczna&#8221; color=&#8221;orange&#8221; size=&#8221;lg&#8221; link=&#8221;url:https%3A%2F%2Fus.edu.pl%2Fwydzial%2Fwh%2Fkandydat-wh%2Fkierunki-studiow%2Fturystyka-historyczna%2F|title:turystyka%20historyczna|target:%20_blank|&#8221;][\/vc_tta_section][\/vc_tta_pageable][\/vc_column][\/vc_row][vc_row el_class=&#8221;container&#8221;][vc_column][vc_gmaps link=&#8221;#E-8_JTNDaWZyYW1lJTIwc3JjJTNEJTIyaHR0cHMlM0ElMkYlMkZ3d3cuZ29vZ2xlLmNvbSUyRm1hcHMlMkZlbWJlZCUzRnBiJTNEJTIxMW0xOCUyMTFtMTIlMjExbTMlMjExZDI1NTAuNjM2ODIzNzQzOTQzOCUyMTJkMTkuMDIxMzM1ODM0NDM2OTkzJTIxM2Q1MC4yNjEzNjY5NDMxMjg2NjQlMjEybTMlMjExZjAlMjEyZjAlMjEzZjAlMjEzbTIlMjExaTEwMjQlMjEyaTc2OCUyMTRmMTMuMSUyMTNtMyUyMTFtMiUyMTFzMHg0NzE2Y2U0OTQ1ZWNkMTlkJTI1M0EweGRmMWIwODY3YTVmYmMzZmIlMjEyc1d5ZHppYSUyNUM1JTI1ODIlMjUyMEh1bWFuaXN0eWN6bnklMjUyMFVuaXdlcnN5dGV0dSUyNTIwJTI1QzUlMjU5QWwlMjVDNCUyNTg1c2tpZWdvJTIxNWUwJTIxM20yJTIxMXNwbCUyMTJzcGwlMjE0djE2NTQwODQyNzk2MTQlMjE1bTIlMjExc3BsJTIxMnNwbCUyMiUyMHdpZHRoJTNEJTIyNjAwJTIyJTIwaGVpZ2h0JTNEJTIyNDUwJTIyJTIwc3R5bGUlM0QlMjJib3JkZXIlM0EwJTNCJTIyJTIwYWxsb3dmdWxsc2NyZWVuJTNEJTIyJTIyJTIwbG9hZGluZyUzRCUyMmxhenklMjIlMjByZWZlcnJlcnBvbGljeSUzRCUyMm5vLXJlZmVycmVyLXdoZW4tZG93bmdyYWRlJTIyJTNFJTNDJTJGaWZyYW1lJTNF&#8221; size=&#8221;&#8221;][\/vc_column][\/vc_row]<\/p>","protected":false},"excerpt":{"rendered":"<p>[vc_row el_class=&#8221;container&#8221;][vc_column width=&#8221;1\/2&#8243; css=&#8221;.vc_custom_1653565298692{margin-right: 0px !important;margin-left: 0px !important;border-right-width: 0px !important;border-left-width: 0px !important;}&#8221;][vc_single_image image=&#8221;12748&#8243; img_size=&#8221;full&#8221; alignment=&#8221;center&#8221;][vc_btn title=&#8221;Karta kierunku &#8211; program studi\u00f3w&#8221; style=&#8221;custom&#8221; custom_background=&#8221;#002e5a&#8221; custom_text=&#8221;#ffffff&#8221; size=&#8221;lg&#8221; align=&#8221;center&#8221; i_icon_fontawesome=&#8221;fas fa-arrow-right&#8221; button_block=&#8221;true&#8221; add_icon=&#8221;true&#8221; link=&#8221;url:https%3A%2F%2Finformator.us.edu.pl%2Fprogrammes%2Flist%2Fall%2FMD%2F|target:_blank&#8221;][vc_row_inner disable_element=&#8221;yes&#8221;][vc_column_inner][vc_separator color=&#8221;sky&#8221; border_width=&#8221;2&#8243;][\/vc_column_inner][\/vc_row_inner][vc_row_inner disable_element=&#8221;yes&#8221;][vc_column_inner][\/vc_column_inner][\/vc_row_inner][vc_row_inner disable_element=&#8221;yes&#8221;][vc_column_inner width=&#8221;1\/2&#8243;][\/vc_column_inner][vc_column_inner width=&#8221;1\/2&#8243;][vc_btn title=&#8221;studia stacjonarne I stopnia&#8221; style=&#8221;outline-custom&#8221; outline_custom_color=&#8221;#002e5a&#8221; outline_custom_hover_background=&#8221;#fbb900&#8243; outline_custom_hover_text=&#8221;#ffffff&#8221; size=&#8221;lg&#8221; align=&#8221;center&#8221; i_icon_fontawesome=&#8221;fas fa-arrow-right&#8221; button_block=&#8221;true&#8221; add_icon=&#8221;true&#8221; link=&#8221;url:https%3A%2F%2Firk.us.edu.pl%2Fpl%2Foffer%2FSW-2025-Z%2Fprogramme%2FW1-S1MD19%2F%3Ffrom%3Dorg-unit%3AW1|target:_blank&#8221;][\/vc_column_inner][\/vc_row_inner][vc_row_inner disable_element=&#8221;yes&#8221;][vc_column_inner][vc_separator color=&#8221;sky&#8221; border_width=&#8221;2&#8243;][\/vc_column_inner][\/vc_row_inner][\/vc_column][vc_column [&#8230;]<\/p>\n<p><a class=\"btn btn-secondary understrap-read-more-link\" href=\"https:\/\/us.edu.pl\/wydzial\/wh\/kandydat-wh\/kierunki-studiow\/mediteranistyka\/\">Read More&#8230;<\/a><\/p>\n","protected":false},"author":2430,"featured_media":0,"parent":989,"menu_order":0,"comment_status":"closed","ping_status":"closed","template":"","meta":{"_expiration-date-status":"","_expiration-date":0,"_expiration-date-type":"","_expiration-date-categories":[],"_expiration-date-options":[]},"acf":[],"_links":{"self":[{"href":"https:\/\/us.edu.pl\/wydzial\/wh\/wp-json\/wp\/v2\/pages\/21206"}],"collection":[{"href":"https:\/\/us.edu.pl\/wydzial\/wh\/wp-json\/wp\/v2\/pages"}],"about":[{"href":"https:\/\/us.edu.pl\/wydzial\/wh\/wp-json\/wp\/v2\/types\/page"}],"author":[{"embeddable":true,"href":"https:\/\/us.edu.pl\/wydzial\/wh\/wp-json\/wp\/v2\/users\/2430"}],"replies":[{"embeddable":true,"href":"https:\/\/us.edu.pl\/wydzial\/wh\/wp-json\/wp\/v2\/comments?post=21206"}],"version-history":[{"count":12,"href":"https:\/\/us.edu.pl\/wydzial\/wh\/wp-json\/wp\/v2\/pages\/21206\/revisions"}],"predecessor-version":[{"id":196674,"href":"https:\/\/us.edu.pl\/wydzial\/wh\/wp-json\/wp\/v2\/pages\/21206\/revisions\/196674"}],"up":[{"embeddable":true,"href":"https:\/\/us.edu.pl\/wydzial\/wh\/wp-json\/wp\/v2\/pages\/989"}],"wp:attachment":[{"href":"https:\/\/us.edu.pl\/wydzial\/wh\/wp-json\/wp\/v2\/media?parent=21206"}],"curies":[{"name":"wp","href":"https:\/\/api.w.org\/{rel}","templated":true}]}}