{"id":21310,"date":"2022-06-06T13:05:56","date_gmt":"2022-06-06T11:05:56","guid":{"rendered":"https:\/\/us.edu.pl\/wydzial\/wh\/?page_id=21310"},"modified":"2025-10-23T11:38:16","modified_gmt":"2025-10-23T09:38:16","slug":"turystyka-historyczna","status":"publish","type":"page","link":"https:\/\/us.edu.pl\/wydzial\/wh\/kandydat-wh\/kierunki-studiow\/turystyka-historyczna\/","title":{"rendered":"turystyka historyczna"},"content":{"rendered":"<p>[vc_row el_class=&#8221;container&#8221;][vc_column width=&#8221;1\/2&#8243; css=&#8221;.vc_custom_1683550351209{margin-right: 0px !important;margin-left: 0px !important;border-right-width: 0px !important;border-left-width: 0px !important;}&#8221;][vc_single_image image=&#8221;12800&#8243; img_size=&#8221;full&#8221; alignment=&#8221;center&#8221;][vc_row_inner css=&#8221;.vc_custom_1683551078087{background-color: #f8f8f8 !important;border-radius: 5px !important;}&#8221;][vc_column_inner css=&#8221;.vc_custom_1683550542350{background-color: #f8f8f8 !important;}&#8221;][vc_empty_space][vc_btn title=&#8221;Karta kierunku &#8211; program studi\u00f3w&#8221; style=&#8221;custom&#8221; custom_background=&#8221;#002e5a&#8221; custom_text=&#8221;#ffffff&#8221; size=&#8221;lg&#8221; align=&#8221;center&#8221; i_icon_fontawesome=&#8221;fas fa-arrow-right&#8221; button_block=&#8221;true&#8221; add_icon=&#8221;true&#8221; link=&#8221;url:https%3A%2F%2Finformator.us.edu.pl%2Fprogrammes%2Flist%2Ffaculties%2FW1%2FTH%2F|target:_blank&#8221;][\/vc_column_inner][\/vc_row_inner][vc_row_inner css=&#8221;.vc_custom_1747046247038{background-color: #f8f8f8 !important;border-radius: 5px !important;}&#8221;][vc_column_inner][vc_separator color=&#8221;custom&#8221; accent_color=&#8221;#0095db&#8221;][\/vc_column_inner][\/vc_row_inner][vc_row_inner disable_element=&#8221;yes&#8221; css=&#8221;.vc_custom_1761212271316{background-color: #f8f8f8 !important;}&#8221;][vc_column_inner]\r\n                <div class=\"text-modules\">\r\n                    <div class=\"container\">\r\n                        \r\n                        <div class=\"text-modules__content\"><\/p>\n<h3 style=\"text-align: center;\"><span style=\"color: #002e5a;\">Rekrutacja na rok akademicki 2025\/2026<\/span><\/h3>\n<p>\n<\/div>\r\n                    <\/div>\r\n                <\/div>[\/vc_column_inner][\/vc_row_inner][vc_row_inner disable_element=&#8221;yes&#8221; css=&#8221;.vc_custom_1761212280056{background-color: #f8f8f8 !important;}&#8221;][vc_column_inner width=&#8221;1\/2&#8243;]\r\n                <div class=\"text-modules\">\r\n                    <div class=\"container\">\r\n                        \r\n                        <div class=\"text-modules__content\"><\/p>\n<h6 style=\"text-align: left;\"><span style=\"color: #9b132a;\">II oraz III tura rekrutacji:<br \/>\n<strong>23.07.2025 12:00 \u2013 11.09.2025 23:59<\/strong><br \/>\n<\/span><\/h6>\n<p>\n<\/div>\r\n                    <\/div>\r\n                <\/div>[\/vc_column_inner][vc_column_inner width=&#8221;1\/2&#8243;][vc_btn title=&#8221;<b>studia stacjonarne I stopnia<\/b>&#8221; style=&#8221;outline-custom&#8221; outline_custom_color=&#8221;#002e5a&#8221; outline_custom_hover_background=&#8221;#fbb900&#8243; outline_custom_hover_text=&#8221;#ffffff&#8221; size=&#8221;lg&#8221; align=&#8221;center&#8221; i_icon_fontawesome=&#8221;fas fa-arrow-right&#8221; button_block=&#8221;true&#8221; add_icon=&#8221;true&#8221; link=&#8221;url:https%3A%2F%2Firk.us.edu.pl%2Fpl%2Foffer%2FSW-2025-Z%2Fprogramme%2FW1-S1TH19%2F%3Ffrom%3Dorg-unit%3AW1|target:_blank&#8221;][\/vc_column_inner][\/vc_row_inner][vc_row_inner css=&#8221;.vc_custom_1747046266460{background-color: #f8f8f8 !important;border-radius: 5px !important;}&#8221;][vc_column_inner][vc_separator color=&#8221;custom&#8221; accent_color=&#8221;#0095db&#8221;][\/vc_column_inner][\/vc_row_inner][vc_row_inner][vc_column_inner][vc_empty_space][vc_custom_heading text=&#8221;Kampus Katowice&#8221; font_container=&#8221;tag:h2|text_align:left|color:%23002e5a&#8221; google_fonts=&#8221;font_family:PT%20Sans%3Aregular%2Citalic%2C700%2C700italic|font_style:700%20bold%20regular%3A700%3Anormal&#8221;][vc_separator][vc_video link=&#8221;https:\/\/www.youtube.com\/watch?v=azMUt0AE-Uw&#8221; align=&#8221;center&#8221;][vc_empty_space][\/vc_column_inner][\/vc_row_inner][\/vc_column][vc_column width=&#8221;1\/2&#8243; css=&#8221;.vc_custom_1683551298480{border-radius: 15px !important;}&#8221;][vc_row_inner css=&#8221;.vc_custom_1683551359655{border-radius: 15px !important;}&#8221;][vc_column_inner css=&#8221;.vc_custom_1683551406584{background-color: #dfe2ec !important;border-radius: 15px !important;}&#8221;][vc_empty_space][vc_empty_space height=&#8221;15px&#8221;][vc_custom_heading text=&#8221;TURYSTYKA HISTORYCZNA&#8221; font_container=&#8221;tag:h3|text_align:center|color:%23002e5a&#8221; google_fonts=&#8221;font_family:PT%20Sans%20Caption%3Aregular%2C700|font_style:700%20bold%20regular%3A700%3Anormal&#8221;][vc_separator color=&#8221;custom&#8221; style=&#8221;shadow&#8221; el_width=&#8221;60&#8243; accent_color=&#8221;#002e5a&#8221;]\r\n                <div class=\"text-modules\">\r\n                    <div class=\"container\">\r\n                        \r\n                        <div class=\"text-modules__content\"><\/p>\n<p style=\"text-align: justify;\">Kierunek przeznaczony jest dla os\u00f3b, kt\u00f3re wi\u0105\u017c\u0105 swoj\u0105 przysz\u0142o\u015b\u0107 z prac\u0105 pracownika instytucji kultury czy firm, kt\u00f3re podczas realizacji swoich dzia\u0142a\u0144 potrzebuj\u0105 specjalist\u00f3w o gruntowej znajomo\u015bci przesz\u0142o\u015bci. Absolwenci mog\u0105 podj\u0105\u0107 prac\u0119 zawodow\u0105 zwi\u0105zan\u0105 przede wszystkim z rozbudowuj\u0105cym si\u0119 rynkiem <strong>\u201eaktywnej turystyki\u201d<\/strong>: jako piloci i przewodnicy wycieczek, specjali\u015bci z zakresu <em>public history <\/em>(historii w przestrzeni publicznej), potrafi\u0105cy uwzgl\u0119dni\u0107 w swojej pracy tradycje historyczne i dorobek kulturowy, np. w ramach projekt\u00f3w ekspozycji muzealnych czy organizacji imprez o historycznym kontek\u015bcie.<\/p>\n<h4>Historia w przestrzeni publicznej (public history)<\/h4>\n<p style=\"text-align: justify;\">Studia<strong>\u00a0<\/strong>s\u0105 nastawione na nabycie podstawowej wiedzy o przesz\u0142o\u015bci, przydatnej do pracy w sektorze szeroko rozumianej\u00a0<em>public history<\/em>, oraz na przygotowanie do praktycznego stosowania zdobytej wiedzy. Adresowane s\u0105 do wszystkich, pragn\u0105cych podwy\u017cszy\u0107 swoje kwalifikacje w zakresie <strong>popularyzowania, planowania, organizowania i realizacji wycieczek i przedsi\u0119wzi\u0119\u0107, opartych o dziedzictwo historyczne<\/strong>.<\/p>\n<p style=\"text-align: justify;\">Oferta studi\u00f3w wychodzi naprzeciw zapotrzebowaniu na tego rodzaju specjalist\u00f3w, przygotowanych do pracy w\u00a0zakresie tzw. turystyki historycznej. Propozycja zaj\u0119\u0107 uwzgl\u0119dnia tak\u017ce <strong>zaj\u0119cia terenowe<\/strong>, pozwalaj\u0105ce na natychmiastow\u0105 weryfikacj\u0119 pozyskanej wiedzy. Pozwala r\u00f3wnie\u017c na znaczn\u0105 samodzielno\u015b\u0107 inicjatyw student\u00f3w, m.in. przy formowaniu i realizacji tematu pracy dyplomowej.<\/p>\n<p style=\"text-align: justify;\">Uzyskane wiedz\u0119 i umiej\u0119tno\u015bci studenci mog\u0105 pog\u0142\u0119bia\u0107 i weryfikowa\u0107 uczestnicz\u0105c w projektach, wyjazdach naukowych b\u0105d\u017a zaj\u0119ciach realizowanych poza murami Instytutu Historii. Swoje kompetencje mog\u0105 r\u00f3wnie\u017c pog\u0142\u0119bia\u0107 dzi\u0119ki programowi wymiany mi\u0119dzynarodowej\u00a0Erasmus+, w ramach kt\u00f3rego studenci kierunku mog\u0105 zrealizowa\u0107 zagraniczn\u0105 praktyk\u0119 w r\u00f3\u017cnych instytucjach, w 31 pa\u0144stwach uczestnicz\u0105cych w programie lub cz\u0119\u015b\u0107 studi\u00f3w w zagranicznej uczelni partnerskiej w krajach takich jak: <strong>Bu\u0142garia, Czechy, Estonia, Francja, Hiszpania, Litwa, Niemcy, Portugalia, S\u0142owacja, S\u0142owenia, Turcja, W\u0142ochy.<\/strong><\/p>\n<p><strong>Studia prowadzone s\u0105 wy\u0142\u0105cznie w trybie stacjonarnym.<\/strong><\/p>\n<\/div>\r\n                    <\/div>\r\n                <\/div>[\/vc_column_inner][\/vc_row_inner][vc_row_inner][vc_column_inner][vc_empty_space][\/vc_column_inner][\/vc_row_inner][vc_tta_pageable no_fill_content_area=&#8221;1&#8243; active_section=&#8221;1&#8243; pagination_style=&#8221;&#8221;][vc_tta_section tab_id=&#8221;1653645747194-f6bf557b-7889&#8243;][vc_hoverbox image=&#8221;20932&#8243; primary_title=&#8221;&#8221; primary_align=&#8221;left&#8221; hover_title=&#8221;&#8221; hover_align=&#8221;left&#8221; shape=&#8221;square&#8221; hover_background_color=&#8221;custom&#8221; align=&#8221;left&#8221; hover_custom_background=&#8221;#f8f8f8&#8243;]<\/p>\n<p style=\"text-align: justify;\"><span style=\"font-size: 18pt;\">Kierunek turystyka historyczna przygotowuje s\u0142uchaczy do podejmowania prac w zakresie upowszechniania historii i dorobku kulturowego kraju i Europy. Absolwenci tego typu studi\u00f3w zostaj\u0105 wyposa\u017ceni w wiedz\u0119 (przede wszystkim funkcjonaln\u0105, przydatn\u0105 w pracy z turystami) i ponadprzedmiotowe umiej\u0119tno\u015bci (kompetencje), zwi\u0119kszaj\u0105ce ich szans\u0119 na rynku pracy. Mog\u0105 podj\u0105\u0107 prac\u0119 zawodow\u0105 zwi\u0105zan\u0105 przede wszystkim z rozbudowuj\u0105cym si\u0119 rynkiem \u201eaktywnej turystyki\u201d: pilot\u00f3w i przewodnik\u00f3w wycieczek, specjalist\u00f3w z zakresu <em>public history<\/em>, potrafi\u0105cych uwzgl\u0119dni\u0107 w swojej pracy tradycje historyczne i dorobek kulturowy (zw\u0142aszcza regionu poprzemys\u0142owego).<\/span><\/p>\n<p>[\/vc_hoverbox][\/vc_tta_section][\/vc_tta_pageable][\/vc_column][\/vc_row][vc_row el_class=&#8221;container&#8221;][vc_column width=&#8221;1\/2&#8243;][\/vc_column][vc_column width=&#8221;1\/2&#8243;][\/vc_column][\/vc_row][vc_row el_class=&#8221;container&#8221;][vc_column][vc_custom_heading text=&#8221;Poznaj nas lepiej&#8221; font_container=&#8221;tag:h2|text_align:left|color:%23002e5a&#8221; google_fonts=&#8221;font_family:PT%20Sans%3Aregular%2Citalic%2C700%2C700italic|font_style:700%20bold%20regular%3A700%3Anormal&#8221;][vc_separator][vc_row_inner][vc_column_inner width=&#8221;1\/3&#8243;]            \r\n            <div class=\"sidebar_moduls sidebar_moduls_facebok fb-page\"\r\n              data-href=\"https:\/\/www.facebook.com\/InstytutHistoriiUniwersytetuSlaskiego\" \r\n              data-width=\"330\"\r\n              data-hide-cover=\"false\"\r\n              data-show-facepile=\"true\"><\/div>\r\n             \r\n             <div id=\"fb-root\"><\/div>\r\n            <script async defer crossorigin=\"anonymous\" src=\" https:\/\/connect.facebook.net\/pl_PL\/sdk.js#xfbml=1&version=v4.0 \">                        \r\n            <\/script>\r\n            [\/vc_column_inner][vc_column_inner width=&#8221;1\/3&#8243;]            \r\n            <div class=\"sidebar_moduls sidebar_moduls_facebok fb-page\"\r\n              data-href=\"https:\/\/www.facebook.com\/wydz.humanistyczny.us\" \r\n              data-width=\"330\"\r\n              data-hide-cover=\"false\"\r\n              data-show-facepile=\"true\"><\/div>\r\n             \r\n             <div id=\"fb-root\"><\/div>\r\n            <script async defer crossorigin=\"anonymous\" src=\" https:\/\/connect.facebook.net\/pl_PL\/sdk.js#xfbml=1&version=v4.0 \">                        \r\n            <\/script>\r\n            [\/vc_column_inner][vc_column_inner width=&#8221;1\/3&#8243;][\/vc_column_inner][\/vc_row_inner][\/vc_column][\/vc_row][vc_row][vc_column][vc_empty_space height=&#8221;20px&#8221;][\/vc_column][\/vc_row][vc_row el_class=&#8221;container&#8221;][vc_column][vc_custom_heading text=&#8221;Wyjazdy historyczne&#8221; font_container=&#8221;tag:h2|text_align:left|color:%23002e5a&#8221; google_fonts=&#8221;font_family:PT%20Sans%3Aregular%2Citalic%2C700%2C700italic|font_style:700%20bold%20regular%3A700%3Anormal&#8221;][vc_separator color=&#8221;custom&#8221; accent_color=&#8221;#dfe2ec&#8221;][vc_row_inner][vc_column_inner width=&#8221;1\/3&#8243;][vc_single_image image=&#8221;21374&#8243; img_size=&#8221;full&#8221; alignment=&#8221;center&#8221; style=&#8221;vc_box_circle_2&#8243;]\r\n                <div class=\"text-modules\">\r\n                    <div class=\"container\">\r\n                        \r\n                        <div class=\"text-modules__content\"><p><span class=\"d2edcug0 hpfvmrgz qv66sw1b c1et5uql lr9zc1uh a8c37x1j fe6kdd0r mau55g9w c8b282yb keod5gw0 nxhoafnm aigsh9s9 d3f4x2em iv3no6db jq4qci2q a3bd9o3v b1v8xokw oo9gr5id hzawbc8m\" dir=\"auto\">Studenci w trakcie <strong>objazdu naukowego po W\u0142oszech<\/strong> odwiedzili m.in. cmentarz \u017co\u0142nierzy polskich, gdzie w 78. rocznic\u0119 bitwy pod Monte Cassino z\u0142o\u017cyli kwiaty przy grobach poleg\u0142ych Polak\u00f3w. <\/span><\/p>\n<\/div>\r\n                    <\/div>\r\n                <\/div>[\/vc_column_inner][vc_column_inner width=&#8221;1\/3&#8243;][vc_single_image image=&#8221;21364&#8243; img_size=&#8221;full&#8221; alignment=&#8221;center&#8221; style=&#8221;vc_box_circle_2&#8243;]\r\n                <div class=\"text-modules\">\r\n                    <div class=\"container\">\r\n                        \r\n                        <div class=\"text-modules__content\"><p><span class=\"d2edcug0 hpfvmrgz qv66sw1b c1et5uql lr9zc1uh a8c37x1j fe6kdd0r mau55g9w c8b282yb keod5gw0 nxhoafnm aigsh9s9 d3f4x2em iv3no6db jq4qci2q a3bd9o3v b1v8xokw oo9gr5id hzawbc8m\" dir=\"auto\"><strong>Specjalne zaj\u0119cia projektowe<\/strong>, przeprowadzone przez Jaros\u0142awa Botora \u2013 ratownika medycznego, instruktora ratownictwa g\u00f3rskiego i himalaist\u0119, uczestnika Narodowej Zimowej Wyprawy na K2 z 2018 roku. Studenci mogli zapozna\u0107 si\u0119 z podstawami turystyki ekstremalnej, zar\u00f3wno w teorii, jak i w praktyce. <\/span><\/p>\n<\/div>\r\n                    <\/div>\r\n                <\/div>[\/vc_column_inner][vc_column_inner width=&#8221;1\/3&#8243;][vc_single_image image=&#8221;157160&#8243; img_size=&#8221;full&#8221; alignment=&#8221;center&#8221; style=&#8221;vc_box_circle_2&#8243;]\r\n                <div class=\"text-modules\">\r\n                    <div class=\"container\">\r\n                        \r\n                        <div class=\"text-modules__content\"><p>Studenci wzi\u0119li udzia\u0142 w <strong>specjalnych warsztatach w Wolinie<\/strong>. Dzi\u0119ki wsp\u00f3\u0142pracy z Valhalla Project i Centrum S\u0142owian i Wiking\u00f3w Wolin Jomsborg Vineta nasi studenci mog\u0105 wzi\u0105\u0107 udzia\u0142 we wsp\u00f3lnych pracach nad aplikacj\u0105 \u2013 wirtualnym przewodnikiem po skansenie<\/p>\n<\/div>\r\n                    <\/div>\r\n                <\/div>[\/vc_column_inner][\/vc_row_inner][\/vc_column][\/vc_row][vc_row][vc_column][vc_empty_space height=&#8221;30px&#8221;][\/vc_column][\/vc_row][vc_row el_class=&#8221;container&#8221;][vc_column][vc_separator color=&#8221;custom&#8221; accent_color=&#8221;#dfe2ec&#8221;][\/vc_column][\/vc_row][vc_row el_class=&#8221;container&#8221;][vc_column width=&#8221;2\/3&#8243;][vc_tta_pageable no_fill_content_area=&#8221;1&#8243; active_section=&#8221;1&#8243; pagination_style=&#8221;&#8221; title=&#8221;Gdzie b\u0119dziesz studiowa\u0107?&#8221; css=&#8221;.vc_custom_1653586849789{background-position: center !important;background-repeat: no-repeat !important;background-size: cover !important;}&#8221;][vc_tta_section tab_id=&#8221;1653479712065-2c52f2ca-364e&#8221;][vc_images_carousel images=&#8221;21043,21042&#8243; img_size=&#8221;full&#8221; onclick=&#8221;link_no&#8221; speed=&#8221;3500&#8243; autoplay=&#8221;yes&#8221; hide_pagination_control=&#8221;yes&#8221; wrap=&#8221;yes&#8221;][\/vc_tta_section][\/vc_tta_pageable][\/vc_column][vc_column width=&#8221;1\/3&#8243;][vc_tta_pageable no_fill_content_area=&#8221;1&#8243; active_section=&#8221;1&#8243; pagination_style=&#8221;&#8221; title=&#8221;Skontaktuj si\u0119 z nami:&#8221; css=&#8221;.vc_custom_1653587776587{background-position: center !important;background-repeat: no-repeat !important;background-size: contain !important;border-radius: 20px !important;}&#8221;][vc_tta_section tab_id=&#8221;1653479581419-652d0e5d-0dd6&#8243;]\r\n                <div class=\"text-modules\">\r\n                    <div class=\"container\">\r\n                        \r\n                        <div class=\"text-modules__content\"><p>ul. Bankowa 11<br \/>\n40-007 Katowice<\/p>\n<\/div>\r\n                    <\/div>\r\n                <\/div>[\/vc_tta_section][\/vc_tta_pageable][vc_tta_pageable no_fill_content_area=&#8221;1&#8243; active_section=&#8221;1&#8243; pagination_style=&#8221;&#8221; title=&#8221;Sprawd\u017a jeszcze:&#8221; css=&#8221;.vc_custom_1653587768868{background-position: center !important;background-repeat: no-repeat !important;background-size: contain !important;}&#8221;][vc_tta_section tab_id=&#8221;1653483573124-ea9e9979-8940&#8243;][vc_btn title=&#8221;mediteranistyka&#8221; color=&#8221;orange&#8221; size=&#8221;lg&#8221; link=&#8221;url:https%3A%2F%2Fus.edu.pl%2Fwydzial%2Fwh%2Fkandydat-wh%2Fkierunki-studiow%2Fmediteranistyka%2F|title:mediteranistyka|target:%20_blank|&#8221;][vc_empty_space height=&#8221;1px&#8221;][vc_btn title=&#8221;historia&#8221; color=&#8221;orange&#8221; size=&#8221;lg&#8221; link=&#8221;url:https%3A%2F%2Fus.edu.pl%2Fwydzial%2Fwh%2Fkandydat-wh%2Fkierunki-studiow%2Fhistoria%2F|title:historia|target:_blank&#8221;][vc_empty_space height=&#8221;1px&#8221;][vc_btn title=&#8221;kulturoznawstwo&#8221; color=&#8221;orange&#8221; size=&#8221;lg&#8221; link=&#8221;url:https%3A%2F%2Fus.edu.pl%2Fwydzial%2Fwh%2Fkandydat-wh%2Fkierunki-studiow%2Fkulturoznawstwo%2F|title:kulturoznawstwo|target:_blank&#8221;][vc_empty_space height=&#8221;1px&#8221;][vc_btn title=&#8221;filologia klasyczna&#8221; color=&#8221;orange&#8221; size=&#8221;lg&#8221; link=&#8221;url:https%3A%2F%2Fus.edu.pl%2Fwydzial%2Fwh%2Fkandydat-wh%2Fkierunki-studiow%2Ffilologia-klasyczna%2F|title:filologia%20klasyczna|target:_blank&#8221;][vc_empty_space height=&#8221;1px&#8221;][vc_btn title=&#8221;\u015brodkowoeuropejskie studia historyczne&#8221; color=&#8221;orange&#8221; size=&#8221;lg&#8221; link=&#8221;url:https%3A%2F%2Fus.edu.pl%2Fwydzial%2Fwh%2Fkandydat-wh%2Fkierunki-studiow%2Fsrodkowoeuropejskie-studia-historyczne%2F|title:filologia%20klasyczna|target:_blank&#8221;][\/vc_tta_section][\/vc_tta_pageable][\/vc_column][\/vc_row][vc_row el_class=&#8221;container&#8221;][vc_column][vc_gmaps link=&#8221;#E-8_JTNDaWZyYW1lJTIwc3JjJTNEJTIyaHR0cHMlM0ElMkYlMkZ3d3cuZ29vZ2xlLmNvbSUyRm1hcHMlMkZlbWJlZCUzRnBiJTNEJTIxMW0xOCUyMTFtMTIlMjExbTMlMjExZDUxMDEuMzI0NzAyMjAzMTY2JTIxMmQxOS4wMjQ2OTkzMjgwMTIwNDglMjEzZDUwLjI2MDg5MDIxNzc5ODUyNiUyMTJtMyUyMTFmMCUyMTJmMCUyMTNmMCUyMTNtMiUyMTFpMTAyNCUyMTJpNzY4JTIxNGYxMy4xJTIxM20zJTIxMW0yJTIxMXMweDQ3MTZjZjVjOWIxNWExMGYlMjUzQTB4ZDFjYzU1NmI1OTRkMTIwMyUyMTJzV3lkemlhJTI1QzUlMjU4MiUyNTIwSHVtYW5pc3R5Y3pueSUyNTIwVW5pd2Vyc3l0ZXR1JTI1MjAlMjVDNSUyNTlBbCUyNUM0JTI1ODVza2llZ28lMjUyMHclMjUyMEthdG93aWNhY2glMjE1ZTAlMjEzbTIlMjExc3BsJTIxMnNwbCUyMTR2MTY1NDUxMzIwMzU4NiUyMTVtMiUyMTFzcGwlMjEyc3BsJTIyJTIwd2lkdGglM0QlMjI2MDAlMjIlMjBoZWlnaHQlM0QlMjI0NTAlMjIlMjBzdHlsZSUzRCUyMmJvcmRlciUzQTAlM0IlMjIlMjBhbGxvd2Z1bGxzY3JlZW4lM0QlMjIlMjIlMjBsb2FkaW5nJTNEJTIybGF6eSUyMiUyMHJlZmVycmVycG9saWN5JTNEJTIybm8tcmVmZXJyZXItd2hlbi1kb3duZ3JhZGUlMjIlM0UlM0MlMkZpZnJhbWUlM0U=&#8221; size=&#8221;&#8221;][\/vc_column][\/vc_row][vc_column][\/vc_column][vc_column][\/vc_column]<\/p>","protected":false},"excerpt":{"rendered":"<p>[vc_row el_class=&#8221;container&#8221;][vc_column width=&#8221;1\/2&#8243; css=&#8221;.vc_custom_1683550351209{margin-right: 0px !important;margin-left: 0px !important;border-right-width: 0px !important;border-left-width: 0px !important;}&#8221;][vc_single_image image=&#8221;12800&#8243; img_size=&#8221;full&#8221; alignment=&#8221;center&#8221;][vc_row_inner css=&#8221;.vc_custom_1683551078087{background-color: #f8f8f8 !important;border-radius: 5px !important;}&#8221;][vc_column_inner css=&#8221;.vc_custom_1683550542350{background-color: #f8f8f8 !important;}&#8221;][vc_empty_space][vc_btn title=&#8221;Karta kierunku &#8211; program studi\u00f3w&#8221; style=&#8221;custom&#8221; custom_background=&#8221;#002e5a&#8221; custom_text=&#8221;#ffffff&#8221; size=&#8221;lg&#8221; align=&#8221;center&#8221; i_icon_fontawesome=&#8221;fas fa-arrow-right&#8221; button_block=&#8221;true&#8221; add_icon=&#8221;true&#8221; link=&#8221;url:https%3A%2F%2Finformator.us.edu.pl%2Fprogrammes%2Flist%2Ffaculties%2FW1%2FTH%2F|target:_blank&#8221;][\/vc_column_inner][\/vc_row_inner][vc_row_inner css=&#8221;.vc_custom_1747046247038{background-color: #f8f8f8 !important;border-radius: 5px !important;}&#8221;][vc_column_inner][vc_separator color=&#8221;custom&#8221; accent_color=&#8221;#0095db&#8221;][\/vc_column_inner][\/vc_row_inner][vc_row_inner disable_element=&#8221;yes&#8221; css=&#8221;.vc_custom_1761212271316{background-color: #f8f8f8 !important;}&#8221;][vc_column_inner][\/vc_column_inner][\/vc_row_inner][vc_row_inner disable_element=&#8221;yes&#8221; css=&#8221;.vc_custom_1761212280056{background-color: #f8f8f8 !important;}&#8221;][vc_column_inner width=&#8221;1\/2&#8243;][\/vc_column_inner][vc_column_inner width=&#8221;1\/2&#8243;][vc_btn [&#8230;]<\/p>\n<p><a class=\"btn btn-secondary understrap-read-more-link\" href=\"https:\/\/us.edu.pl\/wydzial\/wh\/kandydat-wh\/kierunki-studiow\/turystyka-historyczna\/\">Read More&#8230;<\/a><\/p>\n","protected":false},"author":2430,"featured_media":0,"parent":989,"menu_order":0,"comment_status":"closed","ping_status":"closed","template":"","meta":{"_expiration-date-status":"","_expiration-date":0,"_expiration-date-type":"","_expiration-date-categories":[],"_expiration-date-options":[]},"acf":[],"_links":{"self":[{"href":"https:\/\/us.edu.pl\/wydzial\/wh\/wp-json\/wp\/v2\/pages\/21310"}],"collection":[{"href":"https:\/\/us.edu.pl\/wydzial\/wh\/wp-json\/wp\/v2\/pages"}],"about":[{"href":"https:\/\/us.edu.pl\/wydzial\/wh\/wp-json\/wp\/v2\/types\/page"}],"author":[{"embeddable":true,"href":"https:\/\/us.edu.pl\/wydzial\/wh\/wp-json\/wp\/v2\/users\/2430"}],"replies":[{"embeddable":true,"href":"https:\/\/us.edu.pl\/wydzial\/wh\/wp-json\/wp\/v2\/comments?post=21310"}],"version-history":[{"count":11,"href":"https:\/\/us.edu.pl\/wydzial\/wh\/wp-json\/wp\/v2\/pages\/21310\/revisions"}],"predecessor-version":[{"id":193198,"href":"https:\/\/us.edu.pl\/wydzial\/wh\/wp-json\/wp\/v2\/pages\/21310\/revisions\/193198"}],"up":[{"embeddable":true,"href":"https:\/\/us.edu.pl\/wydzial\/wh\/wp-json\/wp\/v2\/pages\/989"}],"wp:attachment":[{"href":"https:\/\/us.edu.pl\/wydzial\/wh\/wp-json\/wp\/v2\/media?parent=21310"}],"curies":[{"name":"wp","href":"https:\/\/api.w.org\/{rel}","templated":true}]}}