{"id":2450,"date":"2020-03-13T15:02:08","date_gmt":"2020-03-13T14:02:08","guid":{"rendered":"https:\/\/us.edu.pl\/wydzial\/wh\/?page_id=2450"},"modified":"2021-04-20T15:14:46","modified_gmt":"2021-04-20T13:14:46","slug":"proces-dyplomowania","status":"publish","type":"page","link":"https:\/\/us.edu.pl\/wydzial\/wh\/kierunki-studiow\/seminaria-dyplomowe-i-proces-dyplomowania\/proces-dyplomowania\/","title":{"rendered":"Proces dyplomowania"},"content":{"rendered":"<p>[vc_row el_class=&#8221;container&#8221;][vc_column width=&#8221;2\/3&#8243;]\r\n                <div class=\"text-modules\">\r\n                    <div class=\"container\">\r\n                        <h3 class=\"page-title text__title\">Proces dyplomowania<\/h3>\r\n                        <div class=\"text-modules__content\"><p><span style=\"font-size: 12pt\">Proces dyplomowania na kierunku filologia roma\u0144ska jest regulowany Zarz\u0105dzeniem nr 16 Rektora Uniwersytetu \u015al\u0105skiego w Katowicach z dnia 28 stycznia 2015 roku w sprawie wprowadzenia procedury sk\u0142adania i archiwizowania pisemnych prac dyplomowych.<br \/>\n<a href=\"http:\/\/bip.us.edu.pl\/sites\/bip.us.edu.pl\/files\/prawo\/zal20156904.pdf\" class=\"mtli_attachment mtli_pdf\" data-mtli=\"mtli_filesize36,44kB\" class=\"mtli_attachment mtli_pdf\" data-mtli=\"mtli_filesize36,44kB\"><strong>Tre\u015b\u0107 zarz\u0105dzenia<\/strong> <\/a><\/span><\/p>\n<p><a href=\"https:\/\/us.edu.pl\/wydzial\/wh\/wp-content\/uploads\/sites\/15\/2019\/10\/organizacja-przebiegu-egzaminu-dyplomowego-2020-21FROM.pdf\" class=\"mtli_attachment mtli_pdf\" data-mtli=\"mtli_filesize420,59kB\" class=\"mtli_attachment mtli_pdf\" data-mtli=\"mtli_filesize420,59kB\">Organizacja przebiegu egzaminu dyplomowego na Wydziale Humanistycznym Uniwersytetu \u015bl\u0105skiego w roku akademicki 2020\/2021<\/a><\/p>\n<p><span style=\"font-size: 12pt\"><a href=\"https:\/\/us.edu.pl\/wydzial\/wh\/wp-content\/uploads\/sites\/15\/2019\/10\/Za\u0142\u0105cznik_1_Wniosek_o_utworzenie_stanowiska_pracy_zdalnejFROM-1.pdf\" class=\"mtli_attachment mtli_pdf\" data-mtli=\"mtli_filesize558,25kB\" class=\"mtli_attachment mtli_pdf\" data-mtli=\"mtli_filesize558,25kB\">Wniosek o utworzenie stanowiska pracy zdalnej w budynku Wydzia\u0142u Humanistycznego Uniwersytetu \u015al\u0105skiego dla os\u00f3b, kt\u00f3re nie mog\u0105 uczestnicz\u0107 w egzaminie dyplomowym zdalnie w miejscu zamieszkania z powod\u00f3w technicznych i innych<\/a><\/span><\/p>\n<p>Zgodnie z par. 3 ust. 5 Zarz\u0105dzenia nr 135 z dnia 26 sierpnia 2020 roku &#8211; tekst jednolity (za\u0142\u0105cznik do zarz\u0105dzenia nr 223 Rektora U\u015a z dnia 11 grudnia 2020 roku) \u201eRecenzje pracy dyplomowej oraz raporty z badania antyplagiatowego s<u>porz\u0105dzane s\u0105 przez uprawnione osoby w formie elektronicznej poprzez zatwierdzenie tre\u015bci tych dokument\u00f3w w APD, co jest r\u00f3wnowa\u017cne ich podpisaniu\u201d<\/u><\/p>\n<p><strong><a href=\"http:\/\/bip.us.edu.pl\/sites\/bip.us.edu.pl\/files\/prawo\/zal202022301.pdf\" class=\"mtli_attachment mtli_pdf\" data-mtli=\"mtli_filesize36,44kB\" class=\"mtli_attachment mtli_pdf\" data-mtli=\"mtli_filesize36,44kB\">Tre\u015b\u0107 zarz\u0105dzenia<\/a><\/strong><\/p>\n<p><span style=\"font-size: 12pt\">Instrukcje dla autor\u00f3w, promotor\u00f3w i recenzent\u00f3w prac oraz skr\u00f3cony opis przebiegu elektronicznej archiwizacji pracy dyplomowej s\u0105 dost\u0119pne na stronie Archiwum Prac Dyplomowych Uniwersytetu \u015al\u0105skiego w Katowicach.<br \/>\n<\/span><span style=\"font-size: 12pt\"><a href=\"https:\/\/apd.us.edu.pl\/?_s=1\"><em><strong>Link do strony Archiwum Prac Dyplomowych Uniwersytetu \u015al\u0105skiego w Katowicach<\/strong><\/em><\/a><br \/>\n<\/span><\/p>\n<p>&nbsp;<\/p>\n<p><strong><span style=\"font-size: 12pt\">DZIEKANAT DLA STUDENTA FILOLOGII ROMA\u0143SKIEJ<\/span><\/strong><\/p>\n<p><span style=\"font-size: 12pt\">adres: ul. Grota Roweckiego 5, 41-200 Sosnowiec<br \/>\n<\/span><span style=\"font-size: 12pt\">pok\u00f3j: 1.10<\/span><\/p>\n<p><span style=\"font-size: 12pt\"><strong>mgr \u017baneta Kuwak-Nawrot<br \/>\n<\/strong><\/span><span style=\"font-size: 12pt\">e-mail: <a href=\"mailto:zaneta.kuwak-nawrot@us.edu.pl\">zaneta.kuwak-nawrot@us.edu.pl<\/a><br \/>\n<\/span><span style=\"font-size: 12pt\">tel.: 32 364 08 59<\/span><\/p>\n<p><strong><span style=\"font-size: 12pt;color: #0000ff\">Specjalno\u015bci:<\/span><\/strong><\/p>\n<p><span style=\"font-size: 12pt\">Studia stacjonarne I stopnia:<\/span><\/p>\n<ul>\n<li><span style=\"font-size: 12pt\">j\u0119zyk francuski od podstaw z programem t\u0142umaczeniowym i j\u0119zykiem specjalistycznym<\/span><\/li>\n<li><span style=\"font-size: 12pt\">j\u0119zyk francuski z programem t\u0142umaczeniowym<\/span><\/li>\n<li><span style=\"font-size: 12pt\">j\u0119zyki stosowane: j\u0119zyk francuski i j\u0119zyk angielski z programem t\u0142umaczeniowym<\/span><\/li>\n<li><span style=\"font-size: 12pt\">j\u0119zyk w\u0142oski i j\u0119zyk angielski z programem t\u0142umaczeniowym<\/span><\/li>\n<li><span style=\"font-size: 12pt\">j\u0119zyk w\u0142oski z programem t\u0142umaczeniowym<\/span><\/li>\n<\/ul>\n<p>&nbsp;<\/p>\n<p><span style=\"font-size: 12pt\">Studia stacjonarne II stopnia:<\/span><\/p>\n<ul>\n<li><span style=\"font-size: 12pt\">j\u0119zyk francuski z programem t\u0142umaczenia specjalistycznego i wspomaganego komputerowo<\/span><\/li>\n<li><span style=\"font-size: 12pt\">j\u0119zyki stosowane: j\u0119zyk francuski i j\u0119zyk angielski z programem t\u0142umaczeniowym z j\u0119zykiem biznesu<\/span><\/li>\n<li><span style=\"font-size: 12pt\">j\u0119zyki stosowane: j\u0119zyk w\u0142oski i j\u0119zyk angielski z programem t\u0142umaczeniowym z j\u0119zykiem biznesu<\/span><\/li>\n<li><span style=\"font-size: 12pt\">j\u0119zyk w\u0142oski z programem t\u0142umaczeniowym<\/span><\/li>\n<\/ul>\n<p><span style=\"font-size: 12pt\"><strong>mgr Justyna Rak<br \/>\n<\/strong><\/span><span style=\"font-size: 12pt\">e-mail: <a href=\"mailto:justyna.rak@us.edu.pl\">justyna.rak@us.edu.pl<\/a><br \/>\n<\/span><span style=\"font-size: 12pt\">tel.: 32 364 08 60<\/span><\/p>\n<p><span style=\"color: #0000ff\"><strong><span style=\"font-size: 12pt\">Specjalno\u015bci:<\/span><\/strong><\/span><\/p>\n<p><span style=\"font-size: 12pt\">Studia stacjonarne I stopnia:<\/span><\/p>\n<ul>\n<li><span style=\"font-size: 12pt\">j\u0119zyk hiszpa\u0144ski z\u00a0programem t\u0142umaczeniowym<\/span><\/li>\n<li><span style=\"font-size: 12pt\">j\u0119zyk hiszpa\u0144ski z\u00a0programem kultura, literatura i\u00a0media w\u00a0Ameryce \u0141aci\u0144skiej<\/span><\/li>\n<\/ul>\n<p>&nbsp;<\/p>\n<p><span style=\"font-size: 12pt\">Studia stacjonarne II stopnia:<\/span><\/p>\n<ul>\n<li><span style=\"font-size: 12pt\">j\u0119zyk hiszpa\u0144ski z\u00a0programem t\u0142umaczeniowym<\/span><\/li>\n<\/ul>\n<p>\n<style type=\"text\/css\">a[data-mtli~=\"mtli_filesize36,44kB\"]:after {content:\" (36,44 kB)\"}a[data-mtli~=\"mtli_filesize420,59kB\"]:after {content:\" (420,59 kB)\"}a[data-mtli~=\"mtli_filesize558,25kB\"]:after {content:\" (558,25 kB)\"}<\/style><\/div>\r\n                    <\/div>\r\n                <\/div>[\/vc_column][vc_column width=&#8221;1\/3&#8243;][\/vc_column][\/vc_row]<\/p>\n<style type=\"text\/css\">a[data-mtli~=\"mtli_filesize36,44kB\"]:after {content:\" (36,44 kB)\"}a[data-mtli~=\"mtli_filesize420,59kB\"]:after {content:\" (420,59 kB)\"}a[data-mtli~=\"mtli_filesize558,25kB\"]:after {content:\" (558,25 kB)\"}<\/style>","protected":false},"excerpt":{"rendered":"<p>[vc_row el_class=&#8221;container&#8221;][vc_column width=&#8221;2\/3&#8243;][\/vc_column][vc_column width=&#8221;1\/3&#8243;][\/vc_column][\/vc_row] [&#8230;]<\/p>\n<p><a class=\"btn btn-secondary understrap-read-more-link\" href=\"https:\/\/us.edu.pl\/wydzial\/wh\/kierunki-studiow\/seminaria-dyplomowe-i-proces-dyplomowania\/proces-dyplomowania\/\">Read More&#8230;<\/a><\/p>\n","protected":false},"author":32,"featured_media":0,"parent":8911,"menu_order":0,"comment_status":"closed","ping_status":"closed","template":"","meta":{"_expiration-date-status":"saved","_expiration-date":0,"_expiration-date-type":"","_expiration-date-categories":[],"_expiration-date-options":[]},"acf":[],"_links":{"self":[{"href":"https:\/\/us.edu.pl\/wydzial\/wh\/wp-json\/wp\/v2\/pages\/2450"}],"collection":[{"href":"https:\/\/us.edu.pl\/wydzial\/wh\/wp-json\/wp\/v2\/pages"}],"about":[{"href":"https:\/\/us.edu.pl\/wydzial\/wh\/wp-json\/wp\/v2\/types\/page"}],"author":[{"embeddable":true,"href":"https:\/\/us.edu.pl\/wydzial\/wh\/wp-json\/wp\/v2\/users\/32"}],"replies":[{"embeddable":true,"href":"https:\/\/us.edu.pl\/wydzial\/wh\/wp-json\/wp\/v2\/comments?post=2450"}],"version-history":[{"count":12,"href":"https:\/\/us.edu.pl\/wydzial\/wh\/wp-json\/wp\/v2\/pages\/2450\/revisions"}],"predecessor-version":[{"id":12087,"href":"https:\/\/us.edu.pl\/wydzial\/wh\/wp-json\/wp\/v2\/pages\/2450\/revisions\/12087"}],"up":[{"embeddable":true,"href":"https:\/\/us.edu.pl\/wydzial\/wh\/wp-json\/wp\/v2\/pages\/8911"}],"wp:attachment":[{"href":"https:\/\/us.edu.pl\/wydzial\/wh\/wp-json\/wp\/v2\/media?parent=2450"}],"curies":[{"name":"wp","href":"https:\/\/api.w.org\/{rel}","templated":true}]}}