{"id":2572,"date":"2020-03-17T01:26:35","date_gmt":"2020-03-17T00:26:35","guid":{"rendered":"https:\/\/us.edu.pl\/wydzial\/wh\/?page_id=2572"},"modified":"2020-03-17T01:27:17","modified_gmt":"2020-03-17T00:27:17","slug":"regulaminy","status":"publish","type":"page","link":"https:\/\/us.edu.pl\/wydzial\/wh\/sprawy-studenckie\/regulaminy\/","title":{"rendered":"regulaminy"},"content":{"rendered":"<p>[vc_row][vc_column]\r\n                <div class=\"text-modules\">\r\n                    <div class=\"container\">\r\n                        \r\n                        <div class=\"text-modules__content\"><\/p>\n<ul>\n<li><a href=\"http:\/\/bip.us.edu.pl\/sites\/bip.us.edu.pl\/files\/prawo\/obw2019101601.pdf\" class=\"mtli_attachment mtli_pdf\" data-mtli=\"mtli_filesize36,44kB\" class=\"mtli_attachment mtli_pdf\" data-mtli=\"mtli_filesize36,44kB\"><span style=\"font-size: 12pt\">REGULAMIN STUDI\u00d3W W UNIWERSYTECIE \u015aL\u0104SKIM W KATOWICACH<\/span><\/a><\/li>\n<li><a href=\"http:\/\/bip.us.edu.pl\/sites\/bip.us.edu.pl\/files\/imce\/strategia20190930.pdf\" class=\"mtli_attachment mtli_pdf\" data-mtli=\"mtli_filesize36,44kB\" class=\"mtli_attachment mtli_pdf\" data-mtli=\"mtli_filesize36,44kB\"><span style=\"font-size: 12pt\">STRATEGIA ROZWOJU UNIWERSYTETU \u015aLASKIEGO W KATOWICACH NA LATA 2020-2025<\/span><\/a><\/li>\n<li><a href=\"http:\/\/bip.us.edu.pl\/sites\/bip.us.edu.pl\/files\/prawo\/obw2019100101.pdf\" class=\"mtli_attachment mtli_pdf\" data-mtli=\"mtli_filesize36,44kB\" class=\"mtli_attachment mtli_pdf\" data-mtli=\"mtli_filesize36,44kB\"><span style=\"font-size: 12pt\">STATUT UNIWERSYTETU \u015aL\u0104SKIEGO\u00a0 W KATOWICACH<\/span><\/a><\/li>\n<li><a href=\"http:\/\/bip.us.edu.pl\/zarzadzenie-nr-1262019\"><span style=\"font-size: 12pt\">REGULAMIN ORGANIZACYJNY UNIWERSYTETU \u015aL\u0104SKIEGO\u00a0 W KATOWICACH<\/span><\/a><\/li>\n<\/ul>\n<p>\n<style type=\"text\/css\">a[data-mtli~=\"mtli_filesize36,44kB\"]:after {content:\" (36,44 kB)\"}<\/style><\/div>\r\n                    <\/div>\r\n                <\/div>[\/vc_column][\/vc_row]<\/p>\n<style type=\"text\/css\">a[data-mtli~=\"mtli_filesize36,44kB\"]:after {content:\" (36,44 kB)\"}<\/style>","protected":false},"excerpt":{"rendered":"<p>[vc_row][vc_column][\/vc_column][\/vc_row] [&#8230;]<\/p>\n<p><a class=\"btn btn-secondary understrap-read-more-link\" href=\"https:\/\/us.edu.pl\/wydzial\/wh\/sprawy-studenckie\/regulaminy\/\">Read More&#8230;<\/a><\/p>\n","protected":false},"author":32,"featured_media":0,"parent":2564,"menu_order":0,"comment_status":"closed","ping_status":"closed","template":"","meta":{"_expiration-date-status":"saved","_expiration-date":0,"_expiration-date-type":"","_expiration-date-categories":[],"_expiration-date-options":[]},"acf":[],"_links":{"self":[{"href":"https:\/\/us.edu.pl\/wydzial\/wh\/wp-json\/wp\/v2\/pages\/2572"}],"collection":[{"href":"https:\/\/us.edu.pl\/wydzial\/wh\/wp-json\/wp\/v2\/pages"}],"about":[{"href":"https:\/\/us.edu.pl\/wydzial\/wh\/wp-json\/wp\/v2\/types\/page"}],"author":[{"embeddable":true,"href":"https:\/\/us.edu.pl\/wydzial\/wh\/wp-json\/wp\/v2\/users\/32"}],"replies":[{"embeddable":true,"href":"https:\/\/us.edu.pl\/wydzial\/wh\/wp-json\/wp\/v2\/comments?post=2572"}],"version-history":[{"count":1,"href":"https:\/\/us.edu.pl\/wydzial\/wh\/wp-json\/wp\/v2\/pages\/2572\/revisions"}],"predecessor-version":[{"id":2573,"href":"https:\/\/us.edu.pl\/wydzial\/wh\/wp-json\/wp\/v2\/pages\/2572\/revisions\/2573"}],"up":[{"embeddable":true,"href":"https:\/\/us.edu.pl\/wydzial\/wh\/wp-json\/wp\/v2\/pages\/2564"}],"wp:attachment":[{"href":"https:\/\/us.edu.pl\/wydzial\/wh\/wp-json\/wp\/v2\/media?parent=2572"}],"curies":[{"name":"wp","href":"https:\/\/api.w.org\/{rel}","templated":true}]}}