{"id":2645,"date":"2020-03-17T14:37:09","date_gmt":"2020-03-17T13:37:09","guid":{"rendered":"https:\/\/us.edu.pl\/wydzial\/wh\/?page_id=2645"},"modified":"2024-09-06T16:56:46","modified_gmt":"2024-09-06T14:56:46","slug":"praktyki-zawodowe","status":"publish","type":"page","link":"https:\/\/us.edu.pl\/wydzial\/wh\/kierunki-studiow\/inib\/praktyki-zawodowe\/","title":{"rendered":"Praktyki zawodowe"},"content":{"rendered":"<p>[vc_row][vc_column]\r\n                <div class=\"text-modules\">\r\n                    <div class=\"container\">\r\n                        <h3 class=\"page-title text__title\">Opiekunowie praktyk<\/h3>\r\n                        <div class=\"text-modules__content\"><p><strong><span style=\"font-size: 12pt;\">Studia stacjonarne, niestacjonarne I stopnia:<\/span><\/strong><\/p>\n<ul>\n<li><span style=\"font-size: 12pt;\">mgr Tadeusz Maci\u0105g, e-mail: <a href=\"mailto:tadeusz.maciag@us.edu.pl\">tadeusz.maciag@us.edu.pl<\/a>, <a href=\"mailto:tadek@us.edu.pl\">tadek@us.edu.pl<\/a><\/span><\/li>\n<\/ul>\n<p><strong><span style=\"font-size: 12pt;\">Studia stacjonarne II stopnia:<\/span><\/strong><\/p>\n<ul>\n<li><span style=\"font-size: 12pt;\"><span style=\"font-size: 12pt;\">mgr Tadeusz Maci\u0105g, e-mail: <a href=\"mailto:tadeusz.maciag@us.edu.pl\">tadeusz.maciag@us.edu.pl<\/a>, <a href=\"mailto:tadek@us.edu.pl\">tadek@us.edu.pl<\/a><\/span><\/span><\/li>\n<\/ul>\n<p>\n<\/div>\r\n                    <\/div>\r\n                <\/div>[\/vc_column][\/vc_row][vc_row][vc_column]\r\n                <div class=\"text-modules\">\r\n                    <div class=\"container\">\r\n                        <h3 class=\"page-title text__title\">Cele i zadania praktyki<\/h3>\r\n                        <div class=\"text-modules__content\"><p>Praktyka zwodowana na kierunku studi\u00f3w informacja naukowa i bibliotekoznawstwo ma na celu poszerzenie wiedzy nabytej przez studenta na studiach oraz nabycie umiej\u0119tno\u015bci zawodowych a w szczeg\u00f3lno\u015bci;<\/p>\n<ol>\n<li>zaznajomienie student\u00f3w z organizacj\u0105, zadaniami oraz dzia\u0142alno\u015bci\u0105 biblioteki, wynikaj\u0105cymi z potrzeb u\u017cytkownik\u00f3w oraz \u015brodowiska, w kt\u00f3rym funkcjonuje;<\/li>\n<li>zaznajomienie student\u00f3w z miejscem biblioteki w sieci og\u00f3lnopolskiej oraz w systemie o\u015bwiatowym, kulturalnym i samorz\u0105dowym regionu;<\/li>\n<li>zapoznanie student\u00f3w z pe\u0142n\u0105 dzia\u0142alno\u015bci\u0105 wybranej biblioteki poprzez aktywne uczestniczenie w jej pracach organizacyjnych, technicznych, pedagogicznych i kulturalnych;<\/li>\n<li>pog\u0142\u0119bienie umiej\u0119tno\u015bci korzystania z r\u00f3\u017cnych pomocy bibliograficznych i informacyjnych potrzebnych przy gromadzeniu i opracowaniu zbior\u00f3w;<\/li>\n<li>zapoznanie student\u00f3w na przyk\u0142adzie konkretnej biblioteki z problematyk\u0105 rzeczowego i formalnego opracowania zbior\u00f3w. Wypracowanie umiej\u0119tno\u015bci korzystania z materia\u0142\u00f3w pomocniczych potrzebnych do w\u0142a\u015bciwego klasyfikowania zbior\u00f3w;<\/li>\n<li>obs\u0142ug\u0105 komputerowych program\u00f3w bibliotecznych;<\/li>\n<li>zasadami i formami udost\u0119pniania zbior\u00f3w \u2013 us\u0142ugi dla u\u017cytkownik\u00f3w;<\/li>\n<li>praktycznym zapoznaniem si\u0119 z problematyk\u0105 zarz\u0105dzania i administrowania bibliotek\u0105.<\/li>\n<\/ol>\n<p>Czas trwania praktyk:<\/p>\n<ol>\n<li>na studiach licencjackich (stopnia) stacjonarnych<br \/>\npo I roku studi\u00f3w &#8211; 3 tygodnie \/15 dni roboczych \u2014 90 godz.<br \/>\npo II roku studi\u00f3w &#8211; 3 tygodnie \/15 dni roboczych \u2014 90 godz.<\/li>\n<li>na studi\u00f3w stacjonarnych II stopnia (dla student\u00f3w po innych kierunkach)<br \/>\npo I roku studi\u00f3w &#8211; 2 tygodnie \/10 dni roboczych \u2014 60 godz.<\/li>\n<\/ol>\n<p>Miejsce odbywania praktyki:<br \/>\nStudenci kierunku informacja naukowa i bibliotekoznawstwo mog\u0105 odbywa\u0107 praktyk\u0119 w instytucjach wsp\u00f3\u0142pracuj\u0105cych z Instytutem Nauk o Kulturze do kt\u00f3rych zaliczamy:<\/p>\n<p style=\"padding-left: 40px;\">Biblioteka \u015al\u0105ska w Katowicach<br \/>\nMuzeum \u015al\u0105skie w Katowicach<br \/>\nCentrum Informacji Naukowej i Biblioteka Akademicka (CINiBA) w Katowicach<br \/>\nCentrum Badawcze Bibliografii Polskiej Estreicher\u00f3w w Krakowie<br \/>\nBiblioteka Politechniki \u015al\u0105skiej w Gliwicach<\/p>\n<p>Wyb\u00f3r miejsca odbywania praktyki zawodowej nale\u017cy do studenta<\/p>\n<\/div>\r\n                    <\/div>\r\n                <\/div>[\/vc_column][\/vc_row][vc_row][vc_column]\r\n                <div class=\"text-modules\">\r\n                    <div class=\"container\">\r\n                        <h3 class=\"page-title text__title\">Dokumenty do pobrania<\/h3>\r\n                        <div class=\"text-modules__content\"><\/p>\n<ul style=\"list-style-type: circle;\">\n<li><a href=\"https:\/\/us.edu.pl\/wydzial\/wh\/wp-content\/uploads\/sites\/15\/Nieprzypisane\/1.-ZARZ%C4%84DZENIE.pdf\" class=\"mtli_attachment mtli_pdf\" class=\"mtli_attachment mtli_pdf\">Zarz\u0105dzenie Rektora Uniwersytetu \u015al\u0105skiego nr 92 obowi\u0105zuj\u0105ce od dnia 22 czerwca 2020 roku <\/a><\/li>\n<li>Skierowanie:\n<ul>\n<li><a href=\"https:\/\/us.edu.pl\/wydzial\/wh\/wp-content\/uploads\/sites\/15\/Nieprzypisane\/2.-Skierowanie.docx\" class=\"mtli_attachment mtli_docx\" data-mtli=\"mtli_filesize14,73kB\" class=\"mtli_attachment mtli_docx\" data-mtli=\"mtli_filesize14,73kB\">skierowanie<\/a><\/li>\n<li><a href=\"https:\/\/us.edu.pl\/wydzial\/wh\/wp-content\/uploads\/sites\/15\/Nieprzypisane\/2.-Skierownie.pdf\" class=\"mtli_attachment mtli_pdf\" data-mtli=\"mtli_filesize64,91kB\" class=\"mtli_attachment mtli_pdf\" data-mtli=\"mtli_filesize64,91kB\">skierowanie<\/a><\/li>\n<\/ul>\n<\/li>\n<li>Porozumienie:\n<ul>\n<li><a href=\"https:\/\/us.edu.pl\/wydzial\/wh\/wp-content\/uploads\/sites\/15\/Bez-kategorii\/porozumienie-nowe.docx\" class=\"mtli_attachment mtli_docx\" data-mtli=\"mtli_filesize21,71kB\" class=\"mtli_attachment mtli_docx\" data-mtli=\"mtli_filesize21,71kB\">porozumienie<\/a><\/li>\n<li><a href=\"https:\/\/us.edu.pl\/wydzial\/wh\/wp-content\/uploads\/sites\/15\/Bez-kategorii\/porozumienie-nowe.pdf\" class=\"mtli_attachment mtli_pdf\" data-mtli=\"mtli_filesize210,74kB\" class=\"mtli_attachment mtli_pdf\" data-mtli=\"mtli_filesize210,74kB\">porozumienie<\/a><\/li>\n<\/ul>\n<\/li>\n<li>Raport:\n<ul>\n<li><a href=\"https:\/\/us.edu.pl\/wydzial\/wh\/wp-content\/uploads\/sites\/15\/Nieprzypisane\/5.raport.docx\" class=\"mtli_attachment mtli_docx\" data-mtli=\"mtli_filesize19,31kB\" class=\"mtli_attachment mtli_docx\" data-mtli=\"mtli_filesize19,31kB\">raport<\/a><\/li>\n<li><a href=\"https:\/\/us.edu.pl\/wydzial\/wh\/wp-content\/uploads\/sites\/15\/Nieprzypisane\/5.-raport.pdf\" class=\"mtli_attachment mtli_pdf\" data-mtli=\"mtli_filesize86,75kB\" class=\"mtli_attachment mtli_pdf\" data-mtli=\"mtli_filesize86,75kB\">raport<\/a><\/li>\n<\/ul>\n<\/li>\n<li>O\u015bwiadczenie:\n<ul>\n<li><a href=\"https:\/\/us.edu.pl\/wydzial\/wh\/wp-content\/uploads\/sites\/15\/Nieprzypisane\/6.-.o%C5%9Bwiadczenie.docx\" class=\"mtli_attachment mtli_docx\" class=\"mtli_attachment mtli_docx\">o\u015bwiadczenie<\/a><\/li>\n<li><a href=\"https:\/\/us.edu.pl\/wydzial\/wh\/wp-content\/uploads\/sites\/15\/Nieprzypisane\/6.-o%C5%9Bwiadczenie.pdf\" class=\"mtli_attachment mtli_pdf\" class=\"mtli_attachment mtli_pdf\">o\u015bwiadczenie<\/a><\/li>\n<\/ul>\n<\/li>\n<li>Wniosek do dziekana o zaliczenie pracy zawodowej jako praktyki:\n<ul>\n<li><a href=\"https:\/\/us.edu.pl\/wydzial\/wh\/wp-content\/uploads\/sites\/15\/Nieprzypisane\/7.-wyra%C5%BCenie-zgody.docx\" class=\"mtli_attachment mtli_docx\" class=\"mtli_attachment mtli_docx\">wyra\u017cenie zgody<\/a><\/li>\n<li><a href=\"https:\/\/us.edu.pl\/wydzial\/wh\/wp-content\/uploads\/sites\/15\/Nieprzypisane\/7.-wyra%C5%BCenie-zgody.pdf\" class=\"mtli_attachment mtli_pdf\" class=\"mtli_attachment mtli_pdf\">wyra\u017cenie zgody<\/a><\/li>\n<\/ul>\n<\/li>\n<li>Program praktyki I rok:\n<ul>\n<li><a href=\"https:\/\/us.edu.pl\/wydzial\/wh\/wp-content\/uploads\/sites\/15\/Nieprzypisane\/program-praktyki-I-rok.pdf\" class=\"mtli_attachment mtli_pdf\" data-mtli=\"mtli_filesize277,68kB\" class=\"mtli_attachment mtli_pdf\" data-mtli=\"mtli_filesize277,68kB\">program<\/a><\/li>\n<\/ul>\n<\/li>\n<li>Program praktyki II rok:\n<ul>\n<li><a href=\"https:\/\/us.edu.pl\/wydzial\/wh\/wp-content\/uploads\/sites\/15\/Nieprzypisane\/program-praktyki-II-rok.pdf\" class=\"mtli_attachment mtli_pdf\" data-mtli=\"mtli_filesize279,10kB\" class=\"mtli_attachment mtli_pdf\" data-mtli=\"mtli_filesize279,10kB\">program<\/a><\/li>\n<\/ul>\n<\/li>\n<li>Program praktyki I rok studia II stopnia (dla student\u00f3w po innych kierunkach)\n<ul>\n<li><a href=\"https:\/\/us.edu.pl\/wydzial\/wh\/wp-content\/uploads\/sites\/15\/Nieprzypisane\/program-praktyki-I-rok-stud.-magist.pdf\" class=\"mtli_attachment mtli_pdf\" data-mtli=\"mtli_filesize280,56kB\" class=\"mtli_attachment mtli_pdf\" data-mtli=\"mtli_filesize280,56kB\">program<\/a><\/li>\n<\/ul>\n<\/li>\n<li>Organizacja praktyki i uwagi metodyczne\n<ul>\n<li><a href=\"https:\/\/us.edu.pl\/wydzial\/wh\/wp-content\/uploads\/sites\/15\/Nieprzypisane\/organizacja-praktyki-i-uwagi-metodyczne.pdf\" class=\"mtli_attachment mtli_pdf\" data-mtli=\"mtli_filesize108,02kB\" class=\"mtli_attachment mtli_pdf\" data-mtli=\"mtli_filesize108,02kB\">organizacja i uwagi<\/a><\/li>\n<\/ul>\n<\/li>\n<li>O\u015bwiadczenie (covid)<br \/>\n<a href=\"https:\/\/us.edu.pl\/wydzial\/wh\/wp-content\/uploads\/sites\/15\/Nieprzypisane\/O\u015bwiadczenie-studenta-2.docx\" class=\"mtli_attachment mtli_docx\" data-mtli=\"mtli_filesize19,33kB\" class=\"mtli_attachment mtli_docx\" data-mtli=\"mtli_filesize19,33kB\">o\u015bwiadczenie (covid)<\/a><br \/>\n<a href=\"https:\/\/us.edu.pl\/wydzial\/wh\/wp-content\/uploads\/sites\/15\/Nieprzypisane\/O\u015bwiadczenie-studenta-1.pdf\" class=\"mtli_attachment mtli_pdf\" data-mtli=\"mtli_filesize393,92kB\" class=\"mtli_attachment mtli_pdf\" data-mtli=\"mtli_filesize393,92kB\">o\u015bwiadczenie (covid)<\/a><\/li>\n<\/ul>\n<p>\n<style type=\"text\/css\">a[data-mtli~=\"mtli_filesize14,73kB\"]:after {content:\" (14,73 kB)\"}a[data-mtli~=\"mtli_filesize64,91kB\"]:after {content:\" (64,91 kB)\"}a[data-mtli~=\"mtli_filesize21,71kB\"]:after {content:\" (21,71 kB)\"}a[data-mtli~=\"mtli_filesize210,74kB\"]:after {content:\" (210,74 kB)\"}a[data-mtli~=\"mtli_filesize19,31kB\"]:after {content:\" (19,31 kB)\"}a[data-mtli~=\"mtli_filesize86,75kB\"]:after {content:\" (86,75 kB)\"}a[data-mtli~=\"mtli_filesize277,68kB\"]:after {content:\" (277,68 kB)\"}a[data-mtli~=\"mtli_filesize279,10kB\"]:after {content:\" (279,10 kB)\"}a[data-mtli~=\"mtli_filesize280,56kB\"]:after {content:\" (280,56 kB)\"}a[data-mtli~=\"mtli_filesize108,02kB\"]:after {content:\" (108,02 kB)\"}a[data-mtli~=\"mtli_filesize19,33kB\"]:after {content:\" (19,33 kB)\"}a[data-mtli~=\"mtli_filesize393,92kB\"]:after {content:\" (393,92 kB)\"}<\/style><\/div>\r\n                    <\/div>\r\n                <\/div>[\/vc_column][\/vc_row][vc_row][vc_column][\/vc_column][\/vc_row]<\/p>\n<style type=\"text\/css\">a[data-mtli~=\"mtli_filesize14,73kB\"]:after {content:\" (14,73 kB)\"}a[data-mtli~=\"mtli_filesize64,91kB\"]:after {content:\" (64,91 kB)\"}a[data-mtli~=\"mtli_filesize21,71kB\"]:after {content:\" (21,71 kB)\"}a[data-mtli~=\"mtli_filesize210,74kB\"]:after {content:\" (210,74 kB)\"}a[data-mtli~=\"mtli_filesize19,31kB\"]:after {content:\" (19,31 kB)\"}a[data-mtli~=\"mtli_filesize86,75kB\"]:after {content:\" (86,75 kB)\"}a[data-mtli~=\"mtli_filesize277,68kB\"]:after {content:\" (277,68 kB)\"}a[data-mtli~=\"mtli_filesize279,10kB\"]:after {content:\" (279,10 kB)\"}a[data-mtli~=\"mtli_filesize280,56kB\"]:after {content:\" (280,56 kB)\"}a[data-mtli~=\"mtli_filesize108,02kB\"]:after {content:\" (108,02 kB)\"}a[data-mtli~=\"mtli_filesize19,33kB\"]:after {content:\" (19,33 kB)\"}a[data-mtli~=\"mtli_filesize393,92kB\"]:after {content:\" (393,92 kB)\"}<\/style>","protected":false},"excerpt":{"rendered":"<p>[vc_row][vc_column][\/vc_column][\/vc_row][vc_row][vc_column][\/vc_column][\/vc_row][vc_row][vc_column][\/vc_column][\/vc_row][vc_row][vc_column][\/vc_column][\/vc_row] [&#8230;]<\/p>\n<p><a class=\"btn btn-secondary understrap-read-more-link\" href=\"https:\/\/us.edu.pl\/wydzial\/wh\/kierunki-studiow\/inib\/praktyki-zawodowe\/\">Read More&#8230;<\/a><\/p>\n","protected":false},"author":32,"featured_media":0,"parent":174706,"menu_order":0,"comment_status":"closed","ping_status":"closed","template":"","meta":{"_expiration-date-status":"","_expiration-date":0,"_expiration-date-type":"","_expiration-date-categories":[],"_expiration-date-options":[]},"acf":[],"_links":{"self":[{"href":"https:\/\/us.edu.pl\/wydzial\/wh\/wp-json\/wp\/v2\/pages\/2645"}],"collection":[{"href":"https:\/\/us.edu.pl\/wydzial\/wh\/wp-json\/wp\/v2\/pages"}],"about":[{"href":"https:\/\/us.edu.pl\/wydzial\/wh\/wp-json\/wp\/v2\/types\/page"}],"author":[{"embeddable":true,"href":"https:\/\/us.edu.pl\/wydzial\/wh\/wp-json\/wp\/v2\/users\/32"}],"replies":[{"embeddable":true,"href":"https:\/\/us.edu.pl\/wydzial\/wh\/wp-json\/wp\/v2\/comments?post=2645"}],"version-history":[{"count":10,"href":"https:\/\/us.edu.pl\/wydzial\/wh\/wp-json\/wp\/v2\/pages\/2645\/revisions"}],"predecessor-version":[{"id":162732,"href":"https:\/\/us.edu.pl\/wydzial\/wh\/wp-json\/wp\/v2\/pages\/2645\/revisions\/162732"}],"up":[{"embeddable":true,"href":"https:\/\/us.edu.pl\/wydzial\/wh\/wp-json\/wp\/v2\/pages\/174706"}],"wp:attachment":[{"href":"https:\/\/us.edu.pl\/wydzial\/wh\/wp-json\/wp\/v2\/media?parent=2645"}],"curies":[{"name":"wp","href":"https:\/\/api.w.org\/{rel}","templated":true}]}}