{"id":2647,"date":"2020-03-17T14:38:30","date_gmt":"2020-03-17T13:38:30","guid":{"rendered":"https:\/\/us.edu.pl\/wydzial\/wh\/?page_id=2647"},"modified":"2024-09-03T12:14:40","modified_gmt":"2024-09-03T10:14:40","slug":"dyzury-pracownikow","status":"publish","type":"page","link":"https:\/\/us.edu.pl\/wydzial\/wh\/kierunki-studiow\/dyzury-pracownikow\/","title":{"rendered":"Dy\u017cury pracownik\u00f3w"},"content":{"rendered":"<p>[vc_row el_class=&#8221;container&#8221;][vc_column width=&#8221;2\/3&#8243;]\r\n                <div class=\"text-modules\">\r\n                    <div class=\"container\">\r\n                        <h3 class=\"page-title text__title\">Konsultacje w letniej sesji egzaminacyjnej 2023\/2024<\/h3>\r\n                        <div class=\"text-modules__content\"><\/div>\r\n                    <\/div>\r\n                <\/div>[\/vc_column][vc_column width=&#8221;1\/3&#8243;][\/vc_column][\/vc_row][vc_row el_class=&#8221;container&#8221;][vc_column width=&#8221;2\/3&#8243;]\r\n                <div class=\"text-modules\">\r\n                    <div class=\"container\">\r\n                        \r\n                        <div class=\"text-modules__content\"><p><strong>dr hab. Agnieszka Go\u0142da, prof. U\u015a<\/strong> 17, 24.06.2024 r. , godz. 8.00-8.45 <strong>MS Teams<\/strong><\/p>\n<p><strong>dr hab. Justyna Adamus-Kowalska<\/strong> czwartki godz. 13.00-13.45 <strong>A 4.24<\/strong><\/p>\n<p><strong>dr hab. Anna Tokarska, prof. U\u015a<\/strong> \u015brody godz. 13.00-13.45 <strong>MS Teams<\/strong><\/p>\n<p><strong>dr hab. Arkadiusz Pulikowski, prof. U\u015a<\/strong> \u015brody godz. 13.00-13.45 <strong>MS Teams (po mailowym uzgodnieniu)<\/strong><\/p>\n<p><strong>dr Anna Seweryn<\/strong> 18.06.2024 r. godz. 12.00-13.00, 21.06.2024 r. godz. 10.30-12.00, 20.09.2024 r. godz. 11.30-13.00 <strong>A 4.18<\/strong><\/p>\n<p><strong>dr Joanna Wr\u00f3bel<\/strong> 19.06.2024 r. godz. 10-12.00 A 4.18\/ MS Teams \u00a0[<a href=\"https:\/\/app.zencal.io\/u\/joannawrobel\/konsultacje-dla-studentow\">LINK<\/a><a href=\"https:\/\/app.zencal.io\/u\/joannawrobel\/konsultacje-dla-studentow\"> \u2014 um\u00f3w si\u0119 na spotkanie<\/a>]<\/p>\n<p><strong>dr hab. Jacek Tomaszczyk, prof. U\u015a<\/strong> czwartki godz. 13.00-13.45 <strong>A 4.16 (po uzgodnieniu mailowym)<\/strong><\/p>\n<p><strong>dr B. \u017bo\u0142\u0119dowska-Kr\u00f3l <\/strong>18.06.2024 r. godz. 9.00, 28.06.2024 r. godz. 11.00 <strong>A 4.25<\/strong><\/p>\n<p><strong>prof. dr hab. Teresa Wilko\u0144<\/strong> czwartki godz. 13.00-13.45 <strong>A 4.6<\/strong><\/p>\n<p><strong>dr Joanna Kami\u0144ska<\/strong> 20, 27.06.2024 r. godz. 9.00-10.00 <strong>A 4.25<\/strong><\/p>\n<p><strong>dr Hanna Langer<\/strong> 25.06.2024 r. godz. 8.00-9.30 <strong>MS Teams<\/strong><\/p>\n<p><strong>dr Agnieszka Bangrowska<\/strong> poniedzia\u0142ki godz. 13.00-13.45 <strong>MS Teams<\/strong><\/p>\n<p><strong>dr Agnieszka \u0141akomy-Ch\u0142osta <\/strong>6.09.2024 r. (godz. 12.00-12.45), 11, 18.09.2024 r. (godz. 14.00-14.45), 14.09.2024 r. (godz. 10.00-11.00 &#8211; MS TEAMS, po wcze\u015bniejszym um\u00f3wieniu mailowym)<\/p>\n<p><strong>dr hab. Katarzyna Ta\u0142u\u0107, prof. U\u015a<\/strong> wtorki godz. 10.00-11.00 <strong>A 4.19<\/strong><\/p>\n<p><strong>dr Anna Matysek<\/strong> czwartki godz. 13.00-13.45 <strong>A 4.17 (17-21.06.2024 r. brak konsultacji)<\/strong><\/p>\n<p><strong>dr Ma\u0142gorzata Gwadera<\/strong> poniedzia\u0142ki godz. 13.00-13.45 <strong>A 4.21 (po uprzedniej konsultacji online)<\/strong><\/p>\n<p><strong>dr Jaros\u0142aw Pacek<\/strong> \u015brody godz. 13.00-13.45<strong> (MS Teams)<\/strong><\/p>\n<p><strong>dr in\u017c. Jolanta Szulc <\/strong>czwartek godz. 11.00-12.00 <strong>A 4.24<\/strong><\/p>\n<p><strong>dr Karol Makles <\/strong>wtorek godz. 13.00-13.45<strong> A 2.20 po wcze\u015bniejszym kontakcie online<\/strong><\/p>\n<p><strong>dr Marlena G\u0119borska <\/strong>21.06, 10.09.2024 r. godz. 15.30-17.00 <strong>A 4.24<\/strong><\/p>\n<p><strong>dr Izabela Swoboda <\/strong>20.06.2024 r. godz. 13.00-13.45<strong> A 4.18<\/strong><\/p>\n<p><strong>dr hab. Jolanta Gwio\u017adzik, prof. U\u015a<\/strong> \u015brody godz. 13.15-13.45 <strong>A 4.22<\/strong><\/p>\n<p><strong>dr Anna Kami\u0144ska<\/strong> \u00a021.06, 20.09.2024 r. godz. 11.30-13.00 <strong>A 4.17<\/strong><\/p>\n<p><strong>dr Agnieszka Bia\u0142y <\/strong>wtorki godz. 13.00-13.45 <strong>A 4.23<\/strong><\/p>\n<p><strong>dr hab. Lucyna Sadzikowska, prof. U\u015a <\/strong>czwartki 13.00-13.45<\/p>\n<p><strong>dr Marta Nadolny <\/strong>18.06.2024 r. godz. 9.00-10.30, 28.06.2024 r. (po uzgodnieniu mailowym)<\/p>\n<\/div>\r\n                    <\/div>\r\n                <\/div>[\/vc_column][vc_column width=&#8221;1\/3&#8243;][\/vc_column][\/vc_row]<\/p>","protected":false},"excerpt":{"rendered":"<p>[vc_row el_class=&#8221;container&#8221;][vc_column width=&#8221;2\/3&#8243;][\/vc_column][vc_column width=&#8221;1\/3&#8243;][\/vc_column][\/vc_row][vc_row el_class=&#8221;container&#8221;][vc_column width=&#8221;2\/3&#8243;][\/vc_column][vc_column width=&#8221;1\/3&#8243;][\/vc_column][\/vc_row] [&#8230;]<\/p>\n<p><a class=\"btn btn-secondary understrap-read-more-link\" href=\"https:\/\/us.edu.pl\/wydzial\/wh\/kierunki-studiow\/dyzury-pracownikow\/\">Read More&#8230;<\/a><\/p>\n","protected":false},"author":32,"featured_media":0,"parent":997,"menu_order":0,"comment_status":"closed","ping_status":"closed","template":"","meta":{"_expiration-date-status":"","_expiration-date":0,"_expiration-date-type":"","_expiration-date-categories":[],"_expiration-date-options":[]},"acf":[],"_links":{"self":[{"href":"https:\/\/us.edu.pl\/wydzial\/wh\/wp-json\/wp\/v2\/pages\/2647"}],"collection":[{"href":"https:\/\/us.edu.pl\/wydzial\/wh\/wp-json\/wp\/v2\/pages"}],"about":[{"href":"https:\/\/us.edu.pl\/wydzial\/wh\/wp-json\/wp\/v2\/types\/page"}],"author":[{"embeddable":true,"href":"https:\/\/us.edu.pl\/wydzial\/wh\/wp-json\/wp\/v2\/users\/32"}],"replies":[{"embeddable":true,"href":"https:\/\/us.edu.pl\/wydzial\/wh\/wp-json\/wp\/v2\/comments?post=2647"}],"version-history":[{"count":12,"href":"https:\/\/us.edu.pl\/wydzial\/wh\/wp-json\/wp\/v2\/pages\/2647\/revisions"}],"predecessor-version":[{"id":174414,"href":"https:\/\/us.edu.pl\/wydzial\/wh\/wp-json\/wp\/v2\/pages\/2647\/revisions\/174414"}],"up":[{"embeddable":true,"href":"https:\/\/us.edu.pl\/wydzial\/wh\/wp-json\/wp\/v2\/pages\/997"}],"wp:attachment":[{"href":"https:\/\/us.edu.pl\/wydzial\/wh\/wp-json\/wp\/v2\/media?parent=2647"}],"curies":[{"name":"wp","href":"https:\/\/api.w.org\/{rel}","templated":true}]}}