{"id":2729,"date":"2020-03-18T09:23:36","date_gmt":"2020-03-18T08:23:36","guid":{"rendered":"https:\/\/us.edu.pl\/wydzial\/wh\/?page_id=2729"},"modified":"2024-01-04T15:45:09","modified_gmt":"2024-01-04T14:45:09","slug":"praktyki-zawodowe","status":"publish","type":"page","link":"https:\/\/us.edu.pl\/wydzial\/wh\/kierunki-studiow\/doradztwo-filozoficzne-i-coaching\/praktyki-zawodowe\/","title":{"rendered":"Praktyki zawodowe"},"content":{"rendered":"<p>[vc_row][vc_column]\r\n                <div class=\"text-modules\">\r\n                    <div class=\"container\">\r\n                        \r\n                        <div class=\"text-modules__content\"><p><span style=\"font-size: 14pt;\"><strong>OPIEKUNOWIE PRAKTYK<\/strong><\/span><\/p>\n<p><strong><span style=\"font-size: 12pt;\">spec. doradztwo instytucjonalne i coaching biznesowy:<\/span><\/strong><\/p>\n<p>mgr K. Kiepas-Remesz<br \/>\n<span style=\"font-size: 12pt;\">e-mail:\u00a0<a href=\"katarzyna.kiepas-remesz@us.edu.pl\">katarzyna.kiepas-remesz@us.edu.pl<\/a><\/span><\/p>\n<p><strong><span style=\"font-size: 12pt;\">spec. doradztwo indywidualne i life coaching:<\/span><\/strong><\/p>\n<p>dr hab. Miros\u0142aw Pir\u00f3g<br \/>\n<span style=\"font-size: 12pt;\">e-mail: <a href=\"miroslaw.pirog@us.edu.pl\">miroslaw.pirog@us.edu.pl<\/a><\/span><\/p>\n<p>&nbsp;<\/p>\n<p style=\"text-align: left;\"><span style=\"font-size: 14pt;\"><strong>PRAKTYKI<\/strong><\/span><\/p>\n<p style=\"text-align: left;\"><span style=\"font-size: 14pt;\"><strong>Doradztwo filozoficzne i coaching, studia II stopnia<\/strong><\/span><\/p>\n<p><span style=\"font-size: 12pt;\"><strong>Studia stacjonarne, spec. doradztwo indywidualne i life coaching, od 2021\/2022<\/strong><\/span><br \/>\n2\u00a0sem.\u00a0Praktyka:\u00a0Life\u00a0coaching\u00a0110\u00a0godz.<br \/>\n3 sem. Praktyka: Life coaching 110 godz. Praktyka: Superwizja praktyk \u00a0zawodowych 15 godz.<br \/>\n4 sem. Praktyka: Sesje doradcze 110 godz. Praktyka: Superwizja praktyk \u00a0zawodowych 15 godz.<\/p>\n<p><span style=\"font-size: 12pt;\"><strong>Studia stacjonarne, spec. doradztwo instytucjonalne i coaching biznesowy, od 2021\/2022<\/strong><\/span><br \/>\n2\u00a0sem.\u00a0Praktyka:\u00a0Business\u00a0coaching\u00a0110\u00a0godz.<br \/>\n3 sem. Praktyka: Business coaching 110 godz. Praktyka: Superwizja \u00a0praktyk zawodowych 15 godz.<br \/>\n4 sem. Praktyka: Szkolenia rozwojowe 110 godz. Praktyka: Superwizja \u00a0praktyk zawodowych 15 godz.<\/p>\n<p><span style=\"font-size: 12pt;\"><strong>Studia stacjonarne, spec. doradztwo indywidualne i life coaching, od 2020\/2021<\/strong><\/span><\/p>\n<p><span style=\"font-size: 12pt;\"><em>Life coaching<\/em>, 100 godz. w semestrze 2, 100 godz. w semestrze 3, 100 godz. w semestrze 4.<\/span><\/p>\n<p><span style=\"font-size: 12pt;\"><em>Sesje doradcze<\/em>, 180 godz. w semestrze 4.<\/span><\/p>\n<p><span style=\"font-size: 12pt;\"><strong>Studia stacjonarne, spec. doradztwo instytucjonalne i coaching biznesowy, od 2020\/2021<\/strong><\/span><\/p>\n<p><span style=\"font-size: 12pt;\"><em>Business coaching<\/em>, 100 godz. w semestrze 2, 100 godz. w semestrze 3, 100 godz. w semestrze 4.<\/span><\/p>\n<p><span style=\"font-size: 12pt;\"><em>Szkolenia rozwojowe<\/em>, 180 godz. w semestrze 4.<\/span><\/p>\n<p><span style=\"font-size: 12pt;\"><strong>Studia stacjonarne, spec. doradztwo indywidualne i life coaching, od 2019\/2020<\/strong><\/span><\/p>\n<p><span style=\"font-size: 12pt;\"><em>Life coaching<\/em>, 100 godz. w semestrze 2, 100 godz. w semestrze 3, 100 godz. w semestrze 4.<\/span><\/p>\n<p><span style=\"font-size: 12pt;\"><em>Sesje doradcze<\/em>, 180 godz. w semestrze 4.<\/span><\/p>\n<p><span style=\"font-size: 12pt;\"><strong>Studia stacjonarne, spec. doradztwo instytucjonalne i coaching biznesowy, od 2019\/2020<\/strong><\/span><\/p>\n<p><span style=\"font-size: 12pt;\"><em>Business coaching<\/em>, 100 godz. w semestrze 2, 100 godz. w semestrze 3, 100 godz. w semestrze 4.<\/span><\/p>\n<p><span style=\"font-size: 12pt;\"><em>Szkolenia rozwojowe<\/em>, 180 godz. w semestrze 4.<\/span><\/p>\n<p><span style=\"font-size: 12pt;\"><strong>Studia stacjonarne, spec. doradztwo indywidualne i life coaching, od 2018\/2019<\/strong><\/span><\/p>\n<p><span style=\"font-size: 12pt;\"><em>Life coaching<\/em>, 25 godz. w semestrze 2, 25 godz. w semestrze 3, 25 godz. w semestrze 4.<\/span><\/p>\n<p><span style=\"font-size: 12pt;\"><em>Sesje doradcze<\/em>, 30 godz. w semestrze 4.<\/span><\/p>\n<p><span style=\"font-size: 12pt;\"><strong>Studia stacjonarne, spec. doradztwo instytucjonalne i coaching biznesowy, od 2018\/2019<\/strong><\/span><\/p>\n<p><span style=\"font-size: 12pt;\"><em>Business coaching<\/em>, 25 godz. w semestrze 2, 25 godz. w semestrze 3, 25 godz. w semestrze 4.<\/span><\/p>\n<p><span style=\"font-size: 12pt;\"><em>Szkolenia rozwojowe<\/em>, 30 godz. w semestrze 4.<\/span><\/p>\n<p><span style=\"font-size: 12pt;\"><strong>Studia niestacjonarne, spec. doradztwo indywidualne i life coaching, od 2018\/2019<\/strong><\/span><\/p>\n<p><span style=\"font-size: 12pt;\"><em>Life coaching<\/em>, 30 godz. w semestrze 2, 30 godz. w semestrze 3.<\/span><\/p>\n<p><span style=\"font-size: 12pt;\"><em>Sesje doradcze<\/em>, 50 godz. w semestrze 4.<\/span><\/p>\n<p><span style=\"font-size: 12pt;\"><strong>Studia niestacjonarne, spec. doradztwo instytucjonalne i coaching biznesowy, od 2018\/2019<\/strong><\/span><\/p>\n<p><span style=\"font-size: 12pt;\"><em>Business coaching<\/em>, 30 godz. w semestrze 2, 30 godz. w semestrze 4.<\/span><\/p>\n<p><span style=\"font-size: 12pt;\"><em>Szkolenia rozwojowe<\/em>, 30 godz. w semestrze 3, 30 godz. w semestrze 4.<\/span><\/p>\n<p>&nbsp;<\/p>\n<p>&nbsp;<\/p>\n<p><strong>Przyk\u0142adowe organizacje, w kt\u00f3rych studenci spec. doradztwo instytucjonalne i coaching biznesowy odbywali praktyki:<\/strong><\/p>\n<ol>\n<li>Fundacja TDJ na Rzecz Edukacji i Rozwoju, Al. Ro\u017adzie\u0144skiego 1a, 40-202 Katowice.2. Micha\u0142 Mania us\u0142ugi psychologiczne, ul. Staszica 3\/54 40-230 Katowice.3. Firma konsultingowa Oksana Tscybina, Mi\u0144sk, Bia\u0142oru\u015b.4. Makro Cash and Carry S.A.5. STS S.A. ul. Porcelanowa 8, 40-246 Katowice.6. LOCUM Nieruchomo\u015bci Kamil Figura, ul. Ostrog\u00f3rska 9\/301 41-200 Sosnowiec.7. IRE Angelika Krawczyk, Olewin 45, 32-300 Olewin.8. LEAR Corporation Poland II, ul. Serdeczna 40, 43-100 Tychy.9. Centrum Medyczne Polmed, ul. Modrzejowska 32b, 41-200 Sosnowiec.10. Firma Handlowo-Us\u0142ugowa Krzysztof Szlachetka, ul. Gliwicka 245,\u00a0 43-190 Miko\u0142\u00f3w.11. WSServ Wiktoria Szolc, ul. Jana III Sobieskiego 4b Rybnik.12. FBBS Sp z.o.o, ul. Bocian\u00f3w 34 40-552 Katowice.\n<p>13. AXONN Sp z.o.o, ul. Barlickiego 22\/1 42-506 B\u0119dzin.<\/p>\n<p>14. Xtreme Fitness, ul. S\u0105dowa 8 32-500 Chorz\u00f3w.<\/p>\n<p>15. Squash Point, ul. Jedno\u015bci 10, 41-200 Sosnowiec.<\/p>\n<p>16. VERANDA KJ Kamil Je\u015bmi\u0119towicz, ul. Motyli 2 40-648 Katowice.<\/p>\n<p>17. Il Cafe, ul. Gajowa 6\/3 32-500 Chorz\u00f3w.<\/p>\n<p>18. Be Beauty, ul. Paryska 3, 41-300 D\u0105browa G\u00f3rnicza.<\/li>\n<\/ol>\n<p>&nbsp;<\/p>\n<p><span style=\"font-size: 12pt;\"><a href=\"https:\/\/us.edu.pl\/wydzial\/wh\/sprawy-studenckie\/praktyki-zawodowe\/\">Dokumenty do pobrania<\/a><\/span><\/p>\n<p><a href=\"https:\/\/us.edu.pl\/wydzial\/wh\/wp-content\/uploads\/sites\/15\/Nieprzypisane\/Kompendium-praktyk-zawodowych-1.docx\" class=\"mtli_attachment mtli_docx\" data-mtli=\"mtli_filesize19,71kB\" class=\"mtli_attachment mtli_docx\" data-mtli=\"mtli_filesize19,71kB\">Kompendium praktyk zawodowych<\/a><\/p>\n<p>Dziennik praktyk:<\/p>\n<ul>\n<li style=\"list-style-type: none;\">\n<ul>\n<li><a href=\"https:\/\/us.edu.pl\/wydzial\/wh\/wp-content\/uploads\/sites\/15\/Nieprzypisane\/dziennik_praktyk_DFC_2019_2020_aktualne.doc\" class=\"mtli_attachment mtli_doc\" data-mtli=\"mtli_filesize53,00kB\" class=\"mtli_attachment mtli_doc\" data-mtli=\"mtli_filesize53,00kB\">dziennik praktyk<\/a><\/li>\n<li><a href=\"https:\/\/us.edu.pl\/wydzial\/wh\/wp-content\/uploads\/sites\/15\/Nieprzypisane\/dziennik_praktyk_DFC_2019_2020_aktualne.pdf\" class=\"mtli_attachment mtli_pdf\" data-mtli=\"mtli_filesize708,92kB\" class=\"mtli_attachment mtli_pdf\" data-mtli=\"mtli_filesize708,92kB\">dziennik praktyk<\/a><\/li>\n<\/ul>\n<\/li>\n<\/ul>\n<p>\n<style type=\"text\/css\">a[data-mtli~=\"mtli_filesize19,71kB\"]:after {content:\" (19,71 kB)\"}a[data-mtli~=\"mtli_filesize53,00kB\"]:after {content:\" (53,00 kB)\"}a[data-mtli~=\"mtli_filesize708,92kB\"]:after {content:\" (708,92 kB)\"}<\/style><\/div>\r\n                    <\/div>\r\n                <\/div>[\/vc_column][\/vc_row]<\/p>\n<style type=\"text\/css\">a[data-mtli~=\"mtli_filesize19,71kB\"]:after {content:\" (19,71 kB)\"}a[data-mtli~=\"mtli_filesize53,00kB\"]:after {content:\" (53,00 kB)\"}a[data-mtli~=\"mtli_filesize708,92kB\"]:after {content:\" (708,92 kB)\"}<\/style>","protected":false},"excerpt":{"rendered":"<p>[vc_row][vc_column][\/vc_column][\/vc_row] [&#8230;]<\/p>\n<p><a class=\"btn btn-secondary understrap-read-more-link\" href=\"https:\/\/us.edu.pl\/wydzial\/wh\/kierunki-studiow\/doradztwo-filozoficzne-i-coaching\/praktyki-zawodowe\/\">Read More&#8230;<\/a><\/p>\n","protected":false},"author":32,"featured_media":0,"parent":169505,"menu_order":0,"comment_status":"closed","ping_status":"closed","template":"","meta":{"_expiration-date-status":"","_expiration-date":0,"_expiration-date-type":"","_expiration-date-categories":[],"_expiration-date-options":[]},"acf":[],"_links":{"self":[{"href":"https:\/\/us.edu.pl\/wydzial\/wh\/wp-json\/wp\/v2\/pages\/2729"}],"collection":[{"href":"https:\/\/us.edu.pl\/wydzial\/wh\/wp-json\/wp\/v2\/pages"}],"about":[{"href":"https:\/\/us.edu.pl\/wydzial\/wh\/wp-json\/wp\/v2\/types\/page"}],"author":[{"embeddable":true,"href":"https:\/\/us.edu.pl\/wydzial\/wh\/wp-json\/wp\/v2\/users\/32"}],"replies":[{"embeddable":true,"href":"https:\/\/us.edu.pl\/wydzial\/wh\/wp-json\/wp\/v2\/comments?post=2729"}],"version-history":[{"count":10,"href":"https:\/\/us.edu.pl\/wydzial\/wh\/wp-json\/wp\/v2\/pages\/2729\/revisions"}],"predecessor-version":[{"id":169958,"href":"https:\/\/us.edu.pl\/wydzial\/wh\/wp-json\/wp\/v2\/pages\/2729\/revisions\/169958"}],"up":[{"embeddable":true,"href":"https:\/\/us.edu.pl\/wydzial\/wh\/wp-json\/wp\/v2\/pages\/169505"}],"wp:attachment":[{"href":"https:\/\/us.edu.pl\/wydzial\/wh\/wp-json\/wp\/v2\/media?parent=2729"}],"curies":[{"name":"wp","href":"https:\/\/api.w.org\/{rel}","templated":true}]}}