{"id":3246,"date":"2020-04-14T11:02:02","date_gmt":"2020-04-14T09:02:02","guid":{"rendered":"https:\/\/us.edu.pl\/wydzial\/wh\/?page_id=3246"},"modified":"2023-01-25T15:11:28","modified_gmt":"2023-01-25T14:11:28","slug":"wzory-pism","status":"publish","type":"page","link":"https:\/\/us.edu.pl\/wydzial\/wh\/sprawy-studenckie\/wzory-pism\/","title":{"rendered":"Wzory pism"},"content":{"rendered":"<p>[vc_row el_class=&#8221;container&#8221;][vc_column width=&#8221;2\/3&#8243;]\r\n                <div class='sidebar_moduls sidebar_links color-blue' style='background-color: #EBEBEB'>\r\n                    <h3>Wniosek o wznowienie studi\u00f3w<\/h3>\r\n                    <ul class='angle-list'>\r\n                    <li><a href=\"https:\/\/us.edu.pl\/wydzial\/wh\/wp-content\/uploads\/sites\/15\/STUDENT\/wzory-dokument\u00f3w\/WH_WZN_wznowienie-studi\u00f3w.pdf\" class=\"mtli_attachment mtli_pdf\" data-mtli=\"mtli_filesize457,84kB\">dokument w formacie pdf<\/a><\/li>\r\n                <\/ul>\r\n            <\/div>\r\n                <div class='sidebar_moduls sidebar_links color-blue' style='background-color: #EBEBEB'>\r\n                    <h3>Wniosek o wznowienie studi\u00f3w w celu uko\u0144czenia i z\u0142o\u017cenia pracy dyplomowej oraz przyst\u0105pienia do egzaminu dyplomowego<\/h3>\r\n                    <ul class='angle-list'>\r\n                    <li><a href=\"https:\/\/us.edu.pl\/wydzial\/wh\/wp-content\/uploads\/sites\/15\/STUDENT\/wzory-dokument\u00f3w\/WH_WZNPD_wznowienie-studi\u00f3w-w-celu-uko\u0144czenia-i-z\u0142o\u017cenia-pracy-dyplomowej-oraz-przyst\u0105pienia-do-egzaminu-dyplomowego.pdf\" class=\"mtli_attachment mtli_pdf\" data-mtli=\"mtli_filesize459,97kB\">dokument w formacie pdf<\/a><\/li>\r\n                <\/ul>\r\n            <\/div>\r\n                <div class='sidebar_moduls sidebar_links color-blue' style='background-color: #EBEBEB'>\r\n                    <h3>Podanie w innej sprawie<\/h3>\r\n                    <ul class='angle-list'>\r\n                    <li><a href=\"https:\/\/us.edu.pl\/wydzial\/wh\/wp-content\/uploads\/sites\/15\/STUDENT\/wzory-dokument\u00f3w\/WH_Podanie-w-innej-sprawie.pdf\" class=\"mtli_attachment mtli_pdf\" data-mtli=\"mtli_filesize390,90kB\">dokument w formacie pdf<\/a><\/li>\r\n                <\/ul>\r\n            <\/div>[\/vc_column][vc_column width=&#8221;1\/3&#8243;][\/vc_column][\/vc_row]<\/p>\n<style type=\"text\/css\">a[data-mtli~=\"mtli_filesize457,84kB\"]:after {content:\" (457,84 kB)\"}a[data-mtli~=\"mtli_filesize459,97kB\"]:after {content:\" (459,97 kB)\"}a[data-mtli~=\"mtli_filesize390,90kB\"]:after {content:\" (390,90 kB)\"}<\/style>","protected":false},"excerpt":{"rendered":"<p>[vc_row el_class=&#8221;container&#8221;][vc_column width=&#8221;2\/3&#8243;][\/vc_column][vc_column width=&#8221;1\/3&#8243;][\/vc_column][\/vc_row] [&#8230;]<\/p>\n<p><a class=\"btn btn-secondary understrap-read-more-link\" href=\"https:\/\/us.edu.pl\/wydzial\/wh\/sprawy-studenckie\/wzory-pism\/\">Read More&#8230;<\/a><\/p>\n","protected":false},"author":32,"featured_media":0,"parent":2564,"menu_order":0,"comment_status":"closed","ping_status":"closed","template":"","meta":{"_expiration-date-status":"","_expiration-date":0,"_expiration-date-type":"","_expiration-date-categories":[],"_expiration-date-options":[]},"acf":[],"_links":{"self":[{"href":"https:\/\/us.edu.pl\/wydzial\/wh\/wp-json\/wp\/v2\/pages\/3246"}],"collection":[{"href":"https:\/\/us.edu.pl\/wydzial\/wh\/wp-json\/wp\/v2\/pages"}],"about":[{"href":"https:\/\/us.edu.pl\/wydzial\/wh\/wp-json\/wp\/v2\/types\/page"}],"author":[{"embeddable":true,"href":"https:\/\/us.edu.pl\/wydzial\/wh\/wp-json\/wp\/v2\/users\/32"}],"replies":[{"embeddable":true,"href":"https:\/\/us.edu.pl\/wydzial\/wh\/wp-json\/wp\/v2\/comments?post=3246"}],"version-history":[{"count":7,"href":"https:\/\/us.edu.pl\/wydzial\/wh\/wp-json\/wp\/v2\/pages\/3246\/revisions"}],"predecessor-version":[{"id":161725,"href":"https:\/\/us.edu.pl\/wydzial\/wh\/wp-json\/wp\/v2\/pages\/3246\/revisions\/161725"}],"up":[{"embeddable":true,"href":"https:\/\/us.edu.pl\/wydzial\/wh\/wp-json\/wp\/v2\/pages\/2564"}],"wp:attachment":[{"href":"https:\/\/us.edu.pl\/wydzial\/wh\/wp-json\/wp\/v2\/media?parent=3246"}],"curies":[{"name":"wp","href":"https:\/\/api.w.org\/{rel}","templated":true}]}}