{"id":3430,"date":"2020-05-27T18:59:31","date_gmt":"2020-05-27T16:59:31","guid":{"rendered":"https:\/\/us.edu.pl\/wydzial\/wh\/?page_id=3430"},"modified":"2020-06-05T22:10:04","modified_gmt":"2020-06-05T20:10:04","slug":"rodo","status":"publish","type":"page","link":"https:\/\/us.edu.pl\/wydzial\/wh\/wszystko\/rodo\/","title":{"rendered":"RODO"},"content":{"rendered":"<p>[vc_row][vc_column]\r\n                <div class=\"text-modules\">\r\n                    <div class=\"container\">\r\n                        \r\n                        <div class=\"text-modules__content\"><\/p>\n<p style=\"text-align: center\"><span style=\"font-size: 14pt;color: #ff0000\"><strong>INFORMACJA DOTYCZ\u0104CA PRZETWARZANIA DANYCH OSOBOWYCH <\/strong><strong>PODCZAS WERYFIKACJI OSI\u0104GNI\u0118TYCH EFEKT\u00d3W UCZENIA SI\u0118 Z WYKORZYSTANIEM NARZ\u0118DZI INFORMATYCZNYCH<\/strong><\/span><\/p>\n<ol>\n<li><span style=\"font-size: 12pt\"><strong> Administrator danych osobowych<\/strong><\/span><\/li>\n<\/ol>\n<p><span style=\"font-size: 12pt\">Administratorem Pani\/Pana danych osobowych jest Uniwersytet \u015al\u0105ski w Katowicach. Mo\u017ce Pani\/Pan skontaktowa\u0107 z administratorem, w nast\u0119puj\u0105cy spos\u00f3b:<\/span><\/p>\n<ul>\n<li><span style=\"font-size: 12pt\">listownie na adres: ul. Bankowa 12, 40-007 Katowice<\/span><\/li>\n<li><span style=\"font-size: 12pt\">przez e-mail: administrator.danych@us.edu.pl<\/span><\/li>\n<\/ul>\n<ol start=\"2\">\n<li><span style=\"font-size: 12pt\"><strong> Inspektor ochrony danych<\/strong><\/span><\/li>\n<\/ol>\n<p><span style=\"font-size: 12pt\">Mo\u017ce si\u0119 Pani\/Pan kontaktowa\u0107 z inspektorem ochrony danych we wszystkich sprawach dotycz\u0105cych przetwarzania danych osobowych oraz korzystania z praw zwi\u0105zanych z przetwarzaniem danych, w nast\u0119puj\u0105cy spos\u00f3b:<\/span><\/p>\n<ul>\n<li><span style=\"font-size: 12pt\">listownie na adres: ul. Bankowa 12, 40-007 Katowice<\/span><\/li>\n<li><span style=\"font-size: 12pt\">przez e-mail: <a href=\"mailto:iod@us.edu.pl\">iod@us.edu.pl<\/a><\/span><\/li>\n<\/ul>\n<p><span style=\"font-size: 12pt\"><em>Do zada\u0144 IOD nie nale\u017cy udzielanie informacji w zakresie zasad weryfikacji osi\u0105gni\u0119tych efekt\u00f3w uczenia si\u0119. <\/em><\/span><\/p>\n<ol start=\"3\">\n<li><span style=\"font-size: 12pt\"><strong> Cele przetwarzania oraz podstawa prawna przetwarzania<\/strong><\/span><\/li>\n<\/ol>\n<p><span style=\"font-size: 12pt\">Pani\/Pana <strong>dane osobowe (w tym wizerunek utrwalony na nagraniu audio-wideo)<\/strong> b\u0119d\u0105 przetwarzane w zakresie niezb\u0119dnym do wype\u0142nienia obowi\u0105zku prawnego ci\u0105\u017c\u0105cego na administratorze, wykonania zadania publicznego uczelni, <strong>celem<\/strong> <strong>weryfikacji osi\u0105gni\u0119tych efekt\u00f3w uczenia si\u0119 okre\u015blonych w programie studi\u00f3w, w szczeg\u00f3lno\u015bci przeprowadzenia zaliczenia, egzamin\u00f3w ko\u0144cz\u0105cych okre\u015blone zaj\u0119cia oraz egzamin\u00f3w dyplomowych<\/strong>, poza siedzib\u0105 uczelni lub poza jej fili\u0105, <strong>z wykorzystaniem narz\u0119dzi informatycznych zapewniaj\u0105cych kontrol\u0119 ich przebiegu i rejestracj\u0119<\/strong>.<\/span><\/p>\n<p><span style=\"font-size: 12pt\"><strong>Podstaw\u0119 prawn\u0105<\/strong> do ich przetwarzania stanowi art. 6 ust. 1 lit. c i lit. e RODO<strong>\u00b9<\/strong> w zwi\u0105zku z art. 11 ust. 1 pkt 1 i art. 76 a ustawy Prawo o szkolnictwie wy\u017cszym i nauce; zarz\u0105dzeniem nr 71 Rektora U\u015a z dnia 19 maja 2020 r. w sprawie sposobu dalszej realizacji zaj\u0119\u0107 dydaktycznych oraz zasad przeprowadzania egzamin\u00f3w i zalicze\u0144 w sesji letniej egzaminacyjnej roku akademickiego 2019\/2020 oraz <strong>Instrukcj\u0105<\/strong> <strong>przeprowadzania egzamin\u00f3w<\/strong> z wykorzystaniem metod i technik kszta\u0142cenia na odleg\u0142o\u015b\u0107 w zwi\u0105zku z zapobieganiem, przeciwdzia\u0142aniem i zwalczaniem COVID-19 przyj\u0119t\u0105 na Uniwersytecie \u015al\u0105skim w Katowicach.<\/span><\/p>\n<p><span style=\"font-size: 12pt\"><strong>Zasady weryfikacji osi\u0105gni\u0119tych efekt\u00f3w uczenia si\u0119 uczelnia<\/strong> (zwane <strong>Instrukcj\u0105 przeprowadzenia egzamin\u00f3w<\/strong>) uczelnia udost\u0119pni\u0142a w Biuletynie Informacji Publicznej Uniwersytetu \u015al\u0105skiego pod linkiem: <a href=\"http:\/\/bip.us.edu.pl\/zarzadzenie-nr-712020\">http:\/\/bip.us.edu.pl\/zarzadzenie-nr-712020<\/a><\/span><\/p>\n<ol start=\"4\">\n<li><span style=\"font-size: 12pt\"><strong>Okres przechowywania danych osobowych<\/strong><\/span><\/li>\n<\/ol>\n<p><span style=\"font-size: 12pt\">Pani\/Pana dane osobowe (nagrania audio, audio-wizualne) b\u0119dziemy przetwarza\u0107 przez okres niezb\u0119dny do osi\u0105gni\u0119cia zamierzonego celu, tj. nagrania z egzaminu dyplomowego zostan\u0105 usuni\u0119te niezw\u0142ocznie po sporz\u0105dzeniu i zatwierdzeniu protoko\u0142u przez wszystkich cz\u0142onk\u00f3w komisji, a w przypadku przeprowadzania zaliczenia i egzamin\u00f3w ko\u0144cz\u0105cych okre\u015blone zaj\u0119cia nagrania b\u0119d\u0105 przechowywane przez okres nie d\u0142u\u017cszy ni\u017c 14 dni od daty egzaminu lub zaliczenia.<\/span><\/p>\n<p>&nbsp;<\/p>\n<p><span style=\"font-size: 12pt\"><strong>\u00b9<\/strong> Rozporz\u0105dzenia Parlamentu Europejskiego i Rady (UE) 2016\/679 z dnia 27 kwietnia 2016 roku w sprawie ochrony os\u00f3b fizycznych w zwi\u0105zku z przetwarzaniem danych osobowych i w sprawie swobodnego przep\u0142ywu takich danych oraz uchylenia dyrektywy 95\/46\/WE (og\u00f3lne rozporz\u0105dzenie o ochronie danych)<\/span><\/p>\n<ol start=\"5\">\n<li><span style=\"font-size: 12pt\"><strong> Odbiorcy danych<\/strong><\/span><\/li>\n<\/ol>\n<p><span style=\"font-size: 12pt\">Pani\/Pana dane mo\u017cemy przekazywa\u0107 podmiotom przetwarzaj\u0105cym (firmie Microsoft &#8211; w ramach bezp\u0142atnej us\u0142ugi Office 365 dla edukacji) i innym podmiotom, kt\u00f3rym administrator na podstawie umowy powierzenia przetwarzania danych osobowych zleci wykonanie okre\u015blonych us\u0142ug, z kt\u00f3rymi wi\u0105\u017ce si\u0119 konieczno\u015b\u0107 przetwarzania danych osobowych oraz organom lub podmiotom publicznym uprawnionym do uzyskania danych na podstawie obowi\u0105zuj\u0105cych przepis\u00f3w prawa.<\/span><\/p>\n<ol start=\"6\">\n<li><span style=\"font-size: 12pt\"><strong> Przekazywanie danych osobowych poza Europejski Obszar Gospodarczy (EOG)<\/strong><\/span><\/li>\n<\/ol>\n<p><span style=\"font-size: 12pt\">Dane osobowe mog\u0105 by\u0107 r\u00f3wnie\u017c przetwarzane przez dostawc\u0119 us\u0142ugi Microsoft Office 365 dla edukacji (Microsoft Teams). Microsoft deklaruje si\u0119 przestrzega\u0107 wymaga\u0144 okre\u015blonych w przepisach prawa ochrony danych przyj\u0119tych w krajach Europejskiego Obszaru Gospodarczego i Szwajcarii w zakresie zbierania, u\u017cywania, przekazywania, zatrzymywania i innego przetwarzania danych osobowych, natomiast wszystkie przypadki przekazywania danych osobowych do pa\u0144stwa trzeciego lub organizacji mi\u0119dzynarodowej b\u0119d\u0105 odpowiednio zabezpieczone zgodnie z art. 46 RODO. Ponadto Microsoft ma certyfikat Programu Tarcza Prywatno\u015bci UE-USA i Szwajcaria-USA \u2014 Privacy Shield Framework.<\/span><\/p>\n<ol start=\"7\">\n<li><span style=\"font-size: 12pt\"><strong> Prawa zwi\u0105zane z przetwarzaniem danych osobowych<\/strong><\/span><\/li>\n<\/ol>\n<p><span style=\"font-size: 12pt\">Przys\u0142uguj\u0105 Pani\/Panu nast\u0119puj\u0105ce prawa:<\/span><\/p>\n<ul>\n<li><span style=\"font-size: 12pt\">prawo dost\u0119pu do swoich danych osobowych;<\/span><\/li>\n<li><span style=\"font-size: 12pt\">prawo sprostowania (poprawiania) swoich danych osobowych, kt\u00f3re s\u0105 nieprawid\u0142owe oraz uzupe\u0142nienia niekompletnych danych osobowych;<\/span><\/li>\n<li><span style=\"font-size: 12pt\">prawo usuni\u0119cia swoich danych osobowych. Prawo to nie przys\u0142uguje w szczeg\u00f3lno\u015bci, gdy przetwarzanie danych jest konieczne do realizacji obowi\u0105zku prawnego lub wykonania zadania publicznego;<\/span><\/li>\n<li><span style=\"font-size: 12pt\">prawo ograniczenia przetwarzania swoich danych osobowych;<\/span><\/li>\n<li><span style=\"font-size: 12pt\">prawo wniesienia sprzeciwu wobec przetwarzania swoich danych osobowych &#8211; w przypadku, gdy podstaw\u0105 ich przetwarzania jest realizacja zada\u0144 publicznych uczelni, chyba \u017ce uczelnia wyka\u017ce istnienie wa\u017cnych prawnie uzasadnionych podstaw do przetwarzania, nadrz\u0119dnych wobec interes\u00f3w, praw i wolno\u015bci osoby, kt\u00f3rej dane dotycz\u0105;<\/span><\/li>\n<li><span style=\"font-size: 12pt\">prawo wniesienia skargi do organu nadzorczego zajmuj\u0105cego si\u0119 ochron\u0105 danych osobowych, tj. Prezesa Urz\u0119du Ochrony Danych Osobowych.<\/span><\/li>\n<li><span style=\"font-size: 12pt\">dane nie podlegaj\u0105 procesowi zautomatyzowanego podejmowania decyzji, w tym profilowaniu.<\/span><\/li>\n<\/ul>\n<ol start=\"8\">\n<li><span style=\"font-size: 12pt\"><strong> Obowi\u0105zek podania danych osobowych i konsekwencja niepodania danych<\/strong><\/span><\/li>\n<\/ol>\n<p><span style=\"font-size: 12pt\">Podanie danych osobowych jest konieczne dla <strong>weryfikacji osi\u0105gni\u0119tych efekt\u00f3w uczenia si\u0119<\/strong>, <strong>z wykorzystaniem narz\u0119dzi informatycznych zapewniaj\u0105cych kontrol\u0119 przebiegu i rejestracj\u0119 zalicze\u0144, egzamin\u00f3w ko\u0144cz\u0105cych okre\u015blone zaj\u0119cia oraz egzamin\u00f3w dyplomowych<\/strong>. W przypadku niepodania danych nie b\u0119dzie mo\u017cliwe zrealizowanie ww. celu.<\/span><\/p>\n<\/div>\r\n                    <\/div>\r\n                <\/div>[\/vc_column][\/vc_row]<\/p>","protected":false},"excerpt":{"rendered":"<p>[vc_row][vc_column][\/vc_column][\/vc_row] [&#8230;]<\/p>\n<p><a class=\"btn btn-secondary understrap-read-more-link\" href=\"https:\/\/us.edu.pl\/wydzial\/wh\/wszystko\/rodo\/\">Read More&#8230;<\/a><\/p>\n","protected":false},"author":32,"featured_media":0,"parent":1289,"menu_order":0,"comment_status":"closed","ping_status":"closed","template":"","meta":{"_expiration-date-status":"saved","_expiration-date":0,"_expiration-date-type":"","_expiration-date-categories":[],"_expiration-date-options":[]},"acf":[],"_links":{"self":[{"href":"https:\/\/us.edu.pl\/wydzial\/wh\/wp-json\/wp\/v2\/pages\/3430"}],"collection":[{"href":"https:\/\/us.edu.pl\/wydzial\/wh\/wp-json\/wp\/v2\/pages"}],"about":[{"href":"https:\/\/us.edu.pl\/wydzial\/wh\/wp-json\/wp\/v2\/types\/page"}],"author":[{"embeddable":true,"href":"https:\/\/us.edu.pl\/wydzial\/wh\/wp-json\/wp\/v2\/users\/32"}],"replies":[{"embeddable":true,"href":"https:\/\/us.edu.pl\/wydzial\/wh\/wp-json\/wp\/v2\/comments?post=3430"}],"version-history":[{"count":2,"href":"https:\/\/us.edu.pl\/wydzial\/wh\/wp-json\/wp\/v2\/pages\/3430\/revisions"}],"predecessor-version":[{"id":3510,"href":"https:\/\/us.edu.pl\/wydzial\/wh\/wp-json\/wp\/v2\/pages\/3430\/revisions\/3510"}],"up":[{"embeddable":true,"href":"https:\/\/us.edu.pl\/wydzial\/wh\/wp-json\/wp\/v2\/pages\/1289"}],"wp:attachment":[{"href":"https:\/\/us.edu.pl\/wydzial\/wh\/wp-json\/wp\/v2\/media?parent=3430"}],"curies":[{"name":"wp","href":"https:\/\/api.w.org\/{rel}","templated":true}]}}