{"id":353,"date":"2019-10-03T11:17:35","date_gmt":"2019-10-03T09:17:35","guid":{"rendered":"https:\/\/us.edu.pl\/wydzial\/wh\/?page_id=353"},"modified":"2020-05-08T10:43:55","modified_gmt":"2020-05-08T08:43:55","slug":"zintegrowany-program-rozwoju-us-i-edycja","status":"publish","type":"page","link":"https:\/\/us.edu.pl\/wydzial\/wh\/zintegrowany-program-rozwoju-us-i-edycja\/","title":{"rendered":"Zintegrowany Program Rozwoju U\u015a \u2013 I edycja"},"content":{"rendered":"<p>[vc_row][vc_column]\r\n                <div class=\"text-modules\">\r\n                    <div class=\"container\">\r\n                        \r\n                        <div class=\"text-modules__content\"><p><span style=\"font-size: 12pt\"><strong>\u201eZintegrowany Program Rozwoju Uniwersytetu \u015al\u0105skiego w Katowicach\u201d\u00a0<\/strong><\/span><\/p>\n<p><span style=\"font-size: 12pt\"><a href=\"https:\/\/www.zintegrowane.us.edu.pl\/pl\/edycja-1\/aktualnosci\">https:\/\/www.zintegrowane.us.edu.pl\/pl\/edycja-1\/aktualnosci<\/a><\/span><\/p>\n<p><span style=\"font-size: 12pt\">W ramach projektu na Wydziale Humanistycznym realizowany jest program rozwoju kompetencji zawodowych, informatycznych, j\u0119zykowych i analitycznych student\u00f3w studi\u00f3w stacjonarnych b\u0119d\u0105cych na 2. i 3. roku studi\u00f3w I stopnia oraz na 1. i 2. roku studi\u00f3w II stopnia, na kt\u00f3ry sk\u0142adaj\u0105 si\u0119:<\/span><\/p>\n<ol>\n<li><span style=\"font-size: 12pt\"><strong>Certyfikowane szkolenia prowadz\u0105ce do uzyskania kwalifikacji oraz zaj\u0119cia warsztatowe kszta\u0142c\u0105ce kompetencje student\u00f3w U\u015a<\/strong><\/span><\/li>\n<\/ol>\n<p><span style=\"font-size: 12pt\">Celem szkole\u0144 jest podniesienie kluczowych kompetencji student\u00f3w\/ek oraz zdobycie praktycznych umiej\u0119tno\u015bci cenionych przez pracownik\u00f3w z za\u0142o\u017conych bran\u017c w zakresie szkole\u0144 wybranych we wsp\u00f3\u0142pracy z pracodawcami, kt\u00f3re zwi\u0119ksz\u0105 konkurencyjno\u015b\u0107 Uczestnik\u00f3w\/czek Projektu na rynku pracy. Szkolenia b\u0119d\u0105 ko\u0144czy\u0107 si\u0119 egzaminem, po kt\u00f3rego zdaniu studenci\/tki otrzymaj\u0105 certyfikat, potwierdzaj\u0105cy uzyskanie kwalifikacji. Egzaminy wybrano na podstawie sugestii pracodawc\u00f3w, z kt\u00f3rymi wsp\u00f3\u0142pracuj\u0105 Wydzia\u0142y U\u015a oraz analizy rynku pracy. Zadanie zak\u0142ada r\u00f3wnie\u017c realizacj\u0119 warsztat\u00f3w kszta\u0142c\u0105cych kompetencje student\u00f3w\/ek.<\/span><\/p>\n<p><span style=\"font-size: 12pt\"><strong><u>Dla student\u00f3w Wydzia\u0142u Humanistycznego przewidziano<\/u><\/strong><strong>:<\/strong><\/span><\/p>\n<ul>\n<li><span style=\"font-size: 12pt\">akredytowane szkolenia metodyki PRINCE2 na poziomie Foundation oraz Practitioner,<\/span><\/li>\n<li><span style=\"font-size: 12pt\">akredytowane szkolenia FCE z j\u0119zyka angielskiego,<\/span><\/li>\n<li><span style=\"font-size: 12pt\">akredytowane szkolenia CEA z j\u0119zyka angielskiego,<\/span><\/li>\n<li><span style=\"font-size: 12pt\">certyfikowane szkolenia z obs\u0142ugi programu Adobe Photoshop,<\/span><\/li>\n<li><span style=\"font-size: 12pt\">certyfikowane szkolenia z obs\u0142ugi programu CorelDraw,<\/span><\/li>\n<li><span style=\"font-size: 12pt\">certyfikowany kurs programowania j\u0119zykiem Python dla humanist\u00f3w.<\/span><\/li>\n<\/ul>\n<p><span style=\"font-size: 12pt\"><strong>\u00a0<\/strong><\/span><\/p>\n<ol start=\"2\">\n<li><span style=\"font-size: 12pt\"><strong>Dodatkowe zadania praktyczne dla student\u00f3w U\u015a realizowane w formie projektowej<\/strong><\/span><\/li>\n<\/ol>\n<p><span style=\"font-size: 12pt\">Zadanie zak\u0142ada realizacj\u0119 dodatkowych zada\u0144 praktycznych dla student\u00f3w\/ek realizowanych w formie projektowej, w tym w ramach zespo\u0142\u00f3w projektowych. Wskazane zaj\u0119cia pomy\u015blane s\u0105 jako praktyczne uzupe\u0142nienie kompetencji uczestnik\u00f3w w zakresie \u015bci\u015ble zwi\u0105zanym z mo\u017cliwo\u015bciami stawianymi przez wsp\u00f3\u0142czesny rynek pracy w danej bran\u017cy, w tym rozwi\u0105zywanie w zespo\u0142ach projektowych problem\u00f3w zwi\u0105zanych z r\u00f3\u017cnymi dziedzinami nauki w zale\u017cno\u015bci od kierunku studi\u00f3w.<\/span><\/p>\n<p><span style=\"font-size: 12pt\"><strong><u>Dla student\u00f3w Wydzia\u0142u Humanistycznego przewidziano<\/u><\/strong><strong>:<\/strong><\/span><\/p>\n<ul>\n<li><span style=\"font-size: 12pt\">&#8222;Tworzenie scenariuszy film\u00f3w, seriali i gier komputerowych&#8221;, <\/span><\/li>\n<li><span style=\"font-size: 12pt\">&#8222;Praca nad tworzeniem i projektowaniem r\u00f3\u017cnych form ksi\u0105\u017cki artystycznej i komiksu&#8221;, <\/span><\/li>\n<li><span style=\"font-size: 12pt\">&#8222;Warsztaty z zakresu self-publishingu i redakcji&#8221;,<\/span><\/li>\n<li><span style=\"font-size: 12pt\">zespo\u0142y projektowe z pracodawcami na nowym kierunku &#8222;Logopedia&#8221;.<\/span><\/li>\n<\/ul>\n<ol start=\"3\">\n<li><span style=\"font-size: 12pt\"><strong>R\u00f3\u017cne formy aktywno\u015bci wynikaj\u0105ce ze wsp\u00f3\u0142pracy uczelni z pracodawcami realizowane dla student\u00f3w U\u015a<\/strong><\/span><\/li>\n<\/ol>\n<p><span style=\"font-size: 12pt\">Zadanie zak\u0142ada realizacj\u0119 r\u00f3\u017cnych form aktywno\u015bci w tym warsztat\u00f3w i zaj\u0119\u0107 praktycznych z pracodawcami. Dzia\u0142anie ma na celu podniesienie kompetencji student\u00f3w\/ek z zakresu kompetencji zawodowych oraz komunikacyjnych. Kontakt z pracodawcami w ramach za\u0142o\u017conych zaj\u0119\u0107 ma pozwoli\u0107 na weryfikacj\u0119 wiedzy teoretycznej nabytej na studiach z oczekiwaniami pracodawc\u00f3w wzgl\u0119dem jej wykorzystywania w praktyce.<\/span><\/p>\n<p><span style=\"font-size: 12pt\"><strong><u>Dla student\u00f3w Wydzia\u0142u Humanistycznego przewidziano<\/u><\/strong><strong>:<\/strong><\/span><\/p>\n<ul>\n<li><span style=\"font-size: 12pt\">warsztaty z pracodawcami: &#8222;Self-publishing oraz w\u0142a\u015bciwe przygotowanie propozycji wydawniczej&#8221;<\/span><\/li>\n<\/ul>\n<ol start=\"4\">\n<li><span style=\"font-size: 12pt\"><strong>W\u0142\u0105czenie wyk\u0142adowc\u00f3w z zagranicy w prowadzenie program\u00f3w kszta\u0142cenia na wydzia\u0142ach U\u015a<\/strong><\/span><\/li>\n<\/ol>\n<p><span style=\"font-size: 12pt\">Zadanie zak\u0142ada w\u0142\u0105czenie wyk\u0142adowc\u00f3w z zagranicy w tym profesor\u00f3w wizytuj\u0105cych oraz praktyk\u00f3w posiadaj\u0105cych znacz\u0105ce osi\u0105gni\u0119cia w pracy naukowej, zawodowej i\/lub artystycznej w prowadzenie zaj\u0119\u0107 w ramach program\u00f3w kszta\u0142cenia na Wydzia\u0142ach U\u015a. Zaanga\u017cowanie wyk\u0142adowc\u00f3w z zagranicy poszerzy wiedz\u0119 i horyzonty student\u00f3w\/ek uczestnicz\u0105cych w zaj\u0119ciach, pozwoli te\u017c na rozwijanie kontaktu pomi\u0119dzy o\u015brodkami naukowymi za granic\u0105. Wa\u017cnym atutem zaj\u0119\u0107 jest fakt, \u017ce b\u0119d\u0105 prowadzone w j\u0119zyku angielskim, co sprzyja podnoszeniu kompetencji j\u0119zykowych student\u00f3w\/ek. Zadanie wpisuje si\u0119 w jeden z cel\u00f3w strategicznych uczelni jakim jest umi\u0119dzynarodowienie.<\/span><\/p>\n<p><span style=\"font-size: 12pt\">Wyk\u0142ady przewidziane s\u0105 dla student\u00f3w studi\u00f3w stacjonarnych I i II stopnia wszystkich rocznik\u00f3w.<\/span><\/p>\n<ol start=\"5\">\n<li><span style=\"font-size: 12pt\"><strong>Dostosowanie i realizacja program\u00f3w kszta\u0142cenia do potrzeb spo\u0142eczno-gospodarczych na wydzia\u0142ach U\u015a<\/strong><\/span><\/li>\n<\/ol>\n<p><span style=\"font-size: 12pt\">Opracowanie i realizacja nowych kierunk\u00f3w studi\u00f3w\/specjalno\u015bci I i II stopnia na wybranych Wydzia\u0142ach U\u015a, dostosowanych do potrzeb spo\u0142eczno-gospodarczych regionu i kraju, ukierunkowanych na wyposa\u017cenie student\u00f3w\/ek w praktyczne umiej\u0119tno\u015bci oczekiwane na rynku pracy.<\/span><\/p>\n<p><span style=\"font-size: 12pt\"><strong>Na Wydziale Humanistycznym w ramach projektu utworzono kierunek studi\u00f3w stacjonarnych I stopnia <u>\u201eLogopedia\u201d<\/u>.<\/strong><\/span><\/p>\n<p><span style=\"font-size: 12pt\"><strong>Okres trwania projektu:<\/strong>\u00a001.10.2018-30.09.2022<\/span><\/p>\n<\/div>\r\n                    <\/div>\r\n                <\/div>[\/vc_column][\/vc_row]<\/p>","protected":false},"excerpt":{"rendered":"<p>[vc_row][vc_column][\/vc_column][\/vc_row] [&#8230;]<\/p>\n<p><a class=\"btn btn-secondary understrap-read-more-link\" href=\"https:\/\/us.edu.pl\/wydzial\/wh\/zintegrowany-program-rozwoju-us-i-edycja\/\">Read More&#8230;<\/a><\/p>\n","protected":false},"author":1,"featured_media":0,"parent":0,"menu_order":0,"comment_status":"closed","ping_status":"closed","template":"","meta":{"_expiration-date-status":"saved","_expiration-date":0,"_expiration-date-type":"","_expiration-date-categories":[],"_expiration-date-options":[]},"acf":[],"_links":{"self":[{"href":"https:\/\/us.edu.pl\/wydzial\/wh\/wp-json\/wp\/v2\/pages\/353"}],"collection":[{"href":"https:\/\/us.edu.pl\/wydzial\/wh\/wp-json\/wp\/v2\/pages"}],"about":[{"href":"https:\/\/us.edu.pl\/wydzial\/wh\/wp-json\/wp\/v2\/types\/page"}],"author":[{"embeddable":true,"href":"https:\/\/us.edu.pl\/wydzial\/wh\/wp-json\/wp\/v2\/users\/1"}],"replies":[{"embeddable":true,"href":"https:\/\/us.edu.pl\/wydzial\/wh\/wp-json\/wp\/v2\/comments?post=353"}],"version-history":[{"count":3,"href":"https:\/\/us.edu.pl\/wydzial\/wh\/wp-json\/wp\/v2\/pages\/353\/revisions"}],"predecessor-version":[{"id":3349,"href":"https:\/\/us.edu.pl\/wydzial\/wh\/wp-json\/wp\/v2\/pages\/353\/revisions\/3349"}],"wp:attachment":[{"href":"https:\/\/us.edu.pl\/wydzial\/wh\/wp-json\/wp\/v2\/media?parent=353"}],"curies":[{"name":"wp","href":"https:\/\/api.w.org\/{rel}","templated":true}]}}