{"id":3579,"date":"2020-07-15T14:55:06","date_gmt":"2020-07-15T12:55:06","guid":{"rendered":"https:\/\/us.edu.pl\/wydzial\/wh\/?page_id=3579"},"modified":"2026-03-25T07:55:35","modified_gmt":"2026-03-25T06:55:35","slug":"praktyki-zawodowe","status":"publish","type":"page","link":"https:\/\/us.edu.pl\/wydzial\/wh\/sprawy-studenckie\/praktyki-zawodowe\/","title":{"rendered":"Praktyki zawodowe"},"content":{"rendered":"<p>[vc_row el_class=&#8221;container&#8221;][vc_column][vc_row_inner][vc_column_inner]\r\n                <div class=\"text-modules\">\r\n                    <div class=\"container\">\r\n                        \r\n                        <div class=\"text-modules__content\"><p><strong>ORGANIZACJA PRAKTYK : <\/strong><\/p>\n<ul>\n<li><strong><a href=\"https:\/\/us.edu.pl\/wydzial\/wh\/wp-content\/uploads\/sites\/15\/Bez-kategorii\/zarzadzenie-nr-40-2026-zmiana-organizacja-praktyk-zawodowych.pdf\" class=\"mtli_attachment mtli_pdf\" data-mtli=\"mtli_filesize221,84kB\" class=\"mtli_attachment mtli_pdf\" data-mtli=\"mtli_filesize221,84kB\">Zarz\u0105dzenie nr 40 Rektora Uniwersytetu \u015al\u0105skiego w Katowicach z dnia 23 marca 2026 r. zmieniaj\u0105ce zarz\u0105dzenie w sprawie organizacji praktyk zawodowyc<\/a><\/strong><a href=\"https:\/\/us.edu.pl\/wydzial\/wh\/wp-content\/uploads\/sites\/15\/Bez-kategorii\/zarzadzenie-nr-40-2026-zmiana-organizacja-praktyk-zawodowych.pdf\" class=\"mtli_attachment mtli_pdf\" data-mtli=\"mtli_filesize221,84kB\" class=\"mtli_attachment mtli_pdf\" data-mtli=\"mtli_filesize221,84kB\"><strong>h<\/strong><\/a> w Uniwersytecie \u015al\u0105skim w Katowicach:<\/li>\n<li><a href=\"https:\/\/us.edu.pl\/wydzial\/wh\/wp-content\/uploads\/sites\/15\/Bez-kategorii\/zalacznik-nr-1-do-zarzadzenia-nr-40-2026-porozumienie-z-zakladem-pracy1.docx\" class=\"mtli_attachment mtli_docx\" data-mtli=\"mtli_filesize28,57kB\" class=\"mtli_attachment mtli_docx\" data-mtli=\"mtli_filesize28,57kB\">Za\u0142 nr 1 do zarz 40__2026 &#8211; porozumienie z zak\u0142adem pracy<\/a><\/li>\n<li><a href=\"https:\/\/us.edu.pl\/wydzial\/wh\/wp-content\/uploads\/sites\/15\/Bez-kategorii\/zalacznik-nr-2-do-zarzadzenia-nr-40-2026-porozumienie-z-placowka-praktyka-ciagla.docx\" class=\"mtli_attachment mtli_docx\" data-mtli=\"mtli_filesize27,07kB\" class=\"mtli_attachment mtli_docx\" data-mtli=\"mtli_filesize27,07kB\">Za\u0142 nr 2 do zarz 40__2026 &#8211; porozumienie z placowka (praktyka ci\u0105g\u0142a)<\/a><\/li>\n<li><a href=\"https:\/\/us.edu.pl\/wydzial\/wh\/wp-content\/uploads\/sites\/15\/Bez-kategorii\/zalacznik-nr-3-do-zarzadzenia-nr-40-2026-porozumienie-ze-szkola-praktyka-srodroczna.docx\" class=\"mtli_attachment mtli_docx\" data-mtli=\"mtli_filesize26,95kB\" class=\"mtli_attachment mtli_docx\" data-mtli=\"mtli_filesize26,95kB\">Za\u0142 nr 3 do zarz 40__2026 &#8211; porozumienie ze szko\u0142\u0105 (praktyka \u015br\u00f3droczna)<\/a><\/li>\n<li><a href=\"https:\/\/us.edu.pl\/wydzial\/wh\/wp-content\/uploads\/sites\/15\/Bez-kategorii\/Zal-nr-4-do-zarz-203__2025-Skierowanie.docx\" class=\"mtli_attachment mtli_docx\" data-mtli=\"mtli_filesize15,66kB\" class=\"mtli_attachment mtli_docx\" data-mtli=\"mtli_filesize15,66kB\">Za\u0142 nr 4 do zarz 203__2025 &#8211; Skierowanie<\/a><\/li>\n<li><a href=\"https:\/\/us.edu.pl\/wydzial\/wh\/wp-content\/uploads\/sites\/15\/Bez-kategorii\/Zal-nr-5-do-zarz-203__2025-Oswiadczenie.pdf\" class=\"mtli_attachment mtli_pdf\" data-mtli=\"mtli_filesize124,20kB\" class=\"mtli_attachment mtli_pdf\" data-mtli=\"mtli_filesize124,20kB\">Za\u0142 nr 5 do zarz 203__2025 &#8211; O\u015bwiadczenie<\/a><\/li>\n<li><a href=\"https:\/\/us.edu.pl\/wydzial\/wh\/wp-content\/uploads\/sites\/15\/Bez-kategorii\/Zal-nr-6-do-zarz-203__2025-Raport-z-przebiegu-praktyki-zawodowej.docx\" class=\"mtli_attachment mtli_docx\" data-mtli=\"mtli_filesize21,85kB\" class=\"mtli_attachment mtli_docx\" data-mtli=\"mtli_filesize21,85kB\">Za\u0142 nr 6 do zarz 203__2025 &#8211; Raport z przebiegu praktyki zawodowej<\/a><\/li>\n<li><a href=\"https:\/\/us.edu.pl\/wydzial\/wh\/wp-content\/uploads\/sites\/15\/Bez-kategorii\/Zal-nr-7-do-zarz-203__2025-Wniosek-o-zaliczenie-praktyki-na-podstawie-pracy.docx\" class=\"mtli_attachment mtli_docx\" data-mtli=\"mtli_filesize20,90kB\" class=\"mtli_attachment mtli_docx\" data-mtli=\"mtli_filesize20,90kB\">Za\u0142 nr 7 do zarz 203__2025 &#8211; Wniosek o zaliczenie praktyki na podstawie pracy<\/a><\/li>\n<li><a href=\"https:\/\/us.edu.pl\/wydzial\/wh\/wp-content\/uploads\/sites\/15\/Bez-kategorii\/Zal-nr-8-do-zarz-203_-2025-wniosek-o-wynagrodzenie.xls\" class=\"mtli_attachment mtli_xls\" data-mtli=\"mtli_filesize31,00kB\" class=\"mtli_attachment mtli_xls\" data-mtli=\"mtli_filesize31,00kB\">Za\u0142 nr 8 do zarz 203_ 2025 &#8211; wniosek o wynagrodzenie<\/a><\/li>\n<\/ul>\n<p>\n<style type=\"text\/css\">a[data-mtli~=\"mtli_filesize221,84kB\"]:after {content:\" (221,84 kB)\"}a[data-mtli~=\"mtli_filesize28,57kB\"]:after {content:\" (28,57 kB)\"}a[data-mtli~=\"mtli_filesize27,07kB\"]:after {content:\" (27,07 kB)\"}a[data-mtli~=\"mtli_filesize26,95kB\"]:after {content:\" (26,95 kB)\"}a[data-mtli~=\"mtli_filesize15,66kB\"]:after {content:\" (15,66 kB)\"}a[data-mtli~=\"mtli_filesize124,20kB\"]:after {content:\" (124,20 kB)\"}a[data-mtli~=\"mtli_filesize21,85kB\"]:after {content:\" (21,85 kB)\"}a[data-mtli~=\"mtli_filesize20,90kB\"]:after {content:\" (20,90 kB)\"}a[data-mtli~=\"mtli_filesize31,00kB\"]:after {content:\" (31,00 kB)\"}<\/style><\/div>\r\n                    <\/div>\r\n                <\/div>[\/vc_column_inner][\/vc_row_inner][\/vc_column][\/vc_row][vc_row el_class=&#8221;container&#8221;][vc_column][vc_separator][\/vc_column][\/vc_row][vc_row el_class=&#8221;container&#8221;][vc_column][vc_row_inner][vc_column_inner]\r\n                <div class=\"text-modules\">\r\n                    <div class=\"container\">\r\n                        \r\n                        <div class=\"text-modules__content\"><p>W zwi\u0105zku z obowi\u0105zkami wynikaj\u0105cymi z przepis\u00f3w ustawy z dnia 13 maja 2016 r. o przeciwdzia\u0142aniu zagro\u017ceniom przest\u0119pczo\u015bci\u0105 na tle seksualnym i ochronie ma\u0142oletnich zak\u0142ad pracy, <strong>szko\u0142a lub inna plac\u00f3wka systemu o\u015bwiaty, mog\u0105 przed rozpocz\u0119ciem praktyki, wymaga\u0107 od os\u00f3b studiuj\u0105cych przed\u0142o\u017cenia <u>informacji z Krajowego Rejestru Karnego w zakresie przest\u0119pstw<\/u> okre\u015blonych w rozdziale XIX i XXV Kodeksu karnego, w art. 189a i art. 207 Kodeksu karnego oraz w ustawie z dnia 29 lipca 2005 r. o przeciwdzia\u0142aniu narkomanii, lub za odpowiadaj\u0105ce tym przest\u0119pstwom czyny zabronione okre\u015blone w przepisach prawa obcego <\/strong>albo innych dokument\u00f3w niezb\u0119dnych do realizacji praktyki. Uniwersytet nie zwraca osobom studiuj\u0105cym koszt\u00f3w uzyskania za\u015bwiadczenia z Krajowego Rejestru Karnego.<\/p>\n<\/div>\r\n                    <\/div>\r\n                <\/div>[\/vc_column_inner][\/vc_row_inner][\/vc_column][\/vc_row][vc_row el_class=&#8221;container&#8221;][vc_column][vc_separator][\/vc_column][\/vc_row][vc_row el_class=&#8221;container&#8221;][vc_column][vc_row_inner][vc_column_inner]\r\n                <div class=\"text-modules\">\r\n                    <div class=\"container\">\r\n                        \r\n                        <div class=\"text-modules__content\"><p>Porozumienia oraz skierowania na praktyk\u0119 zawodow\u0105 zawarte przed dniem wej\u015bcia w \u017cycie niniejszego zarz\u0105dzenia, pozostaj\u0105 w mocy i obowi\u0105zuj\u0105 do ko\u0144ca okresu, na kt\u00f3ry zosta\u0142y zawarte. Do porozumie\u0144, o kt\u00f3rych mowa w zdaniu poprzedzaj\u0105cym stosuje si\u0119 przepisy dotychczasowego zarz\u0105dzenia nr 92 z dnia 22 czerwca 2020 r. Rektora Uniwersytetu \u015al\u0105skiego w sprawie okre\u015blenia wytycznych dotycz\u0105cych organizacji w Uniwersytecie \u015al\u0105skim w Katowicach praktyk zawodowych studenta, z p\u00f3\u017an. zm.<\/p>\n<p>&nbsp;<\/p>\n<p>\n<\/div>\r\n                    <\/div>\r\n                <\/div>[\/vc_column_inner][\/vc_row_inner][\/vc_column][\/vc_row][vc_row el_class=&#8221;container&#8221;][vc_column][vc_separator][\/vc_column][\/vc_row][vc_row][vc_column]\r\n                <div class=\"text-modules\">\r\n                    <div class=\"container\">\r\n                        \r\n                        <div class=\"text-modules__content\"><p><strong>Praktyki zwi\u0105zane z kontaktem z ma\u0142oletnimi \u2013 wa\u017cne informacje i konieczne\u00a0 dokumenty<\/strong><\/p>\n<ul>\n<li><a href=\"https:\/\/us.edu.pl\/wydzial\/wh\/wp-content\/uploads\/sites\/15\/Bez-kategorii\/1-Komunikat-1-dla-Studentow-realizujacych-praktyki.docx\" class=\"mtli_attachment mtli_docx\" data-mtli=\"mtli_filesize19,78kB\" class=\"mtli_attachment mtli_docx\" data-mtli=\"mtli_filesize19,78kB\">Komunikat nr 1 dla student\u00f3w realizuj\u0105cych praktyki\u00a0<\/a><\/li>\n<li><a href=\"https:\/\/us.edu.pl\/wydzial\/wh\/wp-content\/uploads\/sites\/15\/Bez-kategorii\/2-Komunikat-2-informacja-dot.-oswiadczen-Studentow-realizujacych-praktyki.docx\" class=\"mtli_attachment mtli_docx\" data-mtli=\"mtli_filesize14,91kB\" class=\"mtli_attachment mtli_docx\" data-mtli=\"mtli_filesize14,91kB\">Informacja dot. o\u015bwiadcze\u0144 Student\u00f3w realizuj\u0105cych praktyki<\/a><\/li>\n<li><a href=\"https:\/\/us.edu.pl\/wydzial\/wh\/wp-content\/uploads\/sites\/15\/Bez-kategorii\/3-zalacznik-nr-1-oswiadczenie-1.docx\" class=\"mtli_attachment mtli_docx\" data-mtli=\"mtli_filesize25,23kB\" class=\"mtli_attachment mtli_docx\" data-mtli=\"mtli_filesize25,23kB\">Za\u0142\u0105cznik nr 1 o\u015bwiadczenie 1<\/a><\/li>\n<li><a href=\"https:\/\/us.edu.pl\/wydzial\/wh\/wp-content\/uploads\/sites\/15\/Bez-kategorii\/4-zalacznik-nr-2-oswiadczenie-2.docx\" class=\"mtli_attachment mtli_docx\" data-mtli=\"mtli_filesize27,53kB\" class=\"mtli_attachment mtli_docx\" data-mtli=\"mtli_filesize27,53kB\">Za\u0142\u0105cznik nr 2 o\u015bwiadczenie 2<\/a><\/li>\n<li><a href=\"https:\/\/us.edu.pl\/wydzial\/wh\/wp-content\/uploads\/sites\/15\/Bez-kategorii\/5-Informacja-dotyczaca-przetwarzania-danych-osobowych-zawartych-w-zaswiadczeniach-z-Rejestru-Sprawcow-Przestepstw-na-Tle-Seksualnym.pdf\" class=\"mtli_attachment mtli_pdf\" data-mtli=\"mtli_filesize156,42kB\" class=\"mtli_attachment mtli_pdf\" data-mtli=\"mtli_filesize156,42kB\">Informacja dotycz\u0105ca przetwarzania danych osobowych zawartych w za\u015bwiadczeniach z Rejestru Sprawc\u00f3w Przest\u0119pstw na Tle Seksualnym<\/a><\/li>\n<li><a href=\"https:\/\/us.edu.pl\/wydzial\/wh\/wp-content\/uploads\/sites\/15\/Bez-kategorii\/6-Standardy-Ochrony-Maloletnich-w-Uniwersytecie-Slaskim-w-Katowicach.pdf\" class=\"mtli_attachment mtli_pdf\" data-mtli=\"mtli_filesize193,33kB\" class=\"mtli_attachment mtli_pdf\" data-mtli=\"mtli_filesize193,33kB\">Standardy ochrony ma\u0142oletnich w Uniwersytecie \u015al\u0105skim w Katowicach<\/a><\/li>\n<li><a href=\"https:\/\/us.edu.pl\/wydzial\/wh\/wp-content\/uploads\/sites\/15\/Bez-kategorii\/7-POTWIERDZENIE-ZAPOZNANIA-SIE-ZE-STANDARDAMI-OCHRONY-MALOLETNICH-W-UNIWERSYTECIE-SLASKIM.pdf\" class=\"mtli_attachment mtli_pdf\" data-mtli=\"mtli_filesize107,53kB\" class=\"mtli_attachment mtli_pdf\" data-mtli=\"mtli_filesize107,53kB\">Potwierdzenie zapoznania si\u0119 ze Standardami Ochrony Ma\u0142oletnich w Uniwersytecie \u015al\u0105skim w Katowicach<\/a><\/li>\n<\/ul>\n<p>\n<style type=\"text\/css\">a[data-mtli~=\"mtli_filesize19,78kB\"]:after {content:\" (19,78 kB)\"}a[data-mtli~=\"mtli_filesize14,91kB\"]:after {content:\" (14,91 kB)\"}a[data-mtli~=\"mtli_filesize25,23kB\"]:after {content:\" (25,23 kB)\"}a[data-mtli~=\"mtli_filesize27,53kB\"]:after {content:\" (27,53 kB)\"}a[data-mtli~=\"mtli_filesize156,42kB\"]:after {content:\" (156,42 kB)\"}a[data-mtli~=\"mtli_filesize193,33kB\"]:after {content:\" (193,33 kB)\"}a[data-mtli~=\"mtli_filesize107,53kB\"]:after {content:\" (107,53 kB)\"}<\/style><\/div>\r\n                    <\/div>\r\n                <\/div>[\/vc_column][\/vc_row][vc_row el_class=&#8221;container&#8221;][vc_column][vc_separator][\/vc_column][\/vc_row][vc_row][vc_column]\r\n                <div class=\"text-modules\">\r\n                    <div class=\"container\">\r\n                        \r\n                        <div class=\"text-modules__content\"><p><span style=\"font-size: 12pt;\"><a href=\"https:\/\/aktyprawne.us.edu.pl\/d\/5798\/5\/\">Zarz\u0105dzenie Rektora Uniwersytetu \u015al\u0105skiego nr 92 z dnia 27 czerwca 2022 roku<\/a>\u00a0<\/span><\/p>\n<ul>\n<li><span style=\"font-size: 12pt;\">Skierowanie:\u00a0<\/span>\n<ul>\n<li><span style=\"font-size: 12pt;\"><a href=\"https:\/\/us.edu.pl\/wydzial\/wh\/wp-content\/uploads\/sites\/15\/Nieprzypisane\/2.-Skierowanie.docx\" class=\"mtli_attachment mtli_docx\" data-mtli=\"mtli_filesize14,73kB\" class=\"mtli_attachment mtli_docx\" data-mtli=\"mtli_filesize14,73kB\">skierowanie<\/a><\/span><\/li>\n<li><span style=\"font-size: 12pt;\"><a href=\"https:\/\/us.edu.pl\/wydzial\/wh\/wp-content\/uploads\/sites\/15\/Nieprzypisane\/2.-Skierownie.pdf\" class=\"mtli_attachment mtli_pdf\" data-mtli=\"mtli_filesize64,91kB\" class=\"mtli_attachment mtli_pdf\" data-mtli=\"mtli_filesize64,91kB\">skierowanie<\/a><\/span><\/li>\n<\/ul>\n<\/li>\n<li><span style=\"font-size: 12pt;\">Porozumienie:\u00a0<\/span>\n<ul>\n<li><a href=\"https:\/\/us.edu.pl\/wydzial\/wh\/wp-content\/uploads\/sites\/15\/STUDENT\/Zalacznik-nr-1-do-zarzadzenia-nr-92-2022-porozumienie-z-zaklad-pracy-aktualizacja-maj-2022.pdf\" class=\"mtli_attachment mtli_pdf\" data-mtli=\"mtli_filesize198,63kB\" class=\"mtli_attachment mtli_pdf\" data-mtli=\"mtli_filesize198,63kB\"><span style=\"font-size: 12pt;\">porozumienie<\/span><\/a><\/li>\n<li><a href=\"https:\/\/us.edu.pl\/wydzial\/wh\/wp-content\/uploads\/sites\/15\/STUDENT\/Zalacznik-nr-1-do-zarzadzenia-nr-92-2022-porozumienie-z-zaklad-pracy-aktualizacja-maj-2022.docx\" class=\"mtli_attachment mtli_docx\" data-mtli=\"mtli_filesize21,38kB\" class=\"mtli_attachment mtli_docx\" data-mtli=\"mtli_filesize21,38kB\"><span style=\"font-size: 12pt;\">porozumienie<\/span><\/a><\/li>\n<li><a href=\"https:\/\/us.edu.pl\/wydzial\/wh\/wp-content\/uploads\/sites\/15\/STUDENT\/Zalacznik-nr-2-do-zarzadzenia-nr-92-2022-porozumienie-z-placowka-aktualizacja-maj-2022.pdf\" class=\"mtli_attachment mtli_pdf\" data-mtli=\"mtli_filesize198,62kB\" class=\"mtli_attachment mtli_pdf\" data-mtli=\"mtli_filesize198,62kB\"><span style=\"font-size: 12pt;\">porozumienie dla praktyki przygotowuj\u0105cej do wykonywania zawodu nauczyciela<\/span><\/a><\/li>\n<li><a href=\"https:\/\/us.edu.pl\/wydzial\/wh\/wp-content\/uploads\/sites\/15\/STUDENT\/Zalacznik-nr-2-do-zarzadzenia-nr-92-2022-porozumienie-z-placowka-aktualizacja-maj-2022.docx\" class=\"mtli_attachment mtli_docx\" data-mtli=\"mtli_filesize21,74kB\" class=\"mtli_attachment mtli_docx\" data-mtli=\"mtli_filesize21,74kB\"><span style=\"font-size: 12pt;\">porozumienie dla praktyki przygotowuj\u0105cej do wykonywania zawodu nauczyciela<\/span><\/a><\/li>\n<\/ul>\n<\/li>\n<li><span style=\"font-size: 12pt;\">Raport:<\/span>\n<ul>\n<li><span style=\"font-size: 12pt;\"><a href=\"https:\/\/us.edu.pl\/wydzial\/wh\/wp-content\/uploads\/sites\/15\/Nieprzypisane\/5.-raport.pdf\" class=\"mtli_attachment mtli_pdf\" data-mtli=\"mtli_filesize86,75kB\" class=\"mtli_attachment mtli_pdf\" data-mtli=\"mtli_filesize86,75kB\">raport<\/a><\/span><\/li>\n<li><span style=\"font-size: 12pt;\"><a href=\"https:\/\/us.edu.pl\/wydzial\/wh\/wp-content\/uploads\/sites\/15\/Nieprzypisane\/5.raport.docx\" class=\"mtli_attachment mtli_docx\" data-mtli=\"mtli_filesize19,31kB\" class=\"mtli_attachment mtli_docx\" data-mtli=\"mtli_filesize19,31kB\">raport<\/a> <\/span><\/li>\n<\/ul>\n<\/li>\n<li><span style=\"font-size: 12pt;\">O\u015bwiadczenie:<\/span>\n<ul>\n<li><span style=\"font-size: 12pt;\"><a href=\"https:\/\/us.edu.pl\/wydzial\/wh\/wp-content\/uploads\/sites\/15\/Nieprzypisane\/6.-.o\u015bwiadczenie.docx\" class=\"mtli_attachment mtli_docx\" data-mtli=\"mtli_filesize16,99kB\" class=\"mtli_attachment mtli_docx\" data-mtli=\"mtli_filesize16,99kB\">o\u015bwiadczenie<\/a><\/span><\/li>\n<li><span style=\"font-size: 12pt;\"><a href=\"https:\/\/us.edu.pl\/wydzial\/wh\/wp-content\/uploads\/sites\/15\/Nieprzypisane\/6.-o\u015bwiadczenie.pdf\" class=\"mtli_attachment mtli_pdf\" data-mtli=\"mtli_filesize62,83kB\" class=\"mtli_attachment mtli_pdf\" data-mtli=\"mtli_filesize62,83kB\">o\u015bwiadczenie<\/a><\/span><\/li>\n<\/ul>\n<\/li>\n<li><span style=\"font-size: 12pt;\">Wniosek do dziekana o zaliczenie pracy zawodowej jako praktyki: <\/span>\n<ul>\n<li><span style=\"font-size: 12pt;\"><a href=\"https:\/\/us.edu.pl\/wydzial\/wh\/wp-content\/uploads\/sites\/15\/Nieprzypisane\/7.-wyra\u017cenie-zgody.docx\" class=\"mtli_attachment mtli_docx\" data-mtli=\"mtli_filesize19,27kB\" class=\"mtli_attachment mtli_docx\" data-mtli=\"mtli_filesize19,27kB\">wyra\u017cenie zgody<\/a><\/span><\/li>\n<li><span style=\"font-size: 12pt;\"><a href=\"https:\/\/us.edu.pl\/wydzial\/wh\/wp-content\/uploads\/sites\/15\/Nieprzypisane\/7.-wyra\u017cenie-zgody.pdf\" class=\"mtli_attachment mtli_pdf\" data-mtli=\"mtli_filesize83,48kB\" class=\"mtli_attachment mtli_pdf\" data-mtli=\"mtli_filesize83,48kB\">wyra\u017cenie zgody<\/a> <\/span><\/li>\n<\/ul>\n<\/li>\n<\/ul>\n<p>\n<style type=\"text\/css\">a[data-mtli~=\"mtli_filesize14,73kB\"]:after {content:\" (14,73 kB)\"}a[data-mtli~=\"mtli_filesize64,91kB\"]:after {content:\" (64,91 kB)\"}a[data-mtli~=\"mtli_filesize198,63kB\"]:after {content:\" (198,63 kB)\"}a[data-mtli~=\"mtli_filesize21,38kB\"]:after {content:\" (21,38 kB)\"}a[data-mtli~=\"mtli_filesize198,62kB\"]:after {content:\" (198,62 kB)\"}a[data-mtli~=\"mtli_filesize21,74kB\"]:after {content:\" (21,74 kB)\"}a[data-mtli~=\"mtli_filesize86,75kB\"]:after {content:\" (86,75 kB)\"}a[data-mtli~=\"mtli_filesize19,31kB\"]:after {content:\" (19,31 kB)\"}a[data-mtli~=\"mtli_filesize16,99kB\"]:after {content:\" (16,99 kB)\"}a[data-mtli~=\"mtli_filesize62,83kB\"]:after {content:\" (62,83 kB)\"}a[data-mtli~=\"mtli_filesize19,27kB\"]:after {content:\" (19,27 kB)\"}a[data-mtli~=\"mtli_filesize83,48kB\"]:after {content:\" (83,48 kB)\"}<\/style><\/div>\r\n                    <\/div>\r\n                <\/div>[\/vc_column][\/vc_row][vc_row el_class=&#8221;container&#8221;][vc_column][vc_separator][\/vc_column][\/vc_row][vc_row][vc_column]\r\n                <div class=\"text-modules\">\r\n                    <div class=\"container\">\r\n                        \r\n                        <div class=\"text-modules__content\"><p>Dodatkowe dokumenty na wrze\u015bniowe praktyki ci\u0105g\u0142e w 2025 roku dla specjalno\u015bci nauczycielskiej kierunku <strong>FILOLOGIA POLSKA<\/strong> I i II stopnia:<\/p>\n<ul>\n<li><a href=\"https:\/\/us.edu.pl\/wydzial\/wh\/wp-content\/uploads\/sites\/15\/20202021\/filologia-polska\/Instrukcja_I_i_II_stopien.pdf\" class=\"mtli_attachment mtli_pdf\" data-mtli=\"mtli_filesize203,71kB\" class=\"mtli_attachment mtli_pdf\" data-mtli=\"mtli_filesize203,71kB\">instrukcja I i II stopie\u0144<\/a><\/li>\n<li><a href=\"https:\/\/us.edu.pl\/wydzial\/wh\/wp-content\/uploads\/sites\/15\/Bez-kategorii\/Program_praktyki_II-stopien_2025_FP.pdf\" class=\"mtli_attachment mtli_pdf\" data-mtli=\"mtli_filesize155,70kB\" class=\"mtli_attachment mtli_pdf\" data-mtli=\"mtli_filesize155,70kB\">program II stopie\u0144<\/a><\/li>\n<li><a href=\"https:\/\/us.edu.pl\/wydzial\/wh\/wp-content\/uploads\/sites\/15\/Bez-kategorii\/Program-praktyk_I-stopien_2025_FP.pdf\" class=\"mtli_attachment mtli_pdf\" data-mtli=\"mtli_filesize157,38kB\" class=\"mtli_attachment mtli_pdf\" data-mtli=\"mtli_filesize157,38kB\">program I stopie\u0144<\/a><\/li>\n<li><a href=\"https:\/\/us.edu.pl\/wydzial\/wh\/wp-content\/uploads\/sites\/15\/Bez-kategorii\/II-czesc-raportu-po-praktykach-nauczycielskich.pdf\" class=\"mtli_attachment mtli_pdf\" data-mtli=\"mtli_filesize212,74kB\" class=\"mtli_attachment mtli_pdf\" data-mtli=\"mtli_filesize212,74kB\">II cz\u0119\u015b\u0107 raportu dotycz\u0105ca specjalno\u015bci nauczycielskiej<\/a><\/li>\n<li><a href=\"https:\/\/us.edu.pl\/wydzial\/wh\/wp-content\/uploads\/sites\/15\/Bez-kategorii\/II-czesc-raportu-po-praktykach-nauczycielskich.docx\" class=\"mtli_attachment mtli_docx\" data-mtli=\"mtli_filesize515,95kB\" class=\"mtli_attachment mtli_docx\" data-mtli=\"mtli_filesize515,95kB\">II cz\u0119\u015b\u0107 raportu dotycz\u0105ca specjalno\u015bci nauczycielskiej<\/a><\/li>\n<\/ul>\n<p>\n<style type=\"text\/css\">a[data-mtli~=\"mtli_filesize203,71kB\"]:after {content:\" (203,71 kB)\"}a[data-mtli~=\"mtli_filesize155,70kB\"]:after {content:\" (155,70 kB)\"}a[data-mtli~=\"mtli_filesize157,38kB\"]:after {content:\" (157,38 kB)\"}a[data-mtli~=\"mtli_filesize212,74kB\"]:after {content:\" (212,74 kB)\"}a[data-mtli~=\"mtli_filesize515,95kB\"]:after {content:\" (515,95 kB)\"}<\/style><\/div>\r\n                    <\/div>\r\n                <\/div>[\/vc_column][\/vc_row][vc_column][\/vc_column]<\/p>\n<style type=\"text\/css\">a[data-mtli~=\"mtli_filesize221,84kB\"]:after {content:\" (221,84 kB)\"}a[data-mtli~=\"mtli_filesize28,57kB\"]:after {content:\" (28,57 kB)\"}a[data-mtli~=\"mtli_filesize27,07kB\"]:after {content:\" (27,07 kB)\"}a[data-mtli~=\"mtli_filesize26,95kB\"]:after {content:\" (26,95 kB)\"}a[data-mtli~=\"mtli_filesize15,66kB\"]:after {content:\" (15,66 kB)\"}a[data-mtli~=\"mtli_filesize124,20kB\"]:after {content:\" (124,20 kB)\"}a[data-mtli~=\"mtli_filesize21,85kB\"]:after {content:\" (21,85 kB)\"}a[data-mtli~=\"mtli_filesize20,90kB\"]:after {content:\" (20,90 kB)\"}a[data-mtli~=\"mtli_filesize31,00kB\"]:after {content:\" (31,00 kB)\"}a[data-mtli~=\"mtli_filesize19,78kB\"]:after {content:\" (19,78 kB)\"}a[data-mtli~=\"mtli_filesize14,91kB\"]:after {content:\" (14,91 kB)\"}a[data-mtli~=\"mtli_filesize25,23kB\"]:after {content:\" (25,23 kB)\"}a[data-mtli~=\"mtli_filesize27,53kB\"]:after {content:\" (27,53 kB)\"}a[data-mtli~=\"mtli_filesize156,42kB\"]:after {content:\" (156,42 kB)\"}a[data-mtli~=\"mtli_filesize193,33kB\"]:after {content:\" (193,33 kB)\"}a[data-mtli~=\"mtli_filesize107,53kB\"]:after {content:\" (107,53 kB)\"}a[data-mtli~=\"mtli_filesize14,73kB\"]:after {content:\" (14,73 kB)\"}a[data-mtli~=\"mtli_filesize64,91kB\"]:after {content:\" (64,91 kB)\"}a[data-mtli~=\"mtli_filesize198,63kB\"]:after {content:\" (198,63 kB)\"}a[data-mtli~=\"mtli_filesize21,38kB\"]:after {content:\" (21,38 kB)\"}a[data-mtli~=\"mtli_filesize198,62kB\"]:after {content:\" (198,62 kB)\"}a[data-mtli~=\"mtli_filesize21,74kB\"]:after {content:\" (21,74 kB)\"}a[data-mtli~=\"mtli_filesize86,75kB\"]:after {content:\" (86,75 kB)\"}a[data-mtli~=\"mtli_filesize19,31kB\"]:after {content:\" (19,31 kB)\"}a[data-mtli~=\"mtli_filesize16,99kB\"]:after {content:\" (16,99 kB)\"}a[data-mtli~=\"mtli_filesize62,83kB\"]:after {content:\" (62,83 kB)\"}a[data-mtli~=\"mtli_filesize19,27kB\"]:after {content:\" (19,27 kB)\"}a[data-mtli~=\"mtli_filesize83,48kB\"]:after {content:\" (83,48 kB)\"}a[data-mtli~=\"mtli_filesize203,71kB\"]:after {content:\" (203,71 kB)\"}a[data-mtli~=\"mtli_filesize155,70kB\"]:after {content:\" (155,70 kB)\"}a[data-mtli~=\"mtli_filesize157,38kB\"]:after {content:\" (157,38 kB)\"}a[data-mtli~=\"mtli_filesize212,74kB\"]:after {content:\" (212,74 kB)\"}a[data-mtli~=\"mtli_filesize515,95kB\"]:after {content:\" (515,95 kB)\"}<\/style>","protected":false},"excerpt":{"rendered":"<p>[vc_row el_class=&#8221;container&#8221;][vc_column][vc_row_inner][vc_column_inner][\/vc_column_inner][\/vc_row_inner][\/vc_column][\/vc_row][vc_row el_class=&#8221;container&#8221;][vc_column][vc_separator][\/vc_column][\/vc_row][vc_row el_class=&#8221;container&#8221;][vc_column][vc_row_inner][vc_column_inner][\/vc_column_inner][\/vc_row_inner][\/vc_column][\/vc_row][vc_row el_class=&#8221;container&#8221;][vc_column][vc_separator][\/vc_column][\/vc_row][vc_row el_class=&#8221;container&#8221;][vc_column][vc_row_inner][vc_column_inner][\/vc_column_inner][\/vc_row_inner][\/vc_column][\/vc_row][vc_row el_class=&#8221;container&#8221;][vc_column][vc_separator][\/vc_column][\/vc_row][vc_row][vc_column][\/vc_column][\/vc_row][vc_row el_class=&#8221;container&#8221;][vc_column][vc_separator][\/vc_column][\/vc_row][vc_row][vc_column][\/vc_column][\/vc_row][vc_row el_class=&#8221;container&#8221;][vc_column][vc_separator][\/vc_column][\/vc_row][vc_row][vc_column][\/vc_column][\/vc_row][vc_column][\/vc_column] [&#8230;]<\/p>\n<p><a class=\"btn btn-secondary understrap-read-more-link\" href=\"https:\/\/us.edu.pl\/wydzial\/wh\/sprawy-studenckie\/praktyki-zawodowe\/\">Read More&#8230;<\/a><\/p>\n","protected":false},"author":32,"featured_media":0,"parent":2564,"menu_order":0,"comment_status":"closed","ping_status":"closed","template":"","meta":{"_expiration-date-status":"","_expiration-date":0,"_expiration-date-type":"","_expiration-date-categories":[],"_expiration-date-options":[]},"acf":[],"_links":{"self":[{"href":"https:\/\/us.edu.pl\/wydzial\/wh\/wp-json\/wp\/v2\/pages\/3579"}],"collection":[{"href":"https:\/\/us.edu.pl\/wydzial\/wh\/wp-json\/wp\/v2\/pages"}],"about":[{"href":"https:\/\/us.edu.pl\/wydzial\/wh\/wp-json\/wp\/v2\/types\/page"}],"author":[{"embeddable":true,"href":"https:\/\/us.edu.pl\/wydzial\/wh\/wp-json\/wp\/v2\/users\/32"}],"replies":[{"embeddable":true,"href":"https:\/\/us.edu.pl\/wydzial\/wh\/wp-json\/wp\/v2\/comments?post=3579"}],"version-history":[{"count":10,"href":"https:\/\/us.edu.pl\/wydzial\/wh\/wp-json\/wp\/v2\/pages\/3579\/revisions"}],"predecessor-version":[{"id":196600,"href":"https:\/\/us.edu.pl\/wydzial\/wh\/wp-json\/wp\/v2\/pages\/3579\/revisions\/196600"}],"up":[{"embeddable":true,"href":"https:\/\/us.edu.pl\/wydzial\/wh\/wp-json\/wp\/v2\/pages\/2564"}],"wp:attachment":[{"href":"https:\/\/us.edu.pl\/wydzial\/wh\/wp-json\/wp\/v2\/media?parent=3579"}],"curies":[{"name":"wp","href":"https:\/\/api.w.org\/{rel}","templated":true}]}}