{"id":407,"date":"2019-10-03T12:30:43","date_gmt":"2019-10-03T10:30:43","guid":{"rendered":"https:\/\/us.edu.pl\/wydzial\/wh\/?page_id=407"},"modified":"2019-10-04T12:34:02","modified_gmt":"2019-10-04T10:34:02","slug":"prof-dr-hab-witold-taszycki","status":"publish","type":"page","link":"https:\/\/us.edu.pl\/wydzial\/wh\/strona-glowna\/wydzial-dawniej-i-dzis\/doktorzy-honoris-causa\/prof-dr-hab-witold-taszycki\/","title":{"rendered":"prof. dr hab. Witold Taszycki"},"content":{"rendered":"<p>[vc_row el_class=&#8221;container&#8221;][vc_column el_class=&#8221;container&#8221;]\r\n                <div class=\"text-modules\">\r\n                    <div class=\"container\">\r\n                        <h3 class=\"page-title text__title\">prof. dr hab. Witold Taszycki<\/h3>\r\n                        <div class=\"text-modules__content\"><p><b>Data promocji:<\/b>\u00a0<span class=\"date-display-single\">05. 10. 1977<\/span><\/p>\n<p><b>Data uchwa\u0142y Senatu U\u015a:<\/b>\u00a0<span class=\"date-display-single\">10. 09. 1977<\/span><\/p>\n<p><b>Jednostka sk\u0142adaj\u0105ca wniosek:<\/b>\u00a0Rada Wydzia\u0142u Filologicznego<\/p>\n<p>Historyk j\u0119zyka, badacz onomastyki i\u00a0dialektologii historycznej. Profesor Uniwersytetu Wile\u0144skiego, Uniwersytetu Lwowskiego, Uniwersytetu Jagiello\u0144skiego, wsp\u00f3\u0142organizator slawistyki i\u00a0polonistyki na\u00a0Uniwersytecie im.\u00a0Miko\u0142aja Kopernika w\u00a0Toruniu i\u00a0na\u00a0Uniwersytecie Wroc\u0142awskim. Cz\u0142onek PAU (od\u00a01939), cz\u0142onek rzeczywisty PAN-u (od\u00a01956).\u00a0W czasie okupacji prowadzi\u0142 tajne nauczanie uniwersyteckie we\u00a0Lwowie. Od\u00a01939\u00a0redagowa\u0142\u00a0seri\u0119 \u201eRozprawy z\u00a0Onomastyki S\u0142owia\u0144skiej\u201d oraz\u00a0kilka czasopism i\u00a0s\u0142ownik\u00f3w (m.in.\u00a0wsp\u00f3\u0142autor z\u00a0S. Jod\u0142owskim\u00a0<em>Zasad pisowni polskiej i\u00a0interpunkcji ze\u00a0s\u0142ownikiem ortograficznym<\/em>). Edytor wielu zabytk\u00f3w literatury staropolskiej (m.in.\u00a0<em>Psa\u0142terza floria\u0144skiego\u00a0<\/em>i\u00a0<em>Kr\u00f3tkiej rozprawy\u2026\u00a0<\/em>Miko\u0142aja Reja).<\/p>\n<\/div>\r\n                    <\/div>\r\n                <\/div>[myprefix_functional_icons print_icon=&#8221;yes&#8221;][\/vc_column][\/vc_row]<\/p>","protected":false},"excerpt":{"rendered":"<p>[vc_row el_class=&#8221;container&#8221;][vc_column el_class=&#8221;container&#8221;][myprefix_functional_icons print_icon=&#8221;yes&#8221;][\/vc_column][\/vc_row] [&#8230;]<\/p>\n<p><a class=\"btn btn-secondary understrap-read-more-link\" href=\"https:\/\/us.edu.pl\/wydzial\/wh\/strona-glowna\/wydzial-dawniej-i-dzis\/doktorzy-honoris-causa\/prof-dr-hab-witold-taszycki\/\">Read More&#8230;<\/a><\/p>\n","protected":false},"author":1,"featured_media":0,"parent":187,"menu_order":0,"comment_status":"closed","ping_status":"closed","template":"","meta":{"_expiration-date-status":"","_expiration-date":0,"_expiration-date-type":"","_expiration-date-categories":[],"_expiration-date-options":[]},"acf":[],"_links":{"self":[{"href":"https:\/\/us.edu.pl\/wydzial\/wh\/wp-json\/wp\/v2\/pages\/407"}],"collection":[{"href":"https:\/\/us.edu.pl\/wydzial\/wh\/wp-json\/wp\/v2\/pages"}],"about":[{"href":"https:\/\/us.edu.pl\/wydzial\/wh\/wp-json\/wp\/v2\/types\/page"}],"author":[{"embeddable":true,"href":"https:\/\/us.edu.pl\/wydzial\/wh\/wp-json\/wp\/v2\/users\/1"}],"replies":[{"embeddable":true,"href":"https:\/\/us.edu.pl\/wydzial\/wh\/wp-json\/wp\/v2\/comments?post=407"}],"version-history":[{"count":4,"href":"https:\/\/us.edu.pl\/wydzial\/wh\/wp-json\/wp\/v2\/pages\/407\/revisions"}],"predecessor-version":[{"id":750,"href":"https:\/\/us.edu.pl\/wydzial\/wh\/wp-json\/wp\/v2\/pages\/407\/revisions\/750"}],"up":[{"embeddable":true,"href":"https:\/\/us.edu.pl\/wydzial\/wh\/wp-json\/wp\/v2\/pages\/187"}],"wp:attachment":[{"href":"https:\/\/us.edu.pl\/wydzial\/wh\/wp-json\/wp\/v2\/media?parent=407"}],"curies":[{"name":"wp","href":"https:\/\/api.w.org\/{rel}","templated":true}]}}