{"id":415,"date":"2019-10-03T12:36:21","date_gmt":"2019-10-03T10:36:21","guid":{"rendered":"https:\/\/us.edu.pl\/wydzial\/wh\/?page_id=415"},"modified":"2019-10-04T12:29:49","modified_gmt":"2019-10-04T10:29:49","slug":"bozidar-vidoeski","status":"publish","type":"page","link":"https:\/\/us.edu.pl\/wydzial\/wh\/strona-glowna\/wydzial-dawniej-i-dzis\/doktorzy-honoris-causa\/bozidar-vidoeski\/","title":{"rendered":"Bo\u017eidar Vidoeski"},"content":{"rendered":"<p>[vc_row el_class=&#8221;container&#8221;][vc_column el_class=&#8221;container&#8221;]\r\n                <div class=\"text-modules\">\r\n                    <div class=\"container\">\r\n                        <h3 class=\"page-title text__title\">Bo\u017eidar Vidoeski<\/h3>\r\n                        <div class=\"text-modules__content\"><p><b>Data promocji:<\/b>\u00a0<span class=\"date-display-single\">1. 03. 1993<\/span><\/p>\n<p><b>Data uchwa\u0142y Senatu U\u015a:<\/b>\u00a0<span class=\"date-display-single\">25. 09. 1989<\/span><\/p>\n<p><b>Jednostka sk\u0142adaj\u0105ca wniosek:<\/b>\u00a0Rada Wydzia\u0142u Filologicznego<\/p>\n<p>J\u0119zykoznawca, slawista,\u00a0profesor Uniwersytetu \u015bw.\u00a0Cyryla i\u00a0Metodego w\u00a0Skopje. Cz\u0142onek jugos\u0142owia\u0144skiej Akademii Nauk i\u00a0Sztuk, cz\u0142onek rzeczywisty Macedo\u0144skiej ANiS. Autor prac z\u00a0zakresu fonologii, s\u0142owotw\u00f3rstwa, dialektologii, onomastyki, wsp\u00f3\u0142autor s\u0142ownika polsko-macedo\u0144skiego i\u00a0macedo\u0144sko-polskiego. Zas\u0142u\u017cony dla polsko-jugos\u0142owia\u0144skich kontakt\u00f3w kulturalnych.<\/p>\n<\/div>\r\n                    <\/div>\r\n                <\/div>[\/vc_column][\/vc_row]<\/p>","protected":false},"excerpt":{"rendered":"<p>[vc_row el_class=&#8221;container&#8221;][vc_column el_class=&#8221;container&#8221;][\/vc_column][\/vc_row] [&#8230;]<\/p>\n<p><a class=\"btn btn-secondary understrap-read-more-link\" href=\"https:\/\/us.edu.pl\/wydzial\/wh\/strona-glowna\/wydzial-dawniej-i-dzis\/doktorzy-honoris-causa\/bozidar-vidoeski\/\">Read More&#8230;<\/a><\/p>\n","protected":false},"author":1,"featured_media":251,"parent":187,"menu_order":0,"comment_status":"closed","ping_status":"closed","template":"","meta":{"_expiration-date-status":"","_expiration-date":0,"_expiration-date-type":"","_expiration-date-categories":[],"_expiration-date-options":[]},"acf":[],"_links":{"self":[{"href":"https:\/\/us.edu.pl\/wydzial\/wh\/wp-json\/wp\/v2\/pages\/415"}],"collection":[{"href":"https:\/\/us.edu.pl\/wydzial\/wh\/wp-json\/wp\/v2\/pages"}],"about":[{"href":"https:\/\/us.edu.pl\/wydzial\/wh\/wp-json\/wp\/v2\/types\/page"}],"author":[{"embeddable":true,"href":"https:\/\/us.edu.pl\/wydzial\/wh\/wp-json\/wp\/v2\/users\/1"}],"replies":[{"embeddable":true,"href":"https:\/\/us.edu.pl\/wydzial\/wh\/wp-json\/wp\/v2\/comments?post=415"}],"version-history":[{"count":2,"href":"https:\/\/us.edu.pl\/wydzial\/wh\/wp-json\/wp\/v2\/pages\/415\/revisions"}],"predecessor-version":[{"id":745,"href":"https:\/\/us.edu.pl\/wydzial\/wh\/wp-json\/wp\/v2\/pages\/415\/revisions\/745"}],"up":[{"embeddable":true,"href":"https:\/\/us.edu.pl\/wydzial\/wh\/wp-json\/wp\/v2\/pages\/187"}],"wp:featuredmedia":[{"embeddable":true,"href":"https:\/\/us.edu.pl\/wydzial\/wh\/wp-json\/wp\/v2\/media\/251"}],"wp:attachment":[{"href":"https:\/\/us.edu.pl\/wydzial\/wh\/wp-json\/wp\/v2\/media?parent=415"}],"curies":[{"name":"wp","href":"https:\/\/api.w.org\/{rel}","templated":true}]}}