{"id":4150,"date":"2020-09-30T14:33:10","date_gmt":"2020-09-30T12:33:10","guid":{"rendered":"https:\/\/us.edu.pl\/wydzial\/wh\/?page_id=4150"},"modified":"2021-01-14T16:50:24","modified_gmt":"2021-01-14T15:50:24","slug":"studia-stacjonarne-i-stopnia-ii-rok","status":"publish","type":"page","link":"https:\/\/us.edu.pl\/wydzial\/wh\/kierunki-studiow\/studia-stacjonarne-i-stopnia-ii-rok\/","title":{"rendered":"Studia stacjonarne I stopnia \u2013 II ROK"},"content":{"rendered":"<p>[vc_row][vc_column]\r\n                <div class=\"text-modules\">\r\n                    <div class=\"container\">\r\n                        \r\n                        <div class=\"text-modules__content\"><\/p>\n<h3><strong>HISTORIA I stopie\u0144 &#8211; 2 rok (3 semestr) STACJONARNE<\/strong><\/h3>\n<hr \/>\n<p><span style=\"color: #ff0000;font-size: 14pt\"><strong>Rejestracja od 02.10.2020r od godz. 11.00 do 11.10.2020r\u00a0 godz. 23.59<\/strong><\/span><\/p>\n<p>Logowanie si\u0119 do systemu USOS wed\u0142ug poni\u017cszego podzia\u0142u:<\/p>\n<ul>\n<li>Rejestracja na <strong>PRZEDMIOT OBOWI\u0104ZKOWY<\/strong> <strong>(dla wszystkich student\u00f3w)<\/strong><\/li>\n<\/ul>\n<p style=\"padding-left: 40px\"><strong>Kod rejestracji W1-HIS1-OB3-20\/21Z<\/strong><strong>\u00a0<\/strong><\/p>\n<ol>\n<li style=\"list-style-type: none\">\n<ol>\n<li>Historia nowo\u017cytna Polski <strong>W1-HI-S1-HNPOL<\/strong><\/li>\n<li>Historia nowo\u017cytna Polski \u2013 przegl\u0105d \u017ar\u00f3de\u0142 <strong>W1-HI-S1-HNPOL\/Z<\/strong><\/li>\n<li>Historia nowo\u017cytna powszechna <strong>W1-HI-S1-HNPOW<\/strong><\/li>\n<li>Historia nowo\u017cytna powszechna \u2013 przegl\u0105d \u017ar\u00f3de\u0142 <strong>W1-HI-S1-HNPOW\/Z<\/strong><\/li>\n<li>Nauki pomocnicze historii (nowo\u017cytno\u015b\u0107) <strong>W1-HI-S1-NPH\/N<\/strong><\/li>\n<li>Zarys historii filozofii<strong> W1-HI-S1-ZHF<\/strong><\/li>\n<\/ol>\n<\/li>\n<\/ol>\n<p style=\"padding-left: 40px\"><strong>S\u0105 dwie grupy \u0107wiczeniowe. Na ka\u017cdym przedmiocie\u00a0 prosz\u0119 logowa\u0107 si\u0119 do tej samej grupy \u0107wiczeniowej!<\/strong><\/p>\n<p style=\"padding-left: 40px\"><strong><span style=\"text-decoration: underline\">Grupa 1<\/span> Archiwalna + Administracyjna<\/strong><\/p>\n<p style=\"padding-left: 40px\"><strong><span style=\"text-decoration: underline\">Grupa 2<\/span> Nauczycielska<\/strong><\/p>\n<p>&nbsp;<\/p>\n<ul>\n<li>Rejestracja na<strong> PRACOWNIA DYPLOMOWA (wyb\u00f3r jeden z pi\u0119ciu)<\/strong><\/li>\n<\/ul>\n<p style=\"padding-left: 40px\"><strong>Kod rejestracji W1-HIS1-PD3-20\/21Z<\/strong><\/p>\n<p style=\"padding-left: 40px\"><strong>Kod przedmiotu W1-HI-S1-PD1<\/strong><\/p>\n<ol>\n<li style=\"list-style-type: none\">\n<ol>\n<li>Grupa 1 Zak\u0142ad historii staro\u017cytnej \u2013 <strong>dr Micha\u0142 Faszcza<\/strong><\/li>\n<li>Grupa 2 Zak\u0142ad historii \u015bredniowiecznej \u2013 <strong>dr M. Wo\u017any<\/strong><\/li>\n<li>Grupa 3 Zak\u0142ad historii nowo\u017cytnej XVI-XVIII w.\u2013 <strong>dr A. Barwicka-Makula<\/strong><\/li>\n<li>Grupa 4 Zak\u0142ad historii nowo\u017cytnej XIX w.\u2013 <strong>dr D. Rychel-Mantur<\/strong><\/li>\n<li>Grupa 5 Zak\u0142ad historii najnowszej\u2013 <strong>dr K. Wilczok<\/strong><\/li>\n<\/ol>\n<\/li>\n<\/ol>\n<p>&nbsp;<\/p>\n<p><span style=\"font-size: 14pt\"><strong>Specjalno\u015b\u0107<\/strong> <strong>ADMINISTRACYJNO-SAMORZ\u0104DOWA\u00a0 (3 semestr)<\/strong><\/span><\/p>\n<ul>\n<li>Rejestracja na <strong>PRZEDMIOT OBOWI\u0104ZKOWY<\/strong> <strong>(tylko dla student\u00f3w\u00a0 tej specjalno\u015bci)<\/strong><\/li>\n<\/ul>\n<p style=\"padding-left: 40px\"><strong>Kod rejestracji W1-HIS1-ASOB3-20\/21Z<\/strong><\/p>\n<ol>\n<li style=\"list-style-type: none\">\n<ol>\n<li>Historia spo\u0142ecze\u0144stwa (\u015bredniowiecze) <strong>W1-HI-AS-S1-HS\/S<\/strong><\/li>\n<li>Wsp\u00f3\u0142czesna kancelaria i archiwum dla pracownik\u00f3w administracji <strong>W1-HI-AS-S1-WKA<\/strong><\/li>\n<\/ol>\n<\/li>\n<\/ol>\n<p>&nbsp;<\/p>\n<p><span style=\"font-size: 14pt\"><strong>Specjalno\u015b\u0107<\/strong> <strong>ARCHIWALNA I ZARZ\u0104DZANIE DOKUMENTACJ\u0104\u00a0 (3 semestr)<\/strong><\/span><\/p>\n<ul>\n<li>Rejestracja na <strong>PRZEDMIOT OBOWI\u0104ZKOWY<\/strong> <strong>(tylko dla student\u00f3w\u00a0 tej specjalno\u015bci)<\/strong><\/li>\n<\/ul>\n<p style=\"padding-left: 40px\"><strong>Kod rejestracji W1-HIS1-ADOB3-20\/21Z<\/strong><\/p>\n<ol>\n<li style=\"list-style-type: none\">\n<ol>\n<li>Rozw\u00f3j form kancelaryjnych <strong>W1-HI-AD-S1-RFK<\/strong><\/li>\n<li>Edytorstwo <strong>W1-HI-AD-S1-ED<\/strong><\/li>\n<li>Paleografia \u0142aci\u0144ska <strong>W1-HI-AD-S1-P\u0141<\/strong><\/li>\n<\/ol>\n<\/li>\n<\/ol>\n<p>&nbsp;<\/p>\n<p><span style=\"font-size: 14pt\"><strong>Specjalno\u015b\u0107<\/strong> <strong>NAUCZYCIELSKA\u00a0 (3 semestr)<\/strong><\/span><\/p>\n<ul>\n<li>Rejestracja na <strong>PRZEDMIOT OBOWI\u0104ZKOWY<\/strong> <strong>(tylko dla student\u00f3w\u00a0 tej specjalno\u015bci)<\/strong><\/li>\n<\/ul>\n<p style=\"padding-left: 40px\"><strong>Kod rejestracji W1-HIS1-NOB3-20\/21Z<\/strong><\/p>\n<ol>\n<li style=\"list-style-type: none\">\n<ol>\n<li>Pedagogika og\u00f3lna <strong>W1-HI-N-S1-POG<\/strong><\/li>\n<li>Pedagogika w procesie kszta\u0142cenia w szkole podstawowej <strong>W1-HI-N-S1-PPK<\/strong><\/li>\n<li>Praktyka zawodowa psychologiczno-pedagogiczna<strong> W1-HI-N-S1-PZPP<\/strong><\/li>\n<\/ol>\n<\/li>\n<\/ol>\n<p>\n<\/div>\r\n                    <\/div>\r\n                <\/div>[\/vc_column][\/vc_row]<\/p>","protected":false},"excerpt":{"rendered":"<p>[vc_row][vc_column][\/vc_column][\/vc_row] [&#8230;]<\/p>\n<p><a class=\"btn btn-secondary understrap-read-more-link\" href=\"https:\/\/us.edu.pl\/wydzial\/wh\/kierunki-studiow\/studia-stacjonarne-i-stopnia-ii-rok\/\">Read More&#8230;<\/a><\/p>\n","protected":false},"author":1,"featured_media":0,"parent":997,"menu_order":0,"comment_status":"closed","ping_status":"closed","template":"","meta":{"_expiration-date-status":"saved","_expiration-date":0,"_expiration-date-type":"","_expiration-date-categories":[],"_expiration-date-options":[]},"acf":[],"_links":{"self":[{"href":"https:\/\/us.edu.pl\/wydzial\/wh\/wp-json\/wp\/v2\/pages\/4150"}],"collection":[{"href":"https:\/\/us.edu.pl\/wydzial\/wh\/wp-json\/wp\/v2\/pages"}],"about":[{"href":"https:\/\/us.edu.pl\/wydzial\/wh\/wp-json\/wp\/v2\/types\/page"}],"author":[{"embeddable":true,"href":"https:\/\/us.edu.pl\/wydzial\/wh\/wp-json\/wp\/v2\/users\/1"}],"replies":[{"embeddable":true,"href":"https:\/\/us.edu.pl\/wydzial\/wh\/wp-json\/wp\/v2\/comments?post=4150"}],"version-history":[{"count":5,"href":"https:\/\/us.edu.pl\/wydzial\/wh\/wp-json\/wp\/v2\/pages\/4150\/revisions"}],"predecessor-version":[{"id":8808,"href":"https:\/\/us.edu.pl\/wydzial\/wh\/wp-json\/wp\/v2\/pages\/4150\/revisions\/8808"}],"up":[{"embeddable":true,"href":"https:\/\/us.edu.pl\/wydzial\/wh\/wp-json\/wp\/v2\/pages\/997"}],"wp:attachment":[{"href":"https:\/\/us.edu.pl\/wydzial\/wh\/wp-json\/wp\/v2\/media?parent=4150"}],"curies":[{"name":"wp","href":"https:\/\/api.w.org\/{rel}","templated":true}]}}