{"id":4156,"date":"2020-09-30T14:56:03","date_gmt":"2020-09-30T12:56:03","guid":{"rendered":"https:\/\/us.edu.pl\/wydzial\/wh\/?page_id=4156"},"modified":"2021-01-14T16:51:23","modified_gmt":"2021-01-14T15:51:23","slug":"studia-stacjonarne-i-stopnia-iii-rok","status":"publish","type":"page","link":"https:\/\/us.edu.pl\/wydzial\/wh\/kierunki-studiow\/studia-stacjonarne-i-stopnia-iii-rok\/","title":{"rendered":"Studia stacjonarne I stopnia \u2013 III ROK"},"content":{"rendered":"<p>[vc_row][vc_column]\r\n                <div class=\"text-modules\">\r\n                    <div class=\"container\">\r\n                        \r\n                        <div class=\"text-modules__content\"><\/p>\n<h3><strong>HISTORIA I stopie\u0144 &#8211; 3 rok (5 semestr) STACJONARNE<\/strong><\/h3>\n<hr \/>\n<p><span style=\"font-size: 14pt;color: #ff0000\"><strong>Rejestracja od 02.10.2020r od godz. 11.00 do 11.10.2020r\u00a0 godz. 23.59<\/strong><\/span><\/p>\n<p>Logowanie si\u0119 do systemu USOS wed\u0142ug poni\u017cszego podzia\u0142u:<\/p>\n<ul>\n<li>Rejestracja na <strong>PRZEDMIOT OBOWI\u0104ZKOWY<\/strong> <strong>(dla wszystkich student\u00f3w)<\/strong><\/li>\n<\/ul>\n<p style=\"padding-left: 40px\"><strong>Kod rejestracji W1-HIS1-OB5-20\/21Z<\/strong><\/p>\n<ol>\n<li style=\"list-style-type: none\">\n<ol>\n<li>Historia Polski 1918-1945 <strong>05-HI-S1-020<\/strong><\/li>\n<li>Historia Polski 1918-1945 \u2013 przegl\u0105d \u017ar\u00f3de\u0142 <strong>05-HI-S1-032<\/strong><\/li>\n<li>Historia powszechna 1918-1945 <strong>05-HI-S1-021<\/strong><\/li>\n<li>Historia powszechna \u2013 przegl\u0105d \u017ar\u00f3de\u0142 i 1918-1945 <strong>05-HI-S1-033<\/strong><\/li>\n<\/ol>\n<\/li>\n<\/ol>\n<p style=\"padding-left: 40px\"><strong>S\u0105 dwie grupy \u0107wiczeniowe. Na ka\u017cdym przedmiocie\u00a0 prosz\u0119 logowa\u0107 si\u0119 do tej samej grupy \u0107wiczeniowej!<\/strong><\/p>\n<p style=\"padding-left: 40px\"><strong><span style=\"text-decoration: underline\">Grupa 1<\/span> Archiwalna + Administracyjna<\/strong><\/p>\n<p style=\"padding-left: 40px\"><strong><span style=\"text-decoration: underline\">Grupa 2<\/span> Nauczycielska<\/strong><\/p>\n<p><strong>\u00a0<\/strong><\/p>\n<ul>\n<li><strong>Potwierdzenie <\/strong>wybranego <strong>na 4 sem.<\/strong> &#8211; kontynuacja <strong>SEMINARIUM DYPLOMOWEGO <\/strong><\/li>\n<\/ul>\n<p style=\"padding-left: 40px\"><strong>Kod rejestracji W1-HIS1-SD5-20\/21Z<\/strong><\/p>\n<ol>\n<li style=\"list-style-type: none\">\n<ol>\n<li>Seminarium z historii staro\u017cytnej &#8211; dr hab. prof. U\u015a. Kluczek <strong>05-HI-S1-SEM001.2<\/strong><\/li>\n<li>Seminarium z historii \u015bredniowiecznej) &#8211; dr K. Niemczyk <strong>05-HI-S1-SEM002.2 <\/strong><\/li>\n<li>Seminarium z historii nowo\u017cytnej XV-XVII w &#8211; dr A. Barwicka-Makula <strong>05-HI-S1-SEM003.2<\/strong><\/li>\n<li>Seminarium z historii nowo\u017cytnej 1798-1918 &#8211; dr J. Szpak <strong>05-HI-S1-SEM004.2<\/strong><\/li>\n<li>Seminarium z historii najnowszej po 1945r &#8211; dr hab. prof. U\u015a Nowak <strong>05-HI-S1-SEM006.2<\/strong><\/li>\n<\/ol>\n<\/li>\n<\/ol>\n<p>&nbsp;<\/p>\n<ul>\n<li>Rejestracja na<strong> ZAJ\u0118CIA PROJEKTOWE cz. 3 (wyb\u00f3r jeden z trzech)<\/strong><\/li>\n<\/ul>\n<p style=\"padding-left: 40px\"><strong>Kod rejestracji W1-HIS1-ZP5-20\/21Z<\/strong><\/p>\n<ol>\n<li style=\"list-style-type: none\">\n<ol>\n<li><strong>Dr K. Wilczok<\/strong> Pierwsza &#8222;Solidarno\u015b\u0107&#8221; 1980-1981 &#8211; geneza, historia, konteksty <strong>05-HI-S1-ZP8<\/strong><\/li>\n<li><strong>Dr M. Wo\u017any<\/strong> G\u00f3rny \u015al\u0105sk wobec zagro\u017cenia husyckiego \u00a0<strong>05-HI-S1-ZP9<\/strong><\/li>\n<li><strong>Dr P. Duda<\/strong> Rzeczypospolita Obojga Narod\u00f3w a wojna trzydziestoletnia <strong>05-HI-S1-ZP10<\/strong><\/li>\n<\/ol>\n<\/li>\n<\/ol>\n<p><strong>\u00a0<\/strong><\/p>\n<ul>\n<li>Rejestracja na<strong> WYK\u0141AD MONOGRAFICZNY cz. 3 (wyb\u00f3r jeden z dw\u00f3ch)<\/strong><\/li>\n<\/ul>\n<p style=\"padding-left: 40px\"><strong>Kod rejestracji W1-HIS1-WM5-20\/21Z<\/strong><\/p>\n<ol>\n<li style=\"list-style-type: none\">\n<ol>\n<li><strong>Dr hab. prof. U\u015a. D. Malczewska-Pawelec<\/strong> \u017bycie codzienne w XIX wieku <strong>05-HI-S1-MON8<\/strong><\/li>\n<li><strong>Dr hab.prof.U\u015a. K.Miroszewski<\/strong> Komuni\u015bci a ko\u015bci\u00f3\u0142 rzymskokatolicki w Polsce 1944-1989 <strong>05-HI-S1-MON9<\/strong><\/li>\n<\/ol>\n<\/li>\n<\/ol>\n<p>&nbsp;<\/p>\n<p><span style=\"font-size: 14pt\"><strong>Specjalno\u015b\u0107<\/strong> <strong>ADMINISTRACYJNO-SAMORZ\u0104DOWA \u00a0(5 semestr)<\/strong><\/span><\/p>\n<ul>\n<li>Rejestracja na <strong>PRZEDMIOT OBOWI\u0104ZKOWY<\/strong> <strong>(tylko dla student\u00f3w\u00a0 tej specjalno\u015bci)<\/strong><\/li>\n<\/ul>\n<p style=\"padding-left: 40px\"><strong>Kod rejestracji W1-HIS1-ASOB5-20\/21Z<\/strong><\/p>\n<ol>\n<li style=\"list-style-type: none\">\n<ol>\n<li>Historia spo\u0142ecze\u0144stwa (XIXw.) <strong>05-HI-AS-S1-023<\/strong><\/li>\n<li>Dzia\u0142alno\u015b\u0107 urz\u0119d\u00f3w pa\u0144stwowych i samorz\u0105dowych <strong>05-HI-AS-S1-020<\/strong><\/li>\n<\/ol>\n<\/li>\n<\/ol>\n<p>&nbsp;<\/p>\n<p><span style=\"font-size: 14pt\"><strong>Specjalno\u015b\u0107<\/strong> <strong>ARCHIWALNA I ZARZ\u0104DZANIE DOKUMENTACJ\u0104\u00a0 (5 semestr)<\/strong><\/span><\/p>\n<ul>\n<li>Rejestracja na <strong>PRZEDMIOT OBOWI\u0104ZKOWY<\/strong> <strong>(tylko dla student\u00f3w\u00a0 tej specjalno\u015bci)<\/strong><\/li>\n<\/ul>\n<p style=\"padding-left: 40px\"><strong>Kod rejestracji W1-HIS1-ADOB5-20\/21Z<\/strong><\/p>\n<ol>\n<li style=\"list-style-type: none\">\n<ol>\n<li>Archiwoznawstwo <strong>05-HI-AD-S1-006<\/strong><\/li>\n<li>Neografia niemiecka <strong>05-HI-AD-S1-010<\/strong><\/li>\n<\/ol>\n<\/li>\n<\/ol>\n<p>&nbsp;<\/p>\n<p><span style=\"font-size: 14pt\"><strong>Specjalno\u015b\u0107<\/strong> <strong>NAUCZYCIELSKA\u00a0 (5 semestr)<\/strong><\/span><\/p>\n<ul>\n<li>Rejestracja na <strong>PRZEDMIOT OBOWI\u0104ZKOWY<\/strong> <strong>(tylko dla student\u00f3w\u00a0 tej specjalno\u015bci)<\/strong><\/li>\n<\/ul>\n<p style=\"padding-left: 40px\"><strong>Kod rejestracji W1-HIS1-NOB5-20\/21Z<\/strong><\/p>\n<ol>\n<li style=\"list-style-type: none\">\n<ol>\n<li>Dydaktyka Historii w szkole podstawowej 2 <strong>05-HI-N-S1-020<\/strong><\/li>\n<li>Emisja g\u0142osu <strong>05-HI-N-S1-010<\/strong><\/li>\n<li>Praktyka historii w szkole podstawowej <strong>05-HI-N-S1-021<\/strong><\/li>\n<\/ol>\n<\/li>\n<\/ol>\n<p>\n<\/div>\r\n                    <\/div>\r\n                <\/div>[\/vc_column][\/vc_row]<\/p>","protected":false},"excerpt":{"rendered":"<p>[vc_row][vc_column][\/vc_column][\/vc_row] [&#8230;]<\/p>\n<p><a class=\"btn btn-secondary understrap-read-more-link\" href=\"https:\/\/us.edu.pl\/wydzial\/wh\/kierunki-studiow\/studia-stacjonarne-i-stopnia-iii-rok\/\">Read More&#8230;<\/a><\/p>\n","protected":false},"author":1,"featured_media":0,"parent":997,"menu_order":0,"comment_status":"closed","ping_status":"closed","template":"","meta":{"_expiration-date-status":"saved","_expiration-date":0,"_expiration-date-type":"","_expiration-date-categories":[],"_expiration-date-options":[]},"acf":[],"_links":{"self":[{"href":"https:\/\/us.edu.pl\/wydzial\/wh\/wp-json\/wp\/v2\/pages\/4156"}],"collection":[{"href":"https:\/\/us.edu.pl\/wydzial\/wh\/wp-json\/wp\/v2\/pages"}],"about":[{"href":"https:\/\/us.edu.pl\/wydzial\/wh\/wp-json\/wp\/v2\/types\/page"}],"author":[{"embeddable":true,"href":"https:\/\/us.edu.pl\/wydzial\/wh\/wp-json\/wp\/v2\/users\/1"}],"replies":[{"embeddable":true,"href":"https:\/\/us.edu.pl\/wydzial\/wh\/wp-json\/wp\/v2\/comments?post=4156"}],"version-history":[{"count":6,"href":"https:\/\/us.edu.pl\/wydzial\/wh\/wp-json\/wp\/v2\/pages\/4156\/revisions"}],"predecessor-version":[{"id":8809,"href":"https:\/\/us.edu.pl\/wydzial\/wh\/wp-json\/wp\/v2\/pages\/4156\/revisions\/8809"}],"up":[{"embeddable":true,"href":"https:\/\/us.edu.pl\/wydzial\/wh\/wp-json\/wp\/v2\/pages\/997"}],"wp:attachment":[{"href":"https:\/\/us.edu.pl\/wydzial\/wh\/wp-json\/wp\/v2\/media?parent=4156"}],"curies":[{"name":"wp","href":"https:\/\/api.w.org\/{rel}","templated":true}]}}