{"id":4163,"date":"2020-09-30T15:09:30","date_gmt":"2020-09-30T13:09:30","guid":{"rendered":"https:\/\/us.edu.pl\/wydzial\/wh\/?page_id=4163"},"modified":"2021-01-14T16:53:18","modified_gmt":"2021-01-14T15:53:18","slug":"studia-stacjonarne-ii-stopnia-ii-rok","status":"publish","type":"page","link":"https:\/\/us.edu.pl\/wydzial\/wh\/kierunki-studiow\/studia-stacjonarne-ii-stopnia-ii-rok\/","title":{"rendered":"Studia stacjonarne II stopnia \u2013 II ROK"},"content":{"rendered":"<p>[vc_row][vc_column]\r\n                <div class=\"text-modules\">\r\n                    <div class=\"container\">\r\n                        \r\n                        <div class=\"text-modules__content\"><\/p>\n<h3><strong>HISTORIA II stopie\u0144 &#8211; 2 rok (3 semestr) STACJONARNE<\/strong><\/h3>\n<hr \/>\n<p><span style=\"font-size: 14pt;color: #ff0000\"><strong>Rejestracja od 02.10.2020r od godz. 11.00 do 11.10.2020r\u00a0 godz. 23.59<\/strong><\/span><\/p>\n<p>Logowanie si\u0119 do systemu USOS wed\u0142ug poni\u017cszego podzia\u0142u:<\/p>\n<ul>\n<li>Rejestracja na <strong>PRZEDMIOT OBOWI\u0104ZKOWY<\/strong> <strong>(dla wszystkich student\u00f3w)<\/strong><\/li>\n<\/ul>\n<p style=\"padding-left: 40px\"><strong>Kod rejestracji W1-HIS2-OB3-20\/21Z<\/strong><\/p>\n<ol>\n<li style=\"list-style-type: none\">\n<ol>\n<li>Historia pa\u0144stwa i prawa (XIX wiek) <strong>W1-HI-S2-HPP<\/strong><\/li>\n<li>Historia pogranicza (wybrane zagadnienia) <strong>W1-HI-S2-HPWZ<\/strong><\/li>\n<li>Historia \u015al\u0105ska <strong>W1-HI-S2-HSL<\/strong><\/li>\n<li>Geografia polityczna <strong>W1-HI-S2-GP<\/strong><\/li>\n<\/ol>\n<\/li>\n<\/ol>\n<p>&nbsp;<\/p>\n<ul>\n<li>Zapisanie na<strong> WARSZTAT NAUKOWY HISTORYKA CZ. 2 KONTYNUACJA !!!!<\/strong><\/li>\n<\/ul>\n<p style=\"padding-left: 40px\"><strong>Kod rejestracji W1-HIS2-WN3-20\/21Z<\/strong><\/p>\n<ol>\n<li style=\"list-style-type: none\">\n<ol>\n<li><strong>WNH Staro\u017cytno\u015b\u0107<\/strong> dr A. Bartnik <strong>W1-HI-S2-WNH-001.2<\/strong><\/li>\n<li><strong>WNH \u015aredniowiecze<\/strong> dr hab. prof. U\u015a. Czwojdrak <strong>W1-HI-S2-WNH-002.2<\/strong><\/li>\n<li><strong>WNH Mi\u0119dzywojnie<\/strong> dr hab. Prof. U\u015a. J. Januszewska-Jurkiewicz<strong> W1-HI-S2-WNH-006.2<\/strong><\/li>\n<\/ol>\n<\/li>\n<\/ol>\n<p>&nbsp;<\/p>\n<ul>\n<li>Rejestracja na<strong> ZAJ\u0118CIA PROJEKTOWE (wyb\u00f3r jeden z dw\u00f3ch)<\/strong><\/li>\n<\/ul>\n<p style=\"padding-left: 40px\"><strong>Kod rejestracji W1-HIS2-ZP3-20\/21Z<\/strong><\/p>\n<ol>\n<li style=\"list-style-type: none\">\n<ol>\n<li><strong>Piecz\u0119cie w \u015bredniowieczu i czasach nowo\u017cytnych. Problemy badawcze i edytorskie<\/strong> Dr Ka\u0142uski\u00a0\u00a0\u00a0 <strong>W1-HI-S2-ZP1<\/strong><\/li>\n<li><strong>Rekonstrukcje historyczne jako narz\u0119dzie public history. <\/strong>Dr J.Mercik \u00a0<strong>W1-HI-S2-ZP2<\/strong><\/li>\n<\/ol>\n<\/li>\n<\/ol>\n<p>&nbsp;<\/p>\n<ul>\n<li><strong>Potwierdzenie <\/strong>wybranego <strong>na 1 sem.<\/strong> &#8211; kontynuacja <strong>SEMINARIUM MAGISTERSKIEGO <\/strong><\/li>\n<\/ul>\n<p style=\"padding-left: 40px\"><strong>Kod rejestracji W1-HIS2-SM3-20\/21Z<\/strong><\/p>\n<ol>\n<li style=\"list-style-type: none\">\n<ol>\n<li>Seminarium z historii \u015bredniowiecznej \u2013 dr hab. prof. U\u015a. B. Czwojdrak <strong>W1-HI-S2-SEM002.3<\/strong><\/li>\n<li>Seminarium z historii nowo\u017cytnej XVI-XVIIIw. Dr hab. A. Skrzypietz <strong>W1-HI-S2-SEM003.3<\/strong><\/li>\n<li>Seminarium z historii dydaktyki \u2013dr hab. Prof. U\u015a. M. Fic <strong>W1-HI-S2-SEM008.3<\/strong><\/li>\n<li>Seminarium z historii 1918-1945 \u2013 dr hab. prof. U\u015a\u00a0 Hojka <strong>W1-HI-S2-SEM005.3<\/strong><\/li>\n<li>Seminarium z historii nowo\u017cytnej XIX w. \u2013 dr hab. D. Nawrot <strong>W1-HI-S2-SEM004.3<\/strong><\/li>\n<li>Seminarium staro\u017cytno\u015b\u0107 dr hab. prof. U\u015a.P. Boro\u0144 ) <strong>W1-HI-S2-SEM001.3<\/strong><\/li>\n<\/ol>\n<\/li>\n<\/ol>\n<p>&nbsp;<\/p>\n<ul>\n<li>Rejestracja na<strong> WYK\u0141AD MONOGRAFICZNY (wyb\u00f3r jeden z dw\u00f3ch)<\/strong><\/li>\n<\/ul>\n<p style=\"padding-left: 40px\"><strong>Kod rejestracji W1-HIS2-WM3-20\/21Z<\/strong><\/p>\n<ol>\n<li style=\"list-style-type: none\">\n<ol>\n<li><strong>Paulini polscy w roku 1864<\/strong> \u00a0Dr Jacek Szpak <strong>W1-HI-S2-MON1<\/strong><\/li>\n<li><strong>Polityczne aspekty wojny polsko-bolszewickiej 1919-1921. Czy J\u00f3zef Pi\u0142sudski uratowa\u0142 \u201eczerwon\u0105\u201d Rosj\u0119?<\/strong> \u00a0dr hab. prof. U\u015a Januszewska-Jurkiewicz\u00a0\u00a0 <strong>W1-HI-S2-MON2<\/strong><\/li>\n<\/ol>\n<\/li>\n<\/ol>\n<p>&nbsp;<\/p>\n<p><span style=\"font-size: 14pt\"><strong>Specjalno\u015b\u0107<\/strong> <strong>ARCHIWALNA I ZARZ\u0104DZANIE DOKUMENTACJ\u0104 (3 semestr)<\/strong><\/span><\/p>\n<ul>\n<li>Rejestracja na <strong>PRZEDMIOT OBOWI\u0104ZKOWY<\/strong> <strong>(tylko dla student\u00f3w\u00a0 tej specjalno\u015bci)<\/strong><\/li>\n<\/ul>\n<p style=\"padding-left: 40px\"><strong>Kod rejestracji W1-HIS2-ADOB3-20\/21Z<\/strong><\/p>\n<ol>\n<li style=\"list-style-type: none\">\n<ol>\n<li>Urz\u0119dy, kancelarie i archiwa w Europie XXw. <strong>W1-HI-AD-S2-UKA<\/strong><\/li>\n<li>Archiwistyka \u2013 wybrane zagadnienia <strong>W1-HI-AD-S2-AR<\/strong><\/li>\n<\/ol>\n<\/li>\n<\/ol>\n<p>&nbsp;<\/p>\n<p><strong>Specjalno\u015b\u0107<\/strong> <strong>NAUCZYCIELSKA (3 semestr)<\/strong><\/p>\n<ul>\n<li>Rejestracja na <strong>PRZEDMIOT OBOWI\u0104ZKOWY<\/strong> <strong>(tylko dla student\u00f3w\u00a0 tej specjalno\u015bci)<\/strong><\/li>\n<\/ul>\n<p style=\"padding-left: 40px\"><strong>Kod rejestracji W1-HIS2-NOB3-20\/21Z<\/strong><\/p>\n<ol>\n<li style=\"list-style-type: none\">\n<ol>\n<li>Dydaktyka historii w szkole ponadpodstawowej 2 <strong>W1-HI-N-S2-DHSP<\/strong><\/li>\n<li>WOS \u2013 przygotowanie w zakresie merytorycznym 3 <strong>W1-HI-N-S2-WOS<\/strong><\/li>\n<li>TI w procesie kszta\u0142cenia historycznego i obywatelskiego <strong>W1-HI-N-S2-TI<\/strong><\/li>\n<li>Praktyka zawodowa WOS w szkole podstawowej <strong>W1-HI-N-S2-PZWOS<\/strong><\/li>\n<\/ol>\n<\/li>\n<\/ol>\n<p>\n<\/div>\r\n                    <\/div>\r\n                <\/div>[\/vc_column][\/vc_row]<\/p>","protected":false},"excerpt":{"rendered":"<p>[vc_row][vc_column][\/vc_column][\/vc_row] [&#8230;]<\/p>\n<p><a class=\"btn btn-secondary understrap-read-more-link\" href=\"https:\/\/us.edu.pl\/wydzial\/wh\/kierunki-studiow\/studia-stacjonarne-ii-stopnia-ii-rok\/\">Read More&#8230;<\/a><\/p>\n","protected":false},"author":1,"featured_media":0,"parent":997,"menu_order":0,"comment_status":"closed","ping_status":"closed","template":"","meta":{"_expiration-date-status":"saved","_expiration-date":0,"_expiration-date-type":"","_expiration-date-categories":[],"_expiration-date-options":[]},"acf":[],"_links":{"self":[{"href":"https:\/\/us.edu.pl\/wydzial\/wh\/wp-json\/wp\/v2\/pages\/4163"}],"collection":[{"href":"https:\/\/us.edu.pl\/wydzial\/wh\/wp-json\/wp\/v2\/pages"}],"about":[{"href":"https:\/\/us.edu.pl\/wydzial\/wh\/wp-json\/wp\/v2\/types\/page"}],"author":[{"embeddable":true,"href":"https:\/\/us.edu.pl\/wydzial\/wh\/wp-json\/wp\/v2\/users\/1"}],"replies":[{"embeddable":true,"href":"https:\/\/us.edu.pl\/wydzial\/wh\/wp-json\/wp\/v2\/comments?post=4163"}],"version-history":[{"count":3,"href":"https:\/\/us.edu.pl\/wydzial\/wh\/wp-json\/wp\/v2\/pages\/4163\/revisions"}],"predecessor-version":[{"id":8811,"href":"https:\/\/us.edu.pl\/wydzial\/wh\/wp-json\/wp\/v2\/pages\/4163\/revisions\/8811"}],"up":[{"embeddable":true,"href":"https:\/\/us.edu.pl\/wydzial\/wh\/wp-json\/wp\/v2\/pages\/997"}],"wp:attachment":[{"href":"https:\/\/us.edu.pl\/wydzial\/wh\/wp-json\/wp\/v2\/media?parent=4163"}],"curies":[{"name":"wp","href":"https:\/\/api.w.org\/{rel}","templated":true}]}}