{"id":4170,"date":"2020-09-30T15:30:42","date_gmt":"2020-09-30T13:30:42","guid":{"rendered":"https:\/\/us.edu.pl\/wydzial\/wh\/?page_id=4170"},"modified":"2021-01-13T17:01:31","modified_gmt":"2021-01-13T16:01:31","slug":"studia-i-stopnia-ii-rok","status":"publish","type":"page","link":"https:\/\/us.edu.pl\/wydzial\/wh\/kierunki-studiow\/studia-i-stopnia-ii-rok\/","title":{"rendered":"Studia I stopnia \u2013 II ROK"},"content":{"rendered":"<p>[vc_row][vc_column]\r\n                <div class=\"text-modules\">\r\n                    <div class=\"container\">\r\n                        \r\n                        <div class=\"text-modules__content\"><\/p>\n<h3><strong>TURYSTYKA HISTORYCZNA I stopie\u0144 &#8211; 2 rok (3 semestr) STACJONARNE<\/strong><\/h3>\n<hr \/>\n<p><span style=\"font-size: 14pt;color: #ff0000\"><strong>Rejestracja od 02.10.2020r od godz. 11.00 do 11.10.2020r\u00a0 godz. 23.59<\/strong><\/span><\/p>\n<p>Logowanie si\u0119 do systemu USOS wed\u0142ug poni\u017cszego podzia\u0142u:<\/p>\n<ul>\n<li>Rejestracja na <strong>PRZEDMIOT OBOWI\u0104ZKOWY<\/strong> <strong>(dla wszystkich student\u00f3w)<\/strong><\/li>\n<\/ul>\n<p style=\"padding-left: 40px\"><strong>Kod rejestracji W1-THS1-OB3-20\/21Z<\/strong><\/p>\n<ol>\n<li style=\"list-style-type: none\">\n<ol>\n<li>Cywilizacja powszechna XX w <strong>W1-TH-S1-CPXX<\/strong><\/li>\n<li>Cywilizacja ziem polskich XX w <strong>W1-TH-S1-CZPXX<\/strong><\/li>\n<li>Dzieje podr\u00f3\u017cowania i turystyki <strong>W1-TH-S1-DPT<\/strong><\/li>\n<li>Wybrane zagadnienia z historii sztuki <strong>W1-TH-S1-WZHS<\/strong><\/li>\n<li>Praktyka zawodowa <strong>W1-TH-S1-PZ<\/strong><\/li>\n<\/ol>\n<\/li>\n<\/ol>\n<p>&nbsp;<\/p>\n<ul>\n<li>Rejestracja na<strong> ZARYS DZIEJ\u00d3W (WYBRANE REGIONY) <\/strong><\/li>\n<\/ul>\n<p style=\"padding-left: 40px\"><strong>Kod rejestracji W1-THS1-ZD3-20\/21Z<\/strong><\/p>\n<p style=\"padding-left: 40px\"><strong>Kod przedmiotu W1-TH-S1-ZD1<\/strong><\/p>\n<p>&nbsp;<\/p>\n<ul>\n<li>Rejestracja na<strong> PRACOWNIA DYPLOMOWA\u00a0\u00a0 <\/strong><\/li>\n<\/ul>\n<p style=\"padding-left: 40px\"><strong>Kod rejestracji W1-THS1-PD3-20\/21Z<\/strong><\/p>\n<ol>\n<li style=\"list-style-type: none\">\n<ol>\n<li>dypl. Zak\u0142ad Historii \u015aredniowiecznej \u2013 dr M. Wo\u017any <strong>W1-TH-S1-PD1<\/strong><\/li>\n<li>dypl. Zak\u0142ad Historii nowo\u017cytnej XIXw. \u2013 dr D. Rychel-Mantur <strong>W1-TH-S1-PD2<\/strong><\/li>\n<\/ol>\n<\/li>\n<\/ol>\n<p>&nbsp;<\/p>\n<ul>\n<li>Rejestracja na<strong> ZAJ\u0118CIA PROJEKTOWE\u00a0\u00a0 <\/strong><\/li>\n<\/ul>\n<p style=\"padding-left: 40px\"><strong>Kod rejestracji W1-THS1-ZP3-20\/21Z<\/strong><\/p>\n<ol>\n<li style=\"list-style-type: none\">\n<ol>\n<li>Wykorzystanie medi\u00f3w elektronicznych w turystyce historycznej<strong> dr J. Mercik<\/strong> <strong>W1-TH-S1-ZP1<\/strong><\/li>\n<li>Galicja w XIX wieku. Miejsca, ludzie, obyczaje<strong> dr D. Rychel-Mantur<\/strong>\u00a0 <strong>W1-TH-S1-ZP2<\/strong><\/li>\n<\/ol>\n<\/li>\n<\/ol>\n<p>&nbsp;<\/p>\n<ul>\n<li>Rejestracja na<strong> WYK\u0141AD MONOGRAFICZNY\u00a0\u00a0 <\/strong><\/li>\n<\/ul>\n<p style=\"padding-left: 40px\"><strong>Kod rejestracji W1-THS1-WM3-20\/21Z<\/strong><\/p>\n<ol>\n<li style=\"list-style-type: none\">\n<ol>\n<li>Dzieje rodu Sobieskich &#8211; prawda i legenda<strong> dr hab. A. Skrzypietz<\/strong>\u00a0 <strong>W1-TH-S1-WM1<\/strong><\/li>\n<li>Wybrane ruchy separatystyczne i irredentystyczne w Europie i na \u015bwiecie <strong>dr hab. Prof. U\u015a. J. Tomasiewicz\u00a0 \u00a0W1-TH-S1-WM2<\/strong><\/li>\n<\/ol>\n<\/li>\n<\/ol>\n<p>\n<\/div>\r\n                    <\/div>\r\n                <\/div>[\/vc_column][\/vc_row]<\/p>","protected":false},"excerpt":{"rendered":"<p>[vc_row][vc_column][\/vc_column][\/vc_row] [&#8230;]<\/p>\n<p><a class=\"btn btn-secondary understrap-read-more-link\" href=\"https:\/\/us.edu.pl\/wydzial\/wh\/kierunki-studiow\/studia-i-stopnia-ii-rok\/\">Read More&#8230;<\/a><\/p>\n","protected":false},"author":1,"featured_media":0,"parent":997,"menu_order":0,"comment_status":"closed","ping_status":"closed","template":"","meta":{"_expiration-date-status":"saved","_expiration-date":0,"_expiration-date-type":"","_expiration-date-categories":[],"_expiration-date-options":[]},"acf":[],"_links":{"self":[{"href":"https:\/\/us.edu.pl\/wydzial\/wh\/wp-json\/wp\/v2\/pages\/4170"}],"collection":[{"href":"https:\/\/us.edu.pl\/wydzial\/wh\/wp-json\/wp\/v2\/pages"}],"about":[{"href":"https:\/\/us.edu.pl\/wydzial\/wh\/wp-json\/wp\/v2\/types\/page"}],"author":[{"embeddable":true,"href":"https:\/\/us.edu.pl\/wydzial\/wh\/wp-json\/wp\/v2\/users\/1"}],"replies":[{"embeddable":true,"href":"https:\/\/us.edu.pl\/wydzial\/wh\/wp-json\/wp\/v2\/comments?post=4170"}],"version-history":[{"count":3,"href":"https:\/\/us.edu.pl\/wydzial\/wh\/wp-json\/wp\/v2\/pages\/4170\/revisions"}],"predecessor-version":[{"id":8398,"href":"https:\/\/us.edu.pl\/wydzial\/wh\/wp-json\/wp\/v2\/pages\/4170\/revisions\/8398"}],"up":[{"embeddable":true,"href":"https:\/\/us.edu.pl\/wydzial\/wh\/wp-json\/wp\/v2\/pages\/997"}],"wp:attachment":[{"href":"https:\/\/us.edu.pl\/wydzial\/wh\/wp-json\/wp\/v2\/media?parent=4170"}],"curies":[{"name":"wp","href":"https:\/\/api.w.org\/{rel}","templated":true}]}}