{"id":4173,"date":"2020-09-30T15:38:27","date_gmt":"2020-09-30T13:38:27","guid":{"rendered":"https:\/\/us.edu.pl\/wydzial\/wh\/?page_id=4173"},"modified":"2021-01-13T17:03:06","modified_gmt":"2021-01-13T16:03:06","slug":"studia-i-stopnia-iii-rok","status":"publish","type":"page","link":"https:\/\/us.edu.pl\/wydzial\/wh\/kierunki-studiow\/studia-i-stopnia-iii-rok\/","title":{"rendered":"Studia I stopnia \u2013 III ROK"},"content":{"rendered":"<p>[vc_row][vc_column]\r\n                <div class=\"text-modules\">\r\n                    <div class=\"container\">\r\n                        \r\n                        <div class=\"text-modules__content\"><\/p>\n<h3><strong>TURYSTYKA HISTORYCZNA I stopie\u0144 &#8211; 3 rok (5 semestr) STACJONARNE<\/strong><\/h3>\n<hr \/>\n<p><span style=\"font-size: 14pt;color: #ff0000\"><strong>Rejestracja od 02.10.2020r od godz. 11.00 do 11.10.2020r\u00a0 godz. 23.59<\/strong><\/span><\/p>\n<p>Logowanie si\u0119 do systemu USOS wed\u0142ug poni\u017cszego podzia\u0142u:<\/p>\n<ul>\n<li>Rejestracja na <strong>PRZEDMIOT OBOWI\u0104ZKOWY<\/strong> <strong>(dla wszystkich student\u00f3w)<\/strong><\/li>\n<\/ul>\n<p style=\"padding-left: 40px\"><strong>Kod rejestracji W1-THS1-OB5-20\/21Z<\/strong><\/p>\n<ol>\n<li style=\"list-style-type: none\">\n<ol>\n<li>Geografia turystyczna Polski <strong>05-TH-S1-0042<\/strong><\/li>\n<li>Geografia turystyczna \u015awiata <strong>05-TH-S1-0043<\/strong><\/li>\n<li>Psychologiczne podstawy pracy pilota i przewodnika <strong>05-TH-S1-0044<\/strong><\/li>\n<li>Bezpiecze\u0144stwo, profilaktyka i ochrona zdrowia w turystyce <strong>05-TH-S1-0045<\/strong><\/li>\n<\/ol>\n<\/li>\n<\/ol>\n<p>&nbsp;<\/p>\n<ul>\n<li>Rejestracja na<strong> WYBRANE ZAGADNIENIA TURYSTYKI INDUSTRIALNEJ <\/strong><strong>(wybrany region) <\/strong><\/li>\n<\/ul>\n<p style=\"padding-left: 40px\"><strong>Kod rejestracji W1-THS1-TIN5-20\/21Z<\/strong><\/p>\n<p style=\"padding-left: 40px\"><strong>Kod przedmiotu\u00a0 05-TH-S1-TIN004<\/strong><\/p>\n<p>&nbsp;<\/p>\n<ul>\n<li>Rejestracja na<strong> PROJEKTOWANIE TRAS I IMPREZ TURYSTYKI HISTORYCZNEJ (wybrany region)\u00a0\u00a0 <\/strong><\/li>\n<\/ul>\n<p style=\"padding-left: 40px\"><strong>Kod rejestracji W1-THS1-PTI5-20\/21Z<\/strong><\/p>\n<p style=\"padding-left: 40px\"><strong>Kod przedmiotu\u00a0 05-TH-S1-PTI005<\/strong><\/p>\n<p>&nbsp;<\/p>\n<ul>\n<li>Rejestracja na<strong> WYK\u0141AD MONOGRAFICZNY<\/strong><\/li>\n<\/ul>\n<p style=\"padding-left: 40px\"><strong>Kod rejestracji W1-THS1-WM5-20\/21Z<\/strong><\/p>\n<ol>\n<li style=\"list-style-type: none\">\n<ol>\n<li><strong>G\u0142\u00f3wny szlak beskidzki na kresach wschodnich<\/strong> dr hab.Prof.U\u015a. K.Nowak <strong>05-TH-S1-MON50<\/strong><\/li>\n<li><strong>Atrakcje turystyczne W\u0142och<\/strong> dr hab. U\u015a. Z. Hojka <strong>05-TH-S1-MON51<\/strong><\/li>\n<\/ol>\n<\/li>\n<\/ol>\n<p>&nbsp;<\/p>\n<ul>\n<li><strong>Potwierdzenie <\/strong>wybranego <strong>na 4 sem.<\/strong> &#8211; kontynuacja) <strong>SEMINARIUM DYPLOMOWEGO <\/strong><\/li>\n<\/ul>\n<p style=\"padding-left: 40px\"><strong>Kod rejestracji W1-THS1-SM5-20\/21Z<\/strong><\/p>\n<ol>\n<li style=\"list-style-type: none\">\n<ol>\n<li><strong>Seminarium z historii staro\u017cytnej<\/strong> dr hab. Norbert Rogosz <strong>05-TH-S1-SEM001.2<\/strong><\/li>\n<li><strong>Seminarium z historii nowo\u017cytnej XIX w<\/strong>. \u2013 dr J. Szpak <strong>05-TH-S1-SEM004.2 <\/strong><\/li>\n<li><strong>z historii najnowszej 1918-1945.<\/strong> dr hab. Prof. U\u015a. J. Januszewska-Jurkiewicz <strong>05-TH-S1-SEM005.2 <\/strong><\/li>\n<\/ol>\n<\/li>\n<\/ol>\n<p>\n<\/div>\r\n                    <\/div>\r\n                <\/div>[\/vc_column][\/vc_row]<\/p>","protected":false},"excerpt":{"rendered":"<p>[vc_row][vc_column][\/vc_column][\/vc_row] [&#8230;]<\/p>\n<p><a class=\"btn btn-secondary understrap-read-more-link\" href=\"https:\/\/us.edu.pl\/wydzial\/wh\/kierunki-studiow\/studia-i-stopnia-iii-rok\/\">Read More&#8230;<\/a><\/p>\n","protected":false},"author":1,"featured_media":0,"parent":997,"menu_order":0,"comment_status":"closed","ping_status":"closed","template":"","meta":{"_expiration-date-status":"saved","_expiration-date":0,"_expiration-date-type":"","_expiration-date-categories":[],"_expiration-date-options":[]},"acf":[],"_links":{"self":[{"href":"https:\/\/us.edu.pl\/wydzial\/wh\/wp-json\/wp\/v2\/pages\/4173"}],"collection":[{"href":"https:\/\/us.edu.pl\/wydzial\/wh\/wp-json\/wp\/v2\/pages"}],"about":[{"href":"https:\/\/us.edu.pl\/wydzial\/wh\/wp-json\/wp\/v2\/types\/page"}],"author":[{"embeddable":true,"href":"https:\/\/us.edu.pl\/wydzial\/wh\/wp-json\/wp\/v2\/users\/1"}],"replies":[{"embeddable":true,"href":"https:\/\/us.edu.pl\/wydzial\/wh\/wp-json\/wp\/v2\/comments?post=4173"}],"version-history":[{"count":3,"href":"https:\/\/us.edu.pl\/wydzial\/wh\/wp-json\/wp\/v2\/pages\/4173\/revisions"}],"predecessor-version":[{"id":8399,"href":"https:\/\/us.edu.pl\/wydzial\/wh\/wp-json\/wp\/v2\/pages\/4173\/revisions\/8399"}],"up":[{"embeddable":true,"href":"https:\/\/us.edu.pl\/wydzial\/wh\/wp-json\/wp\/v2\/pages\/997"}],"wp:attachment":[{"href":"https:\/\/us.edu.pl\/wydzial\/wh\/wp-json\/wp\/v2\/media?parent=4173"}],"curies":[{"name":"wp","href":"https:\/\/api.w.org\/{rel}","templated":true}]}}