{"id":428,"date":"2019-10-03T12:41:33","date_gmt":"2019-10-03T10:41:33","guid":{"rendered":"https:\/\/us.edu.pl\/wydzial\/wh\/?page_id=428"},"modified":"2019-10-04T12:31:05","modified_gmt":"2019-10-04T10:31:05","slug":"prof-josif-aleksandrowicz-brodski","status":"publish","type":"page","link":"https:\/\/us.edu.pl\/wydzial\/wh\/strona-glowna\/wydzial-dawniej-i-dzis\/doktorzy-honoris-causa\/prof-josif-aleksandrowicz-brodski\/","title":{"rendered":"prof. Josif Aleksandrowicz Brodski"},"content":{"rendered":"<p>[vc_row el_class=&#8221;container&#8221;][vc_column el_class=&#8221;container&#8221;]\r\n                <div class=\"text-modules\">\r\n                    <div class=\"container\">\r\n                        <h3 class=\"page-title text__title\">prof. Josif Aleksandrowicz Brodski<\/h3>\r\n                        <div class=\"text-modules__content\"><p><b>Data promocji:<\/b>\u00a0<span class=\"date-display-single\">22. 06. 1993<\/span><\/p>\n<p><b>Data uchwa\u0142y Senatu U\u015a:<\/b>\u00a0<span class=\"date-display-single\">19. 04. 1993<\/span><\/p>\n<p><b>Jednostka sk\u0142adaj\u0105ca wniosek:<\/b>\u00a0Rada Wydzia\u0142u Filologicznego<\/p>\n<p>Poeta i\u00a0prozaik rosyjski (poezje:\u00a0<em>Cz\u0119\u015b\u0107 mowy<\/em>,\u00a0<em>Elegie rzymskie<\/em>,\u00a0<em>Koniec pewnej epoki<\/em>,\u00a0<em>Post\u00f3j na\u00a0pustyni<\/em>,\u00a0<em>Strofy weneckie<\/em>,\u00a0<em>Urania<\/em>; sztuki:\u00a0<em>Marmur i\u00a0Demokracja<\/em>; eseje:\u00a0<em>\u015apiew wahad\u0142a<\/em>,\u00a0<em>Mniej ni\u017c jeden<\/em>; cykl\u00a0<em>Dwadzie\u015bcia sonet\u00f3w do\u00a0Marii Stuart<\/em>). Laureat Nagrody Nobla (1987). Filozof s\u0142owa i\u00a0mowy, przyjaciel Polski i\u00a0Polak\u00f3w, obro\u0144ca wolno\u015bci jednostki i\u00a0jej etycznej wytrwa\u0142o\u015bci.<\/p>\n<\/div>\r\n                    <\/div>\r\n                <\/div>[\/vc_column][\/vc_row]<\/p>","protected":false},"excerpt":{"rendered":"<p>[vc_row el_class=&#8221;container&#8221;][vc_column el_class=&#8221;container&#8221;][\/vc_column][\/vc_row] [&#8230;]<\/p>\n<p><a class=\"btn btn-secondary understrap-read-more-link\" href=\"https:\/\/us.edu.pl\/wydzial\/wh\/strona-glowna\/wydzial-dawniej-i-dzis\/doktorzy-honoris-causa\/prof-josif-aleksandrowicz-brodski\/\">Read More&#8230;<\/a><\/p>\n","protected":false},"author":1,"featured_media":312,"parent":187,"menu_order":0,"comment_status":"closed","ping_status":"closed","template":"","meta":{"_expiration-date-status":"","_expiration-date":0,"_expiration-date-type":"","_expiration-date-categories":[],"_expiration-date-options":[]},"acf":[],"_links":{"self":[{"href":"https:\/\/us.edu.pl\/wydzial\/wh\/wp-json\/wp\/v2\/pages\/428"}],"collection":[{"href":"https:\/\/us.edu.pl\/wydzial\/wh\/wp-json\/wp\/v2\/pages"}],"about":[{"href":"https:\/\/us.edu.pl\/wydzial\/wh\/wp-json\/wp\/v2\/types\/page"}],"author":[{"embeddable":true,"href":"https:\/\/us.edu.pl\/wydzial\/wh\/wp-json\/wp\/v2\/users\/1"}],"replies":[{"embeddable":true,"href":"https:\/\/us.edu.pl\/wydzial\/wh\/wp-json\/wp\/v2\/comments?post=428"}],"version-history":[{"count":2,"href":"https:\/\/us.edu.pl\/wydzial\/wh\/wp-json\/wp\/v2\/pages\/428\/revisions"}],"predecessor-version":[{"id":746,"href":"https:\/\/us.edu.pl\/wydzial\/wh\/wp-json\/wp\/v2\/pages\/428\/revisions\/746"}],"up":[{"embeddable":true,"href":"https:\/\/us.edu.pl\/wydzial\/wh\/wp-json\/wp\/v2\/pages\/187"}],"wp:featuredmedia":[{"embeddable":true,"href":"https:\/\/us.edu.pl\/wydzial\/wh\/wp-json\/wp\/v2\/media\/312"}],"wp:attachment":[{"href":"https:\/\/us.edu.pl\/wydzial\/wh\/wp-json\/wp\/v2\/media?parent=428"}],"curies":[{"name":"wp","href":"https:\/\/api.w.org\/{rel}","templated":true}]}}