{"id":431,"date":"2019-10-03T12:43:40","date_gmt":"2019-10-03T10:43:40","guid":{"rendered":"https:\/\/us.edu.pl\/wydzial\/wh\/?page_id=431"},"modified":"2019-10-04T12:31:50","modified_gmt":"2019-10-04T10:31:50","slug":"prof-dr-hab-stanislaw-baranczak","status":"publish","type":"page","link":"https:\/\/us.edu.pl\/wydzial\/wh\/strona-glowna\/wydzial-dawniej-i-dzis\/doktorzy-honoris-causa\/prof-dr-hab-stanislaw-baranczak\/","title":{"rendered":"prof. dr hab. Stanis\u0142aw Bara\u0144czak"},"content":{"rendered":"<p>[vc_row el_class=&#8221;container&#8221;][vc_column el_class=&#8221;container&#8221;]\r\n                <div class=\"text-modules\">\r\n                    <div class=\"container\">\r\n                        <h3 class=\"page-title text__title\">prof. dr hab. Stanis\u0142aw Bara\u0144czak<\/h3>\r\n                        <div class=\"text-modules__content\"><p><b>Data promocji:<\/b>\u00a0<span class=\"date-display-single\">5. 06. 1995<\/span><\/p>\n<p><b>Data uchwa\u0142y Senatu U\u015a:<\/b>\u00a0<span class=\"date-display-single\">11. 04. 1995<\/span><\/p>\n<p><b>Jednostka sk\u0142adaj\u0105ca wniosek:<\/b>\u00a0Rada Wydzia\u0142u Filologicznego<\/p>\n<p>Poeta, t\u0142umacz, krytyk i\u00a0teoretyk literatury. Wsp\u00f3\u0142za\u0142o\u017cyciel Komitetu Obrony Robotnik\u00f3w, kierownik literacki Teatru \u00d3smego Dnia (1964\u20131969). Nauczyciel akademicki w\u00a0Uniwersytecie im.\u00a0Adama Mickiewicza w\u00a0Poznaniu, profesor Harvard University (od\u00a01981), wsp\u00f3\u0142redaktor \u201eZeszyt\u00f3w Literackich\u201d (od\u00a01983) naczelny redaktor \u201eThe Polish Review\u201d (Nowy Jork), autor m.in.\u00a0licznych tomik\u00f3w poetyckich i\u00a0translatorskich, antologii\u00a0<em>Poeta pami\u0119ta<\/em>,\u00a0<em>Mi\u0142o\u015b\u0107 jest wszystkim co istnieje.<\/em>\u00a0Doktor honoris causa w\u00a0Curry College w\u00a0Milton (stan Massachusetts, 1982).<\/p>\n<\/div>\r\n                    <\/div>\r\n                <\/div>[\/vc_column][\/vc_row]<\/p>","protected":false},"excerpt":{"rendered":"<p>[vc_row el_class=&#8221;container&#8221;][vc_column el_class=&#8221;container&#8221;][\/vc_column][\/vc_row] [&#8230;]<\/p>\n<p><a class=\"btn btn-secondary understrap-read-more-link\" href=\"https:\/\/us.edu.pl\/wydzial\/wh\/strona-glowna\/wydzial-dawniej-i-dzis\/doktorzy-honoris-causa\/prof-dr-hab-stanislaw-baranczak\/\">Read More&#8230;<\/a><\/p>\n","protected":false},"author":1,"featured_media":311,"parent":187,"menu_order":0,"comment_status":"closed","ping_status":"closed","template":"","meta":{"_expiration-date-status":"","_expiration-date":0,"_expiration-date-type":"","_expiration-date-categories":[],"_expiration-date-options":[]},"acf":[],"_links":{"self":[{"href":"https:\/\/us.edu.pl\/wydzial\/wh\/wp-json\/wp\/v2\/pages\/431"}],"collection":[{"href":"https:\/\/us.edu.pl\/wydzial\/wh\/wp-json\/wp\/v2\/pages"}],"about":[{"href":"https:\/\/us.edu.pl\/wydzial\/wh\/wp-json\/wp\/v2\/types\/page"}],"author":[{"embeddable":true,"href":"https:\/\/us.edu.pl\/wydzial\/wh\/wp-json\/wp\/v2\/users\/1"}],"replies":[{"embeddable":true,"href":"https:\/\/us.edu.pl\/wydzial\/wh\/wp-json\/wp\/v2\/comments?post=431"}],"version-history":[{"count":2,"href":"https:\/\/us.edu.pl\/wydzial\/wh\/wp-json\/wp\/v2\/pages\/431\/revisions"}],"predecessor-version":[{"id":747,"href":"https:\/\/us.edu.pl\/wydzial\/wh\/wp-json\/wp\/v2\/pages\/431\/revisions\/747"}],"up":[{"embeddable":true,"href":"https:\/\/us.edu.pl\/wydzial\/wh\/wp-json\/wp\/v2\/pages\/187"}],"wp:featuredmedia":[{"embeddable":true,"href":"https:\/\/us.edu.pl\/wydzial\/wh\/wp-json\/wp\/v2\/media\/311"}],"wp:attachment":[{"href":"https:\/\/us.edu.pl\/wydzial\/wh\/wp-json\/wp\/v2\/media?parent=431"}],"curies":[{"name":"wp","href":"https:\/\/api.w.org\/{rel}","templated":true}]}}