{"id":435,"date":"2019-10-03T12:45:27","date_gmt":"2019-10-03T10:45:27","guid":{"rendered":"https:\/\/us.edu.pl\/wydzial\/wh\/?page_id=435"},"modified":"2019-10-04T12:33:08","modified_gmt":"2019-10-04T10:33:08","slug":"prof-douve-wesselin-fokkema","status":"publish","type":"page","link":"https:\/\/us.edu.pl\/wydzial\/wh\/strona-glowna\/wydzial-dawniej-i-dzis\/doktorzy-honoris-causa\/prof-douve-wesselin-fokkema\/","title":{"rendered":"prof. Douve Wesselin Fokkema"},"content":{"rendered":"<p>[vc_row el_class=&#8221;container&#8221;][vc_column el_class=&#8221;container&#8221;]\r\n                <div class=\"text-modules\">\r\n                    <div class=\"container\">\r\n                        <h3 class=\"page-title text__title\">prof. Douve Wesselin Fokkema<\/h3>\r\n                        <div class=\"text-modules__content\"><p><b>Data promocji:<\/b>\u00a0<span class=\"date-display-single\">7. 12. 1995<\/span><\/p>\n<p><b>Data uchwa\u0142y Senatu U\u015a:<\/b>\u00a0<span class=\"date-display-single\">07. 12. 1995<\/span><\/p>\n<p><b>Jednostka sk\u0142adaj\u0105ca wniosek:<\/b>\u00a0Rada Wydzia\u0142u Filologicznego<\/p>\n<p>Profesor literatury por\u00f3wnawczej i\u00a0teorii literatury w\u00a0Uniwersytecie w\u00a0Utrechcie, badacz sinologii, niderlandystyki, amerykanistyki, epoki modernizmu i\u00a0postmodernizmu zachodnioeuropejskiego. Cz\u0142onek Akademii Europejskiej, prezydent Niderlandzkiego Stowarzyszenia Literatury Por\u00f3wnawczej (1981\u20131986), prezydent International Comparative Literature Association (ICLA, 1985\u20131988). Wsp\u00f3\u0142pracownik o\u015brodk\u00f3w naukowych w\u00a0Brazylii, Chinach, Indiach, dyplomata Ambasady Holenderskiej w\u00a0Pekinie (1961\u20131968). Wyk\u0142adowca na\u00a0wielu uniwersytetach, m.in.\u00a0w\u00a0Amsterdamie, Antwerpii, Barcelonie, Berlinie, Bratys\u0142awie, w\u00a0Finlandii (Helsinki, Tampere), Getyndze, Lizbonie, Monachium, Moskwie, Pary\u017cu, Skopje, Wenecji, w\u00a0Australii (Canberra), w\u00a0Argentynie i\u00a0Brazylii (Porto Alegre, Rio de Janeiro), w\u00a0Chinach (Pekin, Szanghaj, Zhongshan), Indiach (Bhubaneswar, Berhampur, Delhi, Jaipur, Kalkuta, Patiala), Indonezji (Jakarta), Japonii (Kyoto), Korei P\u0142d. i\u00a0na\u00a0Tajwanie (Taipei), w\u00a0RPA i\u00a0Syrii (Damaszek), w\u00a0Kanadzie (Toronto), w\u00a0USA (Berkley, Bloomington, Cambridge, Columbia, Princetown, Yale) oraz\u00a0w\u00a0Polsce.<\/p>\n<\/div>\r\n                    <\/div>\r\n                <\/div>[myprefix_functional_icons print_icon=&#8221;yes&#8221;][\/vc_column][\/vc_row]<\/p>","protected":false},"excerpt":{"rendered":"<p>[vc_row el_class=&#8221;container&#8221;][vc_column el_class=&#8221;container&#8221;][myprefix_functional_icons print_icon=&#8221;yes&#8221;][\/vc_column][\/vc_row] [&#8230;]<\/p>\n<p><a class=\"btn btn-secondary understrap-read-more-link\" href=\"https:\/\/us.edu.pl\/wydzial\/wh\/strona-glowna\/wydzial-dawniej-i-dzis\/doktorzy-honoris-causa\/prof-douve-wesselin-fokkema\/\">Read More&#8230;<\/a><\/p>\n","protected":false},"author":1,"featured_media":310,"parent":187,"menu_order":0,"comment_status":"closed","ping_status":"closed","template":"","meta":{"_expiration-date-status":"","_expiration-date":0,"_expiration-date-type":"","_expiration-date-categories":[],"_expiration-date-options":[]},"acf":[],"_links":{"self":[{"href":"https:\/\/us.edu.pl\/wydzial\/wh\/wp-json\/wp\/v2\/pages\/435"}],"collection":[{"href":"https:\/\/us.edu.pl\/wydzial\/wh\/wp-json\/wp\/v2\/pages"}],"about":[{"href":"https:\/\/us.edu.pl\/wydzial\/wh\/wp-json\/wp\/v2\/types\/page"}],"author":[{"embeddable":true,"href":"https:\/\/us.edu.pl\/wydzial\/wh\/wp-json\/wp\/v2\/users\/1"}],"replies":[{"embeddable":true,"href":"https:\/\/us.edu.pl\/wydzial\/wh\/wp-json\/wp\/v2\/comments?post=435"}],"version-history":[{"count":2,"href":"https:\/\/us.edu.pl\/wydzial\/wh\/wp-json\/wp\/v2\/pages\/435\/revisions"}],"predecessor-version":[{"id":748,"href":"https:\/\/us.edu.pl\/wydzial\/wh\/wp-json\/wp\/v2\/pages\/435\/revisions\/748"}],"up":[{"embeddable":true,"href":"https:\/\/us.edu.pl\/wydzial\/wh\/wp-json\/wp\/v2\/pages\/187"}],"wp:featuredmedia":[{"embeddable":true,"href":"https:\/\/us.edu.pl\/wydzial\/wh\/wp-json\/wp\/v2\/media\/310"}],"wp:attachment":[{"href":"https:\/\/us.edu.pl\/wydzial\/wh\/wp-json\/wp\/v2\/media?parent=435"}],"curies":[{"name":"wp","href":"https:\/\/api.w.org\/{rel}","templated":true}]}}