{"id":441,"date":"2019-10-03T12:46:45","date_gmt":"2019-10-03T10:46:45","guid":{"rendered":"https:\/\/us.edu.pl\/wydzial\/wh\/?page_id=441"},"modified":"2019-10-04T12:35:13","modified_gmt":"2019-10-04T10:35:13","slug":"prof-jacques-derrida","status":"publish","type":"page","link":"https:\/\/us.edu.pl\/wydzial\/wh\/strona-glowna\/wydzial-dawniej-i-dzis\/doktorzy-honoris-causa\/prof-jacques-derrida\/","title":{"rendered":"prof. Jacques Derrida"},"content":{"rendered":"<p>[vc_row el_class=&#8221;container&#8221;][vc_column el_class=&#8221;container&#8221;]\r\n                <div class=\"text-modules\">\r\n                    <div class=\"container\">\r\n                        <h3 class=\"page-title text__title\">prof. Jacques Derrida<\/h3>\r\n                        <div class=\"text-modules__content\"><p><b>Data promocji:<\/b>\u00a0<span class=\"date-display-single\">11. 12. 1997<\/span><\/p>\n<p><b>Data uchwa\u0142y Senatu U\u015a:<\/b>\u00a0<span class=\"date-display-single\">24. 06. 1997<\/span><\/p>\n<p><b>Jednostka sk\u0142adaj\u0105ca wniosek:<\/b>\u00a0Rada Wydzia\u0142u Filologicznego<\/p>\n<p>Filozof pisz\u0105cy o\u00a0literaturze. Tw\u00f3rca dekonstrukcjonizmu, autor rozpraw z\u00a0filozofii, literatury, antropologii, lingwistyki, psychoanalizy i\u00a0malarstwa. Asystent na\u00a0Sorbonie (1960\u20131964), profesor w\u00a0\u00c9cole Normale Sup\u00e9rieure (1965\u20131984), dyrektor \u00c9cole des Hautes \u00c9tudes en Sciences Sociales w\u00a0Pary\u017cu. Cz\u0142onek Groupe de Recherches sur l\u2019Enseignement Philosophique (od\u00a01975\u00a0r.),\u00a0wsp\u00f3\u0142tw\u00f3rca College Internationale de Philosophie i\u00a0Szko\u0142y Krytyk\u00f3w z\u00a0Yale. Prowadzi\u0142 wyk\u0142ady na\u00a0uniwersytetach ameryka\u0144skich, inspirator ruchu krytycznego w\u00a0studiach literaturoznawczych i\u00a0filozoficznych. Doktor honoris causa Uniwersytetu w\u00a0Cambridge i\u00a0innych.<\/p>\n<\/div>\r\n                    <\/div>\r\n                <\/div>[myprefix_functional_icons print_icon=&#8221;yes&#8221;][\/vc_column][\/vc_row]<\/p>","protected":false},"excerpt":{"rendered":"<p>[vc_row el_class=&#8221;container&#8221;][vc_column el_class=&#8221;container&#8221;][myprefix_functional_icons print_icon=&#8221;yes&#8221;][\/vc_column][\/vc_row] [&#8230;]<\/p>\n<p><a class=\"btn btn-secondary understrap-read-more-link\" href=\"https:\/\/us.edu.pl\/wydzial\/wh\/strona-glowna\/wydzial-dawniej-i-dzis\/doktorzy-honoris-causa\/prof-jacques-derrida\/\">Read More&#8230;<\/a><\/p>\n","protected":false},"author":1,"featured_media":309,"parent":187,"menu_order":0,"comment_status":"closed","ping_status":"closed","template":"","meta":{"_expiration-date-status":"","_expiration-date":0,"_expiration-date-type":"","_expiration-date-categories":[],"_expiration-date-options":[]},"acf":[],"_links":{"self":[{"href":"https:\/\/us.edu.pl\/wydzial\/wh\/wp-json\/wp\/v2\/pages\/441"}],"collection":[{"href":"https:\/\/us.edu.pl\/wydzial\/wh\/wp-json\/wp\/v2\/pages"}],"about":[{"href":"https:\/\/us.edu.pl\/wydzial\/wh\/wp-json\/wp\/v2\/types\/page"}],"author":[{"embeddable":true,"href":"https:\/\/us.edu.pl\/wydzial\/wh\/wp-json\/wp\/v2\/users\/1"}],"replies":[{"embeddable":true,"href":"https:\/\/us.edu.pl\/wydzial\/wh\/wp-json\/wp\/v2\/comments?post=441"}],"version-history":[{"count":3,"href":"https:\/\/us.edu.pl\/wydzial\/wh\/wp-json\/wp\/v2\/pages\/441\/revisions"}],"predecessor-version":[{"id":753,"href":"https:\/\/us.edu.pl\/wydzial\/wh\/wp-json\/wp\/v2\/pages\/441\/revisions\/753"}],"up":[{"embeddable":true,"href":"https:\/\/us.edu.pl\/wydzial\/wh\/wp-json\/wp\/v2\/pages\/187"}],"wp:featuredmedia":[{"embeddable":true,"href":"https:\/\/us.edu.pl\/wydzial\/wh\/wp-json\/wp\/v2\/media\/309"}],"wp:attachment":[{"href":"https:\/\/us.edu.pl\/wydzial\/wh\/wp-json\/wp\/v2\/media?parent=441"}],"curies":[{"name":"wp","href":"https:\/\/api.w.org\/{rel}","templated":true}]}}