{"id":447,"date":"2019-10-03T12:54:41","date_gmt":"2019-10-03T10:54:41","guid":{"rendered":"https:\/\/us.edu.pl\/wydzial\/wh\/?page_id=447"},"modified":"2019-10-04T12:36:05","modified_gmt":"2019-10-04T10:36:05","slug":"tadeusz-rozewicz","status":"publish","type":"page","link":"https:\/\/us.edu.pl\/wydzial\/wh\/strona-glowna\/wydzial-dawniej-i-dzis\/doktorzy-honoris-causa\/tadeusz-rozewicz\/","title":{"rendered":"Tadeusz R\u00f3\u017cewicz"},"content":{"rendered":"<p>[vc_row el_class=&#8221;container&#8221;][vc_column el_class=&#8221;container&#8221;]\r\n                <div class=\"text-modules\">\r\n                    <div class=\"container\">\r\n                        <h3 class=\"page-title text__title\">Tadeusz R\u00f3\u017cewicz<\/h3>\r\n                        <div class=\"text-modules__content\"><p><b>Data promocji:<\/b>\u00a0<span class=\"date-display-single\">22. 01. 1999<\/span><\/p>\n<p><b>Jednostka sk\u0142adaj\u0105ca wniosek:<\/b>\u00a0Rada Wydzia\u0142u Filologicznego<\/p>\n<p>Poeta, dramatopisarz, prozaik, eseista, ambasador polskiej literatury, kreator nowych form wypowiedzi artystycznej. Autor wierszy, poemat\u00f3w, dramat\u00f3w, szkic\u00f3w literackich, opowiada\u0144, monolog\u00f3w, scenariuszy filmowych, wspomnie\u0144, komentarzy i\u00a0didaskali\u00f3w. T\u0142umaczony na\u00a0ponad 20\u00a0j\u0119zyk\u00f3w. Odznaczony m.in.\u00a0Krzy\u017cem Armii Krajowej, Krzy\u017cem Wielkim Orderu Odrodzenia Polski. Cz\u0142onek m.in.\u00a0Die Bayerische der Sch\u00f6nen K\u00fcnste. Laureat m.in.\u00a0Nagrody Pa\u0144stwowej I\u00a0Stopnia, miesi\u0119cznika \u201eOdra\u201d, Nagrody Fundacji Jurzykowskich, Z\u0142otego Wawrzynu Poetyckiego w\u00a0Strudze, Austriackiej Nagrody Pa\u0144stwowej za\u00a0zas\u0142ugi dla literatury europejskiej, \u015al\u0105skiej Nagrody Kulturalnej Rz\u0105du Dolnej Saksonii, miast: Krakowa, Wroc\u0142awia, Getyngi, cz\u0142onek G\u00f3rno\u015bl\u0105skiego Towarzystwa Literackiego, Honorowy Obywatel Miasta Gliwice, kandydat do\u00a0nagrody Nobla. Doktor honoris causa Uniwersytetu Wroc\u0142awskiego i\u00a0Opolskiego.<\/p>\n<\/div>\r\n                    <\/div>\r\n                <\/div>[myprefix_functional_icons print_icon=&#8221;yes&#8221;][\/vc_column][\/vc_row]<\/p>","protected":false},"excerpt":{"rendered":"<p>[vc_row el_class=&#8221;container&#8221;][vc_column el_class=&#8221;container&#8221;][myprefix_functional_icons print_icon=&#8221;yes&#8221;][\/vc_column][\/vc_row] [&#8230;]<\/p>\n<p><a class=\"btn btn-secondary understrap-read-more-link\" href=\"https:\/\/us.edu.pl\/wydzial\/wh\/strona-glowna\/wydzial-dawniej-i-dzis\/doktorzy-honoris-causa\/tadeusz-rozewicz\/\">Read More&#8230;<\/a><\/p>\n","protected":false},"author":1,"featured_media":308,"parent":187,"menu_order":0,"comment_status":"closed","ping_status":"closed","template":"","meta":{"_expiration-date-status":"","_expiration-date":0,"_expiration-date-type":"","_expiration-date-categories":[],"_expiration-date-options":[]},"acf":[],"_links":{"self":[{"href":"https:\/\/us.edu.pl\/wydzial\/wh\/wp-json\/wp\/v2\/pages\/447"}],"collection":[{"href":"https:\/\/us.edu.pl\/wydzial\/wh\/wp-json\/wp\/v2\/pages"}],"about":[{"href":"https:\/\/us.edu.pl\/wydzial\/wh\/wp-json\/wp\/v2\/types\/page"}],"author":[{"embeddable":true,"href":"https:\/\/us.edu.pl\/wydzial\/wh\/wp-json\/wp\/v2\/users\/1"}],"replies":[{"embeddable":true,"href":"https:\/\/us.edu.pl\/wydzial\/wh\/wp-json\/wp\/v2\/comments?post=447"}],"version-history":[{"count":3,"href":"https:\/\/us.edu.pl\/wydzial\/wh\/wp-json\/wp\/v2\/pages\/447\/revisions"}],"predecessor-version":[{"id":755,"href":"https:\/\/us.edu.pl\/wydzial\/wh\/wp-json\/wp\/v2\/pages\/447\/revisions\/755"}],"up":[{"embeddable":true,"href":"https:\/\/us.edu.pl\/wydzial\/wh\/wp-json\/wp\/v2\/pages\/187"}],"wp:featuredmedia":[{"embeddable":true,"href":"https:\/\/us.edu.pl\/wydzial\/wh\/wp-json\/wp\/v2\/media\/308"}],"wp:attachment":[{"href":"https:\/\/us.edu.pl\/wydzial\/wh\/wp-json\/wp\/v2\/media?parent=447"}],"curies":[{"name":"wp","href":"https:\/\/api.w.org\/{rel}","templated":true}]}}