{"id":455,"date":"2019-10-03T12:56:16","date_gmt":"2019-10-03T10:56:16","guid":{"rendered":"https:\/\/us.edu.pl\/wydzial\/wh\/?page_id=455"},"modified":"2019-10-04T12:37:17","modified_gmt":"2019-10-04T10:37:17","slug":"prof-jozef-szajna","status":"publish","type":"page","link":"https:\/\/us.edu.pl\/wydzial\/wh\/strona-glowna\/wydzial-dawniej-i-dzis\/doktorzy-honoris-causa\/prof-jozef-szajna\/","title":{"rendered":"prof. J\u00f3zef Szajna"},"content":{"rendered":"<p>[vc_row el_class=&#8221;container&#8221;][vc_column el_class=&#8221;container&#8221;]\r\n                <div class=\"text-modules\">\r\n                    <div class=\"container\">\r\n                        <h3 class=\"page-title text__title\">prof. J\u00f3zef Szajna<\/h3>\r\n                        <div class=\"text-modules__content\"><p><b>Data promocji:<\/b>\u00a0<span class=\"date-display-single\">22. 05. 2003<\/span><\/p>\n<p><b>Data uchwa\u0142y Senatu U\u015a:<\/b>\u00a0<span class=\"date-display-single\">04. 03. 2003<\/span><\/p>\n<p><b>Jednostka sk\u0142adaj\u0105ca wniosek:<\/b>\u00a0Rada Wydzia\u0142u Filologicznego<\/p>\n<p>Artysta malarz, grafik, scenograf, re\u017cyser, teoretyk sztuki, pedagog, tw\u00f3rca teatru autorskiego, wyk\u0142adowca w\u00a0Akademii Sztuk Pi\u0119knych w\u00a0Krakowie (1954\u20131965), profesor Akademii Sztuk Pi\u0119knych w\u00a0Warszawie (od\u00a01972\u00a0r.).\u00a0W czasie II wojny \u015bwiatowej wi\u0119zie\u0144 O\u015bwi\u0119cimia i\u00a0Buchenwaldu. Dyrektor \u201eTeatru Ludowego\u201d w\u00a0Krakowie (1963\u20131966), \u201eTeatru Klasycznego\u201d w\u00a0Warszawie (1972\u20131982), kt\u00f3ry\u00a0przekszta\u0142ci\u0142 w\u00a0Centrum Sztuki Studio\u00a0\u2013 Teatr Galeria Studio. Wsp\u00f3\u0142pracowa\u0142 z\u00a0teatrami w\u00a0Polsce i\u00a0na\u00a0\u015bwiecie, m.in.\u00a0w\u00a0Anglii, Egipcie, Hiszpanii, Izraelu, Kr\u00f3lestwie Holandii, Niemczech, Portugalii, Turcji. Autor licznych ksi\u0105\u017cek, artyku\u0142\u00f3w, kaset wideo i\u00a0monografii, cykli obraz\u00f3w i\u00a0kompozycji, rysunk\u00f3w, instalacji przestrzennych. Cz\u0142onek mi\u0119dzynarodowych stowarzysze\u0144 artyst\u00f3w, przewodnicz\u0105cy Stowarzyszenia Kultury Europejskiej, cz\u0142onek w\u0142oskiej Akademii Sztuki i\u00a0Pracy, doradca \u201e\u015bwiatowej Nagrody Leonardo da Vinci\u201d w\u00a0Meksyku, cz\u0142onek Mi\u0119dzynarodowej Rady O\u015bwi\u0119cimskiej, honorowy cz\u0142onek Association Internationale des Arts Plastiques. Honorowy obywatel miasta Opola, Rzeszowa i\u00a0Tczewa. Uhonorowany licznymi nagrodami i\u00a0odznaczeniami, m.in.\u00a0Mera Ankary, \u015awiatow\u0105 Nagrod\u0105 Kulturaln\u0105\u00a0\u2013 Statu\u0105 Zwyci\u0119stwa, \u201eFoundation of A. Jurzykowski\u201d w\u00a0Nowym Jorku, L\u2019ordre du Merite Culture, \u201ePrzegl\u0105du Kulturalnego\u201d, Ministra Kultury i\u00a0Sztuki (III, II\u00a0i I\u00a0stopnia), Zas\u0142u\u017cony dla Kultury Polskiej, miasta Warszawy, miasta Krakowa, Krzy\u017cem Kawalerskim, Krzy\u017cem Komandorskim, Orderem Sztandaru Pracy I\u00a0Klasy, Krzy\u017cem Komandorskim z\u00a0Gwiazd\u0105, Wielkim Krzy\u017cem Orderu Odrodzenia Polski, Krzy\u017cem O\u015bwi\u0119cimskim, Nagrod\u0105 I\u00a0Stopnia Prezesa Rady Ministr\u00f3w i\u00a0Nagrod\u0105 Ministra Spraw Zagranicznych. Inicjator usypania w\u00a0O\u015bwi\u0119cimiu Kopca Pami\u0119ci Ofiar i\u00a0Pojednania Ludzi na\u00a0\u015awiecie. Doktor honoris causa Uniwersytetu w\u00a0Oldenburgu.<\/p>\n<\/div>\r\n                    <\/div>\r\n                <\/div>[myprefix_functional_icons print_icon=&#8221;yes&#8221;][\/vc_column][\/vc_row]<\/p>","protected":false},"excerpt":{"rendered":"<p>[vc_row el_class=&#8221;container&#8221;][vc_column el_class=&#8221;container&#8221;][myprefix_functional_icons print_icon=&#8221;yes&#8221;][\/vc_column][\/vc_row] [&#8230;]<\/p>\n<p><a class=\"btn btn-secondary understrap-read-more-link\" href=\"https:\/\/us.edu.pl\/wydzial\/wh\/strona-glowna\/wydzial-dawniej-i-dzis\/doktorzy-honoris-causa\/prof-jozef-szajna\/\">Read More&#8230;<\/a><\/p>\n","protected":false},"author":1,"featured_media":307,"parent":187,"menu_order":0,"comment_status":"closed","ping_status":"closed","template":"","meta":{"_expiration-date-status":"","_expiration-date":0,"_expiration-date-type":"","_expiration-date-categories":[],"_expiration-date-options":[]},"acf":[],"_links":{"self":[{"href":"https:\/\/us.edu.pl\/wydzial\/wh\/wp-json\/wp\/v2\/pages\/455"}],"collection":[{"href":"https:\/\/us.edu.pl\/wydzial\/wh\/wp-json\/wp\/v2\/pages"}],"about":[{"href":"https:\/\/us.edu.pl\/wydzial\/wh\/wp-json\/wp\/v2\/types\/page"}],"author":[{"embeddable":true,"href":"https:\/\/us.edu.pl\/wydzial\/wh\/wp-json\/wp\/v2\/users\/1"}],"replies":[{"embeddable":true,"href":"https:\/\/us.edu.pl\/wydzial\/wh\/wp-json\/wp\/v2\/comments?post=455"}],"version-history":[{"count":2,"href":"https:\/\/us.edu.pl\/wydzial\/wh\/wp-json\/wp\/v2\/pages\/455\/revisions"}],"predecessor-version":[{"id":756,"href":"https:\/\/us.edu.pl\/wydzial\/wh\/wp-json\/wp\/v2\/pages\/455\/revisions\/756"}],"up":[{"embeddable":true,"href":"https:\/\/us.edu.pl\/wydzial\/wh\/wp-json\/wp\/v2\/pages\/187"}],"wp:featuredmedia":[{"embeddable":true,"href":"https:\/\/us.edu.pl\/wydzial\/wh\/wp-json\/wp\/v2\/media\/307"}],"wp:attachment":[{"href":"https:\/\/us.edu.pl\/wydzial\/wh\/wp-json\/wp\/v2\/media?parent=455"}],"curies":[{"name":"wp","href":"https:\/\/api.w.org\/{rel}","templated":true}]}}