{"id":459,"date":"2019-10-03T12:58:13","date_gmt":"2019-10-03T10:58:13","guid":{"rendered":"https:\/\/us.edu.pl\/wydzial\/wh\/?page_id=459"},"modified":"2019-10-04T12:38:19","modified_gmt":"2019-10-04T10:38:19","slug":"prof-jerzy-stuhr","status":"publish","type":"page","link":"https:\/\/us.edu.pl\/wydzial\/wh\/strona-glowna\/wydzial-dawniej-i-dzis\/doktorzy-honoris-causa\/prof-jerzy-stuhr\/","title":{"rendered":"prof. Jerzy Stuhr"},"content":{"rendered":"<p>[vc_row el_class=&#8221;container&#8221;][vc_column el_class=&#8221;container&#8221;]\r\n                <div class=\"text-modules\">\r\n                    <div class=\"container\">\r\n                        <h3 class=\"page-title text__title\">prof. Jerzy Stuhr<\/h3>\r\n                        <div class=\"text-modules__content\"><p><b>Data promocji:<\/b>\u00a0<span class=\"date-display-single\">9. 11. 2007<\/span><\/p>\n<p><b>Data uchwa\u0142y Senatu U\u015a:<\/b>\u00a0<span class=\"date-display-single\">26. 06. 2007<\/span><\/p>\n<p><b>Jednostka sk\u0142adaj\u0105ca wniosek:<\/b>\u00a0Rada wydzia\u0142u Filologicznego z\u00a0inicjatywy Rady Wydzia\u0142u Radia i\u00a0Telewizji im.\u00a0K. Kie\u015blowskiego<\/p>\n<p>Wybitny artysta, aktor teatralny i\u00a0filmowy, re\u017cyser. Cz\u0142onek Europejskiej Akademii Filmowej. Profesor zwyczajny, rektor Pa\u0144stwowej Wy\u017cszej Szko\u0142y Teatralnej im.\u00a0Ludwika Solskiego, znakomity dydaktyk, wyk\u0142adowca i\u00a0mistrz m\u0142odego pokolenia aktor\u00f3w i\u00a0re\u017cyser\u00f3w polskich. Wielce zas\u0142u\u017cony dla kultury europejskiej.<\/p>\n<\/div>\r\n                    <\/div>\r\n                <\/div>[myprefix_functional_icons print_icon=&#8221;yes&#8221;][\/vc_column][\/vc_row]<\/p>","protected":false},"excerpt":{"rendered":"<p>[vc_row el_class=&#8221;container&#8221;][vc_column el_class=&#8221;container&#8221;][myprefix_functional_icons print_icon=&#8221;yes&#8221;][\/vc_column][\/vc_row] [&#8230;]<\/p>\n<p><a class=\"btn btn-secondary understrap-read-more-link\" href=\"https:\/\/us.edu.pl\/wydzial\/wh\/strona-glowna\/wydzial-dawniej-i-dzis\/doktorzy-honoris-causa\/prof-jerzy-stuhr\/\">Read More&#8230;<\/a><\/p>\n","protected":false},"author":1,"featured_media":306,"parent":187,"menu_order":0,"comment_status":"closed","ping_status":"closed","template":"","meta":{"_expiration-date-status":"","_expiration-date":0,"_expiration-date-type":"","_expiration-date-categories":[],"_expiration-date-options":[]},"acf":[],"_links":{"self":[{"href":"https:\/\/us.edu.pl\/wydzial\/wh\/wp-json\/wp\/v2\/pages\/459"}],"collection":[{"href":"https:\/\/us.edu.pl\/wydzial\/wh\/wp-json\/wp\/v2\/pages"}],"about":[{"href":"https:\/\/us.edu.pl\/wydzial\/wh\/wp-json\/wp\/v2\/types\/page"}],"author":[{"embeddable":true,"href":"https:\/\/us.edu.pl\/wydzial\/wh\/wp-json\/wp\/v2\/users\/1"}],"replies":[{"embeddable":true,"href":"https:\/\/us.edu.pl\/wydzial\/wh\/wp-json\/wp\/v2\/comments?post=459"}],"version-history":[{"count":2,"href":"https:\/\/us.edu.pl\/wydzial\/wh\/wp-json\/wp\/v2\/pages\/459\/revisions"}],"predecessor-version":[{"id":757,"href":"https:\/\/us.edu.pl\/wydzial\/wh\/wp-json\/wp\/v2\/pages\/459\/revisions\/757"}],"up":[{"embeddable":true,"href":"https:\/\/us.edu.pl\/wydzial\/wh\/wp-json\/wp\/v2\/pages\/187"}],"wp:featuredmedia":[{"embeddable":true,"href":"https:\/\/us.edu.pl\/wydzial\/wh\/wp-json\/wp\/v2\/media\/306"}],"wp:attachment":[{"href":"https:\/\/us.edu.pl\/wydzial\/wh\/wp-json\/wp\/v2\/media?parent=459"}],"curies":[{"name":"wp","href":"https:\/\/api.w.org\/{rel}","templated":true}]}}