{"id":462,"date":"2019-10-03T12:59:37","date_gmt":"2019-10-03T10:59:37","guid":{"rendered":"https:\/\/us.edu.pl\/wydzial\/wh\/?page_id=462"},"modified":"2019-10-04T12:39:31","modified_gmt":"2019-10-04T10:39:31","slug":"arcybiskup-senior-dr-damian-zimon","status":"publish","type":"page","link":"https:\/\/us.edu.pl\/wydzial\/wh\/strona-glowna\/wydzial-dawniej-i-dzis\/doktorzy-honoris-causa\/arcybiskup-senior-dr-damian-zimon\/","title":{"rendered":"Arcybiskup senior dr Damian Zimo\u0144"},"content":{"rendered":"<p>[vc_row el_class=&#8221;container&#8221;][vc_column el_class=&#8221;container&#8221;]\r\n                <div class=\"text-modules\">\r\n                    <div class=\"container\">\r\n                        <h3 class=\"page-title text__title\">Arcybiskup senior dr Damian Zimo\u0144<\/h3>\r\n                        <div class=\"text-modules__content\"><p><b>Data promocji:<\/b>\u00a0<span class=\"date-display-single\">27. 11. 2007<\/span><\/p>\n<p><b>Data uchwa\u0142y Senatu U\u015a:<\/b>\u00a0<span class=\"date-display-single\">26. 06. 2007<\/span><\/p>\n<p><b>Jednostka sk\u0142adaj\u0105ca wniosek:<\/b>\u00a0Rada Wydzia\u0142u Filologicznego<\/p>\n<p>Syn ziemi \u015bl\u0105skiej, autor wybitnych dzie\u0142 o\u00a0tematyce teologicznej i\u00a0spo\u0142ecznej. Odwa\u017cny propagator godno\u015bci ludzi pracy, or\u0119downik kszta\u0142cenia humanistycznego i\u00a0literackiego na\u00a0\u015al\u0105sku, przyjaciel Uniwersytetu \u015al\u0105skiego.<\/p>\n<\/div>\r\n                    <\/div>\r\n                <\/div>[myprefix_functional_icons print_icon=&#8221;yes&#8221;][\/vc_column][\/vc_row]<\/p>","protected":false},"excerpt":{"rendered":"<p>[vc_row el_class=&#8221;container&#8221;][vc_column el_class=&#8221;container&#8221;][myprefix_functional_icons print_icon=&#8221;yes&#8221;][\/vc_column][\/vc_row] [&#8230;]<\/p>\n<p><a class=\"btn btn-secondary understrap-read-more-link\" href=\"https:\/\/us.edu.pl\/wydzial\/wh\/strona-glowna\/wydzial-dawniej-i-dzis\/doktorzy-honoris-causa\/arcybiskup-senior-dr-damian-zimon\/\">Read More&#8230;<\/a><\/p>\n","protected":false},"author":1,"featured_media":305,"parent":187,"menu_order":0,"comment_status":"closed","ping_status":"closed","template":"","meta":{"_expiration-date-status":"","_expiration-date":0,"_expiration-date-type":"","_expiration-date-categories":[],"_expiration-date-options":[]},"acf":[],"_links":{"self":[{"href":"https:\/\/us.edu.pl\/wydzial\/wh\/wp-json\/wp\/v2\/pages\/462"}],"collection":[{"href":"https:\/\/us.edu.pl\/wydzial\/wh\/wp-json\/wp\/v2\/pages"}],"about":[{"href":"https:\/\/us.edu.pl\/wydzial\/wh\/wp-json\/wp\/v2\/types\/page"}],"author":[{"embeddable":true,"href":"https:\/\/us.edu.pl\/wydzial\/wh\/wp-json\/wp\/v2\/users\/1"}],"replies":[{"embeddable":true,"href":"https:\/\/us.edu.pl\/wydzial\/wh\/wp-json\/wp\/v2\/comments?post=462"}],"version-history":[{"count":3,"href":"https:\/\/us.edu.pl\/wydzial\/wh\/wp-json\/wp\/v2\/pages\/462\/revisions"}],"predecessor-version":[{"id":759,"href":"https:\/\/us.edu.pl\/wydzial\/wh\/wp-json\/wp\/v2\/pages\/462\/revisions\/759"}],"up":[{"embeddable":true,"href":"https:\/\/us.edu.pl\/wydzial\/wh\/wp-json\/wp\/v2\/pages\/187"}],"wp:featuredmedia":[{"embeddable":true,"href":"https:\/\/us.edu.pl\/wydzial\/wh\/wp-json\/wp\/v2\/media\/305"}],"wp:attachment":[{"href":"https:\/\/us.edu.pl\/wydzial\/wh\/wp-json\/wp\/v2\/media?parent=462"}],"curies":[{"name":"wp","href":"https:\/\/api.w.org\/{rel}","templated":true}]}}