{"id":4624,"date":"2020-10-09T16:58:30","date_gmt":"2020-10-09T14:58:30","guid":{"rendered":"https:\/\/us.edu.pl\/wydzial\/wh\/?page_id=4624"},"modified":"2024-02-08T11:58:50","modified_gmt":"2024-02-08T10:58:50","slug":"filologia-germanska","status":"publish","type":"page","link":"https:\/\/us.edu.pl\/wydzial\/wh\/administracja\/dziekanat\/obsluga-toku-studiow-i-spraw-studenckich\/sosnowiec-ul-grota-roweckiego-5\/filologia-germanska\/","title":{"rendered":"filologia germa\u0144ska"},"content":{"rendered":"<p>[vc_row][vc_column width=&#8221;1\/2&#8243;]\r\n                <div class=\"text-modules\">\r\n                    <div class=\"container\">\r\n                        \r\n                        <div class=\"text-modules__content\"><p><strong><span style=\"font-size: 12pt;\">Agata Paterak<br \/>\n<\/span><\/strong><span style=\"font-size: 12pt;\">e-mail: <a href=\"mailto:agata.paterak@us.edu.pl\">agata.paterak@us.edu.pl<\/a><br \/>\n<\/span><span style=\"font-size: 12pt;\">tel. 32 364 08 78<br \/>\n<strong>pok. <\/strong><\/span><strong><span style=\"font-size: 12pt;\">1.12<\/span><\/strong><\/p>\n<p><span style=\"font-size: 12pt;\"><strong>pn.: <\/strong>11.00 &#8211; 14.00<strong><br \/>\nwt.: <\/strong>10.00 &#8211; 14.00<strong><br \/>\n\u015br.:\u00a0<\/strong>10.00 &#8211; 14.00<strong><br \/>\ncz.: <\/strong>10.00 &#8211; 14.00<strong><br \/>\npt.: <\/strong>NIECZYNNE<br \/>\n<\/span><\/p>\n<\/div>\r\n                    <\/div>\r\n                <\/div>[\/vc_column][vc_column width=&#8221;1\/2&#8243;]\r\n                <div class=\"text-modules\">\r\n                    <div class=\"container\">\r\n                        \r\n                        <div class=\"text-modules__content\"><p><span style=\"font-size: 12pt;\"><strong>STUDIA STACJONARNE I STOPNIA<\/strong><\/span><\/p>\n<hr \/>\n<p><span style=\"font-size: 12pt;\"><strong>specjalno\u015bci:<\/strong><\/span><\/p>\n<ul>\n<li><span style=\"font-size: 12pt;\">nauczycielska z j\u0119zykiem szwedzkim<\/span><\/li>\n<li><span style=\"font-size: 12pt;\">nauczycielska<\/span><\/li>\n<li><span style=\"font-size: 12pt;\">t\u0142umaczeniowa w zakresie j\u0119zyk\u00f3w specjalistycznych<\/span><\/li>\n<li><span style=\"font-size: 12pt;\">j\u0119zyk niemiecki od podstaw<\/span><\/li>\n<li><span style=\"font-size: 12pt;\">j\u0119zyk szwedzki<\/span><\/li>\n<\/ul>\n<p><span style=\"font-size: 12pt;\"><strong>STUDIA STACJONARNE II STOPNIA<\/strong><\/span><\/p>\n<hr \/>\n<p><span style=\"font-size: 12pt;\"><strong>specjalno\u015bci:<\/strong><\/span><\/p>\n<ul>\n<li><span style=\"font-size: 12pt;\">t\u0142umaczeniowa w zakresie j\u0119zyka prawniczego i ekonomicznego<\/span><\/li>\n<li><span style=\"font-size: 12pt;\">studia interkulturowe z j\u0119zykiem szwedzkim albo niemieckim<\/span><\/li>\n<\/ul>\n<p>\n<\/div>\r\n                    <\/div>\r\n                <\/div>[\/vc_column][\/vc_row]<\/p>","protected":false},"excerpt":{"rendered":"<p>[vc_row][vc_column width=&#8221;1\/2&#8243;][\/vc_column][vc_column width=&#8221;1\/2&#8243;][\/vc_column][\/vc_row] [&#8230;]<\/p>\n<p><a class=\"btn btn-secondary understrap-read-more-link\" href=\"https:\/\/us.edu.pl\/wydzial\/wh\/administracja\/dziekanat\/obsluga-toku-studiow-i-spraw-studenckich\/sosnowiec-ul-grota-roweckiego-5\/filologia-germanska\/\">Read More&#8230;<\/a><\/p>\n","protected":false},"author":1,"featured_media":0,"parent":2934,"menu_order":0,"comment_status":"closed","ping_status":"closed","template":"page-templates\/inner-page.php","meta":{"_expiration-date-status":"","_expiration-date":0,"_expiration-date-type":"","_expiration-date-categories":[],"_expiration-date-options":[]},"acf":[],"_links":{"self":[{"href":"https:\/\/us.edu.pl\/wydzial\/wh\/wp-json\/wp\/v2\/pages\/4624"}],"collection":[{"href":"https:\/\/us.edu.pl\/wydzial\/wh\/wp-json\/wp\/v2\/pages"}],"about":[{"href":"https:\/\/us.edu.pl\/wydzial\/wh\/wp-json\/wp\/v2\/types\/page"}],"author":[{"embeddable":true,"href":"https:\/\/us.edu.pl\/wydzial\/wh\/wp-json\/wp\/v2\/users\/1"}],"replies":[{"embeddable":true,"href":"https:\/\/us.edu.pl\/wydzial\/wh\/wp-json\/wp\/v2\/comments?post=4624"}],"version-history":[{"count":10,"href":"https:\/\/us.edu.pl\/wydzial\/wh\/wp-json\/wp\/v2\/pages\/4624\/revisions"}],"predecessor-version":[{"id":170802,"href":"https:\/\/us.edu.pl\/wydzial\/wh\/wp-json\/wp\/v2\/pages\/4624\/revisions\/170802"}],"up":[{"embeddable":true,"href":"https:\/\/us.edu.pl\/wydzial\/wh\/wp-json\/wp\/v2\/pages\/2934"}],"wp:attachment":[{"href":"https:\/\/us.edu.pl\/wydzial\/wh\/wp-json\/wp\/v2\/media?parent=4624"}],"curies":[{"name":"wp","href":"https:\/\/api.w.org\/{rel}","templated":true}]}}