{"id":4632,"date":"2020-10-09T17:27:13","date_gmt":"2020-10-09T15:27:13","guid":{"rendered":"https:\/\/us.edu.pl\/wydzial\/wh\/?page_id=4632"},"modified":"2025-06-24T10:46:34","modified_gmt":"2025-06-24T08:46:34","slug":"filologia-angielska","status":"publish","type":"page","link":"https:\/\/us.edu.pl\/wydzial\/wh\/administracja\/dziekanat\/obsluga-toku-studiow-i-spraw-studenckich\/sosnowiec-ul-grota-roweckiego-5\/filologia-angielska\/","title":{"rendered":"filologia angielska"},"content":{"rendered":"<p>[vc_row][vc_column width=&#8221;1\/2&#8243;]\r\n                <div class=\"text-modules\">\r\n                    <div class=\"container\">\r\n                        \r\n                        <div class=\"text-modules__content\"><p><span style=\"font-size: 12pt;\"><strong>mgr Izabela Banaszkiewicz<br \/>\n<\/strong>e-mail: <a href=\"mailto:izabela.banaszkiewicz@us.edu.pl\">izabela.banaszkiewicz@us.edu.pl<\/a><\/span><br \/>\n<span style=\"font-size: 12pt;\">tel.: 32 364 08 68<\/span><br \/>\n<span style=\"font-size: 12pt;\"><strong>pok. 1.11<\/strong><\/span><\/p>\n<p><span style=\"font-size: 12pt;\"><strong>pn.: <\/strong>11.00 &#8211; 14.00<strong><br \/>\nwt.: <\/strong>10.00 &#8211; 14.00<strong><br \/>\n\u015br.:\u00a0<\/strong>10.00 &#8211; 14.00<strong><br \/>\ncz.: <\/strong>10.00 &#8211; 14.00<strong><br \/>\npt.: <\/strong>NIECZYNNE<br \/>\n<\/span><\/p>\n<\/div>\r\n                    <\/div>\r\n                <\/div>[\/vc_column][vc_column width=&#8221;1\/2&#8243;]\r\n                <div class=\"text-modules\">\r\n                    <div class=\"container\">\r\n                        \r\n                        <div class=\"text-modules__content\"><p><span style=\"font-size: 12pt;\"><strong>STUDIA STACJONARNE I STOPNIA<\/strong><\/span><\/p>\n<hr \/>\n<p><strong>specjalno\u015bci:<\/strong><\/p>\n<ul>\n<li>nauczycielska z j\u0119zykiem niemieckim<\/li>\n<li>t\u0142umaczeniowa z j\u0119zykiem korea\u0144skim<\/li>\n<li>kultura-media-translacja<\/li>\n<li>kultura i literatura angielskiego obszaru j\u0119zykowego<\/li>\n<\/ul>\n<p><span style=\"font-size: 12pt;\"><strong>STUDIA STACJONARNE II STOPNIA<\/strong><\/span><\/p>\n<hr \/>\n<p><strong>specjalno\u015bci:<\/strong><\/p>\n<ul>\n<li>nauczycielska<\/li>\n<li>kultura-media-translacja<\/li>\n<\/ul>\n<p><span style=\"font-size: 12pt;\"><strong>STUDIA NIESTACJONARNE II STOPNIA<\/strong><\/span><\/p>\n<hr \/>\n<p><strong>specjalno\u015bci:<\/strong><\/p>\n<ul>\n<li>j\u0119zyk biznesu<\/li>\n<\/ul>\n<p>\n<\/div>\r\n                    <\/div>\r\n                <\/div>[\/vc_column][\/vc_row][vc_row][vc_column]<div class=\"container\"><div class=\"separator\" style=\"background-color: #ebebeb\"><\/div><\/div>[\/vc_column][\/vc_row][vc_row][vc_column width=&#8221;1\/2&#8243;]\r\n                <div class=\"text-modules\">\r\n                    <div class=\"container\">\r\n                        \r\n                        <div class=\"text-modules__content\"><p><span style=\"font-size: 12pt;\"><strong>Agnieszka Zi\u0119tek<br \/>\n<\/strong>e-mail:\u00a0<a href=\"mailto:agnieszka.zietek@us.edu.pl\">agnieszka.zietek@us.edu.pl<\/a><\/span><br \/>\n<span style=\"font-size: 12pt;\">tel.: 32 364 08 58<\/span><br \/>\n<span style=\"font-size: 12pt;\"><strong>pok. 1.11<\/strong><\/span><\/p>\n<p><span style=\"font-size: 12pt;\"><strong>pn.: <\/strong>11.00 &#8211; 14.00<strong><br \/>\nwt.: <\/strong>10.00 &#8211; 14.00<strong><br \/>\n\u015br.:\u00a0<\/strong>10.00 &#8211; 14.00<strong><br \/>\ncz.: <\/strong>10.00 &#8211; 14.00<strong><br \/>\npt.: <\/strong>NIECZYNNE<br \/>\n<\/span><\/p>\n<\/div>\r\n                    <\/div>\r\n                <\/div>[\/vc_column][vc_column width=&#8221;1\/2&#8243;]\r\n                <div class=\"text-modules\">\r\n                    <div class=\"container\">\r\n                        \r\n                        <div class=\"text-modules__content\"><p><span style=\"font-size: 12pt;\"><strong>STUDIA STACJONARNE I STOPNIA<\/strong><\/span><\/p>\n<hr \/>\n<p><strong>specjalno\u015bci:<\/strong><\/p>\n<ul>\n<li>projektowanie rozrywki interaktywnej oraz lokalizacja gier i oprogramowania (SPRINT-WRITE)<\/li>\n<li>t\u0142umaczeniowa z j\u0119zykiem niemieckim<\/li>\n<\/ul>\n<p><span style=\"font-size: 12pt;\"><strong>STUDIA STACJONARNE II STOPNIA<\/strong><\/span><\/p>\n<hr \/>\n<p><strong>specjalno\u015bci:<\/strong><\/p>\n<ul>\n<li>amerykanistyka dla komunikacji mi\u0119dzykulturowej i dyplomacji<\/li>\n<li>t\u0142umaczeniowa<\/li>\n<\/ul>\n<p><span style=\"font-size: 12pt;\"><strong>STUDIA NIESTACJONARNE II STOPNIA<\/strong><\/span><\/p>\n<hr \/>\n<p><strong>specjalno\u015bci:<\/strong><\/p>\n<ul>\n<li>nauczycielska<\/li>\n<li>t\u0142umaczeniowa<\/li>\n<li>kultura-media-translacja<\/li>\n<\/ul>\n<p>\n<\/div>\r\n                    <\/div>\r\n                <\/div>[\/vc_column][\/vc_row][vc_row][vc_column]<div class=\"container\"><div class=\"separator\" style=\"background-color: #ebebeb\"><\/div><\/div>[\/vc_column][\/vc_row][vc_row][vc_column width=&#8221;1\/2&#8243;]\r\n                <div class=\"text-modules\">\r\n                    <div class=\"container\">\r\n                        \r\n                        <div class=\"text-modules__content\"><p><strong>Agata Paterak<br \/>\n<\/strong>e-mail:\u00a0<a href=\"mailto:agata.paterak@us.edu.pl\">agata.paterak@us.edu.pl<\/a><br \/>\ntel. 32 364 08 78<br \/>\n<strong>pok.\u00a0<\/strong><strong>1.12<\/strong><\/p>\n<p><span style=\"font-size: 12pt;\"><strong>pn.: <\/strong>11.00 &#8211; 14.00<strong><br \/>\nwt.: <\/strong>10.00 &#8211; 14.00<strong><br \/>\n\u015br.:\u00a0<\/strong>10.00 &#8211; 14.00<strong><br \/>\ncz.: <\/strong>10.00 &#8211; 14.00<strong><br \/>\npt.: <\/strong>NIECZYNNE<br \/>\n<\/span><\/p>\n<\/div>\r\n                    <\/div>\r\n                <\/div>[\/vc_column][vc_column width=&#8221;1\/2&#8243;]\r\n                <div class=\"text-modules\">\r\n                    <div class=\"container\">\r\n                        \r\n                        <div class=\"text-modules__content\"><p><span style=\"font-size: 12pt;\"><strong>STUDIA STACJONARNE I STOPNIA<\/strong><\/span><\/p>\n<hr \/>\n<p><span style=\"font-size: 12pt;\"><strong>specjalno\u015bci:<\/strong><\/span><\/p>\n<ul>\n<li>t\u0142umaczeniowa z j\u0119zykiem chi\u0144skim<\/li>\n<li>t\u0142umaczeniowa z j\u0119zykiem arabskim<\/li>\n<\/ul>\n<p>\n<\/div>\r\n                    <\/div>\r\n                <\/div>[\/vc_column][\/vc_row][vc_row][vc_column]<div class=\"container\"><div class=\"separator\" style=\"background-color: #EBEBEB\"><\/div><\/div>[\/vc_column][\/vc_row][vc_row][vc_column width=&#8221;1\/2&#8243;]\r\n                <div class=\"text-modules\">\r\n                    <div class=\"container\">\r\n                        \r\n                        <div class=\"text-modules__content\"><p><span style=\"font-size: 12pt;\"><strong>mgr Agata J\u0119drycha<br \/>\n<\/strong>e-mail: <a href=\"mailto:agata.jedrycha@us.edu.pl\">agata.jedrycha@us.edu.pl<\/a><\/span><br \/>\n<span style=\"font-size: 12pt;\">tel.: 32 364 09 67<\/span><br \/>\n<span style=\"font-size: 12pt;\"><strong>pok. 1.12<\/strong><\/span><\/p>\n<p><span style=\"font-size: 12pt;\"><strong>pn.: <\/strong>11.00 &#8211; 14.00<strong><br \/>\nwt.: <\/strong>10.00 &#8211; 14.00<strong><br \/>\n\u015br.:\u00a0<\/strong>10.00 &#8211; 14.00<strong><br \/>\ncz.: <\/strong>10.00 &#8211; 14.00<strong><br \/>\npt.: <\/strong>NIECZYNNE<br \/>\n<\/span><\/p>\n<\/div>\r\n                    <\/div>\r\n                <\/div>[\/vc_column][vc_column width=&#8221;1\/2&#8243;]\r\n                <div class=\"text-modules\">\r\n                    <div class=\"container\">\r\n                        \r\n                        <div class=\"text-modules__content\"><p><span style=\"font-size: 12pt;\"><strong>STUDIA STACJONARNE I STOPNIA<\/strong><\/span><\/p>\n<hr \/>\n<p><span style=\"font-size: 12pt;\"><strong>specjalno\u015b\u0107:<\/strong><\/span><\/p>\n<ul>\n<li><span style=\"font-size: 12pt;\">j\u0119zyk biznesu<\/span><\/li>\n<li><span style=\"font-size: 12pt;\">t\u0142umaczeniowa z j\u0119zykiem japo\u0144skim <span style=\"color: #ff0000;\">(obrony 2022\/2023 &#8211; Agnieszka Zi\u0119tek, p. 1.11)<\/span><\/span><\/li>\n<\/ul>\n<p>&nbsp;<\/p>\n<p><strong>STUDIA STACJONARNE<\/strong>\u00a0 <strong>II STOPNIA<\/strong><\/p>\n<hr \/>\n<p><span style=\"font-size: 12pt;\"><strong>specjalno\u015b\u0107:<\/strong><\/span><\/p>\n<ul>\n<li><span style=\"font-size: 12pt;\">j\u0119zyk biznesu<\/span><\/li>\n<\/ul>\n<p>\n<\/div>\r\n                    <\/div>\r\n                <\/div>[\/vc_column][\/vc_row]<\/p>","protected":false},"excerpt":{"rendered":"<p>[vc_row][vc_column width=&#8221;1\/2&#8243;][\/vc_column][vc_column width=&#8221;1\/2&#8243;][\/vc_column][\/vc_row][vc_row][vc_column][\/vc_column][\/vc_row][vc_row][vc_column width=&#8221;1\/2&#8243;][\/vc_column][vc_column width=&#8221;1\/2&#8243;][\/vc_column][\/vc_row][vc_row][vc_column][\/vc_column][\/vc_row][vc_row][vc_column width=&#8221;1\/2&#8243;][\/vc_column][vc_column width=&#8221;1\/2&#8243;][\/vc_column][\/vc_row][vc_row][vc_column][\/vc_column][\/vc_row][vc_row][vc_column width=&#8221;1\/2&#8243;][\/vc_column][vc_column width=&#8221;1\/2&#8243;][\/vc_column][\/vc_row] [&#8230;]<\/p>\n<p><a class=\"btn btn-secondary understrap-read-more-link\" href=\"https:\/\/us.edu.pl\/wydzial\/wh\/administracja\/dziekanat\/obsluga-toku-studiow-i-spraw-studenckich\/sosnowiec-ul-grota-roweckiego-5\/filologia-angielska\/\">Read More&#8230;<\/a><\/p>\n","protected":false},"author":1,"featured_media":0,"parent":2934,"menu_order":0,"comment_status":"closed","ping_status":"closed","template":"page-templates\/inner-page.php","meta":{"_expiration-date-status":"","_expiration-date":0,"_expiration-date-type":"","_expiration-date-categories":[],"_expiration-date-options":[]},"acf":[],"_links":{"self":[{"href":"https:\/\/us.edu.pl\/wydzial\/wh\/wp-json\/wp\/v2\/pages\/4632"}],"collection":[{"href":"https:\/\/us.edu.pl\/wydzial\/wh\/wp-json\/wp\/v2\/pages"}],"about":[{"href":"https:\/\/us.edu.pl\/wydzial\/wh\/wp-json\/wp\/v2\/types\/page"}],"author":[{"embeddable":true,"href":"https:\/\/us.edu.pl\/wydzial\/wh\/wp-json\/wp\/v2\/users\/1"}],"replies":[{"embeddable":true,"href":"https:\/\/us.edu.pl\/wydzial\/wh\/wp-json\/wp\/v2\/comments?post=4632"}],"version-history":[{"count":11,"href":"https:\/\/us.edu.pl\/wydzial\/wh\/wp-json\/wp\/v2\/pages\/4632\/revisions"}],"predecessor-version":[{"id":190182,"href":"https:\/\/us.edu.pl\/wydzial\/wh\/wp-json\/wp\/v2\/pages\/4632\/revisions\/190182"}],"up":[{"embeddable":true,"href":"https:\/\/us.edu.pl\/wydzial\/wh\/wp-json\/wp\/v2\/pages\/2934"}],"wp:attachment":[{"href":"https:\/\/us.edu.pl\/wydzial\/wh\/wp-json\/wp\/v2\/media?parent=4632"}],"curies":[{"name":"wp","href":"https:\/\/api.w.org\/{rel}","templated":true}]}}