{"id":4640,"date":"2020-10-09T18:24:52","date_gmt":"2020-10-09T16:24:52","guid":{"rendered":"https:\/\/us.edu.pl\/wydzial\/wh\/?page_id=4640"},"modified":"2024-09-16T15:16:44","modified_gmt":"2024-09-16T13:16:44","slug":"filologia-romanska","status":"publish","type":"page","link":"https:\/\/us.edu.pl\/wydzial\/wh\/administracja\/dziekanat\/obsluga-toku-studiow-i-spraw-studenckich\/sosnowiec-ul-grota-roweckiego-5\/filologia-romanska\/","title":{"rendered":"filologia roma\u0144ska"},"content":{"rendered":"<p>[vc_row][vc_column width=&#8221;1\/2&#8243;]\r\n                <div class=\"text-modules\">\r\n                    <div class=\"container\">\r\n                        \r\n                        <div class=\"text-modules__content\"><p><span style=\"font-size: 12pt;\"><strong>mgr \u017baneta Kuwak-Nawrot<br \/>\n<\/strong>e-mail: <a href=\"mailto:zaneta.kuwak-nawrot@us.edu.pl\">zaneta.kuwak-nawrot@us.edu.pl<\/a><\/span><br \/>\n<span style=\"font-size: 12pt;\">tel. 32 364 08 59<\/span><br \/>\n<span style=\"font-size: 12pt;\"><strong>pok. 1.10<\/strong><\/span><\/p>\n<p><span style=\"font-size: 12pt;\"><strong>pn.: <\/strong>11.00 &#8211; 14.00<strong><br \/>\nwt.: <\/strong>10:00 &#8211; 14:00<strong><br \/>\n\u015br.: <\/strong>10:00 &#8211; 14:00<strong><br \/>\ncz.: <\/strong>10.00 &#8211; 14.00<strong><br \/>\npt.: <\/strong>NIECZYNNE<br \/>\n<\/span><\/p>\n<\/div>\r\n                    <\/div>\r\n                <\/div>[\/vc_column][vc_column width=&#8221;1\/2&#8243;]\r\n                <div class=\"text-modules\">\r\n                    <div class=\"container\">\r\n                        \r\n                        <div class=\"text-modules__content\"><p><span style=\"font-size: 12pt;\"><strong>STUDIA STACJONARNE I STOPNIA<\/strong><\/span><\/p>\n<hr \/>\n<p><strong>specjalno\u015bci:<\/strong><\/p>\n<ul>\n<li>j\u0119zyk francuski z programem t\u0142umaczeniowym<\/li>\n<li>j\u0119zyk francuski od podstaw z programem t\u0142umaczeniowym i j\u0119zykiem specjalistycznym<\/li>\n<li>j\u0119zyki stosowane: j\u0119zyk francuski i j\u0119zyk angielski z programem t\u0142umaczeniowym<\/li>\n<\/ul>\n<p><span style=\"font-size: 12pt;\"><strong>STUDIA STACJONARNE II STOPNIA<\/strong><\/span><\/p>\n<hr \/>\n<p><strong>specjalno\u015bci:<\/strong><\/p>\n<ul>\n<li>j\u0119zyk francuski z programem t\u0142umaczenia specjalistycznego i wspomaganego komputerowo<\/li>\n<li>j\u0119zyki stosowane: j\u0119zyk francuski i j\u0119zyk angielski z programem t\u0142umaczeniowym z j\u0119zykiem biznesu<\/li>\n<\/ul>\n<p>\n<\/div>\r\n                    <\/div>\r\n                <\/div>[\/vc_column][\/vc_row][vc_row][vc_column]<div class=\"container\"><div class=\"separator\" style=\"background-color: #EBEBEB\"><\/div><\/div>[\/vc_column][\/vc_row][vc_row][vc_column width=&#8221;1\/2&#8243;]\r\n                <div class=\"text-modules\">\r\n                    <div class=\"container\">\r\n                        \r\n                        <div class=\"text-modules__content\"><p><span style=\"font-size: 12pt;\"><strong>mgr Justyna Rak<br \/>\n<\/strong>e-mail:\u00a0<a href=\"mailto:justyna.rak@us.edu.pl\">justyna.rak@us.edu.pl<\/a><\/span><br \/>\n<span style=\"font-size: 12pt;\">tel. 32 364 08 60<\/span><br \/>\n<span style=\"font-size: 12pt;\"><strong>pok. 1.10<\/strong><\/span><\/p>\n<p><span style=\"font-size: 12pt;\"><strong>pn.: <\/strong>11.00 &#8211; 14.00<strong><br \/>\nwt.: <\/strong>10.00 &#8211; 14.00<strong><br \/>\n\u015br.:\u00a0<\/strong>10.00 &#8211; 14.00<strong><br \/>\ncz.: <\/strong>10.00 &#8211; 14.00<strong><br \/>\npt.: <\/strong>NIECZYNNE<br \/>\n<\/span><\/p>\n<\/div>\r\n                    <\/div>\r\n                <\/div>[\/vc_column][vc_column width=&#8221;1\/2&#8243;]\r\n                <div class=\"text-modules\">\r\n                    <div class=\"container\">\r\n                        \r\n                        <div class=\"text-modules__content\"><p><span style=\"font-size: 12pt;\"><strong>STUDIA STACJONARNE I STOPNIA<\/strong><\/span><\/p>\n<hr \/>\n<p><span style=\"font-size: 12pt;\"><strong>specjalno\u015bci:<\/strong><\/span><\/p>\n<ul>\n<li>j\u0119zyk hiszpa\u0144ski z programem t\u0142umaczeniowym<\/li>\n<li>j\u0119zyk hiszpa\u0144ski z programem: kultura, literatura i media w Ameryce \u0141aci\u0144skiej<\/li>\n<li>j\u0119zyk w\u0142oski z programem t\u0142umaczeniowym<\/li>\n<li>j\u0119zyki stosowane: j\u0119zyk w\u0142oski i j\u0119zyk angielski z programem t\u0142umaczeniowym<\/li>\n<\/ul>\n<p><span style=\"font-size: 12pt;\"><strong>STUDIA STACJONARNE II STOPNIA<\/strong><\/span><\/p>\n<hr \/>\n<p><span style=\"font-size: 12pt;\"><strong>specjalno\u015bci:<\/strong><\/span><\/p>\n<ul>\n<li>j\u0119zyk hiszpa\u0144ski z programem t\u0142umaczeniowym<\/li>\n<li>j\u0119zyk hiszpa\u0144ski z programem: kultura, literatura i media w Ameryce \u0141aci\u0144skiej<\/li>\n<li>j\u0119zyk w\u0142oski z programem t\u0142umaczeniowym<\/li>\n<li>j\u0119zyki stosowane: j\u0119zyk w\u0142oski i j\u0119zyk angielski z programem t\u0142umaczeniowym z j\u0119zykiem biznesu<\/li>\n<\/ul>\n<p>\n<\/div>\r\n                    <\/div>\r\n                <\/div>[\/vc_column][\/vc_row]<\/p>","protected":false},"excerpt":{"rendered":"<p>[vc_row][vc_column width=&#8221;1\/2&#8243;][\/vc_column][vc_column width=&#8221;1\/2&#8243;][\/vc_column][\/vc_row][vc_row][vc_column][\/vc_column][\/vc_row][vc_row][vc_column width=&#8221;1\/2&#8243;][\/vc_column][vc_column width=&#8221;1\/2&#8243;][\/vc_column][\/vc_row] [&#8230;]<\/p>\n<p><a class=\"btn btn-secondary understrap-read-more-link\" href=\"https:\/\/us.edu.pl\/wydzial\/wh\/administracja\/dziekanat\/obsluga-toku-studiow-i-spraw-studenckich\/sosnowiec-ul-grota-roweckiego-5\/filologia-romanska\/\">Read More&#8230;<\/a><\/p>\n","protected":false},"author":1,"featured_media":0,"parent":2934,"menu_order":0,"comment_status":"closed","ping_status":"closed","template":"page-templates\/inner-page.php","meta":{"_expiration-date-status":"","_expiration-date":0,"_expiration-date-type":"","_expiration-date-categories":[],"_expiration-date-options":[]},"acf":[],"_links":{"self":[{"href":"https:\/\/us.edu.pl\/wydzial\/wh\/wp-json\/wp\/v2\/pages\/4640"}],"collection":[{"href":"https:\/\/us.edu.pl\/wydzial\/wh\/wp-json\/wp\/v2\/pages"}],"about":[{"href":"https:\/\/us.edu.pl\/wydzial\/wh\/wp-json\/wp\/v2\/types\/page"}],"author":[{"embeddable":true,"href":"https:\/\/us.edu.pl\/wydzial\/wh\/wp-json\/wp\/v2\/users\/1"}],"replies":[{"embeddable":true,"href":"https:\/\/us.edu.pl\/wydzial\/wh\/wp-json\/wp\/v2\/comments?post=4640"}],"version-history":[{"count":10,"href":"https:\/\/us.edu.pl\/wydzial\/wh\/wp-json\/wp\/v2\/pages\/4640\/revisions"}],"predecessor-version":[{"id":175460,"href":"https:\/\/us.edu.pl\/wydzial\/wh\/wp-json\/wp\/v2\/pages\/4640\/revisions\/175460"}],"up":[{"embeddable":true,"href":"https:\/\/us.edu.pl\/wydzial\/wh\/wp-json\/wp\/v2\/pages\/2934"}],"wp:attachment":[{"href":"https:\/\/us.edu.pl\/wydzial\/wh\/wp-json\/wp\/v2\/media?parent=4640"}],"curies":[{"name":"wp","href":"https:\/\/api.w.org\/{rel}","templated":true}]}}