{"id":471,"date":"2019-10-03T13:04:12","date_gmt":"2019-10-03T11:04:12","guid":{"rendered":"https:\/\/us.edu.pl\/wydzial\/wh\/?page_id=471"},"modified":"2019-10-04T12:42:27","modified_gmt":"2019-10-04T10:42:27","slug":"prof-dr-hab-walery-pisarek","status":"publish","type":"page","link":"https:\/\/us.edu.pl\/wydzial\/wh\/strona-glowna\/wydzial-dawniej-i-dzis\/doktorzy-honoris-causa\/prof-dr-hab-walery-pisarek\/","title":{"rendered":"Prof. dr hab. Walery Pisarek"},"content":{"rendered":"<p>[vc_row el_class=&#8221;container&#8221;][vc_column el_class=&#8221;container&#8221;]\r\n                <div class=\"text-modules\">\r\n                    <div class=\"container\">\r\n                        <h3 class=\"page-title text__title\">Prof. dr hab. Walery Pisarek<\/h3>\r\n                        <div class=\"text-modules__content\"><p><b>Data promocji:<\/b>\u00a0<span class=\"date-display-single\">7. 12. 2011<\/span><\/p>\n<p><b>Data uchwa\u0142y Senatu U\u015a:<\/b>\u00a0<span class=\"date-display-single\">27. 09. 2011<\/span><\/p>\n<p><b>Jednostka sk\u0142adaj\u0105ca wniosek:<\/b>\u00a0Rada Wydzia\u0142u Filologicznego<\/p>\n<p>&nbsp;<\/p>\n<p>Prof.\u00a0Walery Pisarek jest cenionym w\u00a0Polsce i\u00a0na\u00a0\u015bwiecie prasoznawc\u0105 i\u00a0komunikologiem, wyk\u0142adowc\u0105 Uniwersytetu Jagiello\u0144skiego oraz\u00a0Uniwersytetu Papieskiego Jana Paw\u0142a II w\u00a0Krakowie. Od\u00a01957\u00a0r. jest cz\u0142onkiem IAMCR\/AIERI, a\u00a0w\u00a0latach 1976\u20131990\u00a0pe\u0142ni\u0142 funkcj\u0119 wiceprzewodnicz\u0105cego tej\u00a0organizacji. Nale\u017ca\u0142 do\u00a0zespo\u0142u ekspert\u00f3w UNESCO ds.\u00a0bada\u0144 nad\u00a0komunikowaniem (1972\u20131974). Od\u00a01996\u00a0r. do\u00a02000\u00a0r. by\u0142 przewodnicz\u0105cym, a\u00a0od\u00a02001\u00a0r. jest honorowym przewodnicz\u0105cym Rady J\u0119zyka Polskiego. Ponadto jest cz\u0142onkiem m.in.: Komisji Prasoznawczej Oddzia\u0142u PAN, Komisji Kultury J\u0119zyka Komitetu J\u0119zykoznawstwa PAN, Polskiego Towarzystwa J\u0119zykoznawczego, Prezydium Rady Upowszechniania Nauki przy Prezydium PAN oraz\u00a0honorowym cz\u0142onkiem Wsp\u00f3lnoty Badaczy Uniwersytetu w\u00a0Wolverhampton.<\/p>\n<p>Prof.\u00a0Walery Pisarek jest tak\u017ce autorem s\u0142ownik\u00f3w ortograficznych. Opublikowa\u0142 kilkana\u015bcie ksi\u0105\u017cek oraz\u00a0ponad 400\u00a0artyku\u0142\u00f3w naukowych w\u00a0czasopismach polskich i\u00a0zagranicznych. Wa\u017cniejsze publikacje ksi\u0105\u017ckowe:\u00a0<em>Retoryka dziennikarska<\/em>,\u00a0<em>Frekwencja wyraz\u00f3w w\u00a0prasie<\/em>,\u00a0<em>Prasa nasz chleb powszedni<\/em>,\u00a0<em>S\u0142owa mi\u0119dzy lud\u017ami<\/em>,\u00a0<em>Analiza zawarto\u015bci prasy<\/em>,\u00a0<em>Who is Who in Mass Communication<\/em>,\u00a0<em>Polszczyzna 2000<\/em>,\u00a0<em>Nowa retoryka dziennikarska<\/em>,\u00a0<em>Polskie s\u0142owa sztandarowe i\u00a0ich publiczno\u015b\u0107<\/em>.<\/p>\n<\/div>\r\n                    <\/div>\r\n                <\/div>[myprefix_functional_icons print_icon=&#8221;yes&#8221;][\/vc_column][\/vc_row]<\/p>","protected":false},"excerpt":{"rendered":"<p>[vc_row el_class=&#8221;container&#8221;][vc_column el_class=&#8221;container&#8221;][myprefix_functional_icons print_icon=&#8221;yes&#8221;][\/vc_column][\/vc_row] [&#8230;]<\/p>\n<p><a class=\"btn btn-secondary understrap-read-more-link\" href=\"https:\/\/us.edu.pl\/wydzial\/wh\/strona-glowna\/wydzial-dawniej-i-dzis\/doktorzy-honoris-causa\/prof-dr-hab-walery-pisarek\/\">Read More&#8230;<\/a><\/p>\n","protected":false},"author":1,"featured_media":302,"parent":187,"menu_order":0,"comment_status":"closed","ping_status":"closed","template":"","meta":{"_expiration-date-status":"","_expiration-date":0,"_expiration-date-type":"","_expiration-date-categories":[],"_expiration-date-options":[]},"acf":[],"_links":{"self":[{"href":"https:\/\/us.edu.pl\/wydzial\/wh\/wp-json\/wp\/v2\/pages\/471"}],"collection":[{"href":"https:\/\/us.edu.pl\/wydzial\/wh\/wp-json\/wp\/v2\/pages"}],"about":[{"href":"https:\/\/us.edu.pl\/wydzial\/wh\/wp-json\/wp\/v2\/types\/page"}],"author":[{"embeddable":true,"href":"https:\/\/us.edu.pl\/wydzial\/wh\/wp-json\/wp\/v2\/users\/1"}],"replies":[{"embeddable":true,"href":"https:\/\/us.edu.pl\/wydzial\/wh\/wp-json\/wp\/v2\/comments?post=471"}],"version-history":[{"count":2,"href":"https:\/\/us.edu.pl\/wydzial\/wh\/wp-json\/wp\/v2\/pages\/471\/revisions"}],"predecessor-version":[{"id":764,"href":"https:\/\/us.edu.pl\/wydzial\/wh\/wp-json\/wp\/v2\/pages\/471\/revisions\/764"}],"up":[{"embeddable":true,"href":"https:\/\/us.edu.pl\/wydzial\/wh\/wp-json\/wp\/v2\/pages\/187"}],"wp:featuredmedia":[{"embeddable":true,"href":"https:\/\/us.edu.pl\/wydzial\/wh\/wp-json\/wp\/v2\/media\/302"}],"wp:attachment":[{"href":"https:\/\/us.edu.pl\/wydzial\/wh\/wp-json\/wp\/v2\/media?parent=471"}],"curies":[{"name":"wp","href":"https:\/\/api.w.org\/{rel}","templated":true}]}}