{"id":479,"date":"2019-10-03T13:07:22","date_gmt":"2019-10-03T11:07:22","guid":{"rendered":"https:\/\/us.edu.pl\/wydzial\/wh\/?page_id=479"},"modified":"2019-10-04T12:44:53","modified_gmt":"2019-10-04T10:44:53","slug":"tomas-transtromer","status":"publish","type":"page","link":"https:\/\/us.edu.pl\/wydzial\/wh\/strona-glowna\/wydzial-dawniej-i-dzis\/doktorzy-honoris-causa\/tomas-transtromer\/","title":{"rendered":"Tomas Transtr\u00f6mer"},"content":{"rendered":"<p>[vc_row el_class=&#8221;container&#8221;][vc_column el_class=&#8221;container&#8221;]\r\n                <div class=\"text-modules\">\r\n                    <div class=\"container\">\r\n                        <h3 class=\"page-title text__title\">Tomas Transtr\u00f6mer<\/h3>\r\n                        <div class=\"text-modules__content\"><p><b>Data promocji:<\/b>\u00a0<span class=\"date-display-single\">12. 09. 2014<\/span><\/p>\n<p><b>Jednostka sk\u0142adaj\u0105ca wniosek:<\/b>\u00a0Rada Wydzia\u0142u Filologicznego<\/p>\n<p>&nbsp;<\/p>\n<p>Tomas Transtr\u00f6mer jest mistrzem s\u0142owa, metafizycznej zadumy, poetyckiej zwi\u0119z\u0142o\u015bci i\u00a0wyciszenia, tw\u00f3rc\u0105 pochylonym nad\u00a0cz\u0142owiekiem naszych czas\u00f3w, autorem wierszy o\u00a0nieprzemijaj\u0105cej warto\u015bci, laureatem Nagrody Nobla w\u00a0dziedzinie literatury (2011\u00a0r.).<\/p>\n<\/div>\r\n                    <\/div>\r\n                <\/div>[myprefix_functional_icons print_icon=&#8221;yes&#8221;][\/vc_column][\/vc_row]<\/p>","protected":false},"excerpt":{"rendered":"<p>[vc_row el_class=&#8221;container&#8221;][vc_column el_class=&#8221;container&#8221;][myprefix_functional_icons print_icon=&#8221;yes&#8221;][\/vc_column][\/vc_row] [&#8230;]<\/p>\n<p><a class=\"btn btn-secondary understrap-read-more-link\" href=\"https:\/\/us.edu.pl\/wydzial\/wh\/strona-glowna\/wydzial-dawniej-i-dzis\/doktorzy-honoris-causa\/tomas-transtromer\/\">Read More&#8230;<\/a><\/p>\n","protected":false},"author":1,"featured_media":300,"parent":187,"menu_order":0,"comment_status":"closed","ping_status":"closed","template":"","meta":{"_expiration-date-status":"","_expiration-date":0,"_expiration-date-type":"","_expiration-date-categories":[],"_expiration-date-options":[]},"acf":[],"_links":{"self":[{"href":"https:\/\/us.edu.pl\/wydzial\/wh\/wp-json\/wp\/v2\/pages\/479"}],"collection":[{"href":"https:\/\/us.edu.pl\/wydzial\/wh\/wp-json\/wp\/v2\/pages"}],"about":[{"href":"https:\/\/us.edu.pl\/wydzial\/wh\/wp-json\/wp\/v2\/types\/page"}],"author":[{"embeddable":true,"href":"https:\/\/us.edu.pl\/wydzial\/wh\/wp-json\/wp\/v2\/users\/1"}],"replies":[{"embeddable":true,"href":"https:\/\/us.edu.pl\/wydzial\/wh\/wp-json\/wp\/v2\/comments?post=479"}],"version-history":[{"count":2,"href":"https:\/\/us.edu.pl\/wydzial\/wh\/wp-json\/wp\/v2\/pages\/479\/revisions"}],"predecessor-version":[{"id":767,"href":"https:\/\/us.edu.pl\/wydzial\/wh\/wp-json\/wp\/v2\/pages\/479\/revisions\/767"}],"up":[{"embeddable":true,"href":"https:\/\/us.edu.pl\/wydzial\/wh\/wp-json\/wp\/v2\/pages\/187"}],"wp:featuredmedia":[{"embeddable":true,"href":"https:\/\/us.edu.pl\/wydzial\/wh\/wp-json\/wp\/v2\/media\/300"}],"wp:attachment":[{"href":"https:\/\/us.edu.pl\/wydzial\/wh\/wp-json\/wp\/v2\/media?parent=479"}],"curies":[{"name":"wp","href":"https:\/\/api.w.org\/{rel}","templated":true}]}}