{"id":482,"date":"2019-10-03T13:08:52","date_gmt":"2019-10-03T11:08:52","guid":{"rendered":"https:\/\/us.edu.pl\/wydzial\/wh\/?page_id=482"},"modified":"2019-10-04T12:45:47","modified_gmt":"2019-10-04T10:45:47","slug":"prof-john-m-swales","status":"publish","type":"page","link":"https:\/\/us.edu.pl\/wydzial\/wh\/strona-glowna\/wydzial-dawniej-i-dzis\/doktorzy-honoris-causa\/prof-john-m-swales\/","title":{"rendered":"prof. John M. Swales"},"content":{"rendered":"<p>[vc_row el_class=&#8221;container&#8221;][vc_column el_class=&#8221;container&#8221;]\r\n                <div class=\"text-modules\">\r\n                    <div class=\"container\">\r\n                        <h3 class=\"page-title text__title\">prof. John M. Swales<\/h3>\r\n                        <div class=\"text-modules__content\"><p><b>Data promocji:<\/b>\u00a0<span class=\"date-display-single\">26. 10. 2015<\/span><\/p>\n<p><b>Data uchwa\u0142y Senatu U\u015a:<\/b>\u00a0<span class=\"date-display-single\">24. 09. 2015<\/span><\/p>\n<p><b>Jednostka sk\u0142adaj\u0105ca wniosek:<\/b>\u00a0Rada Wydzia\u0142u Filologicznego<\/p>\n<p>&nbsp;<\/p>\n<p>Profesor John M. Swales jest wybitnym humanist\u0105, znakomitym uczonym, tw\u00f3rc\u0105 naukowych podstaw nowoczesnej analizy gatunk\u00f3w dyskurs\u00f3w\u00a0wsp\u00f3lnoty akademickiej, jednym z\u00a0najznamienitszych przedstawicieli tej\u00a0wsp\u00f3lnoty, wychowawc\u0105 i\u00a0mentorem kilku pokole\u0144 naukowc\u00f3w, cz\u0142owiekiem wielkiego serca i\u00a0wielkiej skromno\u015bci, m\u0105drym obserwatorem ludzi, ptak\u00f3w i\u00a0motyli.<\/p>\n<\/div>\r\n                    <\/div>\r\n                <\/div>[myprefix_functional_icons print_icon=&#8221;yes&#8221;][\/vc_column][\/vc_row]<\/p>","protected":false},"excerpt":{"rendered":"<p>[vc_row el_class=&#8221;container&#8221;][vc_column el_class=&#8221;container&#8221;][myprefix_functional_icons print_icon=&#8221;yes&#8221;][\/vc_column][\/vc_row] [&#8230;]<\/p>\n<p><a class=\"btn btn-secondary understrap-read-more-link\" href=\"https:\/\/us.edu.pl\/wydzial\/wh\/strona-glowna\/wydzial-dawniej-i-dzis\/doktorzy-honoris-causa\/prof-john-m-swales\/\">Read More&#8230;<\/a><\/p>\n","protected":false},"author":1,"featured_media":299,"parent":187,"menu_order":0,"comment_status":"closed","ping_status":"closed","template":"","meta":{"_expiration-date-status":"","_expiration-date":0,"_expiration-date-type":"","_expiration-date-categories":[],"_expiration-date-options":[]},"acf":[],"_links":{"self":[{"href":"https:\/\/us.edu.pl\/wydzial\/wh\/wp-json\/wp\/v2\/pages\/482"}],"collection":[{"href":"https:\/\/us.edu.pl\/wydzial\/wh\/wp-json\/wp\/v2\/pages"}],"about":[{"href":"https:\/\/us.edu.pl\/wydzial\/wh\/wp-json\/wp\/v2\/types\/page"}],"author":[{"embeddable":true,"href":"https:\/\/us.edu.pl\/wydzial\/wh\/wp-json\/wp\/v2\/users\/1"}],"replies":[{"embeddable":true,"href":"https:\/\/us.edu.pl\/wydzial\/wh\/wp-json\/wp\/v2\/comments?post=482"}],"version-history":[{"count":3,"href":"https:\/\/us.edu.pl\/wydzial\/wh\/wp-json\/wp\/v2\/pages\/482\/revisions"}],"predecessor-version":[{"id":769,"href":"https:\/\/us.edu.pl\/wydzial\/wh\/wp-json\/wp\/v2\/pages\/482\/revisions\/769"}],"up":[{"embeddable":true,"href":"https:\/\/us.edu.pl\/wydzial\/wh\/wp-json\/wp\/v2\/pages\/187"}],"wp:featuredmedia":[{"embeddable":true,"href":"https:\/\/us.edu.pl\/wydzial\/wh\/wp-json\/wp\/v2\/media\/299"}],"wp:attachment":[{"href":"https:\/\/us.edu.pl\/wydzial\/wh\/wp-json\/wp\/v2\/media?parent=482"}],"curies":[{"name":"wp","href":"https:\/\/api.w.org\/{rel}","templated":true}]}}