{"id":493,"date":"2019-10-03T13:18:59","date_gmt":"2019-10-03T11:18:59","guid":{"rendered":"https:\/\/us.edu.pl\/wydzial\/wh\/?page_id=493"},"modified":"2019-10-04T12:50:26","modified_gmt":"2019-10-04T10:50:26","slug":"prof-edward-polanski","status":"publish","type":"page","link":"https:\/\/us.edu.pl\/wydzial\/wh\/strona-glowna\/wydzial-dawniej-i-dzis\/laureaci-nagrody-pro-scientia-et-arte\/prof-edward-polanski\/","title":{"rendered":"Prof. Edward Pola\u0144ski"},"content":{"rendered":"<p>[vc_row el_class=&#8221;container&#8221;][vc_column el_class=&#8221;container&#8221;]\r\n                <div class=\"text-modules\">\r\n                    <div class=\"container\">\r\n                        <h3 class=\"page-title text__title\">Prof. Edward Pola\u0144ski<\/h3>\r\n                        <div class=\"text-modules__content\"><p>Wybitny j\u0119zykoznawca, niekwestionowany autorytet w dziedzinie wsp\u00f3\u0142czesnej polszczyzny, kodyfikator polskiej ortografii, badacz problem\u00f3w dydaktyki j\u0119zyka polskiego, tw\u00f3rca teorii kszta\u0142cenia j\u0119zyka. Popularyzator j\u0119zyka polskiego.<\/p>\n<p>Absolwent polonistyki Uniwersytetu Jagiello\u0144skiego (1951\u20131955).<\/p>\n<p>Z Uniwersytetem \u015al\u0105skim zwi\u0105zany od pocz\u0105tku jego istnienia, tj. od 1968 roku. Da\u0142 si\u0119 pozna\u0107 jako bardzo dobry organizator \u017cycia naukowego: w latach 1969\u20131974 by\u0142 wsp\u00f3\u0142tw\u00f3rc\u0105 i kierownikiem Mi\u0119dzywydzia\u0142owego Studium Kulturalno-O\u015bwiatowego, w latach 1980\u20131982 pe\u0142ni\u0142 funkcj\u0119 prodziekana Wydzia\u0142u Filologicznego, a nast\u0119pnie zosta\u0142 wicedyrektorem Instytutu Filologii Polskiej (w latach 1984\u20131987). Do 2002 r. kierowa\u0142 Katedr\u0105 Dydaktyki J\u0119zyka i Literatury Polskiej.<\/p>\n<p>W dorobku naukowym obejmuj\u0105cym oko\u0142o 200 publikacji, w tym ponad 40 ksi\u0105\u017cek, szczeg\u00f3lne miejsce zajmuj\u0105 publikacje zwi\u0105zane ze sprawno\u015bci\u0105 j\u0119zykow\u0105 dzieci, ortografi\u0105 oraz opracowania leksykograficzne adresowane do szerokiego kr\u0119gu odbiorc\u00f3w, m.in. \u201eS\u0142ownictwo uczni\u00f3w\u201d, \u201eDydaktyka ortografii i interpunkcji\u201d, \u201eS\u0142ownik ortograficzny dla najm\u0142odszych\u201d oraz wsp\u00f3\u0142autorstwo \u201eS\u0142ownictwo i frazeologia w szkole\u201d czy \u201ePodr\u0119cznik polskiej interpunkcji\u201d. Zwie\u0144czeniem dokona\u0144 w tej dziedzinie jest redakcja naukowa i wsp\u00f3\u0142autorstwo monumentalnych s\u0142ownik\u00f3w ortograficznych: \u201eNowy s\u0142ownik ortograficzny PWN\u201d i \u201eWielki s\u0142ownik ortograficzny PWN\u201d oraz \u201eS\u0142ownik ortograficzny w wyra\u017ceniach\u201d, a tak\u017ce \u201eS\u0142ownik j\u0119zyka polskiego z frazeologizmami i przys\u0142owiami\u201d.<\/p>\n<p>W \u015brodowisku uniwersyteckim jest cenionym badaczem, wychowawc\u0105 wielu pokole\u0144 polskich j\u0119zykoznawc\u00f3w, ciesz\u0105cym si\u0119 powszechnym uznaniem pracownik\u00f3w i student\u00f3w.<\/p>\n<p>Niestrudzony popularyzator j\u0119zyka polskiego oraz podnoszenia rangi j\u0119zyka ojczystego w spo\u0142ecze\u0144stwie i poziomu kultury j\u0119zykowej w\u015br\u00f3d m\u0142odego pokolenia. Swoimi publikacjami i wieloletni\u0105 dzia\u0142alno\u015bci\u0105 popularyzatorsk\u0105 zainteresowa\u0142 ortografi\u0105 szerokie grono odbiorc\u00f3w.<\/p>\n<p>Jest cz\u0142onkiem Rady J\u0119zyka Polskiego przy Prezydium Polskiej Akademii Nauk (przez wiele lat przewodniczy\u0142 Komisji Ortograficzno-Onomastycznej Rady, inicjuj\u0105c prace nad uporz\u0105dkowaniem regu\u0142 polskiej ortografii), Polskiego Towarzystwa Fonetycznego i Towarzystwa J\u0119zykoznawczego oraz International Society of Phonetic Sciences.<\/p>\n<p>Za dzia\u0142alno\u015b\u0107 oraz osi\u0105gni\u0119cia naukowo-dydaktyczne i organizacyjne uhonorowany Krzy\u017cem Kawalerskim Orderu Odrodzenia Polski oraz Medalem Komisji Edukacji Narodowej. Jest Doktorem honoris causa Uniwersytetu Pedagogicznego im. Komisji Edukacji Narodowej w Krakowie.<\/p>\n<p>W 2009 roku zosta\u0142 wyr\u00f3\u017cniony uniwersyteck\u0105 Nagrod\u0105 \u201ePro Scientia et Arte\u201d przyznan\u0105 \u201ew \u00a0uznaniu wybitnych osi\u0105gni\u0119\u0107 naukowych i dydaktycznych\u201d.<\/p>\n<\/div>\r\n                    <\/div>\r\n                <\/div>[myprefix_functional_icons print_icon=&#8221;yes&#8221;][\/vc_column][\/vc_row]<\/p>","protected":false},"excerpt":{"rendered":"<p>[vc_row el_class=&#8221;container&#8221;][vc_column el_class=&#8221;container&#8221;][myprefix_functional_icons print_icon=&#8221;yes&#8221;][\/vc_column][\/vc_row] [&#8230;]<\/p>\n<p><a class=\"btn btn-secondary understrap-read-more-link\" href=\"https:\/\/us.edu.pl\/wydzial\/wh\/strona-glowna\/wydzial-dawniej-i-dzis\/laureaci-nagrody-pro-scientia-et-arte\/prof-edward-polanski\/\">Read More&#8230;<\/a><\/p>\n","protected":false},"author":1,"featured_media":0,"parent":194,"menu_order":0,"comment_status":"closed","ping_status":"closed","template":"","meta":{"_expiration-date-status":"","_expiration-date":0,"_expiration-date-type":"","_expiration-date-categories":[],"_expiration-date-options":[]},"acf":[],"_links":{"self":[{"href":"https:\/\/us.edu.pl\/wydzial\/wh\/wp-json\/wp\/v2\/pages\/493"}],"collection":[{"href":"https:\/\/us.edu.pl\/wydzial\/wh\/wp-json\/wp\/v2\/pages"}],"about":[{"href":"https:\/\/us.edu.pl\/wydzial\/wh\/wp-json\/wp\/v2\/types\/page"}],"author":[{"embeddable":true,"href":"https:\/\/us.edu.pl\/wydzial\/wh\/wp-json\/wp\/v2\/users\/1"}],"replies":[{"embeddable":true,"href":"https:\/\/us.edu.pl\/wydzial\/wh\/wp-json\/wp\/v2\/comments?post=493"}],"version-history":[{"count":3,"href":"https:\/\/us.edu.pl\/wydzial\/wh\/wp-json\/wp\/v2\/pages\/493\/revisions"}],"predecessor-version":[{"id":779,"href":"https:\/\/us.edu.pl\/wydzial\/wh\/wp-json\/wp\/v2\/pages\/493\/revisions\/779"}],"up":[{"embeddable":true,"href":"https:\/\/us.edu.pl\/wydzial\/wh\/wp-json\/wp\/v2\/pages\/194"}],"wp:attachment":[{"href":"https:\/\/us.edu.pl\/wydzial\/wh\/wp-json\/wp\/v2\/media?parent=493"}],"curies":[{"name":"wp","href":"https:\/\/api.w.org\/{rel}","templated":true}]}}