{"id":496,"date":"2019-10-03T13:22:51","date_gmt":"2019-10-03T11:22:51","guid":{"rendered":"https:\/\/us.edu.pl\/wydzial\/wh\/?page_id=496"},"modified":"2019-10-04T12:49:20","modified_gmt":"2019-10-04T10:49:20","slug":"prof-ireneusz-opacki","status":"publish","type":"page","link":"https:\/\/us.edu.pl\/wydzial\/wh\/strona-glowna\/wydzial-dawniej-i-dzis\/laureaci-nagrody-pro-scientia-et-arte\/prof-ireneusz-opacki\/","title":{"rendered":"Prof. Ireneusz Opacki"},"content":{"rendered":"<p>[vc_row el_class=&#8221;container&#8221;][vc_column el_class=&#8221;container&#8221;]\r\n                <div class=\"text-modules\">\r\n                    <div class=\"container\">\r\n                        <h3 class=\"page-title text__title\">Prof. Ireneusz Opacki<\/h3>\r\n                        <div class=\"text-modules__content\"><\/p>\n<div class=\"content\">\n<p>Jeden z najwybitniejszych polskich literaturoznawc\u00f3w, niedo\u015bcig\u0142y interpretator poezji, znakomity m\u00f3wca, ostatni z wielkich retor\u00f3w, tw\u00f3rca nowoczesnej polonistyki na G\u00f3rnym \u015al\u0105sku i w Zag\u0142\u0119biu D\u0105browskim.<\/p>\n<p>Absolwent polonistyki Katolickiego Uniwersytetu Lubelskiego \u2013 magisterium pisa\u0142 pod kierunkiem profesora Czes\u0142awa Zgorzelskiego. Dysertacj\u0119 doktorsk\u0105 obroni\u0142 w Uniwersytecie Jagiello\u0144skim (1966), natomiast stopie\u0144 naukowy doktora habilitowanego uzyska\u0142 w Instytucie Bada\u0144 Literackich PAN w Warszawie (1972). Tytu\u0142 naukowy profesora otrzyma\u0142 w 1977 roku.<\/p>\n<p>W 1973 roku podj\u0105\u0142 prac\u0119 naukowo-dydaktyczn\u0105 na Wydziale Filologicznym Uniwersytetu \u015al\u0105skiego. W 1974 roku w ramach Wydzia\u0142u zorganizowa\u0142 Zak\u0142ad Teorii Literatury, kieruj\u0105c nim blisko 30 lat i skupiaj\u0105c wok\u00f3\u0142 siebie m\u0142odych adept\u00f3w polonistycznego wtajemniczenia. Zami\u0142owanie do wielkiej literatury wieszcz\u00f3w kontynuowa\u0142 na \u015al\u0105sku prowadz\u0105c wyk\u0142ady kursowe z romantyzmu oraz zadziwiaj\u0105c s\u0142uchaczy nowymi odczytaniami poezji Mickiewicza i S\u0142owackiego. Romantyzm, obok genologii, stanowi\u0142 istotny uk\u0142ad odniesienia dla ca\u0142ej literatury XX wieku.<\/p>\n<p>Plonem tej fascynacji s\u0105 przede wszystkim autorskie ksi\u0105\u017cki, m.in. \u201ePoetyckie dialogi z kontekstem: szkice o poezji XX wieku\u201d i \u201eKr\u00f3l-Duch, Herostrates i codzienno\u015b\u0107\u201d, tekst \u201eKrzy\u017cowanie si\u0119 postaci gatunkowych jako wyznacznik ewolucji poezji\u201d zamieszczony w antologii Davida Duffa \u201eModern Genre Theory\u201d, b\u0119d\u0105cej podsumowaniem dokona\u0144 dwudziestowiecznych teorii gatunku oraz monumentalny projekt badawczy sk\u0142adaj\u0105cy si\u0119 z 10 monograficznych tom\u00f3w o tw\u00f3rczo\u015bci grupy Skamander.<\/p>\n<p>W pracy dydaktycznej da\u0142 si\u0119 pozna\u0107 jako znakomity nauczyciel akademicki, charyzmatyczny wyk\u0142adowca, przyjaciel student\u00f3w, wychowawca wielu pokole\u0144 uczonych.<\/p>\n<p>Zmys\u0142 organizacyjny i temperament przyw\u00f3dczy realizowa\u0142 jako Prodziekan Wydzia\u0142u Filologicznego (1974\u22121978), Dziekan Wydzia\u0142u Radia i Telewizji (1987\u22121990), Prorektor ds. Studenckich (1980\u22121981) oraz wieloletni Dyrektor Instytut\u00f3w: Literatury i Kultury Polskiej, a nast\u0119pnie Nauk o Literaturze Polskiej, kt\u00f3rego jest patronem.<\/p>\n<p>Cz\u0142onek Polskiej Akademii Nauk, Towarzystwa Naukowego KUL oraz Towarzystwa Literackiego im. Adama Mickiewicza.<\/p>\n<p>Za dzia\u0142alno\u015b\u0107 oraz osi\u0105gni\u0119cia naukowe, dydaktyczne i organizacyjne uhonorowany wieloma odznaczenia i medalami, przede wszystkim Krzy\u017cem Kawalerskim Orderu Odrodzenia Polski oraz Medalem Komisji Edukacji Narodowej.<\/p>\n<p>W 2004 roku zosta\u0142 wyr\u00f3\u017cniony uniwersyteck\u0105 Nagrod\u0105 \u201ePro Scientia et Arte\u201d przyznan\u0105 \u201eza wybitne i tw\u00f3rcze osi\u0105gni\u0119cia naukowe oraz osi\u0105gni\u0119cia w zakresie kszta\u0142cenia kadry tworz\u0105cej silny o\u015brodek humanistyki uniwersyteckiej na \u015al\u0105sku\u201d.<\/p>\n<p>Zmar\u0142 w lipcu 2005 roku.<\/p>\n<\/div>\n<p>\n<\/div>\r\n                    <\/div>\r\n                <\/div>[myprefix_functional_icons print_icon=&#8221;yes&#8221;][\/vc_column][\/vc_row]<\/p>","protected":false},"excerpt":{"rendered":"<p>[vc_row el_class=&#8221;container&#8221;][vc_column el_class=&#8221;container&#8221;][myprefix_functional_icons print_icon=&#8221;yes&#8221;][\/vc_column][\/vc_row] [&#8230;]<\/p>\n<p><a class=\"btn btn-secondary understrap-read-more-link\" href=\"https:\/\/us.edu.pl\/wydzial\/wh\/strona-glowna\/wydzial-dawniej-i-dzis\/laureaci-nagrody-pro-scientia-et-arte\/prof-ireneusz-opacki\/\">Read More&#8230;<\/a><\/p>\n","protected":false},"author":1,"featured_media":0,"parent":194,"menu_order":0,"comment_status":"closed","ping_status":"closed","template":"","meta":{"_expiration-date-status":"","_expiration-date":0,"_expiration-date-type":"","_expiration-date-categories":[],"_expiration-date-options":[]},"acf":[],"_links":{"self":[{"href":"https:\/\/us.edu.pl\/wydzial\/wh\/wp-json\/wp\/v2\/pages\/496"}],"collection":[{"href":"https:\/\/us.edu.pl\/wydzial\/wh\/wp-json\/wp\/v2\/pages"}],"about":[{"href":"https:\/\/us.edu.pl\/wydzial\/wh\/wp-json\/wp\/v2\/types\/page"}],"author":[{"embeddable":true,"href":"https:\/\/us.edu.pl\/wydzial\/wh\/wp-json\/wp\/v2\/users\/1"}],"replies":[{"embeddable":true,"href":"https:\/\/us.edu.pl\/wydzial\/wh\/wp-json\/wp\/v2\/comments?post=496"}],"version-history":[{"count":3,"href":"https:\/\/us.edu.pl\/wydzial\/wh\/wp-json\/wp\/v2\/pages\/496\/revisions"}],"predecessor-version":[{"id":775,"href":"https:\/\/us.edu.pl\/wydzial\/wh\/wp-json\/wp\/v2\/pages\/496\/revisions\/775"}],"up":[{"embeddable":true,"href":"https:\/\/us.edu.pl\/wydzial\/wh\/wp-json\/wp\/v2\/pages\/194"}],"wp:attachment":[{"href":"https:\/\/us.edu.pl\/wydzial\/wh\/wp-json\/wp\/v2\/media?parent=496"}],"curies":[{"name":"wp","href":"https:\/\/api.w.org\/{rel}","templated":true}]}}